{"id":24211,"date":"2026-01-26T16:47:12","date_gmt":"2026-01-26T08:47:12","guid":{"rendered":"https:\/\/agoravape.com\/?post_type=product&#038;p=24211"},"modified":"2026-02-22T15:14:23","modified_gmt":"2026-02-22T14:14:23","slug":"bang-leader-45k-45000-puffs","status":"publish","type":"product","link":"https:\/\/agoravape.com\/ro\/product\/bang-leader-45k-45000-puffs\/","title":{"rendered":"Vape Bang Leader 45k 45000 Puffs cu arom\u0103 variabil\u0103 | Dou\u0103 arome, o singur\u0103 schimbare simpl\u0103"},"content":{"rendered":"<h2 data-v-md-heading=\"what-is-special-about-bang-leader-45k-45000-switchable-flavor-vapes\" data-v-md-line=\"3\"><img loading=\"lazy\" decoding=\"async\" class=\"aligncenter size-full wp-image-24238\" src=\"https:\/\/agoravape.com\/wp-content\/uploads\/2026\/01\/Bang-Leader-45k-45000-Puffs-Switch-Flavor-Vape-Two-Flavours-One-Simple-Switch_Agora_vape-8.webp\" alt=\"\" width=\"1920\" height=\"1072\" srcset=\"https:\/\/agoravape.com\/wp-content\/uploads\/2026\/01\/Bang-Leader-45k-45000-Puffs-Switch-Flavor-Vape-Two-Flavours-One-Simple-Switch_Agora_vape-8.webp 1920w, https:\/\/agoravape.com\/wp-content\/uploads\/2026\/01\/Bang-Leader-45k-45000-Puffs-Switch-Flavor-Vape-Two-Flavours-One-Simple-Switch_Agora_vape-8-1200x670.webp 1200w, https:\/\/agoravape.com\/wp-content\/uploads\/2026\/01\/Bang-Leader-45k-45000-Puffs-Switch-Flavor-Vape-Two-Flavours-One-Simple-Switch_Agora_vape-8-300x168.webp 300w, https:\/\/agoravape.com\/wp-content\/uploads\/2026\/01\/Bang-Leader-45k-45000-Puffs-Switch-Flavor-Vape-Two-Flavours-One-Simple-Switch_Agora_vape-8-1024x572.webp 1024w, https:\/\/agoravape.com\/wp-content\/uploads\/2026\/01\/Bang-Leader-45k-45000-Puffs-Switch-Flavor-Vape-Two-Flavours-One-Simple-Switch_Agora_vape-8-768x429.webp 768w, https:\/\/agoravape.com\/wp-content\/uploads\/2026\/01\/Bang-Leader-45k-45000-Puffs-Switch-Flavor-Vape-Two-Flavours-One-Simple-Switch_Agora_vape-8-1536x858.webp 1536w, https:\/\/agoravape.com\/wp-content\/uploads\/2026\/01\/Bang-Leader-45k-45000-Puffs-Switch-Flavor-Vape-Two-Flavours-One-Simple-Switch_Agora_vape-8-18x10.webp 18w\" sizes=\"auto, (max-width: 1920px) 100vw, 1920px\" \/> <img loading=\"lazy\" decoding=\"async\" class=\"aligncenter size-full wp-image-24237\" src=\"https:\/\/agoravape.com\/wp-content\/uploads\/2026\/01\/Bang-Leader-45k-45000-Puffs-Switch-Flavor-Vape-Two-Flavours-One-Simple-Switch_Agora_vape-7.webp\" alt=\"\" width=\"1920\" height=\"1018\" srcset=\"https:\/\/agoravape.com\/wp-content\/uploads\/2026\/01\/Bang-Leader-45k-45000-Puffs-Switch-Flavor-Vape-Two-Flavours-One-Simple-Switch_Agora_vape-7.webp 1920w, https:\/\/agoravape.com\/wp-content\/uploads\/2026\/01\/Bang-Leader-45k-45000-Puffs-Switch-Flavor-Vape-Two-Flavours-One-Simple-Switch_Agora_vape-7-1200x636.webp 1200w, https:\/\/agoravape.com\/wp-content\/uploads\/2026\/01\/Bang-Leader-45k-45000-Puffs-Switch-Flavor-Vape-Two-Flavours-One-Simple-Switch_Agora_vape-7-300x159.webp 300w, https:\/\/agoravape.com\/wp-content\/uploads\/2026\/01\/Bang-Leader-45k-45000-Puffs-Switch-Flavor-Vape-Two-Flavours-One-Simple-Switch_Agora_vape-7-1024x543.webp 1024w, https:\/\/agoravape.com\/wp-content\/uploads\/2026\/01\/Bang-Leader-45k-45000-Puffs-Switch-Flavor-Vape-Two-Flavours-One-Simple-Switch_Agora_vape-7-768x407.webp 768w, https:\/\/agoravape.com\/wp-content\/uploads\/2026\/01\/Bang-Leader-45k-45000-Puffs-Switch-Flavor-Vape-Two-Flavours-One-Simple-Switch_Agora_vape-7-1536x814.webp 1536w, https:\/\/agoravape.com\/wp-content\/uploads\/2026\/01\/Bang-Leader-45k-45000-Puffs-Switch-Flavor-Vape-Two-Flavours-One-Simple-Switch_Agora_vape-7-18x10.webp 18w\" sizes=\"auto, (max-width: 1920px) 100vw, 1920px\" \/><\/h2>\n<h2 data-v-md-heading=\"what-is-special-about-bang-leader-45k-45000-switchable-flavor-vapes\" data-v-md-line=\"3\">Ce este special la \u021big\u0103rile electronice Bang Leader 45k 45000 cu arome comutabile?<\/h2>\n<p data-v-md-line=\"5\">Dac\u0103 te-ai s\u0103turat s\u0103 alegi o singur\u0103 arom\u0103 \u0219i te plictise\u0219ti la jum\u0103tatea drumului, acest vape \u00ee\u021bi poate u\u0219ura schimbarea. Bang Leader 45K adopt\u0103 un design de comutare cu un singur clic, permi\u021b\u00e2ndu-\u021bi s\u0103 ai dou\u0103 arome pe un singur dispozitiv, put\u00e2nd schimba oric\u00e2nd \u0219i oriunde.<\/p>\n<p data-v-md-line=\"7\">S-ar putea s\u0103 sim\u021bi c\u0103 a \u021bine \u00een m\u00e2n\u0103 o \u021bigar\u0103 electronic\u0103 care pretinde c\u0103 are 45.000 de pufuri ar fi la fel de grea ca o c\u0103r\u0103mid\u0103, dar, \u00een realitate, este confortabil de \u021binut \u00een m\u00e2n\u0103. Cu o greutate de 99 de grame, este robust\u0103 \u0219i durabil\u0103 \u0219i nu \u00ee\u021bi va \u00eempov\u0103ra buzunarul.<\/p>\n<h2 data-v-md-heading=\"excellent-performance-and-easy-operation\" data-v-md-line=\"9\">Performan\u021b\u0103 excelent\u0103 \u0219i utilizare u\u0219oar\u0103<\/h2>\n<p data-v-md-line=\"11\">Designul Bang este concis \u0219i clar. O rezisten\u021b\u0103 cu ochiuri de 1.0 \u03a9 ajut\u0103 la men\u021binerea consisten\u021bei gustului, evit\u00e2nd o bog\u0103\u021bie ini\u021bial\u0103 care devine estompat\u0103 dup\u0103 c\u00e2teva zile. C\u00e2nd bateria este desc\u0103rcat\u0103, pute\u021bi utiliza un cablu de date Type-C pentru a \u00eenc\u0103rca o baterie de 650 mAh, similar\u0103 cu interfa\u021ba pe care o utiliza\u021bi pentru a \u00eenc\u0103rca telefonul. Conecta\u021bi dispozitivul la priz\u0103, \u00eenc\u0103rca\u021bi complet \u0219i continua\u021bi s\u0103 utiliza\u021bi.<\/p>\n<h2 data-v-md-heading=\"quick-specifications\" data-v-md-line=\"13\">Specifica\u021bii rapide<\/h2>\n<ul data-v-md-line=\"14\">\n<li>Frecven\u021ba fumatului: p\u00e2n\u0103 la 45000<\/li>\n<li>Con\u021binut de nicotin\u0103: nespecificat (v\u0103 rug\u0103m s\u0103 consulta\u021bi inventarul nostru din pia\u021ba dumneavoastr\u0103)<\/li>\n<li>Principiu de func\u021bionare: Activare prin inhalare<\/li>\n<li>Miez de atomizare: miez de atomizare cu ochiuri de 1,0 \u03a9<\/li>\n<li>Baterie: 650mAh (re\u00eenc\u0103rcabil\u0103)<\/li>\n<li>Interfa\u021b\u0103 de \u00eenc\u0103rcare: Tip C<\/li>\n<li>Greutate: 99 grame per unitate<\/li>\n<li>Stare: Gata de utilizare dup\u0103 despachetare<\/li>\n<\/ul>\n<h2 data-v-md-heading=\"complete-flavor-lineup\" data-v-md-line=\"23\">Gam\u0103 complet\u0103 de arome<\/h2>\n<p data-v-md-line=\"25\">Fiecare dispozitiv vine cu dou\u0103 combina\u021bii de arome:<\/p>\n<ul data-v-md-line=\"26\">\n<li>Ghea\u021b\u0103 de pepene verde, c\u0103p\u0219uni \u0219i mango<\/li>\n<li>C\u0103p\u0219uni \u0219i pepene verde, kiwi, fructul pasiunii, guava<\/li>\n<li>C\u0103p\u0219uni \u0219i pepene verde, \u00eenghe\u021bat\u0103 de struguri<\/li>\n<li>Afine, Zmeur\u0103, Piersic\u0103, Mango, Pepene Verde<\/li>\n<li>Pepene verde cu afine, mango \u0219i c\u0103p\u0219uni<\/li>\n<li>Ghea\u021b\u0103 de afine, Ghea\u021b\u0103 de dragon negru<\/li>\n<li>Ghea\u021b\u0103 de afine, c\u0103p\u0219uni \u0219i banane<\/li>\n<li>Red Bull, pepene verde cu afine<\/li>\n<li>Red Bull, Bomboane cu bule de pepene verde<\/li>\n<li>C\u0103p\u0219uni \u0219i Kiwi, \u00cenghe\u021bat\u0103 de Piersici<\/li>\n<li>Cola Ice, Cherry Cranberry<\/li>\n<li>Ghea\u021b\u0103 de ananas, triplu mango<\/li>\n<li>\u00cenghe\u021bat\u0103 de c\u0103p\u0219uni, \u00eenghe\u021bat\u0103 de l\u0103m\u00e2ie roz<\/li>\n<li>Cola cu cire\u0219e, pepene verde<\/li>\n<li>Ghea\u021b\u0103 de cire\u0219e, Ghea\u021b\u0103 de cire\u0219e cu c\u0103p\u0219uni \u0219i meri\u0219oare<\/li>\n<li>L\u0103m\u00e2ie \u0219i lime, Razzle albastru<\/li>\n<li>Mojito de zmeur\u0103, piersic\u0103, \u00eenghe\u021bat\u0103, m\u0103r \u0219i par\u0103<\/li>\n<li>Ghea\u021b\u0103 de lici, dulcea\u021b\u0103 de pepene galben<\/li>\n<\/ul>\n<h2 data-v-md-heading=\"for-you-and-your-business\" data-v-md-line=\"45\">Pentru tine \u0219i afacerea ta<\/h2>\n<p data-v-md-line=\"47\">Po\u021bi ob\u021bine cu u\u0219urin\u021b\u0103 Bang Leader 45K pentru uz personal. Dac\u0103 achizi\u021bionezi pentru un magazin fizic sau online, acest produs este, de asemenea, o alegere \u00een\u021beleapt\u0103 pentru \u201ecump\u0103rare \u0219i v\u00e2nzare\u201d, deoarece clien\u021bii prefer\u0103 arome interschimbabile \u0219i timpi lungi de fumat.<\/p>\n<p data-v-md-line=\"49\">Trebuie men\u021bionat c\u0103 datele produsului nu indic\u0103 \u00een mod clar cantitatea per cutie. Prin urmare, dac\u0103 achizi\u021biona\u021bi en-gros, v\u0103 rug\u0103m s\u0103 ne contacta\u021bi \u0219i vom confirma cantitatea per cutie, cel mai bun plan de pre\u021buri \u0219i cea mai potrivit\u0103 metod\u0103 de livrare pentru \u021bara\/regiunea dumneavoastr\u0103.<\/p>\n<h2 data-v-md-heading=\"the-reason-why-you-will-like-it\" data-v-md-line=\"51\">Motivul pentru care \u00ee\u021bi va pl\u0103cea<\/h2>\n<ul data-v-md-line=\"52\">\n<li>Fumatul mai frecvent: Mai durabil \u0219i de lung\u0103 durat\u0103, f\u0103r\u0103 a fi nevoie de \u00eenlocuirea frecvent\u0103 a dispozitivului.<\/li>\n<li>Arome comutabile: Un vaporizator con\u021bine dou\u0103 arome, permi\u021b\u00e2ndu-v\u0103 s\u0103 experimenta\u021bi prospe\u021bimea.<\/li>\n<li>Re\u00eenc\u0103rcabil\u0103: Maximizarea real\u0103 a utiliz\u0103rii resurselor f\u0103r\u0103 a fi nevoie de eliminarea timpurie.<\/li>\n<li>Miez de atomizare din plas\u0103: asigur\u0103 un gust stabil \u0219i pur pe \u00eentreaga durat\u0103 de via\u021b\u0103 a echipamentului.<\/li>\n<\/ul>\n<h2 data-v-md-heading=\"why-choose-to-collaborate-with-agoravape\" data-v-md-line=\"57\">De ce s\u0103 alegi s\u0103 colaborezi cu AgoraVape?<\/h2>\n<p data-v-md-line=\"59\">Nu vom aloca inventarul \u00een mod arbitrar. AgoraVape se concentreaz\u0103 pe furnizarea de produse autentice, r\u0103spunsuri directe \u0219i garan\u021bii de aprovizionare fiabile pentru clien\u021bii \u0219i comercian\u021bii cu am\u0103nuntul europeni. Dac\u0103 dori\u021bi s\u0103 achizi\u021biona\u021bi \u021big\u0103ri electronice Bang Leader 45k 45000 cu arome comutabile, v\u0103 rug\u0103m s\u0103 ne contacta\u021bi \u0219i vom aranja arome potrivite, cantit\u0103\u021bi suficiente \u0219i un plan complet de aprovizionare pentru dvs., f\u0103c\u00e2nd totul u\u0219or \u0219i f\u0103r\u0103 griji.<\/p>\n<p><script src=\"chrome-extension:\/\/fpelahbljekknahkcaegamhcndkfpfnc\/iFrame.js\" type=\"text\/javascript\"><\/script><\/p>\n<p><script src=\"chrome-extension:\/\/fpelahbljekknahkcaegamhcndkfpfnc\/iFrame.js\" type=\"text\/javascript\"><\/script><\/p>","protected":false},"excerpt":{"rendered":"<p>&nbsp;<\/p>\n<p><script src=\"chrome-extension:\/\/fpelahbljekknahkcaegamhcndkfpfnc\/iFrame.js\" type=\"text\/javascript\"><\/script><\/p>\n<p><script src=\"chrome-extension:\/\/fpelahbljekknahkcaegamhcndkfpfnc\/iFrame.js\" type=\"text\/javascript\"><\/script><\/p>\n<p><script src=\"chrome-extension:\/\/fpelahbljekknahkcaegamhcndkfpfnc\/iFrame.js\" type=\"text\/javascript\"><\/script><\/p>\n<p><script src=\"chrome-extension:\/\/fpelahbljekknahkcaegamhcndkfpfnc\/iFrame.js\" type=\"text\/javascript\"><\/script><\/p>\n<p><script src=\"chrome-extension:\/\/fpelahbljekknahkcaegamhcndkfpfnc\/iFrame.js\" type=\"text\/javascript\"><\/script><\/p>","protected":false},"featured_media":24251,"comment_status":"open","ping_status":"closed","template":"","meta":[],"product_brand":[197],"product_cat":[124,187,188,189,1640,123,195,1674,174,175,193,191,179,173,186,180,190,192],"product_tag":[],"class_list":{"0":"post-24211","1":"product","2":"type-product","3":"status-publish","4":"has-post-thumbnail","6":"product_brand-bang","7":"product_cat-vape-by-brand","8":"product_cat-0mg-nicotine-free-vapes","9":"product_cat-10mg-low-nicotine-vapes","10":"product_cat-20mg-standard-nicotine-vapes","11":"product_cat-45000-puffs","12":"product_cat-bang","13":"product_cat-dual-flavor-switch","14":"product_cat-eu-warehouse","15":"product_cat-fruit-flavors","16":"product_cat-icy-mint","17":"product_cat-mesh-coil","18":"product_cat-rechargeable-disposables","19":"product_cat-unique-blends","20":"product_cat-vape-by-flavor-profile","21":"product_cat-vape-by-nicotine-strength","22":"product_cat-vape-by-puff-count","23":"product_cat-vape-by-feature-or-type","24":"product_cat-vapes-with-screens","26":"first","27":"instock","28":"shipping-taxable","29":"purchasable","30":"product-type-variable","31":"has-default-attributes"},"tiered_pricing_type":"percentage","tiered_pricing_fixed_rules":[],"tiered_pricing_product_settings":{"layout":"default","base_unit_name":{"singular":null,"plural":null},"default_variation":null},"tiered_pricing_minimum_quantity":10,"tiered_pricing_roles_data":[],"tiered_pricing_percentage_rules":{"30":"10","50":"15","100":"18","200":"25","500":"28","1000":"35"},"tiered_pricing_maximum_quantity":null,"tiered_pricing_quantity_step":"10","_links":{"self":[{"href":"https:\/\/agoravape.com\/ro\/wp-json\/wp\/v2\/product\/24211","targetHints":{"allow":["GET"]}}],"collection":[{"href":"https:\/\/agoravape.com\/ro\/wp-json\/wp\/v2\/product"}],"about":[{"href":"https:\/\/agoravape.com\/ro\/wp-json\/wp\/v2\/types\/product"}],"replies":[{"embeddable":true,"href":"https:\/\/agoravape.com\/ro\/wp-json\/wp\/v2\/comments?post=24211"}],"version-history":[{"count":0,"href":"https:\/\/agoravape.com\/ro\/wp-json\/wp\/v2\/product\/24211\/revisions"}],"wp:featuredmedia":[{"embeddable":true,"href":"https:\/\/agoravape.com\/ro\/wp-json\/wp\/v2\/media\/24251"}],"wp:attachment":[{"href":"https:\/\/agoravape.com\/ro\/wp-json\/wp\/v2\/media?parent=24211"}],"wp:term":[{"taxonomy":"product_brand","embeddable":true,"href":"https:\/\/agoravape.com\/ro\/wp-json\/wp\/v2\/product_brand?post=24211"},{"taxonomy":"product_cat","embeddable":true,"href":"https:\/\/agoravape.com\/ro\/wp-json\/wp\/v2\/product_cat?post=24211"},{"taxonomy":"product_tag","embeddable":true,"href":"https:\/\/agoravape.com\/ro\/wp-json\/wp\/v2\/product_tag?post=24211"}],"curies":[{"name":"wp","href":"https:\/\/api.w.org\/{rel}","templated":true}]}}