{"id":24265,"date":"2026-01-26T19:56:40","date_gmt":"2026-01-26T11:56:40","guid":{"rendered":"https:\/\/agoravape.com\/?post_type=product&#038;p=24265"},"modified":"2026-02-22T15:13:12","modified_gmt":"2026-02-22T14:13:12","slug":"bang-lider-50k-50000-puffs","status":"publish","type":"product","link":"https:\/\/agoravape.com\/ro\/product\/bang-leader-50k-50000-puffs\/","title":{"rendered":"Vape Bang Leader 50k 50000 Puffs cu rezervor dublu | Dou\u0103 arome, un singur dispozitiv, mai pu\u021bine b\u0103t\u0103i de cap"},"content":{"rendered":"<h2 data-v-md-heading=\"what-is-special-about-bang-leader-s-50k-50000-pack-dual-compartment-vape\" data-v-md-line=\"3\"><img loading=\"lazy\" decoding=\"async\" class=\"aligncenter size-full wp-image-24294\" src=\"https:\/\/agoravape.com\/wp-content\/uploads\/2026\/01\/Bang-Leader-50k-50000-Puffs-Dual-Tank-Vape-Two-Flavours-One-Device-Less-Hassle_Agora_vape-7-scaled.webp\" alt=\"\" width=\"2560\" height=\"1434\" srcset=\"https:\/\/agoravape.com\/wp-content\/uploads\/2026\/01\/Bang-Leader-50k-50000-Puffs-Dual-Tank-Vape-Two-Flavours-One-Device-Less-Hassle_Agora_vape-7-scaled.webp 2560w, https:\/\/agoravape.com\/wp-content\/uploads\/2026\/01\/Bang-Leader-50k-50000-Puffs-Dual-Tank-Vape-Two-Flavours-One-Device-Less-Hassle_Agora_vape-7-scaled-1200x672.webp 1200w, https:\/\/agoravape.com\/wp-content\/uploads\/2026\/01\/Bang-Leader-50k-50000-Puffs-Dual-Tank-Vape-Two-Flavours-One-Device-Less-Hassle_Agora_vape-7-300x168.webp 300w, https:\/\/agoravape.com\/wp-content\/uploads\/2026\/01\/Bang-Leader-50k-50000-Puffs-Dual-Tank-Vape-Two-Flavours-One-Device-Less-Hassle_Agora_vape-7-1024x573.webp 1024w, https:\/\/agoravape.com\/wp-content\/uploads\/2026\/01\/Bang-Leader-50k-50000-Puffs-Dual-Tank-Vape-Two-Flavours-One-Device-Less-Hassle_Agora_vape-7-768x430.webp 768w, https:\/\/agoravape.com\/wp-content\/uploads\/2026\/01\/Bang-Leader-50k-50000-Puffs-Dual-Tank-Vape-Two-Flavours-One-Device-Less-Hassle_Agora_vape-7-1536x860.webp 1536w, https:\/\/agoravape.com\/wp-content\/uploads\/2026\/01\/Bang-Leader-50k-50000-Puffs-Dual-Tank-Vape-Two-Flavours-One-Device-Less-Hassle_Agora_vape-7-2048x1147.webp 2048w, https:\/\/agoravape.com\/wp-content\/uploads\/2026\/01\/Bang-Leader-50k-50000-Puffs-Dual-Tank-Vape-Two-Flavours-One-Device-Less-Hassle_Agora_vape-7-18x10.webp 18w\" sizes=\"auto, (max-width: 2560px) 100vw, 2560px\" \/> <img loading=\"lazy\" decoding=\"async\" class=\"aligncenter size-full wp-image-24296\" src=\"https:\/\/agoravape.com\/wp-content\/uploads\/2026\/01\/Bang-Leader-50k-50000-Puffs-Dual-Tank-Vape-Two-Flavours-One-Device-Less-Hassle_Agora_vape-9-scaled.webp\" alt=\"\" width=\"2560\" height=\"1167\" srcset=\"https:\/\/agoravape.com\/wp-content\/uploads\/2026\/01\/Bang-Leader-50k-50000-Puffs-Dual-Tank-Vape-Two-Flavours-One-Device-Less-Hassle_Agora_vape-9-scaled.webp 2560w, https:\/\/agoravape.com\/wp-content\/uploads\/2026\/01\/Bang-Leader-50k-50000-Puffs-Dual-Tank-Vape-Two-Flavours-One-Device-Less-Hassle_Agora_vape-9-scaled-1200x547.webp 1200w, https:\/\/agoravape.com\/wp-content\/uploads\/2026\/01\/Bang-Leader-50k-50000-Puffs-Dual-Tank-Vape-Two-Flavours-One-Device-Less-Hassle_Agora_vape-9-300x137.webp 300w, https:\/\/agoravape.com\/wp-content\/uploads\/2026\/01\/Bang-Leader-50k-50000-Puffs-Dual-Tank-Vape-Two-Flavours-One-Device-Less-Hassle_Agora_vape-9-1024x467.webp 1024w, https:\/\/agoravape.com\/wp-content\/uploads\/2026\/01\/Bang-Leader-50k-50000-Puffs-Dual-Tank-Vape-Two-Flavours-One-Device-Less-Hassle_Agora_vape-9-768x350.webp 768w, https:\/\/agoravape.com\/wp-content\/uploads\/2026\/01\/Bang-Leader-50k-50000-Puffs-Dual-Tank-Vape-Two-Flavours-One-Device-Less-Hassle_Agora_vape-9-1536x700.webp 1536w, https:\/\/agoravape.com\/wp-content\/uploads\/2026\/01\/Bang-Leader-50k-50000-Puffs-Dual-Tank-Vape-Two-Flavours-One-Device-Less-Hassle_Agora_vape-9-2048x934.webp 2048w, https:\/\/agoravape.com\/wp-content\/uploads\/2026\/01\/Bang-Leader-50k-50000-Puffs-Dual-Tank-Vape-Two-Flavours-One-Device-Less-Hassle_Agora_vape-9-18x8.webp 18w\" sizes=\"auto, (max-width: 2560px) 100vw, 2560px\" \/><\/h2>\n<h2 data-v-md-heading=\"what-is-special-about-bang-leader-s-50k-50000-pack-dual-compartment-vape\" data-v-md-line=\"3\"><img loading=\"lazy\" decoding=\"async\" class=\"size-full wp-image-24302 alignright\" src=\"https:\/\/agoravape.com\/wp-content\/uploads\/2026\/01\/Bang-Leader-50k-50000-Puffs-Dual-Tank-Vape-Two-Flavours-One-Device-Less-Hassle_Agora_vape-15-scaled.webp\" alt=\"\" width=\"1440\" height=\"2560\" srcset=\"https:\/\/agoravape.com\/wp-content\/uploads\/2026\/01\/Bang-Leader-50k-50000-Puffs-Dual-Tank-Vape-Two-Flavours-One-Device-Less-Hassle_Agora_vape-15-scaled.webp 1440w, https:\/\/agoravape.com\/wp-content\/uploads\/2026\/01\/Bang-Leader-50k-50000-Puffs-Dual-Tank-Vape-Two-Flavours-One-Device-Less-Hassle_Agora_vape-15-scaled-1200x2133.webp 1200w, https:\/\/agoravape.com\/wp-content\/uploads\/2026\/01\/Bang-Leader-50k-50000-Puffs-Dual-Tank-Vape-Two-Flavours-One-Device-Less-Hassle_Agora_vape-15-169x300.webp 169w, https:\/\/agoravape.com\/wp-content\/uploads\/2026\/01\/Bang-Leader-50k-50000-Puffs-Dual-Tank-Vape-Two-Flavours-One-Device-Less-Hassle_Agora_vape-15-576x1024.webp 576w, https:\/\/agoravape.com\/wp-content\/uploads\/2026\/01\/Bang-Leader-50k-50000-Puffs-Dual-Tank-Vape-Two-Flavours-One-Device-Less-Hassle_Agora_vape-15-768x1365.webp 768w, https:\/\/agoravape.com\/wp-content\/uploads\/2026\/01\/Bang-Leader-50k-50000-Puffs-Dual-Tank-Vape-Two-Flavours-One-Device-Less-Hassle_Agora_vape-15-864x1536.webp 864w, https:\/\/agoravape.com\/wp-content\/uploads\/2026\/01\/Bang-Leader-50k-50000-Puffs-Dual-Tank-Vape-Two-Flavours-One-Device-Less-Hassle_Agora_vape-15-1152x2048.webp 1152w, https:\/\/agoravape.com\/wp-content\/uploads\/2026\/01\/Bang-Leader-50k-50000-Puffs-Dual-Tank-Vape-Two-Flavours-One-Device-Less-Hassle_Agora_vape-15-7x12.webp 7w\" sizes=\"auto, (max-width: 1440px) 100vw, 1440px\" \/><\/h2>\n<h2 data-v-md-heading=\"what-is-special-about-bang-leader-s-50k-50000-pack-dual-compartment-vape\" data-v-md-line=\"3\">Ce este special la \u021bigara electronic\u0103 cu compartimente duble Bang Leader 50k 50000?<\/h2>\n<p data-v-md-line=\"5\">Dac\u0103 te-ai s\u0103turat de \u021big\u0103rile electronice de unic\u0103 folosin\u021b\u0103 care dureaz\u0103 doar o zi \u0219i \u00ee\u0219i pierd rapid parfumul dup\u0103 aceea, atunci acest produs merit\u0103 aten\u021bia ta. Bang Leader 50k este conceput pentru utilizare \u00eendelungat\u0103. Adopt\u0103 un design re\u00eenc\u0103rcabil, permi\u021b\u00e2nd p\u00e2n\u0103 la 50000 de pufuri cu o singur\u0103 \u00eenc\u0103rcare, f\u0103r\u0103 a fi nevoie s\u0103 \u00eenlocuie\u0219ti dispozitivul frecvent.<\/p>\n<p data-v-md-line=\"7\">Urm\u0103torul pas este ceea ce atrage cu adev\u0103rat oamenii. Adopt\u0103 un compartiment dublu (<a class=\"wpil_keyword_link\" href=\"https:\/\/agoravape.com\/ro\/vape-dupa-caracteristica-sau-tip\/comutator-de-aroma-dubla\/\" target=\"_blank\" rel=\"noopener\" title=\"Comutator cu arom\u0103 dubl\u0103\" data-wpil-keyword-link=\"linked\" data-wpil-monitor-id=\"7148\">arom\u0103 dubl\u0103<\/a>), permi\u021b\u00e2ndu-v\u0103 s\u0103 v\u0103 bucura\u021bi de dou\u0103 arome simultan. S-ar putea s\u0103 crede\u021bi c\u0103 un dispozitiv cu o experien\u021b\u0103 de fumat de 50.000 de \u021big\u0103ri ar fi la fel de greu ca o c\u0103r\u0103mid\u0103 mic\u0103, dar, \u00een realitate, greutatea \u0219i volumul s\u0103u sunt surprinz\u0103tor de u\u0219oare \u0219i u\u0219or de transportat.<\/p>\n<h2 data-v-md-heading=\"excellent-performance-and-easy-operation\" data-v-md-line=\"9\">Performan\u021b\u0103 excelent\u0103 \u0219i utilizare u\u0219oar\u0103<\/h2>\n<p data-v-md-line=\"11\">Bang se str\u0103duie\u0219te s\u0103 ofere simplitate \u00een anumite aspecte cheie. Rezisten\u021ba de 1.0 \u03a9 ajut\u0103 la men\u021binerea unui gust consistent, astfel \u00eenc\u00e2t s\u0103 nu sim\u021bi\u021bi senza\u021bia de \u00eenfundare sau regret atunci c\u00e2nd ajunge\u021bi la final. C\u00e2nd bateria este desc\u0103rcat\u0103, o pute\u021bi \u00eenc\u0103rca prin interfa\u021ba Type-C, ceea ce \u00eenseamn\u0103 c\u0103 \u0219i cablul de \u00eenc\u0103rcare al telefonului utilizat \u00een mod obi\u0219nuit poate face fa\u021b\u0103 acestei cerin\u021be.<\/p>\n<h2 data-v-md-heading=\"quick-specifications\" data-v-md-line=\"13\">Specifica\u021bii rapide<\/h2>\n<ul data-v-md-line=\"14\">\n<li>Frecven\u021ba de fumat: p\u00e2n\u0103 la 50000 de pufuri<\/li>\n<li>Capacitate baterie: 650mAh (re\u00eenc\u0103rcabil\u0103)<\/li>\n<li>Bobin\u0103\/Rezisten\u021b\u0103: Bobin\u0103 tip plas\u0103 de 1,0 \u03a9<\/li>\n<li>Utilizare: Inhala\u021bi pentru activare<\/li>\n<li>Interfa\u021b\u0103 de \u00eenc\u0103rcare: Tip C<\/li>\n<li>Greutate: 100 g per unitate<\/li>\n<li>Stare: Gata de utilizare imediat ce este scoas\u0103 din cutie<\/li>\n<\/ul>\n<h2 data-v-md-heading=\"complete-flavor-lineup\" data-v-md-line=\"22\">Gam\u0103 complet\u0103 de arome<\/h2>\n<p data-v-md-line=\"24\">Fiecare dispozitiv este echipat cu o combina\u021bie dubl\u0103 de arome:<\/p>\n<ul data-v-md-line=\"25\">\n<li>C\u0103p\u0219uni Zmeur\u0103 Cire\u0219e \u00cenghe\u021bat\u0103 \/ Cire\u0219e<\/li>\n<li>Pepene verde C\u0103p\u0219uni \/ Pepene verde<\/li>\n<li>Struguri negri \/ Struguri verzi<\/li>\n<li>M\u0103r Par\u0103 \/ Kiwi Fructul Pasiunii Guava<\/li>\n<li>Limonad\u0103 cu ananas acru \/ L\u0103m\u00e2ie-lime<\/li>\n<li>Banan\u0103 \u00eenghe\u021bat\u0103 \/ Mango<\/li>\n<li>Afine Zmeur\u0103 Acri\u0219oar\u0103 \/ Afine<\/li>\n<li>Cola cu cire\u0219e \/ Limonad\u0103 roz<\/li>\n<li>Limonad\u0103 cu afine \u0219i zmeur\u0103 \/ \u00cenghe\u021bat\u0103 cu c\u0103p\u0219uni \u0219i zmeur\u0103 \u0219i cire\u0219e<\/li>\n<li>C\u0103p\u0219uni Kiwi \/ Ghea\u021b\u0103 de c\u0103p\u0219uni<\/li>\n<li>Ananas \u0219i fructul pasiunii \/ \u00cenghe\u021bat\u0103 de ananas<\/li>\n<li>Mojito de zmeur\u0103 \/ Cire\u0219e cu zmeur\u0103 \u0219i lime<\/li>\n<\/ul>\n<h2 data-v-md-heading=\"suitable-for-you-and-your-business\" data-v-md-line=\"38\">Potrivit pentru tine \u0219i afacerea ta<\/h2>\n<p data-v-md-line=\"40\">Po\u021bi achizi\u021biona Bang Leader 50k pentru uz personal, dar este foarte practic \u0219i pentru promovarea \u00een magazin. Oamenilor le place designul \u201e2 \u00een 1\u201d deoarece elimin\u0103 b\u0103taia de cap de a cump\u0103ra dou\u0103 \u021big\u0103ri electronice pentru o schimbare de gust.<\/p>\n<p data-v-md-line=\"42\">\u00cen ceea ce prive\u0219te v\u00e2nzarea en-gros, produsele sunt expediate sub form\u0103 de 200 de buc\u0103\u021bi\/cutie. Dimensiunea cutiei de carton este de 65 31 26 centimetri, iar greutatea este de 21,3 kilograme, ceea ce face ca planificarea depozit\u0103rii \u0219i distribu\u021biei s\u0103 fie mai convenabil\u0103.<\/p>\n<h2 data-v-md-heading=\"reasons-why-you-will-like-it\" data-v-md-line=\"44\">Motive pentru care \u00ee\u021bi va pl\u0103cea<\/h2>\n<ul data-v-md-line=\"45\">\n<li>Durat\u0103 lung\u0103 de via\u021b\u0103 a bateriei: Durabil\u0103 \u0219i de lung\u0103 durat\u0103, nu este nevoie s\u0103 cump\u0103ra\u021bi frecvent cartu\u0219e noi.<\/li>\n<li>Setare cu arom\u0103 dubl\u0103: Utilizare dubl\u0103 pentru un singur aparat, satisfac\u00e2nd nevoile dumneavoastr\u0103 gustative diferite.<\/li>\n<li>Re\u00eenc\u0103rcabil: Utilizeaz\u0103 eficient cartu\u0219ele de fum pentru a evita risipa.<\/li>\n<li>Miez de atomizare cu plas\u0103: Durabil \u0219i stabil, oferind un gust satisf\u0103c\u0103tor.<\/li>\n<\/ul>\n<h2 data-v-md-heading=\"why-choose-to-collaborate-with-agoravape\" data-v-md-line=\"50\">De ce s\u0103 alegi s\u0103 colaborezi cu AgoraVape?<\/h2>\n<p data-v-md-line=\"52\">AgoraVape se concentreaz\u0103 pe ceea ce v\u0103 pas\u0103 cu adev\u0103rat: garan\u021bie autentic\u0103 a produsului, logistic\u0103 transparent\u0103 en-gros \u0219i asisten\u021b\u0103 post-v\u00e2nzare continu\u0103. Dac\u0103 dori\u021bi s\u0103 distribui\u021bi atomizorul dual Bang Leader 50k 50000, v\u0103 rug\u0103m s\u0103 ne contacta\u021bi \u0219i v\u0103 vom ajuta s\u0103 selecta\u021bi combina\u021bia de arome potrivit\u0103 \u0219i s\u0103 proces\u0103m rapid comanda dumneavoastr\u0103.<\/p>","protected":false},"excerpt":{"rendered":"<p>&nbsp;<\/p>","protected":false},"featured_media":24303,"comment_status":"open","ping_status":"closed","template":"","meta":[],"product_brand":[197],"product_cat":[124,187,188,189,1641,194,123,195,1674,174,175,193,191,179,173,186,180,190,192],"product_tag":[],"class_list":{"0":"post-24265","1":"product","2":"type-product","3":"status-publish","4":"has-post-thumbnail","6":"product_brand-bang","7":"product_cat-vape-by-brand","8":"product_cat-0mg-nicotine-free-vapes","9":"product_cat-10mg-low-nicotine-vapes","10":"product_cat-20mg-standard-nicotine-vapes","11":"product_cat-50000-puffs","12":"product_cat-adjustable-airflow","13":"product_cat-bang","14":"product_cat-dual-flavor-switch","15":"product_cat-eu-warehouse","16":"product_cat-fruit-flavors","17":"product_cat-icy-mint","18":"product_cat-mesh-coil","19":"product_cat-rechargeable-disposables","20":"product_cat-unique-blends","21":"product_cat-vape-by-flavor-profile","22":"product_cat-vape-by-nicotine-strength","23":"product_cat-vape-by-puff-count","24":"product_cat-vape-by-feature-or-type","25":"product_cat-vapes-with-screens","27":"first","28":"instock","29":"shipping-taxable","30":"purchasable","31":"product-type-variable","32":"has-default-attributes"},"tiered_pricing_type":"percentage","tiered_pricing_fixed_rules":[],"tiered_pricing_product_settings":{"layout":"default","base_unit_name":{"singular":null,"plural":null},"default_variation":null},"tiered_pricing_minimum_quantity":10,"tiered_pricing_roles_data":[],"tiered_pricing_percentage_rules":{"30":"9","50":"18","100":"26","200":"30","500":"32","1000":"38"},"tiered_pricing_maximum_quantity":null,"tiered_pricing_quantity_step":"10","_links":{"self":[{"href":"https:\/\/agoravape.com\/ro\/wp-json\/wp\/v2\/product\/24265","targetHints":{"allow":["GET"]}}],"collection":[{"href":"https:\/\/agoravape.com\/ro\/wp-json\/wp\/v2\/product"}],"about":[{"href":"https:\/\/agoravape.com\/ro\/wp-json\/wp\/v2\/types\/product"}],"replies":[{"embeddable":true,"href":"https:\/\/agoravape.com\/ro\/wp-json\/wp\/v2\/comments?post=24265"}],"version-history":[{"count":1,"href":"https:\/\/agoravape.com\/ro\/wp-json\/wp\/v2\/product\/24265\/revisions"}],"predecessor-version":[{"id":29801,"href":"https:\/\/agoravape.com\/ro\/wp-json\/wp\/v2\/product\/24265\/revisions\/29801"}],"wp:featuredmedia":[{"embeddable":true,"href":"https:\/\/agoravape.com\/ro\/wp-json\/wp\/v2\/media\/24303"}],"wp:attachment":[{"href":"https:\/\/agoravape.com\/ro\/wp-json\/wp\/v2\/media?parent=24265"}],"wp:term":[{"taxonomy":"product_brand","embeddable":true,"href":"https:\/\/agoravape.com\/ro\/wp-json\/wp\/v2\/product_brand?post=24265"},{"taxonomy":"product_cat","embeddable":true,"href":"https:\/\/agoravape.com\/ro\/wp-json\/wp\/v2\/product_cat?post=24265"},{"taxonomy":"product_tag","embeddable":true,"href":"https:\/\/agoravape.com\/ro\/wp-json\/wp\/v2\/product_tag?post=24265"}],"curies":[{"name":"wp","href":"https:\/\/api.w.org\/{rel}","templated":true}]}}