{"id":24308,"date":"2026-01-26T22:58:54","date_gmt":"2026-01-26T14:58:54","guid":{"rendered":"https:\/\/agoravape.com\/?post_type=product&#038;p=24308"},"modified":"2026-02-22T15:14:09","modified_gmt":"2026-02-22T14:14:09","slug":"bang-lider-80k-80000-puffs","status":"publish","type":"product","link":"https:\/\/agoravape.com\/ro\/product\/bang-leader-80k-80000-puffs\/","title":{"rendered":"Bang Leader 80k 80000 Puffs 3 \u00een 1 Arom\u0103 Vape | Trei Arome, O Comutare Simpl\u0103"},"content":{"rendered":"<h2 data-v-md-heading=\"what-is-the-special-feature-of-bang-leader-80k-80000-three-in-one-flavor-vape\" data-v-md-line=\"3\"><img loading=\"lazy\" decoding=\"async\" class=\"aligncenter size-full wp-image-24323\" src=\"https:\/\/agoravape.com\/wp-content\/uploads\/2026\/01\/Bang-Leader-80k-80000-Puffs-3in1-Flavor-Vape-Three-Flavours-One-Simple-Switch_Agora_vape-1.webp\" alt=\"\" width=\"2056\" height=\"1089\" srcset=\"https:\/\/agoravape.com\/wp-content\/uploads\/2026\/01\/Bang-Leader-80k-80000-Puffs-3in1-Flavor-Vape-Three-Flavours-One-Simple-Switch_Agora_vape-1.webp 2056w, https:\/\/agoravape.com\/wp-content\/uploads\/2026\/01\/Bang-Leader-80k-80000-Puffs-3in1-Flavor-Vape-Three-Flavours-One-Simple-Switch_Agora_vape-1-1200x636.webp 1200w, https:\/\/agoravape.com\/wp-content\/uploads\/2026\/01\/Bang-Leader-80k-80000-Puffs-3in1-Flavor-Vape-Three-Flavours-One-Simple-Switch_Agora_vape-1-300x159.webp 300w, https:\/\/agoravape.com\/wp-content\/uploads\/2026\/01\/Bang-Leader-80k-80000-Puffs-3in1-Flavor-Vape-Three-Flavours-One-Simple-Switch_Agora_vape-1-1024x542.webp 1024w, https:\/\/agoravape.com\/wp-content\/uploads\/2026\/01\/Bang-Leader-80k-80000-Puffs-3in1-Flavor-Vape-Three-Flavours-One-Simple-Switch_Agora_vape-1-768x407.webp 768w, https:\/\/agoravape.com\/wp-content\/uploads\/2026\/01\/Bang-Leader-80k-80000-Puffs-3in1-Flavor-Vape-Three-Flavours-One-Simple-Switch_Agora_vape-1-1536x814.webp 1536w, https:\/\/agoravape.com\/wp-content\/uploads\/2026\/01\/Bang-Leader-80k-80000-Puffs-3in1-Flavor-Vape-Three-Flavours-One-Simple-Switch_Agora_vape-1-2048x1085.webp 2048w, https:\/\/agoravape.com\/wp-content\/uploads\/2026\/01\/Bang-Leader-80k-80000-Puffs-3in1-Flavor-Vape-Three-Flavours-One-Simple-Switch_Agora_vape-1-18x10.webp 18w\" sizes=\"auto, (max-width: 2056px) 100vw, 2056px\" \/> <img loading=\"lazy\" decoding=\"async\" class=\"aligncenter size-full wp-image-24331\" src=\"https:\/\/agoravape.com\/wp-content\/uploads\/2026\/01\/Bang-Leader-80k-80000-Puffs-3in1-Flavor-Vape-Three-Flavours-One-Simple-Switch_Agora_vape-9-scaled.webp\" alt=\"\" width=\"1437\" height=\"2560\" srcset=\"https:\/\/agoravape.com\/wp-content\/uploads\/2026\/01\/Bang-Leader-80k-80000-Puffs-3in1-Flavor-Vape-Three-Flavours-One-Simple-Switch_Agora_vape-9-scaled.webp 1437w, https:\/\/agoravape.com\/wp-content\/uploads\/2026\/01\/Bang-Leader-80k-80000-Puffs-3in1-Flavor-Vape-Three-Flavours-One-Simple-Switch_Agora_vape-9-scaled-1200x2138.webp 1200w, https:\/\/agoravape.com\/wp-content\/uploads\/2026\/01\/Bang-Leader-80k-80000-Puffs-3in1-Flavor-Vape-Three-Flavours-One-Simple-Switch_Agora_vape-9-168x300.webp 168w, https:\/\/agoravape.com\/wp-content\/uploads\/2026\/01\/Bang-Leader-80k-80000-Puffs-3in1-Flavor-Vape-Three-Flavours-One-Simple-Switch_Agora_vape-9-575x1024.webp 575w, https:\/\/agoravape.com\/wp-content\/uploads\/2026\/01\/Bang-Leader-80k-80000-Puffs-3in1-Flavor-Vape-Three-Flavours-One-Simple-Switch_Agora_vape-9-768x1368.webp 768w, https:\/\/agoravape.com\/wp-content\/uploads\/2026\/01\/Bang-Leader-80k-80000-Puffs-3in1-Flavor-Vape-Three-Flavours-One-Simple-Switch_Agora_vape-9-862x1536.webp 862w, https:\/\/agoravape.com\/wp-content\/uploads\/2026\/01\/Bang-Leader-80k-80000-Puffs-3in1-Flavor-Vape-Three-Flavours-One-Simple-Switch_Agora_vape-9-1150x2048.webp 1150w, https:\/\/agoravape.com\/wp-content\/uploads\/2026\/01\/Bang-Leader-80k-80000-Puffs-3in1-Flavor-Vape-Three-Flavours-One-Simple-Switch_Agora_vape-9-7x12.webp 7w\" sizes=\"auto, (max-width: 1437px) 100vw, 1437px\" \/><\/h2>\n<h2 data-v-md-heading=\"what-is-the-special-feature-of-bang-leader-80k-80000-three-in-one-flavor-vape\" data-v-md-line=\"3\">Care este caracteristica special\u0103 a \u021big\u0103rii electronice Bang Leader 80k 80000 cu trei arome \u00eentr-unul?<\/h2>\n<p data-v-md-line=\"5\">Dac\u0103 te-ai s\u0103turat de \u021big\u0103rile electronice care pot dura doar o zi \u0219i apoi devin plictisitoare, atunci Bang Leader 80K este, f\u0103r\u0103 \u00eendoial\u0103, o alegere mai bun\u0103. Este conceput pentru utilizare pe termen lung, iar cel mai mare avantaj al s\u0103u este c\u0103 un singur dispozitiv poate avea trei arome, permi\u021b\u00e2ndu-\u021bi s\u0103 schimbi cu u\u0219urin\u021b\u0103 atunci c\u00e2nd papilele gustative sunt obosite.<\/p>\n<p data-v-md-line=\"7\">S-ar putea s\u0103 sim\u021bi c\u0103 un dispozitiv cu o capacitate de 80.000 de porturi ar fi la fel de greu ca o c\u0103r\u0103mid\u0103 \u00een buzunar, dar este foarte u\u0219or de \u021binut \u00een m\u00e2n\u0103. Pentru utilizatorii care doresc s\u0103 reduc\u0103 problemele (s\u0103 reduc\u0103 num\u0103rul de \u00eenlocuiri, s\u0103 reduc\u0103 num\u0103rul de vizite \u00een magazine) \u0219i s\u0103 aib\u0103 mai multe op\u021biuni de arome, dar nu vor s\u0103 aib\u0103 mai multe dispozitive cu ei, acest vape este alegerea perfect\u0103.<\/p>\n<h2 data-v-md-heading=\"excellent-performance-easy-and-convenient\" data-v-md-line=\"9\">Performan\u021b\u0103 excelent\u0103, u\u0219or \u0219i convenabil<\/h2>\n<p data-v-md-line=\"11\">Vape-urile Bang sunt perfect asociate cu un miez de atomizare cu plas\u0103 de 1.0 \u03a9 \u0219i o baterie re\u00eenc\u0103rcabil\u0103 pentru a asigura un gust consistent \u0219i a preveni aprinderea accidental\u0103, la fel ca alte vape-uri. C\u00e2nd bateria este desc\u0103rcat\u0103, \u00eenc\u0103rca\u021bi-o pur \u0219i simplu prin interfa\u021ba Type-C - acela\u0219i cablu de date pe care \u00eel utiliza\u021bi de obicei pentru a \u00eenc\u0103rca telefonul. Simplu \u0219i convenabil, f\u0103r\u0103 opera\u021biuni plictisitoare.<\/p>\n<h2 data-v-md-heading=\"quick-specifications\" data-v-md-line=\"13\">Specifica\u021bii rapide<\/h2>\n<ul data-v-md-line=\"14\">\n<li>Smoking frequency: up to 80000 puffs<\/li>\n<li>Con\u021binut de nicotin\u0103: Con\u021binutul de nicotin\u0103 al acestui model nu este indicat \u00een datele acestui produs.<\/li>\n<li>Principiu de func\u021bionare: Activare prin inhalare<\/li>\n<li>Miez de atomizare: miez de atomizare cu ochiuri de 1,0 \u03a9<\/li>\n<li>Baterie: 850mAh (17350)<\/li>\n<li>Interfa\u021b\u0103 de \u00eenc\u0103rcare: Tip C<\/li>\n<li>Stare: Gata de utilizare dup\u0103 despachetare<\/li>\n<\/ul>\n<h2 data-v-md-heading=\"complete-flavor-lineup\" data-v-md-line=\"22\">Gam\u0103 complet\u0103 de arome<\/h2>\n<p data-v-md-line=\"24\">Fiecare dispozitiv vine cu 3 arome (set combinat). Combina\u021biile op\u021bionale includ:<\/p>\n<ul data-v-md-line=\"25\">\n<li>Pepene verde \u00eenghe\u021bat\/C\u0103p\u0219uni Mango\/Banan\u0103<\/li>\n<li>Mojito de zmeur\u0103, piersic\u0103, \u00eenghe\u021bat\u0103\/c\u0103p\u0219uni, pepene verde\/kiwi, fructul pasiunii, guava<\/li>\n<li>Pepene verde cu c\u0103p\u0219uni\/Ghea\u021b\u0103 de struguri\/Bombon curcubeu<\/li>\n<li>Coca Cola Ghea\u021b\u0103\/Afine Zmeur\u0103\/Piersic\u0103 Mango Pepene Verde<\/li>\n<li>Afine, pepeni verzi, c\u0103p\u0219uni, mango, coac\u0103ze negre<\/li>\n<li>Ghea\u021b\u0103 de afine\/Ghea\u021b\u0103 de dragon negru\/Piersic\u0103 de mango<\/li>\n<li>Ghea\u021b\u0103 de afine\/C\u0103p\u0219uni \u0219i banane\/Asortiment de fructe de p\u0103dure<\/li>\n<li>Red Bull\/Afine Pepene Verde\/M\u0103r Par\u0103<\/li>\n<li>Red Bull\/Gum\u0103 de mestecat cu pepene verde\/\u00cenghe\u021bat\u0103 de c\u0103p\u0219uni<\/li>\n<li>\u00cenghe\u021bat\u0103 cu c\u0103p\u0219uni \u0219i kiwi\/piersici\/cola cu cire\u0219e<\/li>\n<li>Kiwi Guava\/Litchi \u00cenghe\u021bat\u0103\/Mango Piersic\u0103 Ananas<\/li>\n<li>\u00cenghe\u021bat\u0103 de avocado\/L\u0103m\u00e2ie verde\/Pepene verde zmeur\u0103<\/li>\n<\/ul>\n<h2 data-v-md-heading=\"for-you-and-your-business\" data-v-md-line=\"38\">Pentru tine \u0219i afacerea ta<\/h2>\n<p data-v-md-line=\"40\">Po\u021bi achizi\u021biona Bang Leader. Dac\u0103 vrei s\u0103 \u00eencerci mai \u00eent\u00e2i doar c\u00e2teva combina\u021bii de arome, setul independent 80K \u00ee\u021bi va satisface nevoile. Dac\u0103 de\u021bii un magazin, este, de asemenea, o alegere ideal\u0103 pentru \u201erezisten\u021b\u0103 ridicat\u0103 la aspira\u021bie \u0219i arome multiple\u201d, ceea ce \u00eel face convenabil pentru clien\u021bii care nu doresc s\u0103 \u00eencerce o singur\u0103 arom\u0103 timp de mai multe s\u0103pt\u0103m\u00e2ni la r\u00e2nd.<\/p>\n<p data-v-md-line=\"42\">\u00cen ceea ce prive\u0219te comer\u021bul cu ridicata, oferim livrare \u00een vrac \u0219i accept\u0103m comenzi mari - 200 de buc\u0103\u021bi ambalate \u00een cutii de carton (65 x 31 x 26 cm, 24 kg). Lucr\u0103m m\u00e2n\u0103 \u00een m\u00e2n\u0103 cu parteneri logistici de \u00eencredere din UE, a\u0219a c\u0103 nu trebuie s\u0103 v\u0103 face\u021bi griji cu privire la procedurile vamale sau taxele nea\u0219teptate.<\/p>\n<h2 data-v-md-heading=\"reasons-why-you-will-like-it\" data-v-md-line=\"44\">Motive pentru care \u00ee\u021bi va pl\u0103cea<\/h2>\n<ul data-v-md-line=\"45\">\n<li>Rezisten\u021b\u0103 la aspira\u021bie ultra-lung\u0103: reduce num\u0103rul de \u00eenlocuiri, economisind timp \u0219i efort.<\/li>\n<li>Combina\u021bie de arome 3 \u00een 1: C\u00e2nd o arom\u0103 devine obositoare, aceasta poate fi schimbat\u0103 oric\u00e2nd.<\/li>\n<li>Re\u00eenc\u0103rcabil\u0103 (tip C): v\u0103 permite s\u0103 utiliza\u021bi la maximum dispozitivul \u0219i s\u0103 evita\u021bi aruncarea prematur\u0103. Spir\u0103 de tip plas\u0103: asigur\u0103 o puritate constant\u0103 a gustului pe o durat\u0103 de via\u021b\u0103 mai lung\u0103.<\/li>\n<\/ul>\n<h2 data-v-md-heading=\"why-choose-to-collaborate-with-agoravape\" data-v-md-line=\"49\">De ce s\u0103 alegi s\u0103 colaborezi cu AgoraVape?<\/h2>\n<p data-v-md-line=\"51\">AgoraVape se concentreaz\u0103 pe autenticitate 100% \u2013 nu vinde niciodat\u0103 imita\u021bii inferioare \u0219i nu te las\u0103 niciodat\u0103 s\u0103 ghice\u0219ti din senin. Dac\u0103 e\u0219ti un cump\u0103r\u0103tor corporativ, \u00ee\u021bi vom oferi surse fiabile de bunuri, asisten\u021b\u0103 post-v\u00e2nzare convenabil\u0103 \u0219i servicii de livrare personalizate pentru nevoile reale de achizi\u021bii ale clien\u021bilor din UE. Dore\u0219ti s\u0103 achizi\u021bionezi un atomizorul Bang Leader 80k 3-\u00een-1 \u00een vrac \u0219i s\u0103 beneficiezi de un pre\u021b redus? Te rug\u0103m s\u0103 ne contactezi, vom fi bucuro\u0219i s\u0103 te servim.<\/p>\n<p><script src=\"chrome-extension:\/\/fpelahbljekknahkcaegamhcndkfpfnc\/iFrame.js\" type=\"text\/javascript\"><\/script><\/p>","protected":false},"excerpt":{"rendered":"<p>&nbsp;<\/p>\n<p><script src=\"chrome-extension:\/\/fpelahbljekknahkcaegamhcndkfpfnc\/iFrame.js\" type=\"text\/javascript\"><\/script><\/p>\n<p><script src=\"chrome-extension:\/\/fpelahbljekknahkcaegamhcndkfpfnc\/iFrame.js\" type=\"text\/javascript\"><\/script><\/p>\n<p><script src=\"chrome-extension:\/\/fpelahbljekknahkcaegamhcndkfpfnc\/iFrame.js\" type=\"text\/javascript\"><\/script><\/p>","protected":false},"featured_media":24336,"comment_status":"open","ping_status":"closed","template":"","meta":[],"product_brand":[197],"product_cat":[124,187,185,188,189,123,1674,174,175,193,191,179,173,186,180,190],"product_tag":[],"class_list":{"0":"post-24308","1":"product","2":"type-product","3":"status-publish","4":"has-post-thumbnail","6":"product_brand-bang","7":"product_cat-vape-by-brand","8":"product_cat-0mg-nicotine-free-vapes","9":"product_cat-10000-puffs-high-capacity","10":"product_cat-10mg-low-nicotine-vapes","11":"product_cat-20mg-standard-nicotine-vapes","12":"product_cat-bang","13":"product_cat-eu-warehouse","14":"product_cat-fruit-flavors","15":"product_cat-icy-mint","16":"product_cat-mesh-coil","17":"product_cat-rechargeable-disposables","18":"product_cat-unique-blends","19":"product_cat-vape-by-flavor-profile","20":"product_cat-vape-by-nicotine-strength","21":"product_cat-vape-by-puff-count","22":"product_cat-vape-by-feature-or-type","24":"first","25":"instock","26":"shipping-taxable","27":"purchasable","28":"product-type-variable","29":"has-default-attributes"},"tiered_pricing_type":"percentage","tiered_pricing_fixed_rules":[],"tiered_pricing_product_settings":{"layout":"default","base_unit_name":{"singular":null,"plural":null},"default_variation":null},"tiered_pricing_minimum_quantity":10,"tiered_pricing_roles_data":[],"tiered_pricing_percentage_rules":{"30":"10","50":"18","100":"24","200":"28","500":"35","1000":"44"},"tiered_pricing_maximum_quantity":null,"tiered_pricing_quantity_step":"10","_links":{"self":[{"href":"https:\/\/agoravape.com\/ro\/wp-json\/wp\/v2\/product\/24308","targetHints":{"allow":["GET"]}}],"collection":[{"href":"https:\/\/agoravape.com\/ro\/wp-json\/wp\/v2\/product"}],"about":[{"href":"https:\/\/agoravape.com\/ro\/wp-json\/wp\/v2\/types\/product"}],"replies":[{"embeddable":true,"href":"https:\/\/agoravape.com\/ro\/wp-json\/wp\/v2\/comments?post=24308"}],"version-history":[{"count":0,"href":"https:\/\/agoravape.com\/ro\/wp-json\/wp\/v2\/product\/24308\/revisions"}],"wp:featuredmedia":[{"embeddable":true,"href":"https:\/\/agoravape.com\/ro\/wp-json\/wp\/v2\/media\/24336"}],"wp:attachment":[{"href":"https:\/\/agoravape.com\/ro\/wp-json\/wp\/v2\/media?parent=24308"}],"wp:term":[{"taxonomy":"product_brand","embeddable":true,"href":"https:\/\/agoravape.com\/ro\/wp-json\/wp\/v2\/product_brand?post=24308"},{"taxonomy":"product_cat","embeddable":true,"href":"https:\/\/agoravape.com\/ro\/wp-json\/wp\/v2\/product_cat?post=24308"},{"taxonomy":"product_tag","embeddable":true,"href":"https:\/\/agoravape.com\/ro\/wp-json\/wp\/v2\/product_tag?post=24308"}],"curies":[{"name":"wp","href":"https:\/\/api.w.org\/{rel}","templated":true}]}}