{"id":24338,"date":"2026-01-26T23:10:46","date_gmt":"2026-01-26T15:10:46","guid":{"rendered":"https:\/\/agoravape.com\/?post_type=product&#038;p=24338"},"modified":"2026-02-22T15:14:05","modified_gmt":"2026-02-22T14:14:05","slug":"bang-leader-85k-3in1-85000-pufuri","status":"publish","type":"product","link":"https:\/\/agoravape.com\/ro\/product\/bang-leader-85k-3in1-85000-puffs\/","title":{"rendered":"Vape Bang Leader 85k 85000 Puffs cu arom\u0103 tripl\u0103 | Trei arome, un singur dispozitiv, mai pu\u021bine b\u0103t\u0103i de cap"},"content":{"rendered":"<h2 data-v-md-heading=\"what-is-the-special-feature-of-bang-leader-85k-85000-three-flavored-vapes\" data-v-md-line=\"3\"><img loading=\"lazy\" decoding=\"async\" class=\"aligncenter size-full wp-image-24356\" src=\"https:\/\/agoravape.com\/wp-content\/uploads\/2026\/01\/Bang-Leader-85k-85000-Puffs-Triple-Flavor-Vape-Three-Flavours-One-Device-Less-Hassle_Agora_vape-5.webp\" alt=\"\" width=\"2277\" height=\"1280\" srcset=\"https:\/\/agoravape.com\/wp-content\/uploads\/2026\/01\/Bang-Leader-85k-85000-Puffs-Triple-Flavor-Vape-Three-Flavours-One-Device-Less-Hassle_Agora_vape-5.webp 2277w, https:\/\/agoravape.com\/wp-content\/uploads\/2026\/01\/Bang-Leader-85k-85000-Puffs-Triple-Flavor-Vape-Three-Flavours-One-Device-Less-Hassle_Agora_vape-5-1200x675.webp 1200w, https:\/\/agoravape.com\/wp-content\/uploads\/2026\/01\/Bang-Leader-85k-85000-Puffs-Triple-Flavor-Vape-Three-Flavours-One-Device-Less-Hassle_Agora_vape-5-300x169.webp 300w, https:\/\/agoravape.com\/wp-content\/uploads\/2026\/01\/Bang-Leader-85k-85000-Puffs-Triple-Flavor-Vape-Three-Flavours-One-Device-Less-Hassle_Agora_vape-5-1024x576.webp 1024w, https:\/\/agoravape.com\/wp-content\/uploads\/2026\/01\/Bang-Leader-85k-85000-Puffs-Triple-Flavor-Vape-Three-Flavours-One-Device-Less-Hassle_Agora_vape-5-768x432.webp 768w, https:\/\/agoravape.com\/wp-content\/uploads\/2026\/01\/Bang-Leader-85k-85000-Puffs-Triple-Flavor-Vape-Three-Flavours-One-Device-Less-Hassle_Agora_vape-5-1536x863.webp 1536w, https:\/\/agoravape.com\/wp-content\/uploads\/2026\/01\/Bang-Leader-85k-85000-Puffs-Triple-Flavor-Vape-Three-Flavours-One-Device-Less-Hassle_Agora_vape-5-2048x1151.webp 2048w, https:\/\/agoravape.com\/wp-content\/uploads\/2026\/01\/Bang-Leader-85k-85000-Puffs-Triple-Flavor-Vape-Three-Flavours-One-Device-Less-Hassle_Agora_vape-5-18x10.webp 18w\" sizes=\"auto, (max-width: 2277px) 100vw, 2277px\" \/><\/h2>\n<h2 data-v-md-heading=\"what-is-the-special-feature-of-bang-leader-85k-85000-three-flavored-vapes\" data-v-md-line=\"3\"><img loading=\"lazy\" decoding=\"async\" class=\"size-full wp-image-24367 aligncenter\" src=\"https:\/\/agoravape.com\/wp-content\/uploads\/2026\/01\/Bang-Leader-85k-85000-Puffs-Triple-Flavor-Vape-Three-Flavours-One-Device-Less-Hassle_Agora_vape-16.webp\" alt=\"\" width=\"1280\" height=\"2491\" srcset=\"https:\/\/agoravape.com\/wp-content\/uploads\/2026\/01\/Bang-Leader-85k-85000-Puffs-Triple-Flavor-Vape-Three-Flavours-One-Device-Less-Hassle_Agora_vape-16.webp 1280w, https:\/\/agoravape.com\/wp-content\/uploads\/2026\/01\/Bang-Leader-85k-85000-Puffs-Triple-Flavor-Vape-Three-Flavours-One-Device-Less-Hassle_Agora_vape-16-1200x2335.webp 1200w, https:\/\/agoravape.com\/wp-content\/uploads\/2026\/01\/Bang-Leader-85k-85000-Puffs-Triple-Flavor-Vape-Three-Flavours-One-Device-Less-Hassle_Agora_vape-16-154x300.webp 154w, https:\/\/agoravape.com\/wp-content\/uploads\/2026\/01\/Bang-Leader-85k-85000-Puffs-Triple-Flavor-Vape-Three-Flavours-One-Device-Less-Hassle_Agora_vape-16-526x1024.webp 526w, https:\/\/agoravape.com\/wp-content\/uploads\/2026\/01\/Bang-Leader-85k-85000-Puffs-Triple-Flavor-Vape-Three-Flavours-One-Device-Less-Hassle_Agora_vape-16-768x1495.webp 768w, https:\/\/agoravape.com\/wp-content\/uploads\/2026\/01\/Bang-Leader-85k-85000-Puffs-Triple-Flavor-Vape-Three-Flavours-One-Device-Less-Hassle_Agora_vape-16-789x1536.webp 789w, https:\/\/agoravape.com\/wp-content\/uploads\/2026\/01\/Bang-Leader-85k-85000-Puffs-Triple-Flavor-Vape-Three-Flavours-One-Device-Less-Hassle_Agora_vape-16-1052x2048.webp 1052w, https:\/\/agoravape.com\/wp-content\/uploads\/2026\/01\/Bang-Leader-85k-85000-Puffs-Triple-Flavor-Vape-Three-Flavours-One-Device-Less-Hassle_Agora_vape-16-6x12.webp 6w\" sizes=\"auto, (max-width: 1280px) 100vw, 1280px\" \/><\/h2>\n<h2 data-v-md-heading=\"what-is-the-special-feature-of-bang-leader-85k-85000-three-flavored-vapes\" data-v-md-line=\"3\">Care este caracteristica special\u0103 a \u021big\u0103rilor electronice Bang Leader 85k 85000 cu trei arome?<\/h2>\n<p data-v-md-line=\"5\">Dac\u0103 te-ai s\u0103turat s\u0103 cumperi o \u021bigar\u0103 electronic\u0103 de unic\u0103 folosin\u021b\u0103 la fiecare c\u00e2teva zile, atunci Bang Leader 85k este n\u0103scut pentru r\u0103bdarea ta. Aceasta este o \u021bigar\u0103 electronic\u0103 de unic\u0103 folosin\u021b\u0103 cu un num\u0103r mare de buc\u0103\u021bi, conceput\u0103 pentru a fi durabil\u0103 \u0219i de lung\u0103 durat\u0103, \u00een timp ce un dispozitiv con\u021bine trei arome, permi\u021b\u00e2ndu-\u021bi s\u0103 te distrezi mai mult.<\/p>\n<p data-v-md-line=\"7\">Asta e ceea ce \u00eei intereseaz\u0103 cu adev\u0103rat pe oameni. Nu trebuie s\u0103 te limitezi la o singur\u0103 arom\u0103 p\u00e2n\u0103 termini. Vrei ni\u0219te arom\u0103 de fructe acum \u0219i ni\u0219te arom\u0103 de bule mai t\u00e2rziu? Po\u021bi schimba oric\u00e2nd f\u0103r\u0103 a avea trei vaporizatoare. S-ar putea s\u0103 crezi c\u0103 un dispozitiv de 85k ar fi la fel de greu ca o c\u0103r\u0103mid\u0103 \u00een buzunar, dar av\u00e2nd \u00een vedere capacitatea sa, controlul greut\u0103\u021bii este destul de rezonabil.<\/p>\n<h2 data-v-md-heading=\"excellent-performance-and-easy-operation\" data-v-md-line=\"9\">Performan\u021b\u0103 excelent\u0103 \u0219i utilizare u\u0219oar\u0103<\/h2>\n<p data-v-md-line=\"11\">Filosofia de design Bang este simplitatea: poate fi activat prin inhalare, f\u0103r\u0103 a fi nevoie de butoane sau opera\u021biuni greoaie \u00een meniu. Miezul de atomizare \u00eencorporat cu plas\u0103 de 1,0 \u03a9 \u00eenseamn\u0103 c\u0103 gustul este mai stabil \u0219i nu va sc\u0103dea brusc dup\u0103 una sau dou\u0103 zile, ca alte produse.<\/p>\n<p data-v-md-line=\"13\">Av\u00e2nd \u00een vedere c\u0103 dispozitivele de calibru mare necesit\u0103 \u00eenc\u0103rcare, este echipat cu o interfa\u021b\u0103 de \u00eenc\u0103rcare de tip C. C\u00e2nd bateria este desc\u0103rcat\u0103, pur \u0219i simplu utiliza\u021bi acela\u0219i cablu de date cu care \u00eenc\u0103rca\u021bi de obicei telefonul. U\u0219or de manevrat.<\/p>\n<h2 data-v-md-heading=\"quick-specifications\" data-v-md-line=\"15\">Specifica\u021bii rapide<\/h2>\n<ul data-v-md-line=\"16\">\n<li>Frecven\u021ba de fumat: p\u00e2n\u0103 la 85000 de pufuri<\/li>\n<li>Capacitate baterie: 850mAh (baterie 17350)<\/li>\n<li>Miez de atomizare: miez de atomizare cu ochiuri de 1,0 \u03a9<\/li>\n<li>Utilizare: Inhala\u021bi pentru activare<\/li>\n<li>Interfa\u021b\u0103 de \u00eenc\u0103rcare: Tip C<\/li>\n<li>Stare: Gata de utilizare imediat ce este scoas\u0103 din cutie<\/li>\n<li>Altele: Accept\u0103 personalizarea OEM\/ODM (aplicabil angrosi\u0219tilor mari)<\/li>\n<\/ul>\n<h2 data-v-md-heading=\"complete-flavor-lineup\" data-v-md-line=\"24\">Gam\u0103 complet\u0103 de arome<\/h2>\n<p data-v-md-line=\"26\">Fiecare dintre urm\u0103toarele arome este o combina\u021bie de trei arome \u00eentr-una (un dispozitiv con\u021bine trei arome):<\/p>\n<ul data-v-md-line=\"27\">\n<li>\u00cenghe\u021bat\u0103 de struguri \/ C\u0103p\u0219uni \u0219i kiwi \/ Fructul pasiunii Guava<\/li>\n<li>Ghea\u021b\u0103 de c\u0103p\u0219uni \/ L\u0103m\u00e2ie \u0219i portocal\u0103 \/ Gum\u0103 de mestecat cu pepene verde<\/li>\n<li>Ghea\u021b\u0103 de pepene verde \/ Mango Piersic\u0103 \/ Suc de portocale<\/li>\n<li>Ghea\u021b\u0103 de ananas \/ Red Bull cu c\u0103p\u0219uni \/ Fructe de p\u0103dure mixte<\/li>\n<li>Red Bull \/ Pepene verde cu afine \/ \u00cenghe\u021bat\u0103 de c\u0103p\u0219uni<\/li>\n<li>Coca-Cola Ice \/ Apple Piersics \/ Rose Lemonade<\/li>\n<li>\u00cenghe\u021bat\u0103 de banan\u0103 \/ Pepene verde cu c\u0103p\u0219uni \/ Jeleu de urs<\/li>\n<li>Ghea\u021b\u0103 de afine \/ Arom\u0103 albastr\u0103 de ciocolat\u0103 \/ Par\u0103 parfumat\u0103<\/li>\n<li>Fructe mixte \/ Mojito cu piersici \/ Afine cu zmeur\u0103<\/li>\n<li>Ghea\u021b\u0103 Dragon Negru \/ Bezea \/ Vis de Var\u0103<\/li>\n<li>C\u0103p\u0219uni Zmeur\u0103 \/ Coac\u0103ze Negre \/ C\u0103p\u0219uni Banan\u0103<\/li>\n<li>Pepene verde cu c\u0103p\u0219uni \/ Coca-Cola cu cire\u0219e \/ Crem\u0103 de c\u0103p\u0219uni<\/li>\n<li>\u00cenghe\u021bat\u0103 de m\u0103r ro\u0219u \/ Pepene verde cu zmeur\u0103 \/ Aloe vera<\/li>\n<li>Cire\u0219e Meri\u0219oare \/ Piersic\u0103 Mango \/ Ananas<\/li>\n<li>Love 666 \/ Afine Zmeur\u0103 \/ Vimto<\/li>\n<\/ul>\n<h2 data-v-md-heading=\"for-you-and-your-business\" data-v-md-line=\"43\">Pentru tine \u0219i afacerea ta<\/h2>\n<p data-v-md-line=\"45\">Pute\u021bi achizi\u021biona Bang Leader 85k pentru uz personal, dar este \u0219i un produs foarte practic, cu rulaj ridicat, pentru magazine. Clien\u021bii prefer\u0103 o varietate de op\u021biuni, iar \u201eTriple Flavor\u201d este foarte popular la tejghea, deoarece rezolv\u0103 o problem\u0103 practic\u0103: este u\u0219or s\u0103 te plictise\u0219ti \u00een timpul utiliz\u0103rii.<\/p>\n<p data-v-md-line=\"47\">\u00cen ceea ce prive\u0219te v\u00e2nzarea en-gros, aceste produse sunt ambalate sub form\u0103 de cutii de 200 de unit\u0103\u021bi (dimensiunea cutiei: 51,5 * 51,5 * 30,5 cm, greutate total\u0103: 29 kg). Dac\u0103 trebuie s\u0103 vinde\u021bi \u00een vrac, aceste informa\u021bii despre ambalare v\u0103 pot ajuta s\u0103 planifica\u021bi cu u\u0219urin\u021b\u0103 depozitarea \u0219i transportul.<\/p>\n<h2 data-v-md-heading=\"the-reason-why-you-will-like-it\" data-v-md-line=\"49\">Motivul pentru care \u00ee\u021bi va pl\u0103cea<\/h2>\n<ul data-v-md-line=\"50\">\n<li>Durat\u0103 de via\u021b\u0103 extrem de lung\u0103 a bateriei: Durat\u0103 de via\u021b\u0103 mai lung\u0103, nu este nevoie de \u00eenlocuire frecvent\u0103<\/li>\n<li>Combina\u021bie tripl\u0103 de arome: Nu este necesar\u0103 nicio achizi\u021bie suplimentar\u0103 pentru a men\u021bine prospe\u021bimea<\/li>\n<li>Re\u00eenc\u0103rcabil\u0103 (Tip C): Folose\u0219te-\u021bi la maximum resursele<\/li>\n<li>Miezul atomizorului din plas\u0103: men\u021bine un gust stabil \u0219i nu se atenueaz\u0103 u\u0219or<\/li>\n<\/ul>\n<h2 data-v-md-heading=\"why-choose-to-collaborate-with-agoravape\" data-v-md-line=\"55\">De ce s\u0103 alegi s\u0103 colaborezi cu AgoraVape?<\/h2>\n<p data-v-md-line=\"57\">La AgoraVape, ader\u0103m la principiul de a vinde doar produse originale \u0219i de a nu recurge niciodat\u0103 la fraud\u0103. Dac\u0103 achizi\u021biona\u021bi pentru magazinul dvs., v\u0103 vom oferi r\u0103spunsuri directe, pre\u021buri en-gros extrem de competitive \u0219i servicii de aprovizionare fiabile, inclusiv \u021big\u0103rile electronice Bang Leader 85k 85000 cu arom\u0103 tripl\u0103.<\/p>\n<p><script src=\"chrome-extension:\/\/fpelahbljekknahkcaegamhcndkfpfnc\/iFrame.js\" type=\"text\/javascript\"><\/script><\/p>","protected":false},"excerpt":{"rendered":"<p>&nbsp;<\/p>\n<p><script src=\"chrome-extension:\/\/fpelahbljekknahkcaegamhcndkfpfnc\/iFrame.js\" type=\"text\/javascript\"><\/script><\/p>\n<p><script src=\"chrome-extension:\/\/fpelahbljekknahkcaegamhcndkfpfnc\/iFrame.js\" type=\"text\/javascript\"><\/script><\/p>\n<p><script src=\"chrome-extension:\/\/fpelahbljekknahkcaegamhcndkfpfnc\/iFrame.js\" type=\"text\/javascript\"><\/script><\/p>\n<p><script src=\"chrome-extension:\/\/fpelahbljekknahkcaegamhcndkfpfnc\/iFrame.js\" type=\"text\/javascript\"><\/script><\/p>","protected":false},"featured_media":24368,"comment_status":"open","ping_status":"closed","template":"","meta":[],"product_brand":[197],"product_cat":[124,187,185,188,189,123,174,175,193,191,179,173,186,180,190,192],"product_tag":[],"class_list":{"0":"post-24338","1":"product","2":"type-product","3":"status-publish","4":"has-post-thumbnail","6":"product_brand-bang","7":"product_cat-vape-by-brand","8":"product_cat-0mg-nicotine-free-vapes","9":"product_cat-10000-puffs-high-capacity","10":"product_cat-10mg-low-nicotine-vapes","11":"product_cat-20mg-standard-nicotine-vapes","12":"product_cat-bang","13":"product_cat-fruit-flavors","14":"product_cat-icy-mint","15":"product_cat-mesh-coil","16":"product_cat-rechargeable-disposables","17":"product_cat-unique-blends","18":"product_cat-vape-by-flavor-profile","19":"product_cat-vape-by-nicotine-strength","20":"product_cat-vape-by-puff-count","21":"product_cat-vape-by-feature-or-type","22":"product_cat-vapes-with-screens","24":"first","25":"instock","26":"shipping-taxable","27":"purchasable","28":"product-type-variable","29":"has-default-attributes"},"tiered_pricing_type":"percentage","tiered_pricing_fixed_rules":[],"tiered_pricing_product_settings":{"layout":"default","base_unit_name":{"singular":null,"plural":null},"default_variation":null},"tiered_pricing_minimum_quantity":10,"tiered_pricing_roles_data":[],"tiered_pricing_percentage_rules":{"30":"9","50":"17","100":"23","200":"26","500":"29","1000":"38"},"tiered_pricing_maximum_quantity":null,"tiered_pricing_quantity_step":"10","_links":{"self":[{"href":"https:\/\/agoravape.com\/ro\/wp-json\/wp\/v2\/product\/24338","targetHints":{"allow":["GET"]}}],"collection":[{"href":"https:\/\/agoravape.com\/ro\/wp-json\/wp\/v2\/product"}],"about":[{"href":"https:\/\/agoravape.com\/ro\/wp-json\/wp\/v2\/types\/product"}],"replies":[{"embeddable":true,"href":"https:\/\/agoravape.com\/ro\/wp-json\/wp\/v2\/comments?post=24338"}],"version-history":[{"count":0,"href":"https:\/\/agoravape.com\/ro\/wp-json\/wp\/v2\/product\/24338\/revisions"}],"wp:featuredmedia":[{"embeddable":true,"href":"https:\/\/agoravape.com\/ro\/wp-json\/wp\/v2\/media\/24368"}],"wp:attachment":[{"href":"https:\/\/agoravape.com\/ro\/wp-json\/wp\/v2\/media?parent=24338"}],"wp:term":[{"taxonomy":"product_brand","embeddable":true,"href":"https:\/\/agoravape.com\/ro\/wp-json\/wp\/v2\/product_brand?post=24338"},{"taxonomy":"product_cat","embeddable":true,"href":"https:\/\/agoravape.com\/ro\/wp-json\/wp\/v2\/product_cat?post=24338"},{"taxonomy":"product_tag","embeddable":true,"href":"https:\/\/agoravape.com\/ro\/wp-json\/wp\/v2\/product_tag?post=24338"}],"curies":[{"name":"wp","href":"https:\/\/api.w.org\/{rel}","templated":true}]}}