{"id":24403,"date":"2026-01-26T23:35:02","date_gmt":"2026-01-26T15:35:02","guid":{"rendered":"https:\/\/agoravape.com\/?post_type=product&#038;p=24403"},"modified":"2026-03-14T16:22:20","modified_gmt":"2026-03-14T15:22:20","slug":"bang-leader-110k-110000-puffs","status":"publish","type":"product","link":"https:\/\/agoravape.com\/ro\/product\/bang-leader-110k-110000-puffs\/","title":{"rendered":"Bang Leader 110k 110000 de pufuri, capacitate mare de vapat | Arom\u0103 de lung\u0103 durat\u0103, mai pu\u021bine \u00eenlocuiri"},"content":{"rendered":"<h2 data-v-md-heading=\"what-is-the-special-feature-of-bang-leader-s-110k-110000-large-capacity-vape\" data-v-md-line=\"3\"><img loading=\"lazy\" decoding=\"async\" class=\"aligncenter size-full wp-image-24418\" src=\"https:\/\/agoravape.com\/wp-content\/uploads\/2026\/01\/Bang-Leader-110k-110000-Puffs-High-Capacity-Vape-Long-Run-Flavour-Fewer-Replacements_Agora_vape-4-scaled.webp\" alt=\"\" width=\"1223\" height=\"2560\" srcset=\"https:\/\/agoravape.com\/wp-content\/uploads\/2026\/01\/Bang-Leader-110k-110000-Puffs-High-Capacity-Vape-Long-Run-Flavour-Fewer-Replacements_Agora_vape-4-scaled.webp 1223w, https:\/\/agoravape.com\/wp-content\/uploads\/2026\/01\/Bang-Leader-110k-110000-Puffs-High-Capacity-Vape-Long-Run-Flavour-Fewer-Replacements_Agora_vape-4-scaled-1200x2512.webp 1200w, https:\/\/agoravape.com\/wp-content\/uploads\/2026\/01\/Bang-Leader-110k-110000-Puffs-High-Capacity-Vape-Long-Run-Flavour-Fewer-Replacements_Agora_vape-4-143x300.webp 143w, https:\/\/agoravape.com\/wp-content\/uploads\/2026\/01\/Bang-Leader-110k-110000-Puffs-High-Capacity-Vape-Long-Run-Flavour-Fewer-Replacements_Agora_vape-4-489x1024.webp 489w, https:\/\/agoravape.com\/wp-content\/uploads\/2026\/01\/Bang-Leader-110k-110000-Puffs-High-Capacity-Vape-Long-Run-Flavour-Fewer-Replacements_Agora_vape-4-768x1607.webp 768w, https:\/\/agoravape.com\/wp-content\/uploads\/2026\/01\/Bang-Leader-110k-110000-Puffs-High-Capacity-Vape-Long-Run-Flavour-Fewer-Replacements_Agora_vape-4-734x1536.webp 734w, https:\/\/agoravape.com\/wp-content\/uploads\/2026\/01\/Bang-Leader-110k-110000-Puffs-High-Capacity-Vape-Long-Run-Flavour-Fewer-Replacements_Agora_vape-4-979x2048.webp 979w, https:\/\/agoravape.com\/wp-content\/uploads\/2026\/01\/Bang-Leader-110k-110000-Puffs-High-Capacity-Vape-Long-Run-Flavour-Fewer-Replacements_Agora_vape-4-6x12.webp 6w\" sizes=\"auto, (max-width: 1223px) 100vw, 1223px\" \/><\/h2>\n<h2 data-v-md-heading=\"what-is-the-special-feature-of-bang-leader-s-110k-110000-large-capacity-vape\" data-v-md-line=\"3\">Care este caracteristica special\u0103 a \u021big\u0103rii electronice de mare capacitate 110k 110000 de la Bang Leader?<\/h2>\n<p data-v-md-line=\"5\">Dac\u0103 te-ai s\u0103turat de acele \u021big\u0103ri electronice care nu scot fum imediat dup\u0103 ce le gu\u0219ti, atunci Bang Leader 110K este cu siguran\u021b\u0103 alegerea ideal\u0103. Este conceput special pentru utilizatorii care \u00ee\u0219i doresc o \u021bigar\u0103 electronic\u0103 de mare capacitate, f\u0103r\u0103 griji, care poate fi utilizat\u0103 continuu, f\u0103r\u0103 \u00eenlocuiri frecvente.<\/p>\n<p data-v-md-line=\"7\">\u0218i cel mai nea\u0219teptat lucru este c\u0103 s-ar putea s\u0103 sim\u021bi c\u0103 \u021binerea \u00een m\u00e2n\u0103 a unei \u021big\u0103ri electronice de o capacitate at\u00e2t de mare ar fi la fel de grea ca \u0219i cum ai \u021bine o c\u0103r\u0103mid\u0103. Dar este surprinz\u0103tor de u\u0219or de \u021binut \u00een m\u00e2n\u0103, cu o senza\u021bie de soliditate \u0219i stabilitate (aproximativ 140 de grame), complet f\u0103r\u0103 senza\u021bia unei \u201e\u021big\u0103ri electronice ieftine de unic\u0103 folosin\u021b\u0103\u201d.<\/p>\n<h2 data-v-md-heading=\"excellent-performance-and-easy-operation\" data-v-md-line=\"9\">Performan\u021b\u0103 excelent\u0103 \u0219i utilizare u\u0219oar\u0103<\/h2>\n<p data-v-md-line=\"11\">Designul Bang este concis \u0219i clar. Are o rezisten\u021b\u0103 \u00eencorporat\u0103 de 1.0 \u03a9, ceea ce \u00eenseamn\u0103 c\u0103 gustul este mai stabil \u0219i nu va deveni plictisitor \u0219i f\u0103r\u0103 gust dup\u0103 o perioad\u0103 scurt\u0103 de utilizare, a\u0219a cum se \u00eent\u00e2mpl\u0103 \u00een cazul altor produse. C\u00e2nd bateria este desc\u0103rcat\u0103, nu este nevoie s\u0103 utiliza\u021bi fire speciale. Adopt\u0103 \u00eenc\u0103rcarea de tip C, astfel \u00eenc\u00e2t pute\u021bi utiliza acela\u0219i cablu de \u00eenc\u0103rcare pentru utilizarea zilnic\u0103.<\/p>\n<h2 data-v-md-heading=\"quick-specifications\" data-v-md-line=\"13\">Specifica\u021bii rapide<\/h2>\n<ul data-v-md-line=\"14\">\n<li>Frecven\u021ba fumatului: p\u00e2n\u0103 la 110.000 de \u021big\u0103ri<\/li>\n<li>Baterie: 850mAh (baterie 17350)<\/li>\n<li>Miez de atomizare: miez de atomizare cu ochiuri de 1,0 \u03a9<\/li>\n<li>Utilizare: Inhala\u021bi pentru activare<\/li>\n<li>Interfa\u021b\u0103 de \u00eenc\u0103rcare: Interfa\u021b\u0103 de tip C<\/li>\n<li>Stare: Gata de utilizare imediat ce este scoas\u0103 din cutie<\/li>\n<li>Greutate unitar\u0103: 140 de grame<\/li>\n<\/ul>\n<h2 data-v-md-heading=\"rich-flavor-options\" data-v-md-line=\"22\">Rich flavor options<\/h2>\n<p data-v-md-line=\"24\">Bang Leader 110K ofer\u0103 o combina\u021bie de arome trei \u00eentr-unul (un dispozitiv con\u021bine trei arome). Urm\u0103toarele sunt arome op\u021bionale:<\/p>\n<ul data-v-md-line=\"25\">\n<li>Ghea\u021b\u0103 de pepene verde \/ Mamba de c\u0103p\u0219uni \/ Pepene verde cu c\u0103p\u0219uni<\/li>\n<li>Fuji Ice \/ M\u0103r Struguri \/ Cire\u0219e Rodie<\/li>\n<li>\u00cenghe\u021bat\u0103 de afine \/ L\u0103m\u00e2ie cu zmeur\u0103 \/ Gum\u0103 de mestecat cu pepene verde<\/li>\n<li>Afine Zmeur\u0103 \/ Ananas acru Portocale \/ Zmeur\u0103 Pepeni verzi<\/li>\n<li>\u00cenghe\u021bat\u0103 de struguri \/ Mango \u0219i piersici \/ Pepene verde cu afine<\/li>\n<li>\u00cenghe\u021bat\u0103 de c\u0103p\u0219uni \/ Piersic\u0103 \u0219i l\u0103m\u00e2ie \/ Kiwi \u0219i fructul pasiunii Guava<\/li>\n<li>Ananas Nuc\u0103 de Cocos \/ Afine Red Bull \/ Pepene Verde \u00cenghe\u021bat<\/li>\n<li>C\u0103p\u0219uni Kiwi \/ Afine Nuc\u0103 de cocos \/ Fructe de p\u0103dure mixte<\/li>\n<li>Romantism de l\u0103m\u00e2ie \/ Afine Zmeur\u0103 \/ Piersic\u0103 Mentol<\/li>\n<li>Ghea\u021b\u0103 de piersici \/ Ghea\u021b\u0103 de ananas cu coac\u0103ze negre \/ Kiwi cu m\u0103r verde<\/li>\n<\/ul>\n<h2 data-v-md-heading=\"suitable-for-you-and-your-business\" data-v-md-line=\"36\">Potrivit pentru tine \u0219i afacerea ta<\/h2>\n<p data-v-md-line=\"38\">Pute\u021bi achizi\u021biona cu u\u0219urin\u021b\u0103 Bang Leader 110K pentru uz personal. Dac\u0103 sunte\u021bi comerciant cu am\u0103nuntul sau distribuitor, oferim \u0219i ambalaje \u00een vrac: 200 de buc\u0103\u021bi per cutie (dimensiunea cutiei: 51,5 \u00d7 51,5 \u00d7 30,5 cm, greutatea total\u0103 a cutiei: 28 kg).<\/p>\n<p data-v-md-line=\"40\">AgoraVape se angajeaz\u0103 s\u0103 ofere servicii de livrare europene f\u0103r\u0103 probleme. Aceasta \u00eenseamn\u0103 op\u021biuni de livrare DDP fiabile dup\u0103 plata taxelor \u0219i colabor\u0103m cu parteneri logistici experimenta\u021bi, cum ar fi DHL, DPD, UPS, astfel \u00eenc\u00e2t s\u0103 nu v\u0103 face\u021bi griji cu privire la taxele vamale suplimentare.<\/p>\n<h2 data-v-md-heading=\"the-reason-why-you-will-like-it\" data-v-md-line=\"42\">Motivul pentru care \u00ee\u021bi va pl\u0103cea<\/h2>\n<ul data-v-md-line=\"43\">\n<li>Durabil \u0219i de lung\u0103 durat\u0103: Reduce\u021bi frecven\u021ba de \u00eenlocuire a dispozitivelor, u\u0219ur\u00e2nd via\u021ba.<\/li>\n<li>\u00cenc\u0103rcare tip C: C\u00e2nd bateria este desc\u0103rcat\u0103, o pute\u021bi continua s\u0103 o utiliza\u021bi pentru a evita risipa energiei r\u0103mase.<\/li>\n<li>Stabilitatea spiralei de plas\u0103: Gust consistent.<\/li>\n<li>Trei combina\u021bii de arome: Bucur\u0103-te de mai multe arome f\u0103r\u0103 a avea mai multe \u021big\u0103ri electronice la tine.<\/li>\n<\/ul>\n<h2 data-v-md-heading=\"why-choose-to-collaborate-with-agoravape\" data-v-md-line=\"48\">De ce s\u0103 alegi s\u0103 colaborezi cu AgoraVape?<\/h2>\n<p data-v-md-line=\"50\">Nu vom risca niciodat\u0103 autenticitatea. AgoraVape ofer\u0103 produse 100% originale \u0219i are surse fiabile \u0219i asisten\u021b\u0103 la nivel de distribuitor. Dac\u0103 sunte\u021bi un cump\u0103r\u0103tor corporativ, ve\u021bi beneficia de pre\u021buri en-gros extrem de competitive, o gestionare fiabil\u0103 a stocurilor \u0219i solu\u021bii de transport special concepute pentru Europa. Dori\u021bi s\u0103 achizi\u021biona\u021bi \u021big\u0103ri electronice de mare capacitate Bang Leader 110k 110000? V\u0103 rug\u0103m s\u0103 ne contacta\u021bi \u0219i vom determina cantitatea, timpul de livrare \u0219i cea mai potrivit\u0103 rut\u0103 de expediere pentru \u021bara\/regiunea dvs., \u00een func\u021bie de nevoile dvs.<\/p>\n<p><script src=\"chrome-extension:\/\/fpelahbljekknahkcaegamhcndkfpfnc\/iFrame.js\" type=\"text\/javascript\"><\/script><\/p>","protected":false},"excerpt":{"rendered":"<p>&nbsp;<\/p>\n<p><script src=\"chrome-extension:\/\/fpelahbljekknahkcaegamhcndkfpfnc\/iFrame.js\" type=\"text\/javascript\"><\/script><\/p>\n<p><script src=\"chrome-extension:\/\/fpelahbljekknahkcaegamhcndkfpfnc\/iFrame.js\" type=\"text\/javascript\"><\/script><\/p>\n<p><script src=\"chrome-extension:\/\/fpelahbljekknahkcaegamhcndkfpfnc\/iFrame.js\" type=\"text\/javascript\"><\/script><\/p>\n<p><script src=\"chrome-extension:\/\/fpelahbljekknahkcaegamhcndkfpfnc\/iFrame.js\" type=\"text\/javascript\"><\/script><\/p>\n<p><script src=\"chrome-extension:\/\/fpelahbljekknahkcaegamhcndkfpfnc\/iFrame.js\" type=\"text\/javascript\"><\/script><\/p>\n<p><script src=\"chrome-extension:\/\/fpelahbljekknahkcaegamhcndkfpfnc\/iFrame.js\" type=\"text\/javascript\"><\/script><\/p>","protected":false},"featured_media":24427,"comment_status":"open","ping_status":"closed","template":"","meta":[],"product_brand":[197],"product_cat":[124,187,185,188,189,123,1674,174,175,193,191,179,173,186,180,190,192],"product_tag":[],"class_list":{"0":"post-24403","1":"product","2":"type-product","3":"status-publish","4":"has-post-thumbnail","6":"product_brand-bang","7":"product_cat-vape-by-brand","8":"product_cat-0mg-nicotine-free-vapes","9":"product_cat-10000-puffs-high-capacity","10":"product_cat-10mg-low-nicotine-vapes","11":"product_cat-20mg-standard-nicotine-vapes","12":"product_cat-bang","13":"product_cat-eu-warehouse","14":"product_cat-fruit-flavors","15":"product_cat-icy-mint","16":"product_cat-mesh-coil","17":"product_cat-rechargeable-disposables","18":"product_cat-unique-blends","19":"product_cat-vape-by-flavor-profile","20":"product_cat-vape-by-nicotine-strength","21":"product_cat-vape-by-puff-count","22":"product_cat-vape-by-feature-or-type","23":"product_cat-vapes-with-screens","25":"first","26":"instock","27":"shipping-taxable","28":"purchasable","29":"product-type-variable","30":"has-default-attributes"},"tiered_pricing_type":"percentage","tiered_pricing_fixed_rules":[],"tiered_pricing_product_settings":{"layout":"default","base_unit_name":{"singular":null,"plural":null},"default_variation":null},"tiered_pricing_minimum_quantity":10,"tiered_pricing_roles_data":[],"tiered_pricing_percentage_rules":{"30":"9","50":"17","100":"23","200":"25","500":"28","1000":"32"},"tiered_pricing_maximum_quantity":null,"tiered_pricing_quantity_step":"10","_links":{"self":[{"href":"https:\/\/agoravape.com\/ro\/wp-json\/wp\/v2\/product\/24403","targetHints":{"allow":["GET"]}}],"collection":[{"href":"https:\/\/agoravape.com\/ro\/wp-json\/wp\/v2\/product"}],"about":[{"href":"https:\/\/agoravape.com\/ro\/wp-json\/wp\/v2\/types\/product"}],"replies":[{"embeddable":true,"href":"https:\/\/agoravape.com\/ro\/wp-json\/wp\/v2\/comments?post=24403"}],"version-history":[{"count":0,"href":"https:\/\/agoravape.com\/ro\/wp-json\/wp\/v2\/product\/24403\/revisions"}],"wp:featuredmedia":[{"embeddable":true,"href":"https:\/\/agoravape.com\/ro\/wp-json\/wp\/v2\/media\/24427"}],"wp:attachment":[{"href":"https:\/\/agoravape.com\/ro\/wp-json\/wp\/v2\/media?parent=24403"}],"wp:term":[{"taxonomy":"product_brand","embeddable":true,"href":"https:\/\/agoravape.com\/ro\/wp-json\/wp\/v2\/product_brand?post=24403"},{"taxonomy":"product_cat","embeddable":true,"href":"https:\/\/agoravape.com\/ro\/wp-json\/wp\/v2\/product_cat?post=24403"},{"taxonomy":"product_tag","embeddable":true,"href":"https:\/\/agoravape.com\/ro\/wp-json\/wp\/v2\/product_tag?post=24403"}],"curies":[{"name":"wp","href":"https:\/\/api.w.org\/{rel}","templated":true}]}}