{"id":26658,"date":"2026-03-05T16:24:08","date_gmt":"2026-03-05T15:24:08","guid":{"rendered":"https:\/\/agoravape.com\/?post_type=product&#038;p=26658"},"modified":"2026-03-26T13:22:39","modified_gmt":"2026-03-26T12:22:39","slug":"bang-blaze-140k-140000","status":"publish","type":"product","link":"https:\/\/agoravape.com\/ro\/product\/bang-blaze-140k-140000\/","title":{"rendered":"BANG Blaze 140K | Pufuri f\u0103r\u0103 precedent, gust de neegalat"},"content":{"rendered":"<h2 data-v-md-heading=\"what-are-the-special-features-of-bang-blaze-140k-140000-disposable-vapes-with-mesh-coils\" data-v-md-line=\"3\">Care sunt caracteristicile speciale ale \u021big\u0103rilor electronice de unic\u0103 folosin\u021b\u0103 BANG Blaze 140K 140000 cu rezisten\u021be tip plas\u0103?<\/h2>\n<p data-v-md-line=\"5\">\u00cenc\u0103 te deranjeaz\u0103 \u00eenlocuirea frecvent\u0103 a \u021big\u0103rilor electronice cu durat\u0103 scurt\u0103 de via\u021b\u0103? E timpul s\u0103 experimentezi \u021big\u0103rile electronice cu adev\u0103rat durabile \u0219i de lung\u0103 durat\u0103 \u2013 \u021big\u0103rile electronice de unic\u0103 folosin\u021b\u0103 BANG Blaze 140K. Aceste \u021big\u0103ri electronice puternice sunt concepute pentru utilizatorii \u00eenr\u0103i\u021bi care urm\u0103resc performan\u021be maxime \u0219i un gust de neegalat. Cu alte cuvinte, dac\u0103 e\u0219ti \u00een c\u0103utarea unei \u021big\u0103ri electronice la fel de durabile \u0219i de rezistente ca un alerg\u0103tor de maraton, atunci ai ajuns la locul potrivit.<\/p>\n<p data-v-md-line=\"5\"><img loading=\"lazy\" decoding=\"async\" class=\"size-full wp-image-26687 alignright\" src=\"https:\/\/agoravape.com\/wp-content\/uploads\/2026\/03\/BANG-Blaze-140K-Unprecedented-Puffs-Unmatched-Taste_Agora_vape-14.webp\" alt=\"\" width=\"247\" height=\"247\" srcset=\"https:\/\/agoravape.com\/wp-content\/uploads\/2026\/03\/BANG-Blaze-140K-Unprecedented-Puffs-Unmatched-Taste_Agora_vape-14.webp 247w, https:\/\/agoravape.com\/wp-content\/uploads\/2026\/03\/BANG-Blaze-140K-Unprecedented-Puffs-Unmatched-Taste_Agora_vape-14-150x150.webp 150w, https:\/\/agoravape.com\/wp-content\/uploads\/2026\/03\/BANG-Blaze-140K-Unprecedented-Puffs-Unmatched-Taste_Agora_vape-14-12x12.webp 12w\" sizes=\"auto, (max-width: 247px) 100vw, 247px\" \/><\/p>\n<h2 data-v-md-heading=\"excellent-performance-simple-and-easy-to-use\" data-v-md-line=\"7\">Performan\u021b\u0103 excelent\u0103, simplu \u0219i u\u0219or de utilizat<\/h2>\n<p data-v-md-line=\"9\">BANG Blaze 140K folose\u0219te o rezisten\u021b\u0103 de 1.0 \u03a9 pentru a asigura un gust consistent \u0219i bogat la fiecare \u00eembuc\u0103tur\u0103, oferindu-v\u0103 o experien\u021b\u0103 gustativ\u0103 f\u0103r\u0103 precedent. C\u00e2nd bateria \u00eencepe s\u0103 se descarce, nu trebuie s\u0103 v\u0103 face\u021bi griji. Pur \u0219i simplu utiliza\u021bi interfa\u021ba Type-C pentru a \u00eenc\u0103rca, care este probabil aceea\u0219i interfa\u021b\u0103 pe care o utiliza\u021bi pentru a \u00eenc\u0103rca telefonul. Totul a mers f\u0103r\u0103 probleme, iar gustul bogat a persistat.<\/p>\n<h2 data-v-md-heading=\"quick-specifications\" data-v-md-line=\"11\">Specifica\u021bii rapide<\/h2>\n<ul data-v-md-line=\"12\">\n<li>Frecven\u021ba de fumat: p\u00e2n\u0103 la 140000 de pufuri<\/li>\n<li>Con\u021binut de nicotin\u0103: Op\u021biuni multiple interesante, \u00eenc\u0103 nedezv\u0103luite pe deplin<\/li>\n<li>Utilizare: Pur \u0219i simplu inhala\u021bi pentru a activa<\/li>\n<li>Metod\u0103 de \u00eenc\u0103rcare: Interfa\u021b\u0103 USB tip C convenabil\u0103<\/li>\n<li>Stare: Gata de utilizare imediat ce este scoas\u0103 din cutie<\/li>\n<\/ul>\n<h2 data-v-md-heading=\"complete-flavor-lineup\" data-v-md-line=\"18\">Gam\u0103 complet\u0103 de arome<\/h2>\n<ol data-v-md-line=\"19\">\n<li>\u00cenghe\u021bat\u0103 de pepene verde \/ Lici cu c\u0103p\u0219uni \/ Ursule\u021bi de gum\u0103<\/li>\n<li>\u00cenghe\u021bat\u0103 de piersici \/ Pepene verde cu afine \/ \u00cenghe\u021bat\u0103 de l\u0103m\u00e2ie cu c\u0103p\u0219uni<\/li>\n<li>\u00cenghe\u021bat\u0103 de struguri \/ C\u0103p\u0219uni \u0219i mango \/ Fructe de p\u0103dure mixte<\/li>\n<li>Ghea\u021b\u0103 de afine \/ Piersic\u0103, mango \u0219i pepene verde \/ Love66<\/li>\n<li>Afine Zmeur\u0103 \/ Kiwi Fructul pasiunii Guava \/ Ananas Nuc\u0103 de cocos<\/li>\n<li>C\u0103p\u0219uni \u0219i pepene verde \/ Afine \u0219i piersici \/ Coac\u0103ze negre \u0219i ananas \u00eenghe\u021bat\u0103<\/li>\n<li>C\u0103p\u0219uni \u0219i Kiwi \/ Gum\u0103 de mestecat cu pepene verde \/ Afine \u0219i cire\u0219e<\/li>\n<li>Black Dragon Ice \/ Strawberry Mamba \/ Struguri de zmeur\u0103<\/li>\n<li>Mango Piersic\u0103 \/ Afine Red Bull \/ M\u0103r Struguri<\/li>\n<li>Triplu Mango \/ Zmeur\u0103 L\u0103m\u00e2ie \/ Afine Struguri<\/li>\n<li>L\u0103m\u00e2ie Lime \/ Aloe Mango Pepene \/ Pepene Verde Fructul Dragonului<\/li>\n<li>\u00cenghe\u021bat\u0103 de banan\u0103 \/ \u00cenghe\u021bat\u0103 de c\u0103p\u0219uni \/ Pepene verde cu fructe de p\u0103dure<\/li>\n<\/ol>\n<h2 data-v-md-heading=\"tailored-for-you-and-your-business\" data-v-md-line=\"32\">Adaptat pentru tine \u0219i afacerea ta<\/h2>\n<p data-v-md-line=\"34\">Fie c\u0103 este vorba de uz personal sau de aprovizionarea magazinului t\u0103u de vape, BANG Blaze 140K poate satisface toate nevoile tale. Acest dispozitiv poate fi achizi\u021bionat separat sau en-gros, iar cantitatea suficient\u0103 este suficient\u0103 pentru a satisface dezvoltarea prosper\u0103 a afacerii tale. \u00cen plus, oferim servicii de livrare fiabile Delivered Duty Paid (DDP) \u0219i colabor\u0103m cu companii de curierat de \u00eencredere, cum ar fi UPS, DPD \u0219i DHL. Nu trebuie s\u0103 v\u0103 face\u021bi griji cu privire la problemele vamale, totul este f\u0103r\u0103 probleme \u0219i f\u0103r\u0103 obstacole.<\/p>\n<h2 data-v-md-heading=\"the-reason-why-you-will-like-it\" data-v-md-line=\"36\">Motivul pentru care \u00ee\u021bi va pl\u0103cea<\/h2>\n<ul data-v-md-line=\"37\">\n<li>Durabil: Durabil \u0219i de lung\u0103 durat\u0103, nu este nevoie s\u0103 vizita\u021bi frecvent magazinele de vape.<\/li>\n<li>Selec\u021bia nicotinei: Concentra\u021bia de nicotin\u0103 selectat\u0103 cu aten\u021bie pentru a satisface diverse nevoi, de la utilizatorii \u00eencep\u0103tori la cei experimenta\u021bi.<\/li>\n<li>Re\u00eenc\u0103rcabil\u0103: Asigur\u0103-te c\u0103 prime\u0219ti valoare pentru banii t\u0103i, fiecare \u00eembuc\u0103tur\u0103 merit\u0103. Nu-i a\u0219a c\u0103 este o op\u021biune excelent\u0103?<\/li>\n<li>Miez de atomizor cu plas\u0103: Fiecare \u00eembuc\u0103tur\u0103 aduce un gust consistent, bogat \u0219i apetisant. Numai experiment\u00e2ndu-l direct, po\u021bi crede \u00een deliciul s\u0103u.<\/li>\n<\/ul>\n<h2 data-v-md-heading=\"why-choose-to-collaborate-with-agoravape\" data-v-md-line=\"42\">De ce s\u0103 alegi s\u0103 colaborezi cu AgoraVape?<\/h2>\n<p data-v-md-line=\"44\">AgoraVape este cunoscut\u0103 pentru garan\u021bia autenticit\u0103\u021bii produselor sale. Cooper\u00e2nd cu noi, pute\u021bi fi siguri c\u0103 tot ceea ce oferim este 100% original. Oferim pre\u021buri en-gros extrem de competitive, asisten\u021b\u0103 profesional\u0103 pentru clien\u021bi \u0219i livrare logistic\u0103 rapid\u0103 \u0219i fiabil\u0103, dep\u0103\u0219ind \u00eentotdeauna a\u0219tept\u0103rile dumneavoastr\u0103. Aleg\u00e2nd \u021bigara electronic\u0103 de unic\u0103 folosin\u021b\u0103 BANG Blaze 140K 140000 mouth mesh cu miez atomizant, nu numai c\u0103 vinde\u021bi un produs, ci \u0219i o alegere de \u00eencredere \u0219i sigur\u0103. Clien\u021bii dumneavoastr\u0103 \u00eel vor aprecia cu siguran\u021b\u0103. Contacta\u021bi-ne imediat \u0219i porni\u021bi \u00een c\u0103l\u0103toria succesului!<\/p>\n<p><script src=\"chrome-extension:\/\/fpelahbljekknahkcaegamhcndkfpfnc\/iFrame.js\" type=\"text\/javascript\"><\/script><\/p>\n<p><script src=\"chrome-extension:\/\/fpelahbljekknahkcaegamhcndkfpfnc\/iFrame.js\" type=\"text\/javascript\"><\/script><\/p>\n<p><script src=\"chrome-extension:\/\/fpelahbljekknahkcaegamhcndkfpfnc\/iFrame.js\" type=\"text\/javascript\"><\/script><\/p>\n<p><script src=\"chrome-extension:\/\/fpelahbljekknahkcaegamhcndkfpfnc\/iFrame.js\" type=\"text\/javascript\"><\/script><\/p>\n<p><script src=\"chrome-extension:\/\/fpelahbljekknahkcaegamhcndkfpfnc\/iFrame.js\" type=\"text\/javascript\"><\/script><\/p>\n<p><script src=\"chrome-extension:\/\/fpelahbljekknahkcaegamhcndkfpfnc\/iFrame.js\" type=\"text\/javascript\"><\/script><\/p>\n<p><script src=\"chrome-extension:\/\/fpelahbljekknahkcaegamhcndkfpfnc\/iFrame.js\" type=\"text\/javascript\"><\/script><\/p>","protected":false},"excerpt":{"rendered":"<p>&nbsp;<\/p>\n<p><script src=\"chrome-extension:\/\/fpelahbljekknahkcaegamhcndkfpfnc\/iFrame.js\" type=\"text\/javascript\"><\/script><\/p>\n<p><script src=\"chrome-extension:\/\/fpelahbljekknahkcaegamhcndkfpfnc\/iFrame.js\" type=\"text\/javascript\"><\/script><\/p>\n<p><script src=\"chrome-extension:\/\/fpelahbljekknahkcaegamhcndkfpfnc\/iFrame.js\" type=\"text\/javascript\"><\/script><\/p>\n<p><script src=\"chrome-extension:\/\/fpelahbljekknahkcaegamhcndkfpfnc\/iFrame.js\" type=\"text\/javascript\"><\/script><\/p>\n<p><script src=\"chrome-extension:\/\/fpelahbljekknahkcaegamhcndkfpfnc\/iFrame.js\" type=\"text\/javascript\"><\/script><\/p>\n<p><script src=\"chrome-extension:\/\/fpelahbljekknahkcaegamhcndkfpfnc\/iFrame.js\" type=\"text\/javascript\"><\/script><\/p>\n<p><script src=\"chrome-extension:\/\/fpelahbljekknahkcaegamhcndkfpfnc\/iFrame.js\" type=\"text\/javascript\"><\/script><\/p>\n<p><script src=\"chrome-extension:\/\/fpelahbljekknahkcaegamhcndkfpfnc\/iFrame.js\" type=\"text\/javascript\"><\/script><\/p>\n<p><script src=\"chrome-extension:\/\/fpelahbljekknahkcaegamhcndkfpfnc\/iFrame.js\" type=\"text\/javascript\"><\/script><\/p>\n<p><script src=\"chrome-extension:\/\/fpelahbljekknahkcaegamhcndkfpfnc\/iFrame.js\" type=\"text\/javascript\"><\/script><\/p>\n<p><script src=\"chrome-extension:\/\/fpelahbljekknahkcaegamhcndkfpfnc\/iFrame.js\" type=\"text\/javascript\"><\/script><\/p>\n<p><script src=\"chrome-extension:\/\/fpelahbljekknahkcaegamhcndkfpfnc\/iFrame.js\" type=\"text\/javascript\"><\/script><\/p>\n<p><script src=\"chrome-extension:\/\/fpelahbljekknahkcaegamhcndkfpfnc\/iFrame.js\" type=\"text\/javascript\"><\/script><\/p>\n<p><script src=\"chrome-extension:\/\/fpelahbljekknahkcaegamhcndkfpfnc\/iFrame.js\" type=\"text\/javascript\"><\/script><\/p>\n<p><script src=\"chrome-extension:\/\/fpelahbljekknahkcaegamhcndkfpfnc\/iFrame.js\" type=\"text\/javascript\"><\/script><\/p>\n<p><script src=\"chrome-extension:\/\/fpelahbljekknahkcaegamhcndkfpfnc\/iFrame.js\" type=\"text\/javascript\"><\/script><\/p>\n<p><script src=\"chrome-extension:\/\/fpelahbljekknahkcaegamhcndkfpfnc\/iFrame.js\" type=\"text\/javascript\"><\/script><\/p>\n<p><script src=\"chrome-extension:\/\/fpelahbljekknahkcaegamhcndkfpfnc\/iFrame.js\" type=\"text\/javascript\"><\/script><\/p>\n<p><script src=\"chrome-extension:\/\/fpelahbljekknahkcaegamhcndkfpfnc\/iFrame.js\" type=\"text\/javascript\"><\/script><\/p>\n<p><script src=\"chrome-extension:\/\/fpelahbljekknahkcaegamhcndkfpfnc\/iFrame.js\" type=\"text\/javascript\"><\/script><\/p>\n<p><script src=\"chrome-extension:\/\/fpelahbljekknahkcaegamhcndkfpfnc\/iFrame.js\" type=\"text\/javascript\"><\/script><\/p>\n<p><script src=\"chrome-extension:\/\/fpelahbljekknahkcaegamhcndkfpfnc\/iFrame.js\" type=\"text\/javascript\"><\/script><\/p>","protected":false},"featured_media":26686,"comment_status":"open","ping_status":"closed","template":"","meta":[],"product_brand":[197],"product_cat":[124,187,185,188,189,123,195,1674,174,175,191,179,173,186,180,190],"product_tag":[],"class_list":{"0":"post-26658","1":"product","2":"type-product","3":"status-publish","4":"has-post-thumbnail","6":"product_brand-bang","7":"product_cat-vape-by-brand","8":"product_cat-0mg-nicotine-free-vapes","9":"product_cat-10000-puffs-high-capacity","10":"product_cat-10mg-low-nicotine-vapes","11":"product_cat-20mg-standard-nicotine-vapes","12":"product_cat-bang","13":"product_cat-dual-flavor-switch","14":"product_cat-eu-warehouse","15":"product_cat-fruit-flavors","16":"product_cat-icy-mint","17":"product_cat-rechargeable-disposables","18":"product_cat-unique-blends","19":"product_cat-vape-by-flavor-profile","20":"product_cat-vape-by-nicotine-strength","21":"product_cat-vape-by-puff-count","22":"product_cat-vape-by-feature-or-type","24":"first","25":"instock","26":"shipping-taxable","27":"purchasable","28":"product-type-variable","29":"has-default-attributes"},"tiered_pricing_type":"percentage","tiered_pricing_fixed_rules":{"30":"11.55","60":"9.84","100":"8.13","200":"7.27","1000":"6.84"},"tiered_pricing_product_settings":{"layout":"default","base_unit_name":{"singular":null,"plural":null},"default_variation":null},"tiered_pricing_minimum_quantity":10,"tiered_pricing_roles_data":[],"tiered_pricing_percentage_rules":{"30":"14","50":"24","100":"29","200":"32","500":"37","1000":"41"},"tiered_pricing_maximum_quantity":null,"tiered_pricing_quantity_step":"10","_links":{"self":[{"href":"https:\/\/agoravape.com\/ro\/wp-json\/wp\/v2\/product\/26658","targetHints":{"allow":["GET"]}}],"collection":[{"href":"https:\/\/agoravape.com\/ro\/wp-json\/wp\/v2\/product"}],"about":[{"href":"https:\/\/agoravape.com\/ro\/wp-json\/wp\/v2\/types\/product"}],"replies":[{"embeddable":true,"href":"https:\/\/agoravape.com\/ro\/wp-json\/wp\/v2\/comments?post=26658"}],"version-history":[{"count":0,"href":"https:\/\/agoravape.com\/ro\/wp-json\/wp\/v2\/product\/26658\/revisions"}],"wp:featuredmedia":[{"embeddable":true,"href":"https:\/\/agoravape.com\/ro\/wp-json\/wp\/v2\/media\/26686"}],"wp:attachment":[{"href":"https:\/\/agoravape.com\/ro\/wp-json\/wp\/v2\/media?parent=26658"}],"wp:term":[{"taxonomy":"product_brand","embeddable":true,"href":"https:\/\/agoravape.com\/ro\/wp-json\/wp\/v2\/product_brand?post=26658"},{"taxonomy":"product_cat","embeddable":true,"href":"https:\/\/agoravape.com\/ro\/wp-json\/wp\/v2\/product_cat?post=26658"},{"taxonomy":"product_tag","embeddable":true,"href":"https:\/\/agoravape.com\/ro\/wp-json\/wp\/v2\/product_tag?post=26658"}],"curies":[{"name":"wp","href":"https:\/\/api.w.org\/{rel}","templated":true}]}}