{"id":26714,"date":"2026-03-06T01:25:23","date_gmt":"2026-03-06T00:25:23","guid":{"rendered":"https:\/\/agoravape.com\/?post_type=product&#038;p=26714"},"modified":"2026-03-06T02:29:25","modified_gmt":"2026-03-06T01:29:25","slug":"bang-legend-60k-60000","status":"publish","type":"product","link":"https:\/\/agoravape.com\/ro\/product\/bang-legend-60k-60000\/","title":{"rendered":"BANG Legend 60K | Vape-ul de unic\u0103 folosin\u021b\u0103 suprem care func\u021bioneaz\u0103 la nesf\u00e2r\u0219it"},"content":{"rendered":"<h2 data-v-md-heading=\"what-is-the-special-feature-of-the-bang-legend-60k-60000-dual-mesh-atomizer-disposable-vape\" data-v-md-line=\"3\"><img loading=\"lazy\" decoding=\"async\" class=\"size-full wp-image-26729 alignright\" src=\"https:\/\/agoravape.com\/wp-content\/uploads\/2026\/03\/BANG-Legend-60K-The-Ultimate-Disposable-Vape-That-Keeps-Going-and-Going_Agora_vape-1.webp\" alt=\"\" width=\"1000\" height=\"500\" srcset=\"https:\/\/agoravape.com\/wp-content\/uploads\/2026\/03\/BANG-Legend-60K-The-Ultimate-Disposable-Vape-That-Keeps-Going-and-Going_Agora_vape-1.webp 1000w, https:\/\/agoravape.com\/wp-content\/uploads\/2026\/03\/BANG-Legend-60K-The-Ultimate-Disposable-Vape-That-Keeps-Going-and-Going_Agora_vape-1-300x150.webp 300w, https:\/\/agoravape.com\/wp-content\/uploads\/2026\/03\/BANG-Legend-60K-The-Ultimate-Disposable-Vape-That-Keeps-Going-and-Going_Agora_vape-1-768x384.webp 768w, https:\/\/agoravape.com\/wp-content\/uploads\/2026\/03\/BANG-Legend-60K-The-Ultimate-Disposable-Vape-That-Keeps-Going-and-Going_Agora_vape-1-18x9.webp 18w\" sizes=\"auto, (max-width: 1000px) 100vw, 1000px\" \/><\/h2>\n<h2 data-v-md-heading=\"what-is-the-special-feature-of-the-bang-legend-60k-60000-dual-mesh-atomizer-disposable-vape\" data-v-md-line=\"3\">Care este caracteristica special\u0103 a \u021big\u0103rii electronice de unic\u0103 folosin\u021b\u0103 cu atomizoare cu plas\u0103 dubl\u0103 BANG Legend 60K 60000?<\/h2>\n<p data-v-md-line=\"5\">\u00cenc\u0103 te deranjeaz\u0103 \u00eenlocuirea frecvent\u0103 a \u021big\u0103rilor electronice? A\u0219adar, continu\u0103 s\u0103 cite\u0219ti, BANG Legend 60K este pe cale s\u0103 devin\u0103 noul t\u0103u favorit - Acest dispozitiv are o autonomie uimitoare a bateriei de 60000 de unit\u0103\u021bi, ceea ce \u00eel face o alegere ideal\u0103 at\u00e2t pentru utilizatorii experimenta\u021bi de \u021big\u0103ri electronice, c\u00e2t \u0219i pentru cei care se bucur\u0103 s\u0103 r\u0103m\u00e2n\u0103 f\u0103r\u0103 lichid. Cu tehnologia sa de atomizare cu re\u021bea dual\u0103 \u0219i cele 12 op\u021biuni de arom\u0103 delicioase, acest dispozitiv \u00ee\u021bi ofer\u0103 o experien\u021b\u0103 de vaping simpl\u0103, convenabil\u0103 \u0219i satisf\u0103c\u0103toare.<\/p>\n<h2 data-v-md-heading=\"excellent-performance-easy-and-convenient\" data-v-md-line=\"7\">Performan\u021b\u0103 excelent\u0103, u\u0219or \u0219i convenabil<\/h2>\n<p data-v-md-line=\"9\">Datorit\u0103 rezisten\u021bei duble integrate, fiecare \u00eembuc\u0103tur\u0103 a \u021big\u0103rii BANG Legend 60K este la fel de proasp\u0103t\u0103 \u0219i catifelat\u0103 ca prima, f\u0103r\u0103 a v\u0103 mai face griji pentru un gust brusc de ars la jum\u0103tatea timpului. \u00cen plus, nu trebuie s\u0103 v\u0103 mai face\u021bi griji cu privire la diferite \u00eenc\u0103rc\u0103toare. C\u00e2nd bateria de 850 mAh se descarc\u0103, pur \u0219i simplu conecta\u021bi-o la portul Type-C al telefonului. Nu-i a\u0219a c\u0103 este foarte simplu?<\/p>\n<h2 data-v-md-heading=\"quick-specifications\" data-v-md-line=\"11\">Specifica\u021bii rapide<\/h2>\n<ul data-v-md-line=\"12\">\n<li>Frecven\u021ba de fumat: p\u00e2n\u0103 la 60000 de pufuri<\/li>\n<li>Capacitatea bateriei: 850mAh<\/li>\n<li>Utilizare: Inhala\u021bi pentru activare<\/li>\n<li>Metod\u0103 de \u00eenc\u0103rcare: Interfa\u021b\u0103 USB standard de tip C<\/li>\n<li>Stare: Gata de utilizare imediat ce este scoas\u0103 din cutie<\/li>\n<\/ul>\n<h2 data-v-md-heading=\"complete-flavor-lineup\" data-v-md-line=\"18\">Gam\u0103 complet\u0103 de arome<\/h2>\n<ul data-v-md-line=\"19\">\n<li>C\u0103p\u0219uni \u0219i pepene verde<\/li>\n<li>Ghea\u021b\u0103 de afine<\/li>\n<li>Afine Zmeur\u0103<\/li>\n<li>Kiwi cu c\u0103p\u0219uni<\/li>\n<li>C\u0103p\u0219uni Banan\u0103<\/li>\n<li>Ghea\u021b\u0103 de struguri<\/li>\n<li>C\u0103p\u0219uni \u0219i Mango<\/li>\n<li>Kiwi Fructul Pasiunii Guava<\/li>\n<li>Mamba<\/li>\n<li>Love66<\/li>\n<li>Mixed Berries<\/li>\n<li>Ghea\u021b\u0103 de piersic\u0103<\/li>\n<\/ul>\n<h2 data-v-md-heading=\"suitable-for-individuals-and-businesses\" data-v-md-line=\"32\">Potrivit pentru persoane fizice \u0219i companii<\/h2>\n<p data-v-md-line=\"34\">BANG Legend 60K este disponibil pentru achizi\u021bionare personal\u0103 pentru a v\u0103 satisface nevoile zilnice. Dac\u0103 ave\u021bi o afacere? Grozav! Aceste dispozitive ofer\u0103 \u0219i livrare \u00een vrac, cu cutii de ambalare en-gros care con\u021bin 100 sau 200 de dispozitive. \u00cen plus, colabor\u0103m cu UPS, DPD \u0219i DHL pentru a oferi servicii de livrare DDP fiabile, dup\u0103 taxare, astfel \u00eenc\u00e2t s\u0103 nu v\u0103 face\u021bi griji cu privire la taxele vamale.<\/p>\n<h2 data-v-md-heading=\"reasons-why-you-will-like-it\" data-v-md-line=\"36\">Motive pentru care \u00ee\u021bi va pl\u0103cea<\/h2>\n<ul data-v-md-line=\"37\">\n<li>Durat\u0103 de via\u021b\u0103 extrem de lung\u0103 a bateriei: Cei 60K men\u021biona\u021bi \u00een nume nu sunt o exagerare, permi\u021b\u00e2ndu-v\u0103 s\u0103 evita\u021bi achizi\u021biile frecvente de dispozitive noi.<\/li>\n<li>Re\u00eenc\u0103rcabil\u0103: Interfa\u021ba standard Type-C v\u0103 permite s\u0103 \u00eenc\u0103rca\u021bi oric\u00e2nd, utiliz\u00e2nd la maximum fiecare pic\u0103tur\u0103 de e-lichid.<\/li>\n<li>Miezul atomizorului din plas\u0103: asigur\u0103 o senza\u021bie stabil\u0103 \u0219i satisf\u0103c\u0103toare \u00een g\u00e2t de fiecare dat\u0103.<\/li>\n<\/ul>\n<h2 data-v-md-heading=\"why-choose-agoravape\" data-v-md-line=\"41\">De ce s\u0103 alegi AgoraVape?<\/h2>\n<p data-v-md-line=\"43\">Spune adio problemelor cu produsele contraf\u0103cute - AgoraVape vinde doar produse 100% originale \u0219i ofer\u0103 pre\u021buri reduse en-gros, asisten\u021b\u0103 post-v\u00e2nzare fiabil\u0103 \u0219i servicii de transport rapide \u0219i stabile - Contacteaz\u0103-ne imediat pentru a comanda \u021bigara electronic\u0103 de unic\u0103 folosin\u021b\u0103 BANG Legend 60K cu 60000 porturi \u0219i rezisten\u021be duble - clien\u021bii t\u0103i vor adora cu siguran\u021b\u0103 acest produs.<\/p>","protected":false},"excerpt":{"rendered":"<p>&nbsp;<\/p>\n<p><script src=\"chrome-extension:\/\/fpelahbljekknahkcaegamhcndkfpfnc\/iFrame.js\" type=\"text\/javascript\"><\/script><\/p>\n<p><script src=\"chrome-extension:\/\/fpelahbljekknahkcaegamhcndkfpfnc\/iFrame.js\" type=\"text\/javascript\"><\/script><\/p>\n<p><script src=\"chrome-extension:\/\/fpelahbljekknahkcaegamhcndkfpfnc\/iFrame.js\" type=\"text\/javascript\"><\/script><\/p>\n<p><script src=\"chrome-extension:\/\/fpelahbljekknahkcaegamhcndkfpfnc\/iFrame.js\" type=\"text\/javascript\"><\/script><\/p>\n<p><script src=\"chrome-extension:\/\/fpelahbljekknahkcaegamhcndkfpfnc\/iFrame.js\" type=\"text\/javascript\"><\/script><\/p>\n<p><script src=\"chrome-extension:\/\/fpelahbljekknahkcaegamhcndkfpfnc\/iFrame.js\" type=\"text\/javascript\"><\/script><\/p>\n<p><script src=\"chrome-extension:\/\/fpelahbljekknahkcaegamhcndkfpfnc\/iFrame.js\" type=\"text\/javascript\"><\/script><\/p>\n<p><script src=\"chrome-extension:\/\/fpelahbljekknahkcaegamhcndkfpfnc\/iFrame.js\" type=\"text\/javascript\"><\/script><\/p>\n<p><script src=\"chrome-extension:\/\/fpelahbljekknahkcaegamhcndkfpfnc\/iFrame.js\" type=\"text\/javascript\"><\/script><\/p>\n<p><script src=\"chrome-extension:\/\/fpelahbljekknahkcaegamhcndkfpfnc\/iFrame.js\" type=\"text\/javascript\"><\/script><\/p>","protected":false},"featured_media":26737,"comment_status":"open","ping_status":"closed","template":"","meta":[],"product_brand":[197],"product_cat":[124,187,188,189,1642,123,174,175,193,191,179,173,186,180,190],"product_tag":[],"class_list":{"0":"post-26714","1":"product","2":"type-product","3":"status-publish","4":"has-post-thumbnail","6":"product_brand-bang","7":"product_cat-vape-by-brand","8":"product_cat-0mg-nicotine-free-vapes","9":"product_cat-10mg-low-nicotine-vapes","10":"product_cat-20mg-standard-nicotine-vapes","11":"product_cat-60000-puffs","12":"product_cat-bang","13":"product_cat-fruit-flavors","14":"product_cat-icy-mint","15":"product_cat-mesh-coil","16":"product_cat-rechargeable-disposables","17":"product_cat-unique-blends","18":"product_cat-vape-by-flavor-profile","19":"product_cat-vape-by-nicotine-strength","20":"product_cat-vape-by-puff-count","21":"product_cat-vape-by-feature-or-type","23":"first","24":"instock","25":"shipping-taxable","26":"purchasable","27":"product-type-variable","28":"has-default-attributes"},"tiered_pricing_type":"percentage","tiered_pricing_fixed_rules":[],"tiered_pricing_product_settings":{"layout":"default","base_unit_name":{"singular":null,"plural":null},"default_variation":null},"tiered_pricing_minimum_quantity":10,"tiered_pricing_roles_data":[],"tiered_pricing_percentage_rules":{"30":"9","50":"17","100":"23","200":"25","500":"28","1000":"30"},"tiered_pricing_maximum_quantity":null,"tiered_pricing_quantity_step":"10","_links":{"self":[{"href":"https:\/\/agoravape.com\/ro\/wp-json\/wp\/v2\/product\/26714","targetHints":{"allow":["GET"]}}],"collection":[{"href":"https:\/\/agoravape.com\/ro\/wp-json\/wp\/v2\/product"}],"about":[{"href":"https:\/\/agoravape.com\/ro\/wp-json\/wp\/v2\/types\/product"}],"replies":[{"embeddable":true,"href":"https:\/\/agoravape.com\/ro\/wp-json\/wp\/v2\/comments?post=26714"}],"version-history":[{"count":0,"href":"https:\/\/agoravape.com\/ro\/wp-json\/wp\/v2\/product\/26714\/revisions"}],"wp:featuredmedia":[{"embeddable":true,"href":"https:\/\/agoravape.com\/ro\/wp-json\/wp\/v2\/media\/26737"}],"wp:attachment":[{"href":"https:\/\/agoravape.com\/ro\/wp-json\/wp\/v2\/media?parent=26714"}],"wp:term":[{"taxonomy":"product_brand","embeddable":true,"href":"https:\/\/agoravape.com\/ro\/wp-json\/wp\/v2\/product_brand?post=26714"},{"taxonomy":"product_cat","embeddable":true,"href":"https:\/\/agoravape.com\/ro\/wp-json\/wp\/v2\/product_cat?post=26714"},{"taxonomy":"product_tag","embeddable":true,"href":"https:\/\/agoravape.com\/ro\/wp-json\/wp\/v2\/product_tag?post=26714"}],"curies":[{"name":"wp","href":"https:\/\/api.w.org\/{rel}","templated":true}]}}