{"id":26772,"date":"2026-03-06T03:05:12","date_gmt":"2026-03-06T02:05:12","guid":{"rendered":"https:\/\/agoravape.com\/?post_type=product&#038;p=26772"},"modified":"2026-03-26T13:22:38","modified_gmt":"2026-03-26T12:22:38","slug":"bang-king-8in1-200k-200000","status":"publish","type":"product","link":"https:\/\/agoravape.com\/ro\/product\/bang-king-8in1-200k-200000\/","title":{"rendered":"BANG King 8IN1 200K | O simfonie de arome \u00eentr-un singur dispozitiv"},"content":{"rendered":"<h2 data-v-md-heading=\"introduction-to-bang-king-8in1-200k-200000-mesh-coil-disposable-vape\" data-v-md-line=\"3\"><img loading=\"lazy\" decoding=\"async\" class=\"aligncenter size-full wp-image-26787\" src=\"https:\/\/agoravape.com\/wp-content\/uploads\/2026\/03\/BANG-King-8IN1-200K-A-Symphony-of-Flavours-in-a-Single-Device_Agora_vape-2-scaled.webp\" alt=\"\" width=\"2560\" height=\"1439\" srcset=\"https:\/\/agoravape.com\/wp-content\/uploads\/2026\/03\/BANG-King-8IN1-200K-A-Symphony-of-Flavours-in-a-Single-Device_Agora_vape-2-scaled.webp 2560w, https:\/\/agoravape.com\/wp-content\/uploads\/2026\/03\/BANG-King-8IN1-200K-A-Symphony-of-Flavours-in-a-Single-Device_Agora_vape-2-300x169.webp 300w, https:\/\/agoravape.com\/wp-content\/uploads\/2026\/03\/BANG-King-8IN1-200K-A-Symphony-of-Flavours-in-a-Single-Device_Agora_vape-2-1024x576.webp 1024w, https:\/\/agoravape.com\/wp-content\/uploads\/2026\/03\/BANG-King-8IN1-200K-A-Symphony-of-Flavours-in-a-Single-Device_Agora_vape-2-768x432.webp 768w, https:\/\/agoravape.com\/wp-content\/uploads\/2026\/03\/BANG-King-8IN1-200K-A-Symphony-of-Flavours-in-a-Single-Device_Agora_vape-2-1536x864.webp 1536w, https:\/\/agoravape.com\/wp-content\/uploads\/2026\/03\/BANG-King-8IN1-200K-A-Symphony-of-Flavours-in-a-Single-Device_Agora_vape-2-2048x1152.webp 2048w, https:\/\/agoravape.com\/wp-content\/uploads\/2026\/03\/BANG-King-8IN1-200K-A-Symphony-of-Flavours-in-a-Single-Device_Agora_vape-2-18x10.webp 18w, https:\/\/agoravape.com\/wp-content\/uploads\/2026\/03\/BANG-King-8IN1-200K-A-Symphony-of-Flavours-in-a-Single-Device_Agora_vape-2-1200x675.webp 1200w\" sizes=\"auto, (max-width: 2560px) 100vw, 2560px\" \/><\/h2>\n<h2 data-v-md-heading=\"introduction-to-bang-king-8in1-200k-200000-mesh-coil-disposable-vape\" data-v-md-line=\"3\"><img loading=\"lazy\" decoding=\"async\" class=\"aligncenter size-full wp-image-26786\" src=\"https:\/\/agoravape.com\/wp-content\/uploads\/2026\/03\/BANG-King-8IN1-200K-A-Symphony-of-Flavours-in-a-Single-Device_Agora_vape-1.webp\" alt=\"\" width=\"1920\" height=\"1152\" srcset=\"https:\/\/agoravape.com\/wp-content\/uploads\/2026\/03\/BANG-King-8IN1-200K-A-Symphony-of-Flavours-in-a-Single-Device_Agora_vape-1.webp 1920w, https:\/\/agoravape.com\/wp-content\/uploads\/2026\/03\/BANG-King-8IN1-200K-A-Symphony-of-Flavours-in-a-Single-Device_Agora_vape-1-300x180.webp 300w, https:\/\/agoravape.com\/wp-content\/uploads\/2026\/03\/BANG-King-8IN1-200K-A-Symphony-of-Flavours-in-a-Single-Device_Agora_vape-1-1024x614.webp 1024w, https:\/\/agoravape.com\/wp-content\/uploads\/2026\/03\/BANG-King-8IN1-200K-A-Symphony-of-Flavours-in-a-Single-Device_Agora_vape-1-768x461.webp 768w, https:\/\/agoravape.com\/wp-content\/uploads\/2026\/03\/BANG-King-8IN1-200K-A-Symphony-of-Flavours-in-a-Single-Device_Agora_vape-1-1536x922.webp 1536w, https:\/\/agoravape.com\/wp-content\/uploads\/2026\/03\/BANG-King-8IN1-200K-A-Symphony-of-Flavours-in-a-Single-Device_Agora_vape-1-18x12.webp 18w, https:\/\/agoravape.com\/wp-content\/uploads\/2026\/03\/BANG-King-8IN1-200K-A-Symphony-of-Flavours-in-a-Single-Device_Agora_vape-1-1200x720.webp 1200w\" sizes=\"auto, (max-width: 1920px) 100vw, 1920px\" \/><\/h2>\n<h2 data-v-md-heading=\"introduction-to-bang-king-8in1-200k-200000-mesh-coil-disposable-vape\" data-v-md-line=\"3\"><img loading=\"lazy\" decoding=\"async\" class=\"aligncenter size-full wp-image-26800\" src=\"https:\/\/agoravape.com\/wp-content\/uploads\/2026\/03\/BANG-King-8IN1-200K-A-Symphony-of-Flavours-in-a-Single-Device_Agora_vape-15-scaled.webp\" alt=\"\" width=\"1595\" height=\"2560\" srcset=\"https:\/\/agoravape.com\/wp-content\/uploads\/2026\/03\/BANG-King-8IN1-200K-A-Symphony-of-Flavours-in-a-Single-Device_Agora_vape-15-scaled.webp 1595w, https:\/\/agoravape.com\/wp-content\/uploads\/2026\/03\/BANG-King-8IN1-200K-A-Symphony-of-Flavours-in-a-Single-Device_Agora_vape-15-187x300.webp 187w, https:\/\/agoravape.com\/wp-content\/uploads\/2026\/03\/BANG-King-8IN1-200K-A-Symphony-of-Flavours-in-a-Single-Device_Agora_vape-15-638x1024.webp 638w, https:\/\/agoravape.com\/wp-content\/uploads\/2026\/03\/BANG-King-8IN1-200K-A-Symphony-of-Flavours-in-a-Single-Device_Agora_vape-15-768x1233.webp 768w, https:\/\/agoravape.com\/wp-content\/uploads\/2026\/03\/BANG-King-8IN1-200K-A-Symphony-of-Flavours-in-a-Single-Device_Agora_vape-15-957x1536.webp 957w, https:\/\/agoravape.com\/wp-content\/uploads\/2026\/03\/BANG-King-8IN1-200K-A-Symphony-of-Flavours-in-a-Single-Device_Agora_vape-15-1276x2048.webp 1276w, https:\/\/agoravape.com\/wp-content\/uploads\/2026\/03\/BANG-King-8IN1-200K-A-Symphony-of-Flavours-in-a-Single-Device_Agora_vape-15-7x12.webp 7w, https:\/\/agoravape.com\/wp-content\/uploads\/2026\/03\/BANG-King-8IN1-200K-A-Symphony-of-Flavours-in-a-Single-Device_Agora_vape-15-1200x1926.webp 1200w\" sizes=\"auto, (max-width: 1595px) 100vw, 1595px\" \/><\/h2>\n<h2 data-v-md-heading=\"introduction-to-bang-king-8in1-200k-200000-mesh-coil-disposable-vape\" data-v-md-line=\"3\">Introducere la \u021bigara electronic\u0103 de unic\u0103 folosin\u021b\u0103 BANG King 8IN1 200K cu bobin\u0103 de 200000 ochiuri<\/h2>\n<p data-v-md-line=\"5\">Imagineaz\u0103-\u021bi c\u0103 e\u0219ti prins \u00eentre aromele de c\u0103p\u0219uni, mango \u0219i piersici, experiment\u00e2nd uimitoarea experien\u021b\u0103 de 200.000 de mu\u0219c\u0103turi oferit\u0103 de BANG King 8IN1 200K. A\u0219a este, acest vape este durabil, nu numai c\u0103 are o durat\u0103 lung\u0103 de via\u021b\u0103 a bateriei, dar ofer\u0103 \u0219i p\u00e2n\u0103 la 12 seturi de 4 combina\u021bii de arome, u\u0219or de comutat \u0219i uimitor. Special conceput pentru pasiona\u021bii de vaping care caut\u0103 experien\u021be diverse \u0219i m\u0103rci care doresc s\u0103 lase o impresie de durat\u0103 asupra clien\u021bilor, acest vape este un produs indispensabil pe care \u00eel po\u021bi lua cu tine sau \u00eel po\u021bi a\u0219eza pe rafturi.<\/p>\n<h2 data-v-md-heading=\"excellent-performance-easy-to-use\" data-v-md-line=\"7\">Performan\u021b\u0103 excelent\u0103, u\u0219or de utilizat<\/h2>\n<p data-v-md-line=\"9\">BANG King 8IN1 200K este echipat cu o baterie de 650 mAh \u0219i se \u00eencarc\u0103 eficient printr-o interfa\u021b\u0103 Type-C. Miezul s\u0103u de atomizare cu plas\u0103 de 1.0 \u03a9 asigur\u0103 o inhalare clar\u0103, lin\u0103 \u0219i consistent\u0103 de fiecare dat\u0103. Este u\u0219or \u0219i convenabil de utilizat, iar \u00eenc\u0103rcarea este, de asemenea, extrem de convenabil\u0103. Poate fi folosit imediat ce \u00eel sco\u021bi din cutie.<\/p>\n<h2 data-v-md-heading=\"product-highlights\" data-v-md-line=\"11\">Caracteristici principale ale produsului<\/h2>\n<ul data-v-md-line=\"12\">\n<li>P\u00e2n\u0103 la 200.000 de por\u021bii: Acesta nu este doar un num\u0103r, ci \u0219i o c\u0103l\u0103torie pentru a experimenta m\u00e2nc\u0103ruri delicioase.<\/li>\n<li>Selectarea concentra\u021biei de nicotin\u0103: Experien\u021ba dumneavoastr\u0103, preferin\u021bele dumneavoastr\u0103. Acest dispozitiv poate ajusta concentra\u021bia de nicotin\u0103 \u00een func\u021bie de nevoile dumneavoastr\u0103.<\/li>\n<li>U\u0219or de utilizat: Pur \u0219i simplu activa\u021bi prin inhalare, este at\u00e2t de simplu.<\/li>\n<li>\u00cenc\u0103rcare: Folose\u0219te portul USB Type-C pe care \u00ee\u021bi \u00eencarci telefonul pentru a-l \u00eenc\u0103rca rapid \u0219i convenabil.<\/li>\n<li>Stare: Gata de utilizare, savura\u021bi-l imediat ce \u00eel scoate\u021bi din cutie.<\/li>\n<\/ul>\n<h2 data-v-md-heading=\"taste-journey\" data-v-md-line=\"18\">C\u0103l\u0103torie gustativ\u0103<\/h2>\n<p data-v-md-line=\"20\">Tr\u0103ie\u0219te o c\u0103l\u0103torie palpitant\u0103 oferit\u0103 de urm\u0103toarele combina\u021bii tentante de arome:<\/p>\n<ul data-v-md-line=\"21\">\n<li>Ghea\u021b\u0103 Blue Razz \/ Ghea\u021b\u0103 Piersic\u0103 \/ Ghea\u021b\u0103 Struguri \/ Ghea\u021b\u0103 Mango<\/li>\n<li>Piersic\u0103, Mango, Pepene Verde \/ Red Bull \/ C\u0103p\u0219uni Red Bull \/ C\u0103p\u0219uni Kiwi<\/li>\n<li>C\u0103p\u0219uni \u0219i mango \/ \u00cenghe\u021bat\u0103 de c\u0103p\u0219uni \/ \u00cenghe\u021bat\u0103 de banan\u0103 \/ C\u0103p\u0219uni \u0219i lici<\/li>\n<li>M\u0103r dublu \/ Mango Piersic\u0103 \/ Pepene verde cu c\u0103p\u0219uni \/ Coca-Cola cu c\u0103p\u0219uni \u0219i vanilie<\/li>\n<li>Black Dragon Ice \/ Love 66 \/ Mr Blue \/ Limonad\u0103 cu c\u0103p\u0219uni<\/li>\n<li>Kiwi Fructul Pasiunii Guava \/ Ursule\u021b Jelat \/ Bomboane Curcubeu \/ Vat\u0103 de Zah\u0103r<\/li>\n<li>Ghea\u021b\u0103 de pepene verde \/ L\u0103m\u00e2ie \u0219i ment\u0103 \/ Ghea\u021b\u0103 de c\u0103p\u0219uni \/ Cire\u0219e Blue Razz<\/li>\n<li>Triplu Fructe de p\u0103dure \/ Fructe tropicale \/ C\u0103p\u0219uni \u0219i banane \/ Limonad\u0103 roz<\/li>\n<li>Pepene galben triplu \/ Ghea\u021b\u0103 de afine \/ Bomb\u0103 cu cire\u0219e \/ Ananas \u0219i nuc\u0103 de cocos<\/li>\n<li>Gum\u0103 de mestecat cu pepene verde \/ Afine Zmeur\u0103 \/ Zmeur\u0103 Pepene verde \/ Pepene verde Afine<\/li>\n<li>Ment\u0103 r\u0103coroas\u0103 \/ Piersic\u0103 \u0219i cire\u0219e \/ Piersic\u0103 \u0219i fructe de p\u0103dure cu l\u0103m\u00e2ie \/ Kiwi \u0219i pepene verde \u00eenghe\u021bat<\/li>\n<li>L\u0103m\u00e2ie \u0219i lime efervescente \/ Mojito cu m\u0103r \/ Ghea\u021b\u0103 de ananas \/ Ghea\u021b\u0103 de cola<\/li>\n<\/ul>\n<h2 data-v-md-heading=\"personal-and-commercial-use\" data-v-md-line=\"34\">Utilizare personal\u0103 \u0219i comercial\u0103<\/h2>\n<p data-v-md-line=\"36\">Vape-ul de unic\u0103 folosin\u021b\u0103 BANG King 8-\u00een-1 cu 200.000 de buc\u0103\u021bi de plas\u0103 este o alegere excelent\u0103 pentru utilizatorii individuali, dar \u0219tia\u021bi c\u0103 este potrivit \u0219i pentru uz comercial? Fiecare cutie con\u021bine 120 de unit\u0103\u021bi, cu ambalaj convenabil \u0219i poate fi expediat direct, satisf\u0103c\u00e2nd nevoile comenzilor \u00een vrac. \u00cen plus, colabor\u0103m cu parteneri renumi\u021bi, precum UPS, DPD \u0219i DHL, pentru a oferi servicii de livrare DDP fiabile, dup\u0103 taxare, astfel \u00eenc\u00e2t s\u0103 nu v\u0103 face\u021bi griji cu privire la probleme vamale nea\u0219teptate.<\/p>\n<h2 data-v-md-heading=\"advantages-that-you-will-enjoy\" data-v-md-line=\"38\">Avantajele de care te vei bucura<\/h2>\n<ul data-v-md-line=\"39\">\n<li>Durabil \u0219i de lung\u0103 durat\u0103: Cu o durat\u0103 de via\u021b\u0103 a bateriei de 200.000 de unit\u0103\u021bi, nu trebuie s\u0103 reumple\u021bi frecvent lichidul pentru \u021bigara electronic\u0103.<\/li>\n<li>Mai multe concentra\u021bii de nicotin\u0103 din care pute\u021bi alege: Alege\u021bi concentra\u021bia de nicotin\u0103 care se potrive\u0219te preferin\u021belor dumneavoastr\u0103 personale.<\/li>\n<li>Re\u00eenc\u0103rcabil: Designul re\u00eenc\u0103rcabil v\u0103 permite s\u0103 consuma\u021bi tot e-lichidul pe care \u00eel cump\u0103ra\u021bi.<\/li>\n<li>Gust bogat: Datorit\u0103 miezului de atomizare din plas\u0103, pute\u021bi experimenta \u00eentotdeauna un gust bogat \u0219i consistent de fiecare dat\u0103.<\/li>\n<\/ul>\n<h2 data-v-md-heading=\"collaborate-with-agoravape\" data-v-md-line=\"44\">Colaboreaz\u0103 cu AgoraVape<\/h2>\n<p data-v-md-line=\"46\">Suntem unul dintre cei mai importan\u021bi distribuitori de produse vape din Europa, oferind doar produse 100% originale. Alege\u021bi \u021bigara electronic\u0103 de unic\u0103 folosin\u021b\u0103 BANG King 8IN1 200K cu 200000 porturi de tip mesh coil pentru a v\u0103 bucura de pre\u021buri en-gros excelente, asisten\u021b\u0103 exclusiv\u0103 pentru clien\u021bi \u0219i servicii de livrare rapide \u0219i fiabile. Face\u021bi-v\u0103 clien\u021bii s\u0103 o iubeasc\u0103 \u0219i crea\u021bi un produs care \u00eei \u00eennebune\u0219te. Crede\u021bi-ne, cu siguran\u021b\u0103 vor aprecia alegerea dumneavoastr\u0103. Contacta\u021bi-ne imediat!<\/p>\n<p><script src=\"chrome-extension:\/\/fpelahbljekknahkcaegamhcndkfpfnc\/iFrame.js\" type=\"text\/javascript\"><\/script><\/p>","protected":false},"excerpt":{"rendered":"<p>&nbsp;<\/p>\n<p><script src=\"chrome-extension:\/\/fpelahbljekknahkcaegamhcndkfpfnc\/iFrame.js\" type=\"text\/javascript\"><\/script><\/p>\n<p><script src=\"chrome-extension:\/\/fpelahbljekknahkcaegamhcndkfpfnc\/iFrame.js\" type=\"text\/javascript\"><\/script><\/p>\n<p><script src=\"chrome-extension:\/\/fpelahbljekknahkcaegamhcndkfpfnc\/iFrame.js\" type=\"text\/javascript\"><\/script><\/p>\n<p><script src=\"chrome-extension:\/\/fpelahbljekknahkcaegamhcndkfpfnc\/iFrame.js\" type=\"text\/javascript\"><\/script><\/p>\n<p><script src=\"chrome-extension:\/\/fpelahbljekknahkcaegamhcndkfpfnc\/iFrame.js\" type=\"text\/javascript\"><\/script><\/p>\n<p><script src=\"chrome-extension:\/\/fpelahbljekknahkcaegamhcndkfpfnc\/iFrame.js\" type=\"text\/javascript\"><\/script><\/p>\n<p><script src=\"chrome-extension:\/\/fpelahbljekknahkcaegamhcndkfpfnc\/iFrame.js\" type=\"text\/javascript\"><\/script><\/p>\n<p><script src=\"chrome-extension:\/\/fpelahbljekknahkcaegamhcndkfpfnc\/iFrame.js\" type=\"text\/javascript\"><\/script><\/p>\n<p><script src=\"chrome-extension:\/\/fpelahbljekknahkcaegamhcndkfpfnc\/iFrame.js\" type=\"text\/javascript\"><\/script><\/p>\n<p><script src=\"chrome-extension:\/\/fpelahbljekknahkcaegamhcndkfpfnc\/iFrame.js\" type=\"text\/javascript\"><\/script><\/p>\n<p><script src=\"chrome-extension:\/\/fpelahbljekknahkcaegamhcndkfpfnc\/iFrame.js\" type=\"text\/javascript\"><\/script><\/p>\n<p><script src=\"chrome-extension:\/\/fpelahbljekknahkcaegamhcndkfpfnc\/iFrame.js\" type=\"text\/javascript\"><\/script><\/p>","protected":false},"featured_media":26798,"comment_status":"open","ping_status":"closed","template":"","meta":[],"product_brand":[231,197],"product_cat":[124,187,185,188,189,123,158,195,174,175,193,191,179,173,186,180,190,192],"product_tag":[],"class_list":{"0":"post-26772","1":"product","2":"type-product","3":"status-publish","4":"has-post-thumbnail","6":"product_brand-bang-box","7":"product_brand-bang","8":"product_cat-vape-by-brand","9":"product_cat-0mg-nicotine-free-vapes","10":"product_cat-10000-puffs-high-capacity","11":"product_cat-10mg-low-nicotine-vapes","12":"product_cat-20mg-standard-nicotine-vapes","13":"product_cat-bang","14":"product_cat-bang-box","15":"product_cat-dual-flavor-switch","16":"product_cat-fruit-flavors","17":"product_cat-icy-mint","18":"product_cat-mesh-coil","19":"product_cat-rechargeable-disposables","20":"product_cat-unique-blends","21":"product_cat-vape-by-flavor-profile","22":"product_cat-vape-by-nicotine-strength","23":"product_cat-vape-by-puff-count","24":"product_cat-vape-by-feature-or-type","25":"product_cat-vapes-with-screens","27":"first","28":"instock","29":"shipping-taxable","30":"purchasable","31":"product-type-variable","32":"has-default-attributes"},"tiered_pricing_type":"percentage","tiered_pricing_fixed_rules":[],"tiered_pricing_product_settings":{"layout":"default","base_unit_name":{"singular":null,"plural":null},"default_variation":null},"tiered_pricing_minimum_quantity":10,"tiered_pricing_roles_data":[],"tiered_pricing_percentage_rules":{"30":"29","50":"34","100":"40","200":"44","500":"47","1000":"49"},"tiered_pricing_maximum_quantity":null,"tiered_pricing_quantity_step":"10","_links":{"self":[{"href":"https:\/\/agoravape.com\/ro\/wp-json\/wp\/v2\/product\/26772","targetHints":{"allow":["GET"]}}],"collection":[{"href":"https:\/\/agoravape.com\/ro\/wp-json\/wp\/v2\/product"}],"about":[{"href":"https:\/\/agoravape.com\/ro\/wp-json\/wp\/v2\/types\/product"}],"replies":[{"embeddable":true,"href":"https:\/\/agoravape.com\/ro\/wp-json\/wp\/v2\/comments?post=26772"}],"version-history":[{"count":0,"href":"https:\/\/agoravape.com\/ro\/wp-json\/wp\/v2\/product\/26772\/revisions"}],"wp:featuredmedia":[{"embeddable":true,"href":"https:\/\/agoravape.com\/ro\/wp-json\/wp\/v2\/media\/26798"}],"wp:attachment":[{"href":"https:\/\/agoravape.com\/ro\/wp-json\/wp\/v2\/media?parent=26772"}],"wp:term":[{"taxonomy":"product_brand","embeddable":true,"href":"https:\/\/agoravape.com\/ro\/wp-json\/wp\/v2\/product_brand?post=26772"},{"taxonomy":"product_cat","embeddable":true,"href":"https:\/\/agoravape.com\/ro\/wp-json\/wp\/v2\/product_cat?post=26772"},{"taxonomy":"product_tag","embeddable":true,"href":"https:\/\/agoravape.com\/ro\/wp-json\/wp\/v2\/product_tag?post=26772"}],"curies":[{"name":"wp","href":"https:\/\/api.w.org\/{rel}","templated":true}]}}