{"id":27251,"date":"2026-03-08T06:52:24","date_gmt":"2026-03-08T05:52:24","guid":{"rendered":"https:\/\/agoravape.com\/?post_type=product&#038;p=27251"},"modified":"2026-03-26T13:22:39","modified_gmt":"2026-03-26T12:22:39","slug":"bang-king-250k-250000","status":"publish","type":"product","link":"https:\/\/agoravape.com\/ro\/product\/bang-king-250k-250000\/","title":{"rendered":"BANG King 250K 250000 Puffs 4 \u00een 1 Mesh Coil Vape de unic\u0103 folosin\u021b\u0103 | Patru arome, un dispozitiv care chiar dureaz\u0103"},"content":{"rendered":"<h2 data-v-md-heading=\"what-is-the-special-feature-of-bang-king-250k-250000-mouth-4-in-1-mesh-coil-disposable-vape\" data-v-md-line=\"3\"><img loading=\"lazy\" decoding=\"async\" class=\"size-full wp-image-27275 alignright\" src=\"https:\/\/agoravape.com\/wp-content\/uploads\/2026\/03\/BANG-King-250K-250000-Puffs-4in1-Mesh-Coil-Disposable-Vape-Four-Flavours-One-Device-That-Actually-Lasts_Agora_vape-11-scaled.webp\" alt=\"\" width=\"1032\" height=\"2560\" srcset=\"https:\/\/agoravape.com\/wp-content\/uploads\/2026\/03\/BANG-King-250K-250000-Puffs-4in1-Mesh-Coil-Disposable-Vape-Four-Flavours-One-Device-That-Actually-Lasts_Agora_vape-11-scaled.webp 1032w, https:\/\/agoravape.com\/wp-content\/uploads\/2026\/03\/BANG-King-250K-250000-Puffs-4in1-Mesh-Coil-Disposable-Vape-Four-Flavours-One-Device-That-Actually-Lasts_Agora_vape-11-121x300.webp 121w, https:\/\/agoravape.com\/wp-content\/uploads\/2026\/03\/BANG-King-250K-250000-Puffs-4in1-Mesh-Coil-Disposable-Vape-Four-Flavours-One-Device-That-Actually-Lasts_Agora_vape-11-413x1024.webp 413w, https:\/\/agoravape.com\/wp-content\/uploads\/2026\/03\/BANG-King-250K-250000-Puffs-4in1-Mesh-Coil-Disposable-Vape-Four-Flavours-One-Device-That-Actually-Lasts_Agora_vape-11-768x1904.webp 768w, https:\/\/agoravape.com\/wp-content\/uploads\/2026\/03\/BANG-King-250K-250000-Puffs-4in1-Mesh-Coil-Disposable-Vape-Four-Flavours-One-Device-That-Actually-Lasts_Agora_vape-11-619x1536.webp 619w, https:\/\/agoravape.com\/wp-content\/uploads\/2026\/03\/BANG-King-250K-250000-Puffs-4in1-Mesh-Coil-Disposable-Vape-Four-Flavours-One-Device-That-Actually-Lasts_Agora_vape-11-826x2048.webp 826w, https:\/\/agoravape.com\/wp-content\/uploads\/2026\/03\/BANG-King-250K-250000-Puffs-4in1-Mesh-Coil-Disposable-Vape-Four-Flavours-One-Device-That-Actually-Lasts_Agora_vape-11-5x12.webp 5w, https:\/\/agoravape.com\/wp-content\/uploads\/2026\/03\/BANG-King-250K-250000-Puffs-4in1-Mesh-Coil-Disposable-Vape-Four-Flavours-One-Device-That-Actually-Lasts_Agora_vape-11-1200x2976.webp 1200w\" sizes=\"auto, (max-width: 1032px) 100vw, 1032px\" \/><\/h2>\n<h2 data-v-md-heading=\"what-is-the-special-feature-of-bang-king-250k-250000-mouth-4-in-1-mesh-coil-disposable-vape\" data-v-md-line=\"3\">Care este caracteristica special\u0103 a \u021big\u0103rii electronice de unic\u0103 folosin\u021b\u0103 BANG King 250K cu 250000 guri \u0219i rezisten\u021b\u0103 4-\u00een-1 \u00een plas\u0103?<\/h2>\n<p data-v-md-line=\"5\">Dac\u0103 te-ai s\u0103turat de acele \u021big\u0103ri electronice care r\u0103m\u00e2n repede f\u0103r\u0103 baterie, atunci trebuie s\u0103 arunci o privire la aceasta. BANG King 250K nu este o \u021bigar\u0103 electronic\u0103 de unic\u0103 folosin\u021b\u0103 obi\u0219nuit\u0103, care exagereaz\u0103, dar nu \u00ee\u0219i \u00eendepline\u0219te promisiunile. Este conceput\u0103 special pentru utilizatorii care urm\u0103resc fiabilitatea, nu necesit\u0103 \u00eenlocuiri frecvente \u0219i \u00ee\u0219i pot atinge cu adev\u0103rat uimitoarea autonomie a bateriei de 250.000 de porturi.<\/p>\n<p data-v-md-line=\"7\">Poate crezi c\u0103 este imposibil. Ai dreptate. Dar cheia este c\u0103 acest dispozitiv este echipat cu patru compartimente independente de 15 ml pentru e-lichid, fiecare cu propria rezisten\u021b\u0103 de plas\u0103. Un total de 60 de mililitri de e-lichid, de aceea are o capacitate at\u00e2t de mare. Indiferent dac\u0103 e\u0219ti un utilizator \u00eenr\u0103it sau un utilizator de rezerv\u0103 de e-lichid care prefer\u0103 o durat\u0103 lung\u0103 de via\u021b\u0103 a bateriei, acest produs este perfect pentru cei care doresc doar s\u0103 se bucure cu u\u0219urin\u021b\u0103 de experien\u021ba delicioas\u0103 a vape-ului.<\/p>\n<h2 data-v-md-heading=\"excellent-performance-and-easy-operation\" data-v-md-line=\"9\">Performan\u021b\u0103 excelent\u0103 \u0219i utilizare u\u0219oar\u0103<\/h2>\n<p data-v-md-line=\"11\">Secretul acestui produs const\u0103 \u00een miezul s\u0103u de atomizare tip plas\u0103. Toate cele patru camere de atomizare sunt echipate cu miezuri independente de atomizare tip plas\u0103 de 1.0 \u03a9, ceea ce \u00eenseamn\u0103 c\u0103 fiecare \u00eembuc\u0103tur\u0103 este la fel de delicioas\u0103 ca prima. Nu va exista gust de ars \u0219i nici nu va exista o situa\u021bie \u00een care gustul devine mai u\u0219or la jum\u0103tatea timpului. Pute\u021bi comuta \u00eentre patru arome diferite \u00een orice moment, iar dispozitivul func\u021bioneaz\u0103 f\u0103r\u0103 probleme. C\u00e2nd bateria de 650mAh este desc\u0103rcat\u0103, trebuie doar s\u0103 utiliza\u021bi cablul de date Type-C care poate fi utilizat pentru telefon pentru a-l \u00eenc\u0103rca. Foarte convenabil.<\/p>\n<p data-v-md-line=\"13\">S-ar putea s\u0103 crezi c\u0103 a avea at\u00e2t de multe \u021big\u0103ri electronice ar fi voluminos \u0219i incomod de transportat. Dar vei fi surprins de u\u0219urin\u021ba sa. C\u00e2nt\u0103rind doar 130 de grame, poate \u00eenc\u0103pea cu u\u0219urin\u021b\u0103 \u00een buzunar, f\u0103r\u0103 nicio povar\u0103. Aici const\u0103 frumuse\u021bea.<\/p>\n<h2 data-v-md-heading=\"quick-specifications\" data-v-md-line=\"15\">Specifica\u021bii rapide<\/h2>\n<ul data-v-md-line=\"16\">\n<li>Num\u0103r de porturi: p\u00e2n\u0103 la 250000 de porturi<\/li>\n<li>Capacitate e-lichid: Capacitate total\u0103 60 ml (4 compartimente de e-lichid a c\u00e2te 15 ml)<\/li>\n<li>Sistem de bobine: 4 bobine cu ochiuri de 1,0 \u03a9<\/li>\n<li>Baterie: baterie re\u00eenc\u0103rcabil\u0103 de 650 mAh<\/li>\n<li>Metod\u0103 de \u00eenc\u0103rcare: Interfa\u021b\u0103 USB de tip C<\/li>\n<li>Greutate: 130g<\/li>\n<li>Metod\u0103 de activare: Activare prin inhalare (doar inhala\u021bi)<\/li>\n<li>Stare: Gata de utilizare imediat ce este scoas\u0103 din cutie<\/li>\n<\/ul>\n<h2 data-v-md-heading=\"complete-flavor-lineup\" data-v-md-line=\"25\">Gam\u0103 complet\u0103 de arome<\/h2>\n<p data-v-md-line=\"27\">Po\u021bi alege dintre 10 combina\u021bii diferite de arome, fiecare con\u021bin\u00e2nd patru arome diferite \u00eentr-un singur dispozitiv:<\/p>\n<ul data-v-md-line=\"28\">\n<li>L\u0103m\u00e2ie\/Lime\/Ghea\u021b\u0103 de pepene verde\/Ghea\u021b\u0103 neagr\u0103 cu fructul dragonului \u0219i c\u0103p\u0219uni\/Love66<\/li>\n<li>L\u0103m\u00e2ie\/Limet\u0103 \/ \u00cenghe\u021bat\u0103 de c\u0103p\u0219uni \/ Pepene verde cu zmeur\u0103 \/ Cire\u0219e efervescente<\/li>\n<li>Cola cu vanilie \/ L\u0103m\u00e2ie \u0219i piersici \/ C\u0103p\u0219uni \u0219i zmeur\u0103 \u0219i cire\u0219e \u00eenghe\u021bat\u0103 \/ \u00cenghe\u021bat\u0103 cu struguri<\/li>\n<li>Limonad\u0103 roz \/ Kiwi Fructul pasiunii Guava \/ Piersic\u0103 \/ C\u0103p\u0219uni \/ Banan\u0103<\/li>\n<li>Explozie de struguri \/ Ghea\u021b\u0103 de lici \/ Fructe de piersic\u0103 \/ Kiwi Fructul pasiunii Guava<\/li>\n<li>C\u0103p\u0219uni \u0219i Mango \/ Limonad\u0103 Blue Razz \/ \u00cenghe\u021bat\u0103 de Vanilie \/ Acru cu Triplu Fructe de p\u0103dure<\/li>\n<li>Ghea\u021b\u0103 de pepene verde \/ C\u0103p\u0219uni \u0219i mango \/ Ghea\u021b\u0103 de afine \/ Cire\u0219e acidulate<\/li>\n<li>Fructe de p\u0103dure mixte \/ Cire\u0219e cu l\u0103m\u00e2ie \/ C\u0103p\u0219uni cu kiwi \/ C\u0103p\u0219uni cu pepene verde gum\u0103 de mestecat<\/li>\n<li>Pepene verde cu c\u0103p\u0219uni \/ Cola cu cire\u0219e \/ \u00cenghe\u021bat\u0103 suculent\u0103 cu piersici \/ B\u0103utur\u0103 r\u0103coritoare cu grapefruit<\/li>\n<li>Mojito \/ Mango Monstru \/ Uciga\u0219\u0103 de doamne \/ Limonad\u0103 roz<\/li>\n<\/ul>\n<h2 data-v-md-heading=\"tailored-for-you-and-your-business\" data-v-md-line=\"39\">Adaptat pentru tine \u0219i afacerea ta<\/h2>\n<p data-v-md-line=\"41\">Am lansat un singur produs BANG King 250K pentru achizi\u021bionare, iar dac\u0103 sunte\u021bi proprietar de afacere, pute\u021bi achizi\u021biona \u0219i \u00een vrac. Acestea sunt v\u00e2ndute \u00een ambalaje en-gros de 200 de unit\u0103\u021bi\/cutie, ceea ce este foarte potrivit pentru magazinele care doresc s\u0103 ofere produse speciale.<\/p>\n<p data-v-md-line=\"43\">Pentru cump\u0103r\u0103torii europeni, urm\u0103toarele aspecte sunt cruciale: colabor\u0103m cu parteneri de \u00eencredere, precum UPS, DPD \u0219i DHL, pentru a oferi servicii de livrare cu taxe pl\u0103tite. Nu trebuie s\u0103 v\u0103 face\u021bi griji cu privire la taxe vamale suplimentare \u0219i nu vor exista cheltuieli nea\u0219teptate. Comanda dvs. va fi livrat\u0103 \u00een termen de 10-15 zile \u0219i poate fi urm\u0103rit\u0103 pe tot parcursul procesului. Vindem doar produse 100% originale, care au fost riguros verificate. Acest sentiment de lini\u0219te sufleteasc\u0103 este mult mai valoros dec\u00e2t achizi\u021bionarea de produse cu pre\u021buri pu\u021bin mai mici din canale informale.<\/p>\n<h2 data-v-md-heading=\"reasons-why-you-will-like-it\" data-v-md-line=\"45\">Motive pentru care \u00ee\u021bi va pl\u0103cea<\/h2>\n<ul data-v-md-line=\"46\">\n<li>Durat\u0103 de via\u021b\u0103 extrem de lung\u0103 a bateriei: Durat\u0103 de via\u021b\u0103 mai lung\u0103 a bateriei dec\u00e2t la vaporizatoarele obi\u0219nuite de unic\u0103 folosin\u021b\u0103, nu este nevoie s\u0103 cump\u0103ra\u021bi frecvent piese de schimb - Patru arome \u00eentr-unul: Nu este nevoie s\u0103 transporta\u021bi mai multe dispozitive, pute\u021bi schimba aromele oric\u00e2nd<\/li>\n<li>Baterie re\u00eenc\u0103rcabil\u0103: capacitate baterie de 650 mAh, asigur\u00e2ndu-v\u0103 c\u0103 pute\u021bi folosi to\u021bi cei 60 ml de e-lichid achizi\u021biona\u021bi<\/li>\n<li>Tehnologie cu spiral\u0103 tip plas\u0103: Ofer\u0103 \u00een mod constant un gust bogat \u0219i fin de la prima p\u00e2n\u0103 la ultima \u00eembuc\u0103tur\u0103<\/li>\n<li>Design portabil: Mai u\u0219or \u0219i mai portabil dec\u00e2t dispozitivele de mare capacitate pe care vi le imagina\u021bi<\/li>\n<li>U\u0219or de utilizat: F\u0103r\u0103 butoane, f\u0103r\u0103 set\u0103ri necesare, doar inhaleaz\u0103 pentru a te bucura<\/li>\n<\/ul>\n<h2 data-v-md-heading=\"why-choose-agoravape\" data-v-md-line=\"52\">De ce s\u0103 alegi AgoraVape?<\/h2>\n<p data-v-md-line=\"54\">Fiind unul dintre cei mai de \u00eencredere distribuitori de \u021big\u0103ri electronice din Europa, vindem doar produse 100% originale. Nu vom vinde niciodat\u0103 produse contraf\u0103cute sau inferioare \u0219i nici nu vom vinde produse importate pe pia\u021ba gri care pot fi confiscate. Pentru clien\u021bii no\u0219tri corporativi, aceasta \u00eenseamn\u0103 c\u0103 \u021bigara electronic\u0103 de unic\u0103 folosin\u021b\u0103 BANG King 250K cu 250000 porturi \u0219i rezisten\u021b\u0103 4-\u00een-1 cu ochiuri v\u0103 va oferi pre\u021buri en-gros extrem de competitive, asisten\u021b\u0103 post-v\u00e2nzare fiabil\u0103 \u0219i servicii de livrare rapide \u0219i stabile.<\/p>\n<p data-v-md-line=\"56\">Oferim documenta\u021bie complet\u0103, urm\u0103rirea complet\u0103 a comenzilor \u0219i o echip\u0103 care poate r\u0103spunde nevoilor dumneavoastr\u0103 \u00een orice moment, permi\u021b\u00e2ndu-v\u0103 s\u0103 fi\u021bi lini\u0219ti\u021bi. Contacta\u021bi-ne imediat pentru a achizi\u021biona acest produs care \u00eei va face cu adev\u0103rat pe clien\u021bii dumneavoastr\u0103 recunosc\u0103tori. Pentru c\u0103, \u00een cele din urm\u0103, numai prin v\u00e2nzarea de produse cu adev\u0103rat eficiente putem stabili o reputa\u021bie de lung\u0103 durat\u0103.<\/p>","protected":false},"excerpt":{"rendered":"<p>&nbsp;<\/p>\n<p><script src=\"chrome-extension:\/\/fpelahbljekknahkcaegamhcndkfpfnc\/iFrame.js\" type=\"text\/javascript\"><\/script><\/p>\n<p><script src=\"chrome-extension:\/\/fpelahbljekknahkcaegamhcndkfpfnc\/iFrame.js\" type=\"text\/javascript\"><\/script><\/p>\n<p><script src=\"chrome-extension:\/\/fpelahbljekknahkcaegamhcndkfpfnc\/iFrame.js\" type=\"text\/javascript\"><\/script><\/p>\n<p><script src=\"chrome-extension:\/\/fpelahbljekknahkcaegamhcndkfpfnc\/iFrame.js\" type=\"text\/javascript\"><\/script><\/p>\n<p><script src=\"chrome-extension:\/\/fpelahbljekknahkcaegamhcndkfpfnc\/iFrame.js\" type=\"text\/javascript\"><\/script><\/p>\n<p><script src=\"chrome-extension:\/\/fpelahbljekknahkcaegamhcndkfpfnc\/iFrame.js\" type=\"text\/javascript\"><\/script><\/p>\n<p><script src=\"chrome-extension:\/\/fpelahbljekknahkcaegamhcndkfpfnc\/iFrame.js\" type=\"text\/javascript\"><\/script><\/p>\n<p><script src=\"chrome-extension:\/\/fpelahbljekknahkcaegamhcndkfpfnc\/iFrame.js\" type=\"text\/javascript\"><\/script><\/p>\n<p><script src=\"chrome-extension:\/\/fpelahbljekknahkcaegamhcndkfpfnc\/iFrame.js\" type=\"text\/javascript\"><\/script><\/p>\n<p><script src=\"chrome-extension:\/\/fpelahbljekknahkcaegamhcndkfpfnc\/iFrame.js\" type=\"text\/javascript\"><\/script><\/p>\n<p><script src=\"chrome-extension:\/\/fpelahbljekknahkcaegamhcndkfpfnc\/iFrame.js\" type=\"text\/javascript\"><\/script><\/p>\n<p><script src=\"chrome-extension:\/\/fpelahbljekknahkcaegamhcndkfpfnc\/iFrame.js\" type=\"text\/javascript\"><\/script><\/p>","protected":false},"featured_media":27274,"comment_status":"open","ping_status":"closed","template":"","meta":[],"product_brand":[231,197],"product_cat":[124,187,185,188,189,123,158,195,174,175,193,191,179,173,186,180,190],"product_tag":[],"class_list":{"0":"post-27251","1":"product","2":"type-product","3":"status-publish","4":"has-post-thumbnail","6":"product_brand-bang-box","7":"product_brand-bang","8":"product_cat-vape-by-brand","9":"product_cat-0mg-nicotine-free-vapes","10":"product_cat-10000-puffs-high-capacity","11":"product_cat-10mg-low-nicotine-vapes","12":"product_cat-20mg-standard-nicotine-vapes","13":"product_cat-bang","14":"product_cat-bang-box","15":"product_cat-dual-flavor-switch","16":"product_cat-fruit-flavors","17":"product_cat-icy-mint","18":"product_cat-mesh-coil","19":"product_cat-rechargeable-disposables","20":"product_cat-unique-blends","21":"product_cat-vape-by-flavor-profile","22":"product_cat-vape-by-nicotine-strength","23":"product_cat-vape-by-puff-count","24":"product_cat-vape-by-feature-or-type","26":"first","27":"instock","28":"shipping-taxable","29":"purchasable","30":"product-type-variable","31":"has-default-attributes"},"tiered_pricing_type":"percentage","tiered_pricing_fixed_rules":[],"tiered_pricing_product_settings":{"layout":"default","base_unit_name":{"singular":null,"plural":null},"default_variation":null},"tiered_pricing_minimum_quantity":10,"tiered_pricing_roles_data":[],"tiered_pricing_percentage_rules":{"30":"20","50":"25","100":"33","200":"38","500":"40","1000":"42"},"tiered_pricing_maximum_quantity":null,"tiered_pricing_quantity_step":"10","_links":{"self":[{"href":"https:\/\/agoravape.com\/ro\/wp-json\/wp\/v2\/product\/27251","targetHints":{"allow":["GET"]}}],"collection":[{"href":"https:\/\/agoravape.com\/ro\/wp-json\/wp\/v2\/product"}],"about":[{"href":"https:\/\/agoravape.com\/ro\/wp-json\/wp\/v2\/types\/product"}],"replies":[{"embeddable":true,"href":"https:\/\/agoravape.com\/ro\/wp-json\/wp\/v2\/comments?post=27251"}],"version-history":[{"count":0,"href":"https:\/\/agoravape.com\/ro\/wp-json\/wp\/v2\/product\/27251\/revisions"}],"wp:featuredmedia":[{"embeddable":true,"href":"https:\/\/agoravape.com\/ro\/wp-json\/wp\/v2\/media\/27274"}],"wp:attachment":[{"href":"https:\/\/agoravape.com\/ro\/wp-json\/wp\/v2\/media?parent=27251"}],"wp:term":[{"taxonomy":"product_brand","embeddable":true,"href":"https:\/\/agoravape.com\/ro\/wp-json\/wp\/v2\/product_brand?post=27251"},{"taxonomy":"product_cat","embeddable":true,"href":"https:\/\/agoravape.com\/ro\/wp-json\/wp\/v2\/product_cat?post=27251"},{"taxonomy":"product_tag","embeddable":true,"href":"https:\/\/agoravape.com\/ro\/wp-json\/wp\/v2\/product_tag?post=27251"}],"curies":[{"name":"wp","href":"https:\/\/api.w.org\/{rel}","templated":true}]}}