{"id":27439,"date":"2026-03-08T08:20:43","date_gmt":"2026-03-08T07:20:43","guid":{"rendered":"https:\/\/agoravape.com\/?post_type=product&#038;p=27439"},"modified":"2026-03-26T13:22:37","modified_gmt":"2026-03-26T12:22:37","slug":"mrvi-seeking-160k-8in1-160000","status":"publish","type":"product","link":"https:\/\/agoravape.com\/ro\/product\/mrvi-seeking-160k-8in1-160000\/","title":{"rendered":"MRVI caut\u0103 160K | 160.000 de pufuri cu 8 op\u021biuni de arome \u00eentr-un singur dispozitiv inteligent"},"content":{"rendered":"<h2 data-v-md-heading=\"what-is-the-special-feature-of-mrvi-seeking-160k-160000-8-in-1-screen-vape\" data-v-md-line=\"3\"><\/h2>\n<p><img loading=\"lazy\" decoding=\"async\" class=\"aligncenter size-full wp-image-27458\" src=\"https:\/\/agoravape.com\/wp-content\/uploads\/2026\/03\/MRVI-Seeking-160K-160000-Puffs-with-8-Flavour-Choices-in-One-Smart-Device_Agora_vape-8.webp\" alt=\"\" width=\"2251\" height=\"2251\" srcset=\"https:\/\/agoravape.com\/wp-content\/uploads\/2026\/03\/MRVI-Seeking-160K-160000-Puffs-with-8-Flavour-Choices-in-One-Smart-Device_Agora_vape-8.webp 2251w, https:\/\/agoravape.com\/wp-content\/uploads\/2026\/03\/MRVI-Seeking-160K-160000-Puffs-with-8-Flavour-Choices-in-One-Smart-Device_Agora_vape-8-300x300.webp 300w, https:\/\/agoravape.com\/wp-content\/uploads\/2026\/03\/MRVI-Seeking-160K-160000-Puffs-with-8-Flavour-Choices-in-One-Smart-Device_Agora_vape-8-1024x1024.webp 1024w, https:\/\/agoravape.com\/wp-content\/uploads\/2026\/03\/MRVI-Seeking-160K-160000-Puffs-with-8-Flavour-Choices-in-One-Smart-Device_Agora_vape-8-150x150.webp 150w, https:\/\/agoravape.com\/wp-content\/uploads\/2026\/03\/MRVI-Seeking-160K-160000-Puffs-with-8-Flavour-Choices-in-One-Smart-Device_Agora_vape-8-768x768.webp 768w, https:\/\/agoravape.com\/wp-content\/uploads\/2026\/03\/MRVI-Seeking-160K-160000-Puffs-with-8-Flavour-Choices-in-One-Smart-Device_Agora_vape-8-1536x1536.webp 1536w, https:\/\/agoravape.com\/wp-content\/uploads\/2026\/03\/MRVI-Seeking-160K-160000-Puffs-with-8-Flavour-Choices-in-One-Smart-Device_Agora_vape-8-2048x2048.webp 2048w, https:\/\/agoravape.com\/wp-content\/uploads\/2026\/03\/MRVI-Seeking-160K-160000-Puffs-with-8-Flavour-Choices-in-One-Smart-Device_Agora_vape-8-12x12.webp 12w, https:\/\/agoravape.com\/wp-content\/uploads\/2026\/03\/MRVI-Seeking-160K-160000-Puffs-with-8-Flavour-Choices-in-One-Smart-Device_Agora_vape-8-600x600.webp 600w, https:\/\/agoravape.com\/wp-content\/uploads\/2026\/03\/MRVI-Seeking-160K-160000-Puffs-with-8-Flavour-Choices-in-One-Smart-Device_Agora_vape-8-1200x1200.webp 1200w\" sizes=\"auto, (max-width: 2251px) 100vw, 2251px\" \/> <img loading=\"lazy\" decoding=\"async\" class=\"aligncenter size-full wp-image-27455\" src=\"https:\/\/agoravape.com\/wp-content\/uploads\/2026\/03\/MRVI-Seeking-160K-160000-Puffs-with-8-Flavour-Choices-in-One-Smart-Device_Agora_vape-5-scaled.webp\" alt=\"\" width=\"2560\" height=\"2560\" srcset=\"https:\/\/agoravape.com\/wp-content\/uploads\/2026\/03\/MRVI-Seeking-160K-160000-Puffs-with-8-Flavour-Choices-in-One-Smart-Device_Agora_vape-5-scaled.webp 2560w, https:\/\/agoravape.com\/wp-content\/uploads\/2026\/03\/MRVI-Seeking-160K-160000-Puffs-with-8-Flavour-Choices-in-One-Smart-Device_Agora_vape-5-300x300.webp 300w, https:\/\/agoravape.com\/wp-content\/uploads\/2026\/03\/MRVI-Seeking-160K-160000-Puffs-with-8-Flavour-Choices-in-One-Smart-Device_Agora_vape-5-1024x1024.webp 1024w, https:\/\/agoravape.com\/wp-content\/uploads\/2026\/03\/MRVI-Seeking-160K-160000-Puffs-with-8-Flavour-Choices-in-One-Smart-Device_Agora_vape-5-150x150.webp 150w, https:\/\/agoravape.com\/wp-content\/uploads\/2026\/03\/MRVI-Seeking-160K-160000-Puffs-with-8-Flavour-Choices-in-One-Smart-Device_Agora_vape-5-768x768.webp 768w, https:\/\/agoravape.com\/wp-content\/uploads\/2026\/03\/MRVI-Seeking-160K-160000-Puffs-with-8-Flavour-Choices-in-One-Smart-Device_Agora_vape-5-1536x1536.webp 1536w, https:\/\/agoravape.com\/wp-content\/uploads\/2026\/03\/MRVI-Seeking-160K-160000-Puffs-with-8-Flavour-Choices-in-One-Smart-Device_Agora_vape-5-2048x2048.webp 2048w, https:\/\/agoravape.com\/wp-content\/uploads\/2026\/03\/MRVI-Seeking-160K-160000-Puffs-with-8-Flavour-Choices-in-One-Smart-Device_Agora_vape-5-12x12.webp 12w, https:\/\/agoravape.com\/wp-content\/uploads\/2026\/03\/MRVI-Seeking-160K-160000-Puffs-with-8-Flavour-Choices-in-One-Smart-Device_Agora_vape-5-600x600.webp 600w, https:\/\/agoravape.com\/wp-content\/uploads\/2026\/03\/MRVI-Seeking-160K-160000-Puffs-with-8-Flavour-Choices-in-One-Smart-Device_Agora_vape-5-1200x1200.webp 1200w\" sizes=\"auto, (max-width: 2560px) 100vw, 2560px\" \/><\/p>\n<h2 data-v-md-heading=\"what-is-the-special-feature-of-mrvi-seeking-160k-160000-8-in-1-screen-vape\" data-v-md-line=\"3\">Care este caracteristica special\u0103 a \u021big\u0103rii electronice cu ecran MRVI Seeking 160K 160000 8-\u00een-1?<\/h2>\n<p data-v-md-line=\"5\">Dac\u0103 te-ai s\u0103turat de acele \u021big\u0103ri electronice care apar la jum\u0103tatea s\u0103pt\u0103m\u00e2nii, atunci trebuie s\u0103 arunci o privire la aceasta. MRVI Seeking 160K submineaz\u0103 complet impresia inerent\u0103 despre \u021big\u0103rile electronice de unic\u0103 folosin\u021b\u0103. Ceea ce spunem este c\u0103 un singur dispozitiv poate extrage 160.000 de pufuri! A\u0219a este, ai citit bine.<\/p>\n<p data-v-md-line=\"7\">\u0218i mai ingenios, nu va trebui s\u0103 folose\u0219ti o singur\u0103 arom\u0103 ca \u00eenainte. Acest dispozitiv \u00ee\u021bi permite s\u0103 comu\u021bi \u00eentre opt arome diferite \u00een orice moment, satisf\u0103c\u00e2ndu-\u021bi prospe\u021bimea. \u00centr-o secund\u0103 \u00eenc\u0103 te bucuri de c\u0103p\u0219unile r\u0103coritoare, \u00een urm\u0103toarea po\u021bi \u00eencerca o arom\u0103 complet diferit\u0103. Este ca \u0219i cum ai avea opt dispozitive de vapat \u00een buzunar, dar incredibil de u\u0219or. Acest produs este foarte potrivit pentru persoanele care se plictisesc u\u0219or sau pentru cei care \u00ee\u0219i doresc doar mai multe op\u021biuni, dar nu vor s\u0103 aib\u0103 cinci sau \u0219ase dispozitive cu ele.<\/p>\n<h2 data-v-md-heading=\"excellent-performance-and-easy-operation\" data-v-md-line=\"9\">Performan\u021b\u0103 excelent\u0103 \u0219i utilizare u\u0219oar\u0103<\/h2>\n<p data-v-md-line=\"11\">S-ar putea s\u0103 crezi c\u0103 utilizarea unui vaporizator care pretinde c\u0103 poate fuma at\u00e2t de multe pufuri trebuie s\u0103 fie foarte complicat\u0103. De fapt, nu este chiar a\u0219a. Rezistenta cu plas\u0103 dubl\u0103 este responsabil\u0103 pentru cea mai mare parte a muncii, asigur\u00e2ndu-se c\u0103 fiecare \u00eembuc\u0103tur\u0103 este la fel de proasp\u0103t\u0103 ca cea anterioar\u0103. Nu va exista gust de ars, iar gustul nu se va estompa la jum\u0103tatea timpului. Ecranul va afi\u0219a clar nivelul bateriei \u0219i e-lichidul r\u0103mas, astfel \u00eenc\u00e2t nu va trebui s\u0103 ghice\u0219ti c\u00e2nd trebuie s\u0103 \u00eencarci.<\/p>\n<p data-v-md-line=\"13\">C\u00e2nd bateria este desc\u0103rcat\u0103, pur \u0219i simplu folose\u0219te un cablu de date standard de tip C pentru \u00eenc\u0103rcare. Exact ca cel pe care \u00eel folose\u0219ti pentru a-\u021bi \u00eenc\u0103rca telefonul. Este at\u00e2t de simplu. Nu este nevoie de un \u00eenc\u0103rc\u0103tor dedicat. Nu trebuie s\u0103 te chinui s\u0103 g\u0103se\u0219ti un cablu de date potrivit la ora 2 diminea\u021ba.<\/p>\n<h2 data-v-md-heading=\"quick-specifications\" data-v-md-line=\"15\">Specifica\u021bii rapide<\/h2>\n<ul data-v-md-line=\"16\">\n<li>Num\u0103r de porturi: p\u00e2n\u0103 la 160000 de porturi<\/li>\n<li>Capacitate e-lichid: 100 ml<\/li>\n<li>Concentra\u021bie de nicotin\u0103: Disponibil \u00een dou\u0103 concentra\u021bii: 2% (20 mg) \u0219i 5% (50 mg)<\/li>\n<li>Baterie: baterie re\u00eenc\u0103rcabil\u0103 de 650 mAh<\/li>\n<li>Interfa\u021b\u0103 de \u00eenc\u0103rcare: Interfa\u021b\u0103 USB de tip C<\/li>\n<li>Tipul miezului de atomizare: Miez de atomizare cu plas\u0103 dubl\u0103<\/li>\n<li>Ecran de afi\u0219are: Ecranul afi\u0219eaz\u0103 procentul de energie a bateriei \u0219i cantitatea r\u0103mas\u0103 de e-lichid<\/li>\n<li>Stare: Gata de utilizare imediat ce este scoas\u0103 din cutie<\/li>\n<\/ul>\n<h2 data-v-md-heading=\"complete-flavor-lineup\" data-v-md-line=\"25\">Gam\u0103 complet\u0103 de arome<\/h2>\n<p data-v-md-line=\"27\">Pute\u021bi alege dintre zece combina\u021bii diferite de arome, fiecare con\u021bin\u00e2nd opt arome diferite:<\/p>\n<ul data-v-md-line=\"28\">\n<li>Ghea\u021b\u0103 de c\u0103p\u0219uni \/ Pepene verde cu c\u0103p\u0219uni \/ Ghea\u021b\u0103 de pepene verde \/ Pepene verde cu piersici \/ Ghea\u021b\u0103 de piersici \/ Piersici \u0219i mango \/ Ghea\u021b\u0103 de mango \/ C\u0103p\u0219uni \u0219i mango<\/li>\n<li>Ghea\u021b\u0103 de afine \/ Afine \u0219i zmeur\u0103 \/ Ghea\u021b\u0103 de zmeur\u0103 \/ Pepene verde Zmeur\u0103 \/ Ghea\u021b\u0103 de pepene verde \/ Gum\u0103 de mestecat cu pepene verde \/ Ghea\u021b\u0103 de mestecat \/ Gum\u0103 de mestecat cu afine<\/li>\n<li>\u00cenghe\u021bat\u0103 de Kiwi \/ Kiwi Fructul Pasiunii \/ \u00cenghe\u021bat\u0103 de Fructul Pasiunii \/ Fructul Pasiunii Guava \/ \u00cenghe\u021bat\u0103 de Guava \/ Guava C\u0103p\u0219uni \/ \u00cenghe\u021bat\u0103 de C\u0103p\u0219uni \/ Kiwi cu C\u0103p\u0219uni<\/li>\n<li>Cherry Ghea\u021b\u0103 \/ Cherry Cola \/ Cola Ghea\u021b\u0103 \/ Cola Piersic\u0103 suculent\u0103 \/ Piersic\u0103 suculent\u0103 \/ Piersic\u0103 suculent\u0103 \u0219i l\u0103m\u00e2ie \/ L\u0103m\u00e2ie Ghea\u021b\u0103 \/ Cherry L\u0103m\u00e2ie<\/li>\n<li>Ghea\u021b\u0103 de ananas \/ Ananas \u0219i nuc\u0103 de cocos \/ Ghea\u021b\u0103 de nuc\u0103 de cocos \/ Nuc\u0103 de cocos Mango \/ Ghea\u021b\u0103 de mango \/ Mango \u0219i banan\u0103 \/ Ghea\u021b\u0103 de banan\u0103 \/ Ananas \u0219i banan\u0103<\/li>\n<li>Ghea\u021b\u0103 Blue Razz \/ Struguri Blue Razz \/ Ghea\u021b\u0103 de struguri \/ Limonad\u0103 roz cu struguri \/ Limonad\u0103 roz \/ Explozie de limonad\u0103 roz \/ Ghea\u021b\u0103 explozie \/ Explozie Blue Razz<\/li>\n<li>Fructe de p\u0103dure mixte \/ Pepene galben cu fructe de p\u0103dure mixte \/ \u00cenghe\u021bat\u0103 de pepene galben \/ Pepene galben cu mere \/ \u00cenghe\u021bat\u0103 de mere \/ Mere \u0219i piersici \/ \u00cenghe\u021bat\u0103 de piersici \/ Piersici cu fructe de p\u0103dure mixte<\/li>\n<li>Ghea\u021b\u0103 de portocal\u0103 \/ Ment\u0103 de portocal\u0103 \/ Ghea\u021b\u0103 de ment\u0103 \/ Punch tropical de ment\u0103 \/ Punch tropical \/ Punch tropical de lime \/ Ghea\u021b\u0103 de lime \/ Portocal\u0103 de lime<\/li>\n<li>Triple Berry \/ Triple Berry Meri\u0219or \/ Ghea\u021b\u0103 de Meri\u0219or \/ Meri\u0219or \u0219i Afine \/ Ghea\u021b\u0103 de Meri\u0219or \/ B\u0103utur\u0103 Energizant\u0103 cu Afine \/ B\u0103utur\u0103 Energizant\u0103 \/ B\u0103utur\u0103 Energizant\u0103 cu Triple Berry<\/li>\n<li>S\u0103rutul Pasiunii \/ S\u0103rutul Pasiunii Dragoste 66 \/ Dragoste 66 \/ Dragoste 66 Pepene Verde Zmeur\u0103 \/ Pepene Verde Zmeur\u0103 \/ Pepene Verde Zmeur\u0103 Fructul Dragonului \/ \u00cenghe\u021bat\u0103 din Fructul Dragonului \/ S\u0103rutul Pasiunii Fructul Dragonului<\/li>\n<\/ul>\n<h2 data-v-md-heading=\"for-you-and-your-business\" data-v-md-line=\"39\">Pentru tine \u0219i afacerea ta<\/h2>\n<p data-v-md-line=\"41\">Am deschis MRVI Seeking 160K pentru achizi\u021bii personale, dar dac\u0103 de\u021bine\u021bi un magazin de vape sau o afacere de distribu\u021bie, \u00eel pute\u021bi stoca corespunz\u0103tor. Fiecare cutie de prezentare con\u021bine 10 produse, ceea ce v\u0103 faciliteaz\u0103 gestionarea stocului f\u0103r\u0103 a fi nevoie s\u0103 gestiona\u021bi comenzi mari.<\/p>\n<p data-v-md-line=\"43\">Oferim servicii de livrare \u00een Europa prin intermediul unor parteneri de \u00eencredere precum UPS, DPD \u0219i DHL. Folosim metoda DDP (Delivered Duty Paid) pentru a gestiona \u00een mod corespunz\u0103tor procesele de v\u0103muire, asigur\u00e2ndu-ne c\u0103 nu vor exista costuri nea\u0219teptate la livrarea comenzii dumneavoastr\u0103. Nu exist\u0103 absolut niciun inconvenient. Coletul nu va fi re\u021binut \u00een vam\u0103 timp de c\u00e2teva s\u0103pt\u0103m\u00e2ni. Oferim doar servicii fiabile de livrare la domiciliu.<\/p>\n<h2 data-v-md-heading=\"reasons-why-you-will-like-it\" data-v-md-line=\"45\">Motive pentru care \u00ee\u021bi va pl\u0103cea<\/h2>\n<ul data-v-md-line=\"46\">\n<li>Durat\u0103 de via\u021b\u0103 extrem de lung\u0103 a bateriei: 160000 de porturi, nu este nevoie s\u0103 \u00eenlocui\u021bi frecvent dispozitivele<\/li>\n<li>Opt arome \u00eentr-unul: Schimb\u0103 aromele oric\u00e2nd, oriunde, f\u0103r\u0103 a avea mai multe \u021big\u0103ri electronice la tine<\/li>\n<li>Ecran clar: M\u0103sura\u021bi cu precizie nivelul r\u0103mas al bateriei \u0219i al lichidului electronic<\/li>\n<li>Baterie re\u00eenc\u0103rcabil\u0103: Profita\u021bi la maximum de toate f\u0103r\u0103 a irosi o pic\u0103tur\u0103 de e-lichid<\/li>\n<li>Miez de atomizor cu plas\u0103 dubl\u0103: Gust bogat \u0219i constant<\/li>\n<li>\u00cenc\u0103rcare tip C: Compatibil\u0103 cu cablul de \u00eenc\u0103rcare existent<\/li>\n<li>Dou\u0103 concentra\u021bii de nicotin\u0103: Alege\u021bi concentra\u021bia de nicotin\u0103 care vi se potrive\u0219te cel mai bine<\/li>\n<\/ul>\n<h2 data-v-md-heading=\"why-choose-agoravape\" data-v-md-line=\"54\">De ce s\u0103 alegi AgoraVape?<\/h2>\n<p data-v-md-line=\"56\">Fiind unul dintre cei mai de \u00eencredere distribuitori de \u021big\u0103ri electronice din Europa, vindem doar produse 100% originale. Nu exist\u0103 produse contraf\u0103cute \u0219i nu exist\u0103 posibilitatea ca produsele importate de pe pia\u021ba gri s\u0103 fie confiscate de vam\u0103. Pentru clien\u021bii corporativi, aceasta \u00eenseamn\u0103 pre\u021buri en-gros extrem de competitive, documenta\u021bie complet\u0103 \u0219i servicii de livrare rapid\u0103. MRVI Seeking 160K este \u00een prezent la mare c\u0103utare.<\/p>\n<p data-v-md-line=\"58\">Suntem cunoscu\u021bi pentru fiabilitatea noastr\u0103. Produsele comandate pot fi livrate la timp \u0219i, dac\u0103 este necesar, oferim \u0219i asisten\u021b\u0103 tehnic\u0103 complet\u0103. Alege\u021bi un produs care \u00eei face cu adev\u0103rat pe clien\u021bii dvs. s\u0103 revin\u0103 \u0219i s\u0103 v\u0103 mul\u021bumeasc\u0103. Contacta\u021bi-ne \u0219i haide\u021bi s\u0103 discut\u0103m \u00eempreun\u0103 despre cum s\u0103 introduce\u021bi MRVI Seeking 160K \u00een magazinul dvs.<\/p>","protected":false},"excerpt":{"rendered":"<p>&nbsp;<\/p>\n<p><script src=\"chrome-extension:\/\/fpelahbljekknahkcaegamhcndkfpfnc\/iFrame.js\" type=\"text\/javascript\"><\/script><\/p>\n<p><script src=\"chrome-extension:\/\/fpelahbljekknahkcaegamhcndkfpfnc\/iFrame.js\" type=\"text\/javascript\"><\/script><\/p>\n<p><script src=\"chrome-extension:\/\/fpelahbljekknahkcaegamhcndkfpfnc\/iFrame.js\" type=\"text\/javascript\"><\/script><\/p>\n<p><script src=\"chrome-extension:\/\/fpelahbljekknahkcaegamhcndkfpfnc\/iFrame.js\" type=\"text\/javascript\"><\/script><\/p>\n<p><script src=\"chrome-extension:\/\/fpelahbljekknahkcaegamhcndkfpfnc\/iFrame.js\" type=\"text\/javascript\"><\/script><\/p>\n<p><script src=\"chrome-extension:\/\/fpelahbljekknahkcaegamhcndkfpfnc\/iFrame.js\" type=\"text\/javascript\"><\/script><\/p>\n<p><script src=\"chrome-extension:\/\/fpelahbljekknahkcaegamhcndkfpfnc\/iFrame.js\" type=\"text\/javascript\"><\/script><\/p>\n<p><script src=\"chrome-extension:\/\/fpelahbljekknahkcaegamhcndkfpfnc\/iFrame.js\" type=\"text\/javascript\"><\/script><\/p>\n<p><script src=\"chrome-extension:\/\/fpelahbljekknahkcaegamhcndkfpfnc\/iFrame.js\" type=\"text\/javascript\"><\/script><\/p>\n<p><script src=\"chrome-extension:\/\/fpelahbljekknahkcaegamhcndkfpfnc\/iFrame.js\" type=\"text\/javascript\"><\/script><\/p>\n<p><script src=\"chrome-extension:\/\/fpelahbljekknahkcaegamhcndkfpfnc\/iFrame.js\" type=\"text\/javascript\"><\/script><\/p>\n<p><script src=\"chrome-extension:\/\/fpelahbljekknahkcaegamhcndkfpfnc\/iFrame.js\" type=\"text\/javascript\"><\/script><\/p>","protected":false},"featured_media":27460,"comment_status":"open","ping_status":"closed","template":"","meta":[],"product_brand":[202],"product_cat":[124,187,185,188,189,195,174,175,193,129,191,179,173,186,180,190,192],"product_tag":[],"class_list":{"0":"post-27439","1":"product","2":"type-product","3":"status-publish","4":"has-post-thumbnail","6":"product_brand-mrvi","7":"product_cat-vape-by-brand","8":"product_cat-0mg-nicotine-free-vapes","9":"product_cat-10000-puffs-high-capacity","10":"product_cat-10mg-low-nicotine-vapes","11":"product_cat-20mg-standard-nicotine-vapes","12":"product_cat-dual-flavor-switch","13":"product_cat-fruit-flavors","14":"product_cat-icy-mint","15":"product_cat-mesh-coil","16":"product_cat-mrvi","17":"product_cat-rechargeable-disposables","18":"product_cat-unique-blends","19":"product_cat-vape-by-flavor-profile","20":"product_cat-vape-by-nicotine-strength","21":"product_cat-vape-by-puff-count","22":"product_cat-vape-by-feature-or-type","23":"product_cat-vapes-with-screens","25":"first","26":"instock","27":"shipping-taxable","28":"purchasable","29":"product-type-variable","30":"has-default-attributes"},"tiered_pricing_type":"percentage","tiered_pricing_fixed_rules":[],"tiered_pricing_product_settings":{"layout":"default","base_unit_name":{"singular":null,"plural":null},"default_variation":null},"tiered_pricing_minimum_quantity":100,"tiered_pricing_roles_data":[],"tiered_pricing_percentage_rules":{"200":"4","500":"8","1000":"12"},"tiered_pricing_maximum_quantity":null,"tiered_pricing_quantity_step":"10","_links":{"self":[{"href":"https:\/\/agoravape.com\/ro\/wp-json\/wp\/v2\/product\/27439","targetHints":{"allow":["GET"]}}],"collection":[{"href":"https:\/\/agoravape.com\/ro\/wp-json\/wp\/v2\/product"}],"about":[{"href":"https:\/\/agoravape.com\/ro\/wp-json\/wp\/v2\/types\/product"}],"replies":[{"embeddable":true,"href":"https:\/\/agoravape.com\/ro\/wp-json\/wp\/v2\/comments?post=27439"}],"version-history":[{"count":0,"href":"https:\/\/agoravape.com\/ro\/wp-json\/wp\/v2\/product\/27439\/revisions"}],"wp:featuredmedia":[{"embeddable":true,"href":"https:\/\/agoravape.com\/ro\/wp-json\/wp\/v2\/media\/27460"}],"wp:attachment":[{"href":"https:\/\/agoravape.com\/ro\/wp-json\/wp\/v2\/media?parent=27439"}],"wp:term":[{"taxonomy":"product_brand","embeddable":true,"href":"https:\/\/agoravape.com\/ro\/wp-json\/wp\/v2\/product_brand?post=27439"},{"taxonomy":"product_cat","embeddable":true,"href":"https:\/\/agoravape.com\/ro\/wp-json\/wp\/v2\/product_cat?post=27439"},{"taxonomy":"product_tag","embeddable":true,"href":"https:\/\/agoravape.com\/ro\/wp-json\/wp\/v2\/product_tag?post=27439"}],"curies":[{"name":"wp","href":"https:\/\/api.w.org\/{rel}","templated":true}]}}