{"id":29200,"date":"2026-03-28T04:51:54","date_gmt":"2026-03-28T03:51:54","guid":{"rendered":"https:\/\/agoravape.com\/?post_type=product&#038;p=29200"},"modified":"2026-03-28T05:36:36","modified_gmt":"2026-03-28T04:36:36","slug":"vozol-star-40k-disposable-vape","status":"publish","type":"product","link":"https:\/\/agoravape.com\/ro\/product\/vozol-star-40k-disposable-vape\/","title":{"rendered":"Vape de unic\u0103 folosin\u021b\u0103 Vozol Star 40K | 40.000 de pufuri de satisfac\u021bie pur\u0103"},"content":{"rendered":"<p data-v-md-line=\"3\"><img loading=\"lazy\" decoding=\"async\" class=\"aligncenter size-full wp-image-29241\" src=\"https:\/\/agoravape.com\/wp-content\/uploads\/2026\/03\/Vozol-Star-40K-Disposable-Vape-40000-Puffs-of-Pure-Satisfaction_Agora_vape-7.jpg\" alt=\"\" width=\"1921\" height=\"1081\" srcset=\"https:\/\/agoravape.com\/wp-content\/uploads\/2026\/03\/Vozol-Star-40K-Disposable-Vape-40000-Puffs-of-Pure-Satisfaction_Agora_vape-7.jpg 1921w, https:\/\/agoravape.com\/wp-content\/uploads\/2026\/03\/Vozol-Star-40K-Disposable-Vape-40000-Puffs-of-Pure-Satisfaction_Agora_vape-7-300x169.jpg 300w, https:\/\/agoravape.com\/wp-content\/uploads\/2026\/03\/Vozol-Star-40K-Disposable-Vape-40000-Puffs-of-Pure-Satisfaction_Agora_vape-7-1024x576.jpg 1024w, https:\/\/agoravape.com\/wp-content\/uploads\/2026\/03\/Vozol-Star-40K-Disposable-Vape-40000-Puffs-of-Pure-Satisfaction_Agora_vape-7-768x432.jpg 768w, https:\/\/agoravape.com\/wp-content\/uploads\/2026\/03\/Vozol-Star-40K-Disposable-Vape-40000-Puffs-of-Pure-Satisfaction_Agora_vape-7-1536x864.jpg 1536w, https:\/\/agoravape.com\/wp-content\/uploads\/2026\/03\/Vozol-Star-40K-Disposable-Vape-40000-Puffs-of-Pure-Satisfaction_Agora_vape-7-18x10.jpg 18w, https:\/\/agoravape.com\/wp-content\/uploads\/2026\/03\/Vozol-Star-40K-Disposable-Vape-40000-Puffs-of-Pure-Satisfaction_Agora_vape-7-1200x675.jpg 1200w\" sizes=\"auto, (max-width: 1921px) 100vw, 1921px\" \/> <img loading=\"lazy\" decoding=\"async\" class=\"aligncenter size-full wp-image-29237\" src=\"https:\/\/agoravape.com\/wp-content\/uploads\/2026\/03\/Vozol-Star-40K-Disposable-Vape-40000-Puffs-of-Pure-Satisfaction_Agora_vape-5.jpg\" alt=\"\" width=\"1920\" height=\"1080\" srcset=\"https:\/\/agoravape.com\/wp-content\/uploads\/2026\/03\/Vozol-Star-40K-Disposable-Vape-40000-Puffs-of-Pure-Satisfaction_Agora_vape-5.jpg 1920w, https:\/\/agoravape.com\/wp-content\/uploads\/2026\/03\/Vozol-Star-40K-Disposable-Vape-40000-Puffs-of-Pure-Satisfaction_Agora_vape-5-300x169.jpg 300w, https:\/\/agoravape.com\/wp-content\/uploads\/2026\/03\/Vozol-Star-40K-Disposable-Vape-40000-Puffs-of-Pure-Satisfaction_Agora_vape-5-1024x576.jpg 1024w, https:\/\/agoravape.com\/wp-content\/uploads\/2026\/03\/Vozol-Star-40K-Disposable-Vape-40000-Puffs-of-Pure-Satisfaction_Agora_vape-5-768x432.jpg 768w, https:\/\/agoravape.com\/wp-content\/uploads\/2026\/03\/Vozol-Star-40K-Disposable-Vape-40000-Puffs-of-Pure-Satisfaction_Agora_vape-5-1536x864.jpg 1536w, https:\/\/agoravape.com\/wp-content\/uploads\/2026\/03\/Vozol-Star-40K-Disposable-Vape-40000-Puffs-of-Pure-Satisfaction_Agora_vape-5-18x10.jpg 18w, https:\/\/agoravape.com\/wp-content\/uploads\/2026\/03\/Vozol-Star-40K-Disposable-Vape-40000-Puffs-of-Pure-Satisfaction_Agora_vape-5-1200x675.jpg 1200w\" sizes=\"auto, (max-width: 1920px) 100vw, 1920px\" \/> <img loading=\"lazy\" decoding=\"async\" class=\"aligncenter size-full wp-image-29235\" src=\"https:\/\/agoravape.com\/wp-content\/uploads\/2026\/03\/Vozol-Star-40K-Disposable-Vape-40000-Puffs-of-Pure-Satisfaction_Agora_vape-4.jpg\" alt=\"\" width=\"1881\" height=\"1280\" srcset=\"https:\/\/agoravape.com\/wp-content\/uploads\/2026\/03\/Vozol-Star-40K-Disposable-Vape-40000-Puffs-of-Pure-Satisfaction_Agora_vape-4.jpg 1881w, https:\/\/agoravape.com\/wp-content\/uploads\/2026\/03\/Vozol-Star-40K-Disposable-Vape-40000-Puffs-of-Pure-Satisfaction_Agora_vape-4-300x204.jpg 300w, https:\/\/agoravape.com\/wp-content\/uploads\/2026\/03\/Vozol-Star-40K-Disposable-Vape-40000-Puffs-of-Pure-Satisfaction_Agora_vape-4-1024x697.jpg 1024w, https:\/\/agoravape.com\/wp-content\/uploads\/2026\/03\/Vozol-Star-40K-Disposable-Vape-40000-Puffs-of-Pure-Satisfaction_Agora_vape-4-768x523.jpg 768w, https:\/\/agoravape.com\/wp-content\/uploads\/2026\/03\/Vozol-Star-40K-Disposable-Vape-40000-Puffs-of-Pure-Satisfaction_Agora_vape-4-1536x1045.jpg 1536w, https:\/\/agoravape.com\/wp-content\/uploads\/2026\/03\/Vozol-Star-40K-Disposable-Vape-40000-Puffs-of-Pure-Satisfaction_Agora_vape-4-18x12.jpg 18w, https:\/\/agoravape.com\/wp-content\/uploads\/2026\/03\/Vozol-Star-40K-Disposable-Vape-40000-Puffs-of-Pure-Satisfaction_Agora_vape-4-1200x817.jpg 1200w\" sizes=\"auto, (max-width: 1881px) 100vw, 1881px\" \/> <img loading=\"lazy\" decoding=\"async\" class=\"aligncenter size-full wp-image-29233\" src=\"https:\/\/agoravape.com\/wp-content\/uploads\/2026\/03\/Vozol-Star-40K-Disposable-Vape-40000-Puffs-of-Pure-Satisfaction_Agora_vape-3.jpg\" alt=\"\" width=\"1706\" height=\"1279\" srcset=\"https:\/\/agoravape.com\/wp-content\/uploads\/2026\/03\/Vozol-Star-40K-Disposable-Vape-40000-Puffs-of-Pure-Satisfaction_Agora_vape-3.jpg 1706w, https:\/\/agoravape.com\/wp-content\/uploads\/2026\/03\/Vozol-Star-40K-Disposable-Vape-40000-Puffs-of-Pure-Satisfaction_Agora_vape-3-300x225.jpg 300w, https:\/\/agoravape.com\/wp-content\/uploads\/2026\/03\/Vozol-Star-40K-Disposable-Vape-40000-Puffs-of-Pure-Satisfaction_Agora_vape-3-1024x768.jpg 1024w, https:\/\/agoravape.com\/wp-content\/uploads\/2026\/03\/Vozol-Star-40K-Disposable-Vape-40000-Puffs-of-Pure-Satisfaction_Agora_vape-3-768x576.jpg 768w, https:\/\/agoravape.com\/wp-content\/uploads\/2026\/03\/Vozol-Star-40K-Disposable-Vape-40000-Puffs-of-Pure-Satisfaction_Agora_vape-3-1536x1152.jpg 1536w, https:\/\/agoravape.com\/wp-content\/uploads\/2026\/03\/Vozol-Star-40K-Disposable-Vape-40000-Puffs-of-Pure-Satisfaction_Agora_vape-3-16x12.jpg 16w, https:\/\/agoravape.com\/wp-content\/uploads\/2026\/03\/Vozol-Star-40K-Disposable-Vape-40000-Puffs-of-Pure-Satisfaction_Agora_vape-3-1200x900.jpg 1200w\" sizes=\"auto, (max-width: 1706px) 100vw, 1706px\" \/> <img loading=\"lazy\" decoding=\"async\" class=\"aligncenter size-full wp-image-29231\" src=\"https:\/\/agoravape.com\/wp-content\/uploads\/2026\/03\/Vozol-Star-40K-Disposable-Vape-40000-Puffs-of-Pure-Satisfaction_Agora_vape-2.jpg\" alt=\"\" width=\"2160\" height=\"1265\" srcset=\"https:\/\/agoravape.com\/wp-content\/uploads\/2026\/03\/Vozol-Star-40K-Disposable-Vape-40000-Puffs-of-Pure-Satisfaction_Agora_vape-2.jpg 2160w, https:\/\/agoravape.com\/wp-content\/uploads\/2026\/03\/Vozol-Star-40K-Disposable-Vape-40000-Puffs-of-Pure-Satisfaction_Agora_vape-2-300x176.jpg 300w, https:\/\/agoravape.com\/wp-content\/uploads\/2026\/03\/Vozol-Star-40K-Disposable-Vape-40000-Puffs-of-Pure-Satisfaction_Agora_vape-2-1024x600.jpg 1024w, https:\/\/agoravape.com\/wp-content\/uploads\/2026\/03\/Vozol-Star-40K-Disposable-Vape-40000-Puffs-of-Pure-Satisfaction_Agora_vape-2-768x450.jpg 768w, https:\/\/agoravape.com\/wp-content\/uploads\/2026\/03\/Vozol-Star-40K-Disposable-Vape-40000-Puffs-of-Pure-Satisfaction_Agora_vape-2-1536x900.jpg 1536w, https:\/\/agoravape.com\/wp-content\/uploads\/2026\/03\/Vozol-Star-40K-Disposable-Vape-40000-Puffs-of-Pure-Satisfaction_Agora_vape-2-2048x1199.jpg 2048w, https:\/\/agoravape.com\/wp-content\/uploads\/2026\/03\/Vozol-Star-40K-Disposable-Vape-40000-Puffs-of-Pure-Satisfaction_Agora_vape-2-18x12.jpg 18w, https:\/\/agoravape.com\/wp-content\/uploads\/2026\/03\/Vozol-Star-40K-Disposable-Vape-40000-Puffs-of-Pure-Satisfaction_Agora_vape-2-1200x703.jpg 1200w\" sizes=\"auto, (max-width: 2160px) 100vw, 2160px\" \/><\/p>\n<p data-v-md-line=\"3\">Descoper\u0103 vapingul ca niciodat\u0103 \u00eenainte cu Vozol Star 40K \u2014 vape-ul de unic\u0103 folosin\u021b\u0103 suprem, cu capacitate mare, creat pentru cei care cer arom\u0103 excep\u021bional\u0103, utilizare \u00eendelungat\u0103 \u0219i func\u021bionare f\u0103r\u0103 b\u0103t\u0103i de cap. Fie c\u0103 e\u0219ti un vaper ocazional sau un utilizator intens, acest dispozitiv ofer\u0103 o experien\u021b\u0103 de neegalat care te face s\u0103 revii mereu pentru mai mult.<\/p>\n<h2 data-v-md-heading=\"unmatched-performance-that-goes-the-distance\" data-v-md-line=\"5\">Performan\u021b\u0103 de neegalat, care dureaz\u0103<\/h2>\n<p data-v-md-line=\"7\">Te-ai s\u0103turat s\u0103 \u00ee\u021bi \u00eenlocuie\u0219ti constant vape-ul? Vozol Star 40K este aici ca s\u0103 schimbe regulile jocului. Cu o impresionant\u0103 capacitate de\u00a0<strong>40.000 de pufuri<\/strong>\u00a0, acest dispozitiv este construit s\u0103 dureze s\u0103pt\u0103m\u00e2ni sau chiar luni cu o singur\u0103 unitate \u2014 f\u0103r\u0103 drumuri frecvente la magazin, f\u0103r\u0103 sesiuni \u00eentrerupte, doar pl\u0103cere pur\u0103 \u0219i ne\u00eentrerupt\u0103 de vaping.<\/p>\n<p data-v-md-line=\"9\">Echipat cu o\u00a0<strong>baterie re\u00eenc\u0103rcabil\u0103 de 1000 mAh<\/strong>, Star 40K te asigur\u0103 c\u0103 ob\u021bii fiecare strop de valoare din e-lichidul t\u0103u. C\u00e2nd este timpul s\u0103 \u00eel re\u00eencarci, folose\u0219te pur \u0219i simplu orice cablu USB Type-C \u2014 acela\u0219i pe care \u00eel folose\u0219ti pentru smartphone-ul t\u0103u. Este at\u00e2t de convenabil. F\u0103r\u0103 \u00eenc\u0103rc\u0103toare speciale, f\u0103r\u0103 configur\u0103ri complicate, doar conectezi \u0219i folose\u0219ti.<\/p>\n<p data-v-md-line=\"11\">Rezervorul de\u00a0<strong>20 ml de e-lichid<\/strong>\u00a0ofer\u0103 cantit\u0103\u021bi generoase din aromele tale preferate, ceea ce \u00eenseamn\u0103 mai pu\u021bine reumpleri \u0219i mai mult\u0103 pl\u0103cere. Combinat cu tehnologia avansat\u0103 a rezisten\u021bei mesh, fiecare puf ofer\u0103 vapori constan\u021bi, boga\u021bi \u0219i fini, p\u0103str\u00e2nd aroma autentic\u0103 de la prima inhalare p\u00e2n\u0103 la ultima.<\/p>\n<h2 data-v-md-heading=\"designed-for-the-modern-vaper\" data-v-md-line=\"13\">Conceput pentru vaperul modern<\/h2>\n<p data-v-md-line=\"15\">Vozol Star 40K are un design elegant \u0219i compact, cu dimensiuni de\u00a0<strong>555 x 258 x 380mm<\/strong>, ceea ce \u00eel face confortabil de \u021binut \u00een m\u00e2n\u0103 \u0219i u\u0219or de transportat oriunde mergi. Fie c\u0103 e\u0219ti acas\u0103, la munc\u0103 sau \u00een deplasare, acest dispozitiv se potrive\u0219te perfect \u00een m\u00e2na ta \u0219i stilului t\u0103u de via\u021b\u0103.<\/p>\n<p data-v-md-line=\"17\">F\u0103r\u0103 butoane, f\u0103r\u0103 meniuri, f\u0103r\u0103 complica\u021bii. Star 40K se activeaz\u0103 prin inhalare, ceea ce \u00eenseamn\u0103 c\u0103 trebuie doar s\u0103 tragi pentru a \u00eencepe s\u0103 vapezi. Este alegerea perfect\u0103 at\u00e2t pentru \u00eencep\u0103tori, c\u00e2t \u0219i pentru vaperii experimenta\u021bi care apreciaz\u0103 simplitatea f\u0103r\u0103 a sacrifica performan\u021ba.<\/p>\n<p data-v-md-line=\"19\">Un ecran digital LED te \u021bine informat dintr-o privire, afi\u0219\u00e2nd nivelul bateriei \u0219i num\u0103rul de pufuri, astfel \u00eenc\u00e2t s\u0103 nu fii niciodat\u0103 luat prin surprindere. C\u00e2nd bateria este desc\u0103rcat\u0103, vei \u0219ti exact c\u00e2nd este timpul s\u0103 o re\u00eencarci.<\/p>\n<h2 data-v-md-heading=\"_25-irresistible-flavors-to-explore\" data-v-md-line=\"21\">25 de arome irezistibile de explorat<\/h2>\n<p data-v-md-line=\"23\">Una dintre caracteristicile remarcabile ale Vozol Star 40K este varietatea sa incredibil\u0103 de\u00a0<strong>25 de arome premium<\/strong>, fiecare creat\u0103 cu precizie pentru a oferi o experien\u021b\u0103 de vaping unic\u0103 \u0219i satisf\u0103c\u0103toare:<\/p>\n<ul data-v-md-line=\"25\">\n<li><strong>Ghea\u021b\u0103 albastr\u0103 Razz<\/strong>\u00a0\u2014 Un amestec ispititor de zmeur\u0103 albastr\u0103 cu o not\u0103 r\u0103coritoare de ghea\u021b\u0103<\/li>\n<li><strong>Ghea\u021b\u0103 de afine<\/strong>\u00a0\u2014 Afine dulci \u00eent\u00e2lnesc mentolul revigorant<\/li>\n<li><strong>Blueberry Mint<\/strong>\u00a0\u2014 Arom\u0103 clasic\u0103 de afine cu un finisaj proasp\u0103t de ment\u0103<\/li>\n<li><strong>Blueberry Watermelon<\/strong>\u00a0\u2014 Dou\u0103 fructe \u00eendr\u0103gite se reunesc \u00eentr-o armonie perfect\u0103<\/li>\n<li><strong>Cherimoya Grapefruit Berries<\/strong>\u00a0\u2014 Cherimoya exotic\u0103 se \u00eent\u00e2lne\u0219te cu grepfrutul citric \u0219i fructele de p\u0103dure mixte<\/li>\n<li><strong>Cola cu cire\u0219e<\/strong>\u00a0\u2014 Gustul nostalgic al b\u0103uturii tale carbogazoase preferate<\/li>\n<li><strong>Ghea\u021b\u0103 de struguri<\/strong>\u00a0\u2014 Arom\u0103 suculent\u0103 de struguri cu o not\u0103 rece<\/li>\n<li><strong>Mango Ice<\/strong>\u00a0\u2014 Deliciu tropical de mango r\u0103corit cu ghea\u021b\u0103<\/li>\n<li><strong>Mango Piersic\u0103<\/strong>\u00a0\u2014 O combina\u021bie de vis \u00eentre mango copt \u0219i piersic\u0103<\/li>\n<li><strong>Melon Gum<\/strong>\u00a0\u2014 Arom\u0103 de bomboan\u0103 gumat\u0103 cu pepene care readuce amintiri din copil\u0103rie<\/li>\n<li><strong>Melon Ice<\/strong>\u00a0\u2014 Pepene r\u0103coritor cu un finisaj rece de mentol<\/li>\n<li><strong>Ghea\u021b\u0103 de piersic\u0103<\/strong>\u00a0\u2014 Piersic\u0103 dulce amestecat\u0103 cu mentol rece<\/li>\n<li><strong>M\u0103r acru ghea\u021b\u0103<\/strong>\u00a0\u2014 M\u0103r verde acri\u0219or cu o not\u0103 acidulat\u0103 \u0219i ghea\u021b\u0103<\/li>\n<li><strong>Ghea\u021b\u0103 de c\u0103p\u0219uni<\/strong>\u00a0\u2014 Arom\u0103 clasic\u0103 de c\u0103p\u0219uni cu o tent\u0103 rece \u0219i revigorant\u0103<\/li>\n<li><strong>C\u0103p\u0219uni Kiwi<\/strong>\u00a0\u2014 C\u0103p\u0219uni dulci asociate cu kiwi acri\u0219or<\/li>\n<li><strong>C\u0103p\u0219uni \u0219i pepene verde<\/strong>\u00a0\u2014 Un duo r\u0103coritor de var\u0103 cu c\u0103p\u0219uni \u0219i pepene ro\u0219u<\/li>\n<li><strong>Strawmelon Peach<\/strong>\u00a0\u2014 Fuziunea suprem\u0103 de fructe cu c\u0103p\u0219uni, pepene ro\u0219u \u0219i piersic\u0103<\/li>\n<li><strong>Vzbull<\/strong>\u00a0\u2014 Un amestec exclusiv cu semn\u0103tura Vozol<\/li>\n<li><strong>Gum\u0103 de mestecat cu pepene verde<\/strong>\u00a0\u2014 Arom\u0103 dulce de bomboane cu pepene ro\u0219u<\/li>\n<li><strong>Watermelon Grape Boysenberry<\/strong>\u00a0\u2014 Un amestec complex de fructe de p\u0103dure cu pepene ro\u0219u, struguri \u0219i mur\u0103 boysen<\/li>\n<li><strong>Ghea\u021b\u0103 de pepene verde<\/strong>\u00a0\u2014 Pepene ro\u0219u crocant cu un finisaj r\u0103coritor de mentol<\/li>\n<li><strong>Pepene ro\u0219u cu piersic\u0103 acri\u0219oar\u0103<\/strong>\u00a0\u2014 Pepenele ro\u0219u dulce \u0219i acri\u0219or se \u00eent\u00e2lne\u0219te cu piersica acr\u0103<\/li>\n<li><strong>Piersic\u0103 alb\u0103 cu zmeur\u0103<\/strong>\u00a0\u2014 Piersic\u0103 alb\u0103 delicat\u0103 combinat\u0103 cu zmeur\u0103 acri\u0219oar\u0103<\/li>\n<\/ul>\n<p data-v-md-line=\"49\">Cu 25 de op\u021biuni incredibile, exist\u0103 o arom\u0103 pentru fiecare stare \u0219i pentru fiecare gust. De la senza\u021bii intens r\u0103coritoare la amestecuri dulci de fructe, Vozol Star 40K ofer\u0103 o varietate care p\u0103streaz\u0103 experien\u021ba interesant\u0103.<\/p>\n<h2 data-v-md-heading=\"why-vapers-love-the-vozol-star-40k\" data-v-md-line=\"51\">De ce iubesc vaperii Vozol Star 40K<\/h2>\n<ul data-v-md-line=\"53\">\n<li><strong>Num\u0103r masiv de pufuri<\/strong>\u00a0\u2014 40.000 de pufuri \u00eenseamn\u0103 c\u0103 acest dispozitiv rezist\u0103 foarte mult timp, economisindu-\u021bi bani \u0219i b\u0103t\u0103i de cap<\/li>\n<li><strong>Baterie re\u00eenc\u0103rcabil\u0103<\/strong>\u00a0\u2014 Profit\u0103 la maximum de e-lichidul t\u0103u cu \u00eenc\u0103rcare u\u0219oar\u0103 Type-C<\/li>\n<li><strong>Calitate premium a aromei<\/strong>\u00a0\u2014 Tehnologia avansat\u0103 cu rezisten\u021b\u0103 mesh asigur\u0103 o arom\u0103 bogat\u0103 \u0219i constant\u0103 la fiecare puf<\/li>\n<li><strong>Activare prin inhalare<\/strong>\u00a0\u2014 F\u0103r\u0103 butoane, f\u0103r\u0103 complica\u021bii \u2014 doar inhalezi \u0219i te bucuri<\/li>\n<li><strong>Ecran digital LED<\/strong>\u00a0\u2014 R\u0103m\u00e2i informat cu afi\u0219area \u00een timp real a bateriei \u0219i a num\u0103rului de pufuri<\/li>\n<li><strong>Design portabil<\/strong>\u00a0\u2014 Elegant \u0219i compact pentru vaping oriunde, oric\u00e2nd<\/li>\n<li><strong>Op\u021biuni en-gros disponibile<\/strong>\u00a0\u2014 Perfect pentru retaileri \u0219i rev\u00e2nz\u0103tori, cu\u00a0<strong>200 de unit\u0103\u021bi per cutie<\/strong>\u00a0la\u00a0<strong>23,3 kg<\/strong><\/li>\n<\/ul>\n<h2 data-v-md-heading=\"perfect-for-personal-use-or-business\" data-v-md-line=\"61\">Perfect pentru uz personal sau afaceri<\/h2>\n<p data-v-md-line=\"63\">Whether you\u2019re stocking up for personal enjoyment or sourcing products for your retail business, the Vozol Star 40K is an excellent choice. The bulk packaging of 200 units per carton makes it ideal for wholesalers and store owners looking to offer their customers a premium high-capacity disposable vape.<\/p>\n<h2 data-v-md-heading=\"elevate-your-vaping-experience\" data-v-md-line=\"65\">\u00cembun\u0103t\u0103\u021be\u0219te-\u021bi experien\u021ba de vaping<\/h2>\n<p data-v-md-line=\"67\">Vozol Star 40K reprezint\u0103 combina\u021bia perfect\u0103 \u00eentre performan\u021b\u0103, comoditate \u0219i varietate. Nu este doar un vape de unic\u0103 folosin\u021b\u0103 \u2014 este pa\u0219aportul t\u0103u c\u0103tre o experien\u021b\u0103 extins\u0103 de vaping care ofer\u0103 arom\u0103 excep\u021bional\u0103, putere fiabil\u0103 \u0219i confort de neegalat.<\/p>\n<p data-v-md-line=\"69\"><strong>E\u0219ti gata s\u0103 experimentezi viitorul vapingului de unic\u0103 folosin\u021b\u0103?<\/strong><\/p>\n<p data-v-md-line=\"73\"><strong>Specifica\u021biile produsului<\/strong><\/p>\n<ul data-v-md-line=\"75\">\n<li><strong>Num\u0103r de pufuri:<\/strong>\u00a0P\u00e2n\u0103 la 40.000 de pufuri<\/li>\n<li><strong>Capacitatea bateriei:<\/strong>\u00a01000mAh (re\u00eenc\u0103rcabil\u0103)<\/li>\n<li><strong>Capacitate E-lichid:<\/strong>\u00a020 ml<\/li>\n<li><strong>Dimensiuni:<\/strong>\u00a0555 x 258 x 380mm<\/li>\n<li><strong>Charging:<\/strong>\u00a0USB Type-C<\/li>\n<li><strong>Activare:<\/strong>\u00a0Activare prin inhalare<\/li>\n<li><strong>Afi\u0219aj:<\/strong>\u00a0Ecran digital LED<\/li>\n<li><strong>Arome:<\/strong>\u00a025 de op\u021biuni<\/li>\n<li><strong>Ambalare:<\/strong>\u00a0200 de unit\u0103\u021bi per cutie (23,3 kg)<\/li>\n<\/ul>\n<div style=\"width: 544px;\" class=\"wp-video\"><video class=\"wp-video-shortcode\" id=\"video-29200-1\" width=\"544\" height=\"960\" preload=\"metadata\" controls=\"controls\"><source type=\"video\/mp4\" src=\"https:\/\/agoravape.com\/wp-content\/uploads\/2026\/03\/Vozol-Star-40K-Disposable-Vape-40000-Puffs-of-Pure-Satisfaction_Agora_vape-1.mp4?_=1\" \/><a href=\"https:\/\/agoravape.com\/wp-content\/uploads\/2026\/03\/Vozol-Star-40K-Disposable-Vape-40000-Puffs-of-Pure-Satisfaction_Agora_vape-1.mp4\">https:\/\/agoravape.com\/wp-content\/uploads\/2026\/03\/Vozol-Star-40K-Disposable-Vape-40000-Puffs-of-Pure-Satisfaction_Agora_vape-1.mp4<\/a><\/video><\/div>\n<p data-v-md-line=\"87\"><em>Declinarea responsabilit\u0103\u021bii: V\u0103 rug\u0103m s\u0103 verifica\u021bi reglement\u0103rile locale privind produsele cu nicotin\u0103 \u00eenainte de achizi\u021bie. Acest produs este destinat exclusiv adul\u021bilor.<\/em><\/p>","protected":false},"excerpt":{"rendered":"<p>&nbsp;<\/p>","protected":false},"featured_media":29296,"comment_status":"open","ping_status":"closed","template":"","meta":[],"product_brand":[226],"product_cat":[124,185,189,1639,194,177,1674,174,175,193,191,179,173,186,180,190,153],"product_tag":[],"class_list":{"0":"post-29200","1":"product","2":"type-product","3":"status-publish","4":"has-post-thumbnail","6":"product_brand-vozol","7":"product_cat-vape-by-brand","8":"product_cat-10000-puffs-high-capacity","9":"product_cat-20mg-standard-nicotine-vapes","10":"product_cat-40000-puffs","11":"product_cat-adjustable-airflow","12":"product_cat-dessert-sweets","13":"product_cat-eu-warehouse","14":"product_cat-fruit-flavors","15":"product_cat-icy-mint","16":"product_cat-mesh-coil","17":"product_cat-rechargeable-disposables","18":"product_cat-unique-blends","19":"product_cat-vape-by-flavor-profile","20":"product_cat-vape-by-nicotine-strength","21":"product_cat-vape-by-puff-count","22":"product_cat-vape-by-feature-or-type","23":"product_cat-vozol","25":"first","26":"instock","27":"shipping-taxable","28":"purchasable","29":"product-type-variable","30":"has-default-attributes"},"tiered_pricing_type":"percentage","tiered_pricing_fixed_rules":[],"tiered_pricing_product_settings":{"layout":"default","base_unit_name":{"singular":null,"plural":null},"default_variation":null},"tiered_pricing_minimum_quantity":10,"tiered_pricing_roles_data":[],"tiered_pricing_percentage_rules":{"30":"5.5","50":"18","100":"21","1000":"27"},"tiered_pricing_maximum_quantity":null,"tiered_pricing_quantity_step":"10","_links":{"self":[{"href":"https:\/\/agoravape.com\/ro\/wp-json\/wp\/v2\/product\/29200","targetHints":{"allow":["GET"]}}],"collection":[{"href":"https:\/\/agoravape.com\/ro\/wp-json\/wp\/v2\/product"}],"about":[{"href":"https:\/\/agoravape.com\/ro\/wp-json\/wp\/v2\/types\/product"}],"replies":[{"embeddable":true,"href":"https:\/\/agoravape.com\/ro\/wp-json\/wp\/v2\/comments?post=29200"}],"version-history":[{"count":1,"href":"https:\/\/agoravape.com\/ro\/wp-json\/wp\/v2\/product\/29200\/revisions"}],"predecessor-version":[{"id":29800,"href":"https:\/\/agoravape.com\/ro\/wp-json\/wp\/v2\/product\/29200\/revisions\/29800"}],"wp:featuredmedia":[{"embeddable":true,"href":"https:\/\/agoravape.com\/ro\/wp-json\/wp\/v2\/media\/29296"}],"wp:attachment":[{"href":"https:\/\/agoravape.com\/ro\/wp-json\/wp\/v2\/media?parent=29200"}],"wp:term":[{"taxonomy":"product_brand","embeddable":true,"href":"https:\/\/agoravape.com\/ro\/wp-json\/wp\/v2\/product_brand?post=29200"},{"taxonomy":"product_cat","embeddable":true,"href":"https:\/\/agoravape.com\/ro\/wp-json\/wp\/v2\/product_cat?post=29200"},{"taxonomy":"product_tag","embeddable":true,"href":"https:\/\/agoravape.com\/ro\/wp-json\/wp\/v2\/product_tag?post=29200"}],"curies":[{"name":"wp","href":"https:\/\/api.w.org\/{rel}","templated":true}]}}