{"id":10804,"date":"2025-09-22T22:34:52","date_gmt":"2025-09-22T14:34:52","guid":{"rendered":"https:\/\/green-grasshopper-921422.hostingersite.com\/?page_id=10804"},"modified":"2025-09-22T22:34:55","modified_gmt":"2025-09-22T14:34:55","slug":"agoravape-returpolicy","status":"publish","type":"page","link":"https:\/\/agoravape.com\/sv\/agoravape-return-policy\/","title":{"rendered":"AgoraVapes returpolicy"},"content":{"rendered":"<h1 class=\"wp-block-heading has-text-align-center\">AgoraVapes returpolicy<\/h1>\n\n\n\n<p><br><strong>Tack f\u00f6r att du handlar hos AgoraVape!<\/strong>\u00a0V\u00e4nligen l\u00e4s v\u00e5r returpolicy noggrant:<\/p>\n\n\n\n<p>Retur inom 12 timmar: Du kan beg\u00e4ra en retur inom 12 timmar efter best\u00e4llningen. V\u00e4nligen kontakta oss snart om du avbryter f\u00f6r full retur.<\/p>\n\n\n\n<p>Efter 12 timmar: Best\u00e4llningar \u00e4ldre \u00e4n 12 timmar kommer inte att f\u00e5 en fullst\u00e4ndig retur. Paketet har ofta redan skickats till tullen. Ingen fullst\u00e4ndig retur \u00e4r m\u00f6jlig.<\/p>\n\n\n\n<p>Delvis retur efter deadline: Efter 12 timmar kan max 50% av ditt orderbelopp returneras. Detta beror p\u00e5 kostnaden f\u00f6r att \u00e5terh\u00e4mta paketet fr\u00e5n tullen.<\/p>\n\n\n\n<p>Ingen retur efter leverans: Om paketet skickas och du har sp\u00e5rningsnummer \u00e4r ingen retur m\u00f6jlig.<\/p>\n\n\n\n<p>F\u00f6rs\u00e4kring &amp; tullproblem: Alla paket \u00e4r f\u00f6rs\u00e4krade. Om tullen kvarh\u00e5ller ditt paket och inte sl\u00e4pper det kommer du att f\u00e5 full retur.<\/p>\n\n\n\n<p>Fel adress eller leveransproblem: Om paketet inte kan levereras p\u00e5 grund av fel adress eller kundfel, m\u00e5ste kunden sj\u00e4lv betala ny fraktkostnad.<\/p>\n\n\n\n<p>Har du n\u00e5gra fr\u00e5gor? V\u00e4nligen kontakta v\u00e5rt kundteam.<\/p>\n\n\n\n<p><\/p>","protected":false},"excerpt":{"rendered":"<p>AgoraVape Returpolicy Tack f\u00f6r att du handlar p\u00e5 AgoraVape! V\u00e4nligen l\u00e4s v\u00e5r returpolicy noggrant: Returnera inom 12 timmar: Du kan beg\u00e4ra<\/p>","protected":false},"author":2,"featured_media":0,"parent":0,"menu_order":0,"comment_status":"closed","ping_status":"closed","template":"elementor_header_footer","meta":{"footnotes":""},"class_list":["post-10804","page","type-page","status-publish","hentry"],"_links":{"self":[{"href":"https:\/\/agoravape.com\/sv\/wp-json\/wp\/v2\/pages\/10804","targetHints":{"allow":["GET"]}}],"collection":[{"href":"https:\/\/agoravape.com\/sv\/wp-json\/wp\/v2\/pages"}],"about":[{"href":"https:\/\/agoravape.com\/sv\/wp-json\/wp\/v2\/types\/page"}],"author":[{"embeddable":true,"href":"https:\/\/agoravape.com\/sv\/wp-json\/wp\/v2\/users\/2"}],"replies":[{"embeddable":true,"href":"https:\/\/agoravape.com\/sv\/wp-json\/wp\/v2\/comments?post=10804"}],"version-history":[{"count":0,"href":"https:\/\/agoravape.com\/sv\/wp-json\/wp\/v2\/pages\/10804\/revisions"}],"wp:attachment":[{"href":"https:\/\/agoravape.com\/sv\/wp-json\/wp\/v2\/media?parent=10804"}],"curies":[{"name":"wp","href":"https:\/\/api.w.org\/{rel}","templated":true}]}}