{"id":10815,"date":"2025-09-22T23:21:55","date_gmt":"2025-09-22T15:21:55","guid":{"rendered":"https:\/\/green-grasshopper-921422.hostingersite.com\/?page_id=10815"},"modified":"2025-09-24T17:19:42","modified_gmt":"2025-09-24T09:19:42","slug":"fragor-och-svar","status":"publish","type":"page","link":"https:\/\/agoravape.com\/sv\/faqs\/","title":{"rendered":"Vanliga fr\u00e5gor"},"content":{"rendered":"<h1 class=\"wp-block-heading has-text-align-center\">Vanliga fr\u00e5gor och svar( FAQ )<\/h1>\n\n\n\n<h2 class=\"wp-block-heading\"><strong>Betalning<\/strong><\/h2>\n\n\n<div id=\"rank-math-faq\" class=\"rank-math-block\">\n<ul class=\"rank-math-list\">\n<li id=\"faq-question-1758677760300\" class=\"rank-math-list-item\">\n<h3 class=\"rank-math-question\">Vilka betalningsmetoder accepterar ni?<\/h3>\n<div class=\"rank-math-answer\">\n\n<p>Vi accepterar en m\u00e4ngd olika betalningsmetoder. Till exempel kreditkort, Trustly, Bancontact, Przelewy24, Multibanco, SEPA, Crypto \uff08USDT, BTC ect.\uff09 och mer. Kontrollera kassasidan f\u00f6r alla alternativ.<\/p>\n\n<\/div>\n<\/li>\n<li id=\"faq-question-1758677791437\" class=\"rank-math-list-item\">\n<h3 class=\"rank-math-question\">Varf\u00f6r avvisades min betalning?<\/h3>\n<div class=\"rank-math-answer\">\n\n<p>Betalningar kan avvisas av flera sk\u00e4l. Exempelvis felaktiga kortuppgifter, otillr\u00e4ckligt saldo eller problem med betaltj\u00e4nsten. V\u00e4nligen kontrollera dina uppgifter eller kontakta din bank\/betalningsleverant\u00f6r.<\/p>\n\n<\/div>\n<\/li>\n<li id=\"faq-question-1758677799119\" class=\"rank-math-list-item\">\n<h3 class=\"rank-math-question\">Hur kan jag f\u00e5 en faktura?<\/h3>\n<div class=\"rank-math-answer\">\n\n<p>Beg\u00e4ra en faktura? Kan g\u00f6ras i kassan. Vi skickar den via e-post i efterhand.<\/p>\n\n<\/div>\n<\/li>\n<li id=\"faq-question-1758677805392\" class=\"rank-math-list-item\">\n<h3 class=\"rank-math-question\">Erbjuder ni betalningsalternativet postf\u00f6rskott (COD)?<\/h3>\n<div class=\"rank-math-answer\">\n\n<p>Nej, vi har inte postf\u00f6rskott. Du m\u00e5ste betala online n\u00e4r du best\u00e4ller.<\/p>\n\n<\/div>\n<\/li>\n<li id=\"faq-question-1758677842806\" class=\"rank-math-list-item\">\n<h3 class=\"rank-math-question\">Finns det m\u00f6jlighet att ange en rabattkod eller ett presentkort?<\/h3>\n<div class=\"rank-math-answer\">\n\n<p>Ja, har du en kod eller kupong? Ange koden p\u00e5 kassasidan f\u00f6r att f\u00e5 rabatt.<\/p>\n\n<\/div>\n<\/li>\n<li id=\"faq-question-1758677850262\" class=\"rank-math-list-item\">\n<h3 class=\"rank-math-question\">\u00c4r betalningen s\u00e4ker?<\/h3>\n<div class=\"rank-math-answer\">\n\n<p>Vi tillhandah\u00e5ller s\u00e4kra betalningar. Vi anv\u00e4nder kryptering och f\u00f6ljer PCI-standarder.<\/p>\n\n<\/div>\n<\/li>\n<li id=\"faq-question-1758677856599\" class=\"rank-math-list-item\">\n<h3 class=\"rank-math-question\">Hur kan jag f\u00e5 en orderbekr\u00e4ftelse efter att ha gjort en betalning?<\/h3>\n<div class=\"rank-math-answer\">\n\n<p>Ja, omedelbart efter genomf\u00f6rd betalning kommer du att f\u00e5 ett e-postmeddelande med orderbekr\u00e4ftelse.<\/p>\n\n<\/div>\n<\/li>\n<li id=\"faq-question-1758677863213\" class=\"rank-math-list-item\">\n<h3 class=\"rank-math-question\">Hur kan jag beg\u00e4ra en retur?<\/h3>\n<div class=\"rank-math-answer\">\n\n<p>V\u00e4nligen kontakta v\u00e5r kundtj\u00e4nst. V\u00e4nligen ange dina best\u00e4llningsuppgifter. Vi kommer att hj\u00e4lpa till enligt v\u00e5r returpolicy.<\/p>\n\n<\/div>\n<\/li>\n<li id=\"faq-question-1758677871426\" class=\"rank-math-list-item\">\n<h3 class=\"rank-math-question\">Hur kan jag se min orderhistorik efter att ha gjort en betalning?<\/h3>\n<div class=\"rank-math-answer\">\n\n<p>Logga in p\u00e5 ditt konto. G\u00e5 till \u201cMitt konto\u201d. I orderhistoriken ser du alla betalningar och status f\u00f6r dina order.<\/p>\n\n<\/div>\n<\/li>\n<\/ul>\n<\/div>\n\n\n<h2 class=\"wp-block-heading\">Frakt<\/h2>\n\n\n<div id=\"rank-math-faq\" class=\"rank-math-block\">\n<ul class=\"rank-math-list\">\n<li id=\"faq-question-1758677890188\" class=\"rank-math-list-item\">\n<h3 class=\"rank-math-question\">Vad \u00e4r leveranspolicyn?<\/h3>\n<div class=\"rank-math-answer\">\n\n<p>L\u00e4nder som vi kan leverera till\u00a0<strong>DDP<\/strong>\u00a0(<strong>Leveransavgift betald<\/strong>) Metod, det beg\u00e4r inte att du g\u00f6r tullklarering och inga tullar f\u00f6r dig.<br \/>- USA - UPS Express (utom Alaska och Hawaii)<br \/>- Storbritannien - Lokalt DPD Express<br \/>- Europa - UPS Express\/ DPD Express\/ DHL Express<br \/>Landlistor f\u00f6r Europa DDP-metoden: Tyskland, Belgien, Luxemburg, Nederl\u00e4nderna, Tjeckien, Polen, Kroatien, Slovakien, Slovenien, Finland, Danmark, Sverige, \u00d6sterrike, Frankrike, Italien, Ungern, Bulgarien, Litauen, Estland, Lettland, Grekland, Irland, Portugal, Spanien.<br \/>F\u00f6rs\u00e4ndelser till europeiska l\u00e4nder utom Storbritannien kommer att rensas i Tyskland och skickas till andra europeiska l\u00e4nder fr\u00e5n Tyskland.<br \/>- UAE (endast Dubai)<br \/>- Sydafrika<br \/>- Vietnam<br \/>- V\u00e4stra Malaysia \uff08expcet Kalimantan Island\uff09<\/p>\n<p><strong>Leveranstider f\u00f6r specifika l\u00e4nder:<\/strong><br \/>\n<table id=\"tablepress-1\" class=\"tablepress tablepress-id-1\">\n<thead>\n<tr class=\"row-1\">\n\t<th class=\"column-1\">LAND<\/th><th class=\"column-2\">FRAKTMETOD<\/th><th class=\"column-3\">LEVERANSTID<\/th>\n<\/tr>\n<\/thead>\n<tbody class=\"row-striping row-hover\">\n<tr class=\"row-2\">\n\t<td class=\"column-1\">USA<\/td><td class=\"column-2\">Lokalt UPS Ground<\/td><td class=\"column-3\">10-15 dagar<\/td>\n<\/tr>\n<tr class=\"row-3\">\n\t<td class=\"column-1\">STORBRITANNIEN<\/td><td class=\"column-2\">Lokal DPD Express<\/td><td class=\"column-3\">7-12 dagar<\/td>\n<\/tr>\n<tr class=\"row-4\">\n\t<td class=\"column-1\">Tyskland<\/td><td class=\"column-2\">UPS\/DPD\/DHL Tyskland<\/td><td class=\"column-3\">8-13 dagar<\/td>\n<\/tr>\n<tr class=\"row-5\">\n\t<td class=\"column-1\">Frankrike<\/td><td class=\"column-2\">UPS\/DPD\/DHL Tyskland<\/td><td class=\"column-3\">8-13 dagar<\/td>\n<\/tr>\n<tr class=\"row-6\">\n\t<td class=\"column-1\">Belgien<\/td><td class=\"column-2\">UPS\/DPD\/DHL Tyskland<\/td><td class=\"column-3\">8-13 dagar<\/td>\n<\/tr>\n<tr class=\"row-7\">\n\t<td class=\"column-1\">Luxemburg<\/td><td class=\"column-2\">UPS\/DPD\/DHL Tyskland<\/td><td class=\"column-3\">8-13 dagar<\/td>\n<\/tr>\n<tr class=\"row-8\">\n\t<td class=\"column-1\">Nederl\u00e4nderna<\/td><td class=\"column-2\">UPS\/DPD\/DHL Tyskland<\/td><td class=\"column-3\">8-13 dagar<\/td>\n<\/tr>\n<tr class=\"row-9\">\n\t<td class=\"column-1\">Tjeckien<\/td><td class=\"column-2\">UPS\/DPD\/DHL Tyskland<\/td><td class=\"column-3\">8-13 dagar<\/td>\n<\/tr>\n<tr class=\"row-10\">\n\t<td class=\"column-1\">Polen<\/td><td class=\"column-2\">UPS\/DPD\/DHL Tyskland<\/td><td class=\"column-3\">8-13 dagar<\/td>\n<\/tr>\n<tr class=\"row-11\">\n\t<td class=\"column-1\">Kroatien<\/td><td class=\"column-2\">UPS\/DPD\/DHL Tyskland<\/td><td class=\"column-3\">8-13 dagar<\/td>\n<\/tr>\n<tr class=\"row-12\">\n\t<td class=\"column-1\">Slovakien<\/td><td class=\"column-2\">UPS\/DPD\/DHL Tyskland<\/td><td class=\"column-3\">8-13 dagar<\/td>\n<\/tr>\n<tr class=\"row-13\">\n\t<td class=\"column-1\">Slovenien<\/td><td class=\"column-2\">UPS\/DPD\/DHL Tyskland<\/td><td class=\"column-3\">8-13 dagar<\/td>\n<\/tr>\n<tr class=\"row-14\">\n\t<td class=\"column-1\">Finland<\/td><td class=\"column-2\">UPS\/DPD\/DHL Tyskland<\/td><td class=\"column-3\">8-13 dagar<\/td>\n<\/tr>\n<tr class=\"row-15\">\n\t<td class=\"column-1\">Danmark<\/td><td class=\"column-2\">UPS\/DPD\/DHL Tyskland<\/td><td class=\"column-3\">8-13 dagar<\/td>\n<\/tr>\n<tr class=\"row-16\">\n\t<td class=\"column-1\">Sverige<\/td><td class=\"column-2\">UPS\/DPD\/DHL Tyskland<\/td><td class=\"column-3\">8-13 dagar<\/td>\n<\/tr>\n<tr class=\"row-17\">\n\t<td class=\"column-1\">\u00d6sterrike<\/td><td class=\"column-2\">UPS\/DPD\/DHL Tyskland<\/td><td class=\"column-3\">8-13 dagar<\/td>\n<\/tr>\n<tr class=\"row-18\">\n\t<td class=\"column-1\">Italien<\/td><td class=\"column-2\">UPS\/DPD\/DHL Tyskland<\/td><td class=\"column-3\">8-13 dagar<\/td>\n<\/tr>\n<tr class=\"row-19\">\n\t<td class=\"column-1\">Ungern<\/td><td class=\"column-2\">UPS\/DPD\/DHL Tyskland<\/td><td class=\"column-3\">8-13 dagar<\/td>\n<\/tr>\n<tr class=\"row-20\">\n\t<td class=\"column-1\">Litauen<\/td><td class=\"column-2\">UPS\/DPD\/DHL Tyskland<\/td><td class=\"column-3\">8-13 dagar<\/td>\n<\/tr>\n<tr class=\"row-21\">\n\t<td class=\"column-1\">Estland<\/td><td class=\"column-2\">UPS\/DPD\/DHL Tyskland<\/td><td class=\"column-3\">8-13 dagar<\/td>\n<\/tr>\n<tr class=\"row-22\">\n\t<td class=\"column-1\">Lettland<\/td><td class=\"column-2\">UPS\/DPD\/DHL Tyskland<\/td><td class=\"column-3\">8-13 dagar<\/td>\n<\/tr>\n<tr class=\"row-23\">\n\t<td class=\"column-1\">Grekland<\/td><td class=\"column-2\">UPS\/DPD\/DHL Tyskland<\/td><td class=\"column-3\">8-13 dagar<\/td>\n<\/tr>\n<tr class=\"row-24\">\n\t<td class=\"column-1\">Irland<\/td><td class=\"column-2\">UPS\/DPD\/DHL Tyskland<\/td><td class=\"column-3\">8-13 dagar<\/td>\n<\/tr>\n<tr class=\"row-25\">\n\t<td class=\"column-1\">Portugal<\/td><td class=\"column-2\">UPS\/DPD\/DHL Tyskland<\/td><td class=\"column-3\">8-13 dagar<\/td>\n<\/tr>\n<tr class=\"row-26\">\n\t<td class=\"column-1\">Spanien<\/td><td class=\"column-2\">UPS\/DPD\/DHL Tyskland<\/td><td class=\"column-3\">8-13 dagar<\/td>\n<\/tr>\n<tr class=\"row-27\">\n\t<td class=\"column-1\">F\u00f6renade Arabemiraten (Dubai)<\/td><td class=\"column-2\">S\u00e4rskild linje till Dubai<\/td><td class=\"column-3\">12-18 dagar<\/td>\n<\/tr>\n<tr class=\"row-28\">\n\t<td class=\"column-1\">Sydafrika<\/td><td class=\"column-2\">Sydafrika dedikerad linje<\/td><td class=\"column-3\">15-25 dagar<\/td>\n<\/tr>\n<tr class=\"row-29\">\n\t<td class=\"column-1\">Vietnam<\/td><td class=\"column-2\">Vietnam dedikerad linje<\/td><td class=\"column-3\">3-5 dagar<\/td>\n<\/tr>\n<tr class=\"row-30\">\n\t<td class=\"column-1\">V\u00e4stra Malaysia<\/td><td class=\"column-2\">Malaysia dedikerad linje<\/td><td class=\"column-3\">4-8 dagar<\/td>\n<\/tr>\n<\/tbody>\n<\/table>\n<\/p>\n<p>\u00d6vriga l\u00e4nder<br \/>F\u00f6rutom dessa l\u00e4nder som listas ovan m\u00e5ste du\u00a0<strong>g\u00f6ra tullklarering<\/strong>\u00a0och\u00a0<strong>l\u00f6neuppgifter<\/strong>\u00a0n\u00e4r paketet anl\u00e4nde till din tull, ang\u00e5ende hur mycket skatt du beh\u00f6ver betala, v\u00e4nligen fr\u00e5ga lokala tullar f\u00f6r detaljer.<br \/>Din tull kan kr\u00e4va att du tillhandah\u00e5ller\u00a0<strong>f\u00f6retagslicens<\/strong>\u00a0ocks\u00e5. (om n\u00e5gon)<\/p>\n\n<\/div>\n<\/li>\n<li id=\"faq-question-1758705293446\" class=\"rank-math-list-item\">\n<h3 class=\"rank-math-question\">Hur ber\u00e4knas fraktkostnaderna?<\/h3>\n<div class=\"rank-math-answer\">\n\n<p>Fraktkostnader ber\u00e4knas vanligtvis baserat p\u00e5 varornas vikt, leveransdestinationen och den valda leveransmetoden. Du kan se fraktkostnaden i kassan.<\/p>\n\n<\/div>\n<\/li>\n<li id=\"faq-question-1758705303927\" class=\"rank-math-list-item\">\n<h3 class=\"rank-math-question\">Vad ska jag g\u00f6ra om mitt paket f\u00f6rsvinner eller blir f\u00f6rsenat?<\/h3>\n<div class=\"rank-math-answer\">\n\n<p>Om ditt paket f\u00f6rsvinner eller blir kraftigt f\u00f6rsenat, kontakta v\u00e5r kundtj\u00e4nst. Vi kommer att unders\u00f6ka och hj\u00e4lpa till att l\u00f6sa problemet.<\/p>\n\n<\/div>\n<\/li>\n<li id=\"faq-question-1758705315349\" class=\"rank-math-list-item\">\n<h3 class=\"rank-math-question\">Hur kan jag sp\u00e5ra min best\u00e4llning?<\/h3>\n<div class=\"rank-math-answer\">\n\n<p>Du kan sp\u00e5ra din best\u00e4llning genom att logga in p\u00e5 ditt konto och g\u00e5 till avsnittet \u201cOrderhistorik\u201d. Vi skickar ocks\u00e5 ordersp\u00e5rningsinformation via e-post.<\/p>\n\n<\/div>\n<\/li>\n<li id=\"faq-question-1758705329899\" class=\"rank-math-list-item\">\n<h3 class=\"rank-math-question\">M\u00e5ste jag betala tullavgifter?<\/h3>\n<div class=\"rank-math-answer\">\n\n<p>Kr\u00e4vs inte f\u00f6r n\u00e4rvarande, f\u00f6rutom i Kanada och Danmark.<\/p>\n\n<\/div>\n<\/li>\n<li id=\"faq-question-1758705335223\" class=\"rank-math-list-item\">\n<h3 class=\"rank-math-question\">Vad \u00e4r den ber\u00e4knade leveranstiden?<\/h3>\n<div class=\"rank-math-answer\">\n\n<p>Beroende p\u00e5 produkt \u00e4r lagertiden 1-5 dagar och leveranstiden 7-15 dagar.<\/p>\n\n<\/div>\n<\/li>\n<\/ul>\n<\/div>\n\n\n<h2 class=\"wp-block-heading\">S\u00e4kerhet<\/h2>\n\n\n<div id=\"rank-math-faq\" class=\"rank-math-block\">\n<div class=\"rank-math-list\">\n<div id=\"faq-question-1758705372113\" class=\"rank-math-list-item\">\n<h3 class=\"rank-math-question\">Hur s\u00e4kerst\u00e4lls webbplatsens s\u00e4kerhet?<\/h3>\n<div class=\"rank-math-answer\">\n\n<p>Vi anv\u00e4nder flera lager av s\u00e4kerhets\u00e5tg\u00e4rder f\u00f6r att skydda dina uppgifter och transaktioner, inklusive datakryptering, brandv\u00e4ggar och regelbundna s\u00e4kerhetsgranskningar.<\/p>\n\n<\/div>\n<\/div>\n<div id=\"faq-question-1758705383884\" class=\"rank-math-list-item\">\n<h3 class=\"rank-math-question\">Hur skyddas min personliga information?<\/h3>\n<div class=\"rank-math-answer\">\n\n<p>Vi f\u00f6ljer strikt v\u00e5r integritetspolicy och s\u00e4ljer eller delar inte din personliga information. Din information anv\u00e4nds endast f\u00f6r orderhantering och f\u00f6r att tillhandah\u00e5lla kundsupport.<\/p>\n\n<\/div>\n<\/div>\n<div id=\"faq-question-1758705391537\" class=\"rank-math-list-item\">\n<h3 class=\"rank-math-question\">\u00c4r betalningsinformationen s\u00e4ker?<\/h3>\n<div class=\"rank-math-answer\">\n\n<p>Vi anv\u00e4nder ett s\u00e4kert betalningshanteringssystem som uppfyller PCI-standarder f\u00f6r att s\u00e4kerst\u00e4lla s\u00e4kerheten f\u00f6r din betalningsinformation.<\/p>\n\n<\/div>\n<\/div>\n<div id=\"faq-question-1758705401483\" class=\"rank-math-list-item\">\n<h3 class=\"rank-math-question\">Hur kan jag skapa ett starkt l\u00f6senord?<\/h3>\n<div class=\"rank-math-answer\">\n\n<p>F\u00f6r att skapa ett starkt l\u00f6senord anv\u00e4nder du en kombination av bokst\u00e4ver, siffror och specialtecken och undviker information som \u00e4r l\u00e4tt att gissa sig till, t.ex. f\u00f6delsedagar. Att byta l\u00f6senord regelbundet \u00e4r ocks\u00e5 ett s\u00e4tt att \u00f6ka s\u00e4kerheten.<\/p>\n\n<\/div>\n<\/div>\n<div id=\"faq-question-1758705409709\" class=\"rank-math-list-item\">\n<h3 class=\"rank-math-question\">Hur kan jag verifiera webbplatsens \u00e4kthet?<\/h3>\n<div class=\"rank-math-answer\">\n\n<p>Kontrollera webbplatsens URL f\u00f6r att se till att den matchar den officiella webbplatsen. Leta ocks\u00e5 efter SSL-certifikatet, som ska visa att webbplatsen \u00e4r s\u00e4ker.<\/p>\n\n<\/div>\n<\/div>\n<div id=\"faq-question-1758705417995\" class=\"rank-math-list-item\">\n<h3 class=\"rank-math-question\">Hur rapporterar jag misst\u00e4nkt aktivitet?<\/h3>\n<div class=\"rank-math-answer\">\n\n<p>Om du st\u00f6ter p\u00e5 misst\u00e4nkt aktivitet eller s\u00e4kerhetsproblem, v\u00e4nligen kontakta v\u00e5r kundtj\u00e4nst omedelbart. Vi kommer att utreda och vidta n\u00f6dv\u00e4ndiga \u00e5tg\u00e4rder.<\/p>\n\n<\/div>\n<\/div>\n<div id=\"faq-question-1758705426259\" class=\"rank-math-list-item\">\n<h3 class=\"rank-math-question\">Finns det \u00e5tg\u00e4rder mot n\u00e4tfiske p\u00e5 plats?<\/h3>\n<div class=\"rank-math-answer\">\n\n<p>Ja, vi har inf\u00f6rt \u00e5tg\u00e4rder mot n\u00e4tfiske f\u00f6r att f\u00f6rhindra bedr\u00e4gliga aktiviteter p\u00e5 skadliga webbplatser och i e-postmeddelanden.<\/p>\n\n<\/div>\n<\/div>\n<\/div>\n<\/div>\n\n\n<h2 class=\"wp-block-heading\">Avkastning<\/h2>\n\n\n<div id=\"rank-math-faq\" class=\"rank-math-block\">\n<div class=\"rank-math-list\">\n<div id=\"faq-question-1758705453340\" class=\"rank-math-list-item\">\n<h3 class=\"rank-math-question\">Jag skulle vilja \u00e4ndra mina best\u00e4llda varor. Vad ska jag g\u00f6ra?<\/h3>\n<div class=\"rank-math-answer\">\n\n<p>Du kan \u00e4ndra din best\u00e4llning p\u00e5 eller f\u00f6re kl. 23.00 (PDT -7 GMT) samma dag som best\u00e4llningen gjordes. V\u00e4nligen kontakta oss p\u00e5 info@agoravape.com f\u00f6r att beg\u00e4ra \u00e4ndringar.<\/p>\n\n<\/div>\n<\/div>\n<div id=\"faq-question-1758705465220\" class=\"rank-math-list-item\">\n<h3 class=\"rank-math-question\">Hur returnerar jag en produkt?<\/h3>\n<div class=\"rank-math-answer\">\n\n<p>Du har 15 dagar p\u00e5 dig att returnera n\u00e5got. R\u00e4kna fr\u00e5n den dag du tog emot paketet.<\/p>\n<p>F\u00f6r retur m\u00e5ste varan vara i exakt samma skick som n\u00e4r den mottogs. Inte sliten\/anv\u00e4nd. Etiketter m\u00e5ste fortfarande sitta kvar. Originalf\u00f6rpackningen m\u00e5ste ocks\u00e5 finnas kvar. Ink\u00f6psbevis (kvitto) kr\u00e4vs.<\/p>\n<p>Skicka e-post till info@agoravape.com f\u00f6r att starta returprocessen. Om t godk\u00e4nner, skickar vi returetikett + instruktioner f\u00f6r postning. Paket som bara returneras utan \u00f6verenskommelse kommer att ignoreras.<\/p>\n<p>Fler fr\u00e5gor? Mejla info@agoravape.com.<\/p>\n\n<\/div>\n<\/div>\n<\/div>\n<\/div>","protected":false},"excerpt":{"rendered":"<p>Frequently Asked Questions( FAQ ) Payment Shipping Security Returns<\/p>","protected":false},"author":2,"featured_media":0,"parent":0,"menu_order":0,"comment_status":"closed","ping_status":"closed","template":"elementor_header_footer","meta":{"footnotes":""},"class_list":["post-10815","page","type-page","status-publish","hentry"],"_links":{"self":[{"href":"https:\/\/agoravape.com\/sv\/wp-json\/wp\/v2\/pages\/10815","targetHints":{"allow":["GET"]}}],"collection":[{"href":"https:\/\/agoravape.com\/sv\/wp-json\/wp\/v2\/pages"}],"about":[{"href":"https:\/\/agoravape.com\/sv\/wp-json\/wp\/v2\/types\/page"}],"author":[{"embeddable":true,"href":"https:\/\/agoravape.com\/sv\/wp-json\/wp\/v2\/users\/2"}],"replies":[{"embeddable":true,"href":"https:\/\/agoravape.com\/sv\/wp-json\/wp\/v2\/comments?post=10815"}],"version-history":[{"count":0,"href":"https:\/\/agoravape.com\/sv\/wp-json\/wp\/v2\/pages\/10815\/revisions"}],"wp:attachment":[{"href":"https:\/\/agoravape.com\/sv\/wp-json\/wp\/v2\/media?parent=10815"}],"curies":[{"name":"wp","href":"https:\/\/api.w.org\/{rel}","templated":true}]}}