{"id":18671,"date":"2025-10-22T21:52:12","date_gmt":"2025-10-22T13:52:12","guid":{"rendered":"https:\/\/green-grasshopper-921422.hostingersite.com\/?page_id=18671"},"modified":"2025-10-23T22:14:58","modified_gmt":"2025-10-23T14:14:58","slug":"om-oss","status":"publish","type":"page","link":"https:\/\/agoravape.com\/sv\/about-us\/","title":{"rendered":"Om oss"},"content":{"rendered":"<div data-elementor-type=\"wp-page\" data-elementor-id=\"18671\" class=\"elementor elementor-18671\">\n\t\t\t\t<div class=\"wd-negative-gap elementor-element elementor-element-f1aa532 e-flex e-con-boxed e-con e-parent\" data-id=\"f1aa532\" data-element_type=\"container\" data-e-type=\"container\">\n\t\t\t\t\t<div class=\"e-con-inner\">\n\t\t\t\t<div class=\"elementor-element elementor-element-bac86b3 wd-el-breadcrumbs text-left elementor-widget elementor-widget-wd_wc_breadcrumb\" data-id=\"bac86b3\" data-element_type=\"widget\" data-e-type=\"widget\" data-widget_type=\"wd_wc_breadcrumb.default\">\n\t\t\t\t<div class=\"elementor-widget-container\">\n\t\t\t\t\t<nav class=\"wd-breadcrumbs woocommerce-breadcrumb\" aria-label=\"Br\u00f6dsmulor\">\t\t\t\t<span class=\"wd-last\">\n\t\t\t\t\tHem\t\t\t\t<\/span>\n\t\t\t<\/nav>\t\t\t\t<\/div>\n\t\t\t\t<\/div>\n\t\t\t\t\t<\/div>\n\t\t\t\t<\/div>\n\t\t\t\t<section class=\"wd-negative-gap elementor-section elementor-top-section elementor-element elementor-element-406b757d wd-section-stretch elementor-section-content-middle elementor-section-boxed elementor-section-height-default elementor-section-height-default\" data-id=\"406b757d\" data-element_type=\"section\" data-e-type=\"section\" data-settings=\"{&quot;background_background&quot;:&quot;classic&quot;}\">\n\t\t\t\t\t\t\t<div class=\"elementor-background-overlay\"><\/div>\n\t\t\t\t\t\t\t<div class=\"elementor-container elementor-column-gap-no\">\n\t\t\t\t\t<div class=\"elementor-column elementor-col-50 elementor-top-column elementor-element elementor-element-4a42ef81\" data-id=\"4a42ef81\" data-element_type=\"column\" data-e-type=\"column\" data-settings=\"{&quot;background_background&quot;:&quot;classic&quot;}\">\n\t\t\t<div class=\"elementor-widget-wrap elementor-element-populated\">\n\t\t\t\t\t\t<section class=\"wd-negative-gap elementor-section elementor-inner-section elementor-element elementor-element-737d0425 elementor-section-boxed elementor-section-height-default elementor-section-height-default\" data-id=\"737d0425\" data-element_type=\"section\" data-e-type=\"section\" data-settings=\"{&quot;background_background&quot;:&quot;classic&quot;}\">\n\t\t\t\t\t\t<div class=\"elementor-container elementor-column-gap-default\">\n\t\t\t\t\t<div class=\"elementor-column elementor-col-100 elementor-inner-column elementor-element elementor-element-30e317dc\" data-id=\"30e317dc\" data-element_type=\"column\" data-e-type=\"column\">\n\t\t\t<div class=\"elementor-widget-wrap elementor-element-populated\">\n\t\t\t\t\t\t<div class=\"elementor-element elementor-element-6a04663d wd-width-100 elementor-widget elementor-widget-wd_title\" data-id=\"6a04663d\" data-element_type=\"widget\" data-e-type=\"widget\" data-widget_type=\"wd_title.default\">\n\t\t\t\t<div class=\"elementor-widget-container\">\n\t\t\t\t\t\t\t<div class=\"title-wrapper wd-set-mb reset-last-child wd-title-color-default wd-title-style-default wd-title-size-default text-left\">\n\n\t\t\t\n\t\t\t<div class=\"liner-continer\">\n\t\t\t\t<h4 class=\"woodmart-title-container title wd-fontsize-l\">Om oss<\/h4> \n\t\t\t\t\t\t\t<\/div>\n\n\t\t\t\t\t<\/div>\n\t\t\t\t\t\t<\/div>\n\t\t\t\t<\/div>\n\t\t\t\t<div class=\"elementor-element elementor-element-3f926e7b elementor-widget elementor-widget-wd_text_block\" data-id=\"3f926e7b\" data-element_type=\"widget\" data-e-type=\"widget\" data-widget_type=\"wd_text_block.default\">\n\t\t\t\t<div class=\"elementor-widget-container\">\n\t\t\t\t\t\t\t<div class=\"wd-text-block reset-last-child text-left\">\n\t\t\t\n\t\t\t<p>V\u00e4lkommen till AgoraVape, din fr\u00e4msta onlinedestination f\u00f6r eng\u00e5ngsprodukter f\u00f6r e-cigaretter. Med \u00f6ver ett decennium av erfarenhet inom e-cigarettindustrin har vi etablerat oss som en p\u00e5litlig ledare som v\u00e4nder sig till b\u00e5de enskilda detaljhandelskunder och grossistpartners \u00f6ver hela v\u00e4rlden.<\/p><p>V\u00e5rt uppdrag \u00e4r att vara den ultimata one-stop shoppingplattformen f\u00f6r eng\u00e5ngsmarknaden f\u00f6r vape. Vi \u00e4r fast beslutna att h\u00f6ja industristandarden genom att kombinera ett stort och varierat produktutbud med ett starkt engagemang f\u00f6r kvalitet och kundn\u00f6jdhet. Genom att utnyttja v\u00e5r omfattande erfarenhet av design, tillverkning och global distribution av e-cigaretter erbjuder vi innovativa produkter som ger l\u00e5ngvarig prestanda och rika, tillfredsst\u00e4llande smaker.<\/p><p>P\u00e5 AgoraVape \u00e4r vi stolta \u00f6ver att kunna erbjuda ett o\u00f6vertr\u00e4ffat utbud av popul\u00e4ra varum\u00e4rken, med alternativ som passar alla preferenser. V\u00e5rt urval sp\u00e4nner \u00f6ver ett brett spektrum av puffstorlekar, nikotinkoncentrationer och hundratals smaker. Oavsett om du s\u00f6ker en kompakt, b\u00e4rbar enhet eller en st\u00f6rre modell med h\u00f6g kapacitet, hittar du den h\u00e4r.<\/p><p>Vi \u00e4r fast beslutna att tillhandah\u00e5lla en smidig shoppingupplevelse och konkurrenskraftiga priser, s\u00e4rskilt f\u00f6r v\u00e5ra grossistkunder som vill g\u00f6ra bulkbest\u00e4llningar. V\u00e5rt professionella kundsupportteam \u00e4r alltid redo att hj\u00e4lpa dig och s\u00e4kerst\u00e4lla en smidig och tillfredsst\u00e4llande process fr\u00e5n surfning till leverans.<\/p>\n\t\t\t\t\t<\/div>\n\t\t\t\t\t\t<\/div>\n\t\t\t\t<\/div>\n\t\t\t\t<div class=\"elementor-element elementor-element-6ec283ae elementor-widget elementor-widget-wd_text_block\" data-id=\"6ec283ae\" data-element_type=\"widget\" data-e-type=\"widget\" data-widget_type=\"wd_text_block.default\">\n\t\t\t\t<div class=\"elementor-widget-container\">\n\t\t\t\t\t\t\t<div class=\"wd-text-block reset-last-child text-left\">\n\t\t\t\n\t\t\t<p>Upplev skillnaden med AgoraVape. Vi inbjuder dig att utforska v\u00e5rt omfattande urval och bli en del av v\u00e5r v\u00e4xande grupp av n\u00f6jda kunder. Lita p\u00e5 att vi \u00e4r din p\u00e5litliga partner f\u00f6r alla dina vapingbehov.<\/p>\n\t\t\t\t\t<\/div>\n\t\t\t\t\t\t<\/div>\n\t\t\t\t<\/div>\n\t\t\t\t<div class=\"elementor-element elementor-element-f445c8c elementor-widget__width-auto elementor-widget elementor-widget-wd_social_buttons\" data-id=\"f445c8c\" data-element_type=\"widget\" data-e-type=\"widget\" data-widget_type=\"wd_social_buttons.default\">\n\t\t\t\t<div class=\"elementor-widget-container\">\n\t\t\t\t\t\t\t\t<div\n\t\t\t\t\t\tclass=\"wd-social-icons wd-style-bordered wd-size-small social-share wd-shape-circle color-scheme-dark text-left\">\n\t\t\t\t\n\t\t\t\t\n\t\t\t\t\t\t\t\t\t<a rel=\"nofollow noopener noreferrer\" href=\"https:\/\/www.facebook.com\/sharer\/sharer.php?u=https:\/\/agoravape.com\/sv\/about-us\/\" target=\"_blank\" class=\"wd-social-icon social-facebook\" aria-label=\"Facebook social link\">\n\t\t\t\t\t\t<span class=\"wd-icon\"><\/span>\n\t\t\t\t\t\t\t\t\t\t\t<\/a>\n\t\t\t\t\n\t\t\t\t\t\t\t\t\t<a rel=\"nofollow noopener noreferrer\" href=\"https:\/\/x.com\/share?url=https:\/\/agoravape.com\/sv\/about-us\/\" target=\"_blank\" class=\"wd-social-icon social-twitter\" aria-label=\"X social link\">\n\t\t\t\t\t\t<span class=\"wd-icon\"><\/span>\n\t\t\t\t\t\t\t\t\t\t\t<\/a>\n\t\t\t\t\n\t\t\t\t\n\t\t\t\t\n\t\t\t\t\n\t\t\t\t\n\t\t\t\t\n\t\t\t\t\t\t\t\t\t<a rel=\"nofollow noopener noreferrer\" href=\"https:\/\/pinterest.com\/pin\/create\/button\/?url=https:\/\/agoravape.com\/sv\/about-us\/&#038;media=https:\/\/agoravape.com\/wp-content\/uploads\/2025\/10\/IQTE-2400-Puffs-Four-in-One-Multi-Flavor-Vape_Agora_vape-3.webp&#038;description=About%20Us\" target=\"_blank\" class=\"wd-social-icon social-pinterest\" aria-label=\"Pinterest social link\">\n\t\t\t\t\t\t<span class=\"wd-icon\"><\/span>\n\t\t\t\t\t\t\t\t\t\t\t<\/a>\n\t\t\t\t\n\t\t\t\t\n\t\t\t\t\t\t\t\t\t<a rel=\"nofollow noopener noreferrer\" href=\"https:\/\/www.linkedin.com\/shareArticle?mini=true&#038;url=https:\/\/agoravape.com\/sv\/about-us\/\" target=\"_blank\" class=\"wd-social-icon social-linkedin\" aria-label=\"Linkedin social link\">\n\t\t\t\t\t\t<span class=\"wd-icon\"><\/span>\n\t\t\t\t\t\t\t\t\t\t\t<\/a>\n\t\t\t\t\n\t\t\t\t\n\t\t\t\t\n\t\t\t\t\n\t\t\t\t\n\t\t\t\t\n\t\t\t\t\n\t\t\t\t\n\t\t\t\t\n\t\t\t\t\n\t\t\t\t\n\t\t\t\t\n\t\t\t\t\n\t\t\t\t\n\t\t\t\t\n\t\t\t\t\t\t\t\t\t<a rel=\"nofollow noopener noreferrer\" href=\"https:\/\/telegram.me\/share\/url?url=https:\/\/agoravape.com\/sv\/about-us\/\" target=\"_blank\" class=\"wd-social-icon social-tg\" aria-label=\"Telegram social link\">\n\t\t\t\t\t\t<span class=\"wd-icon\"><\/span>\n\t\t\t\t\t\t\t\t\t\t\t<\/a>\n\t\t\t\t\n\t\t\t\t\n\t\t\t<\/div>\n\n\t\t\t\t\t\t<\/div>\n\t\t\t\t<\/div>\n\t\t\t\t\t<\/div>\n\t\t<\/div>\n\t\t\t\t\t<\/div>\n\t\t<\/section>\n\t\t\t\t\t<\/div>\n\t\t<\/div>\n\t\t\t\t<div class=\"elementor-column elementor-col-50 elementor-top-column elementor-element elementor-element-7c04a333\" data-id=\"7c04a333\" data-element_type=\"column\" data-e-type=\"column\">\n\t\t\t<div class=\"elementor-widget-wrap elementor-element-populated\">\n\t\t\t\t\t\t<div class=\"elementor-element elementor-element-5e1f769d elementor-widget elementor-widget-wd_image_or_svg\" data-id=\"5e1f769d\" data-element_type=\"widget\" data-e-type=\"widget\" data-widget_type=\"wd_image_or_svg.default\">\n\t\t\t\t<div class=\"elementor-widget-container\">\n\t\t\t\t\t\n\t\t<div class=\"wd-image text-center\">\n\t\t\t\t\t\t\t\t<img loading=\"lazy\" decoding=\"async\" width=\"580\" height=\"500\" src=\"https:\/\/agoravape.com\/wp-content\/uploads\/2025\/10\/about-agora-vape.jpg\" class=\"attachment-full size-full\" alt=\"\" srcset=\"https:\/\/agoravape.com\/wp-content\/uploads\/2025\/10\/about-agora-vape.jpg 580w, https:\/\/agoravape.com\/wp-content\/uploads\/2025\/10\/about-agora-vape-300x259.jpg 300w\" sizes=\"auto, (max-width: 580px) 100vw, 580px\" \/>\t\t\t\t\t<\/div>\n\n\t\t\t\t\t\t<\/div>\n\t\t\t\t<\/div>\n\t\t\t\t\t<\/div>\n\t\t<\/div>\n\t\t\t\t\t<\/div>\n\t\t<\/section>\n\t\t\t\t<\/div>","protected":false},"excerpt":{"rendered":"<p>Hem Om oss V\u00e4lkommen till AgoraVape, din fr\u00e4msta onlinebutik f\u00f6r eng\u00e5ngsprodukter f\u00f6r vaping. Med \u00f6ver tio \u00e5rs erfarenhet<\/p>","protected":false},"author":2,"featured_media":18600,"parent":0,"menu_order":0,"comment_status":"closed","ping_status":"closed","template":"elementor_header_footer","meta":{"footnotes":""},"class_list":["post-18671","page","type-page","status-publish","has-post-thumbnail","hentry"],"_links":{"self":[{"href":"https:\/\/agoravape.com\/sv\/wp-json\/wp\/v2\/pages\/18671","targetHints":{"allow":["GET"]}}],"collection":[{"href":"https:\/\/agoravape.com\/sv\/wp-json\/wp\/v2\/pages"}],"about":[{"href":"https:\/\/agoravape.com\/sv\/wp-json\/wp\/v2\/types\/page"}],"author":[{"embeddable":true,"href":"https:\/\/agoravape.com\/sv\/wp-json\/wp\/v2\/users\/2"}],"replies":[{"embeddable":true,"href":"https:\/\/agoravape.com\/sv\/wp-json\/wp\/v2\/comments?post=18671"}],"version-history":[{"count":0,"href":"https:\/\/agoravape.com\/sv\/wp-json\/wp\/v2\/pages\/18671\/revisions"}],"wp:featuredmedia":[{"embeddable":true,"href":"https:\/\/agoravape.com\/sv\/wp-json\/wp\/v2\/media\/18600"}],"wp:attachment":[{"href":"https:\/\/agoravape.com\/sv\/wp-json\/wp\/v2\/media?parent=18671"}],"curies":[{"name":"wp","href":"https:\/\/api.w.org\/{rel}","templated":true}]}}