{"id":10852,"date":"2025-10-01T09:29:35","date_gmt":"2025-10-01T01:29:35","guid":{"rendered":"https:\/\/green-grasshopper-921422.hostingersite.com\/?post_type=product&#038;p=10852"},"modified":"2026-01-19T22:09:32","modified_gmt":"2026-01-19T14:09:32","slug":"iqte-50000-puffs-uppladdningsbar-vape","status":"publish","type":"product","link":"https:\/\/agoravape.com\/sv\/product\/iqte-50000-puffs-rechargeable-vape\/","title":{"rendered":"IQTE 50000 Puffs Uppladdningsbar Eng\u00e5ngsvape | Stor Kapacitet, Enkel Laddning"},"content":{"rendered":"<h2 data-v-md-heading=\"so-what-about-iqte-50000-rechargeable-disposable-vapes\" data-v-md-line=\"3\"><img loading=\"lazy\" decoding=\"async\" class=\"aligncenter size-full wp-image-18613\" src=\"https:\/\/agoravape.com\/wp-content\/uploads\/2025\/10\/IQTE-50000-Puffs-Rechargeable-Disposable_Agora_vape-6.webp\" alt=\"\" width=\"2560\" height=\"1785\" srcset=\"https:\/\/agoravape.com\/wp-content\/uploads\/2025\/10\/IQTE-50000-Puffs-Rechargeable-Disposable_Agora_vape-6.webp 2560w, https:\/\/agoravape.com\/wp-content\/uploads\/2025\/10\/IQTE-50000-Puffs-Rechargeable-Disposable_Agora_vape-6-1200x837.webp 1200w, https:\/\/agoravape.com\/wp-content\/uploads\/2025\/10\/IQTE-50000-Puffs-Rechargeable-Disposable_Agora_vape-6-300x209.webp 300w, https:\/\/agoravape.com\/wp-content\/uploads\/2025\/10\/IQTE-50000-Puffs-Rechargeable-Disposable_Agora_vape-6-1024x714.webp 1024w, https:\/\/agoravape.com\/wp-content\/uploads\/2025\/10\/IQTE-50000-Puffs-Rechargeable-Disposable_Agora_vape-6-768x536.webp 768w, https:\/\/agoravape.com\/wp-content\/uploads\/2025\/10\/IQTE-50000-Puffs-Rechargeable-Disposable_Agora_vape-6-1536x1071.webp 1536w, https:\/\/agoravape.com\/wp-content\/uploads\/2025\/10\/IQTE-50000-Puffs-Rechargeable-Disposable_Agora_vape-6-2048x1428.webp 2048w\" sizes=\"auto, (max-width: 2560px) 100vw, 2560px\" \/><\/h2>\n<h2 data-v-md-heading=\"so-what-about-iqte-50000-rechargeable-disposable-vapes\" data-v-md-line=\"3\">Vad s\u00e4gs om IQTE 50000 laddningsbara eng\u00e5ngsvapor?<\/h2>\n<p data-v-md-line=\"4\">Om du \u00e4r tr\u00f6tt p\u00e5 att byta ut eng\u00e5ngsvape med n\u00e5gra dagars mellanrum, kommer den h\u00e4r produkten att g\u00f6ra ditt liv enklare. IQTE 50000 \u00e4r utrustad med ett uppladdningsbart batteri som rymmer upp till 50000 paket, s\u00e5 att du enkelt kan njuta av det sanna v\u00e4rdet av e-v\u00e4tska.<\/p>\n<p data-v-md-line=\"6\">Om du vill ha en p\u00e5litlig, l\u00e5ngvarig vape som kan laddas med en mobiltelefons laddningskabel, d\u00e5 \u00e4r den h\u00e4r produkten det perfekta valet. L\u00e4tt att anv\u00e4nda, bekv\u00e4m att b\u00e4ra med sig och kan bibeh\u00e5lla en j\u00e4mn smak varje g\u00e5ng den anv\u00e4nds.<\/p>\n<h2 data-v-md-heading=\"excellent-performance-without-any-complexity\" data-v-md-line=\"8\">Utm\u00e4rkt prestanda utan n\u00e5gon komplexitet<\/h2>\n<p data-v-md-line=\"9\">Den interna f\u00f6rstoftningsk\u00e4rnan har noggrant justerats f\u00f6r att bibeh\u00e5lla en ren och stabil smak fr\u00e5n b\u00f6rjan till slut. P\u00e5 den tredje dagen fanns det ingen br\u00e4nd lukt, och inte ens halvv\u00e4gs var det n\u00e5got str\u00f6mavbrott. N\u00e4r batteriet \u00e4r l\u00e5gt kan det laddas via Type-C-gr\u00e4nssnittet. Du kanske tror att laddningsbara vape-enheter \u00e4r besv\u00e4rliga, men den h\u00e4r e-cigarett uppn\u00e5r verkligen plug-and-play-funktionalitet.<\/p>\n<h2 data-v-md-heading=\"specification-overview\" data-v-md-line=\"11\">Specifikations\u00f6versikt<\/h2>\n<ul data-v-md-line=\"12\">\n<li>Sugfrekvens: upp till 50000 g\u00e5nger<\/li>\n<li>Nikotinhalt: 2 % och 5 % valfritt<\/li>\n<li>Working principle: Activated by inhalation<\/li>\n<li>Laddning: Standard USB-gr\u00e4nssnitt av typ C<\/li>\n<li>Status: Klar att anv\u00e4nda direkt ur l\u00e5dan<\/li>\n<li>E-v\u00e4tskekapacitet: 50 milliliter<\/li>\n<li>Batterikapacitet: 800mAh uppladdningsbart batteri<\/li>\n<\/ul>\n<h2 data-v-md-heading=\"full-range-of-flavors\" data-v-md-line=\"20\">Fullt utbud av smaker<\/h2>\n<ul data-v-md-line=\"21\">\n<li>Vattenmelonis<\/li>\n<li>Jordgubbsglass<\/li>\n<li>Bl\u00e5 isbanan<\/li>\n<li>Mentol-is<\/li>\n<li>Citron och lime<\/li>\n<li>Fler smaker att v\u00e4lja mellan<\/li>\n<\/ul>\n<h2 data-v-md-heading=\"for-you-for-your-business\" data-v-md-line=\"28\">F\u00f6r dig, f\u00f6r ditt f\u00f6retag<\/h2>\n<p data-v-md-line=\"29\">Du kan v\u00e4lja <a class=\"wpil_keyword_link\" title=\"IQTE\" href=\"https:\/\/agoravape.com\/sv\/vape-efter-varumarke\/iqte\/\" data-wpil-keyword-link=\"linked\" data-wpil-monitor-id=\"110\">IQTE<\/a> 50 000 puffar, laddningsbara eng\u00e5ngsvapor f\u00f6r personligt bruk eller k\u00f6p dem till din butik. Grossistkartongf\u00f6rpackningar med 200 stycken per f\u00f6rpackning. Kartongf\u00f6rpackningens bruttovikt \u00e4r 19 kilogram och m\u00e5tten \u00e4r 510 \u00d7 293 \u00d7 260 millimeter, vilket g\u00f6r det mycket bekv\u00e4mt att planera hyllutrymme och transport.<\/p>\n<p data-v-md-line=\"31\">Vi erbjuder DDP-alternativ med momsavgift via betrodda partners som UPS, DPD och DHL f\u00f6r frakt inom Europa. Din best\u00e4llning kommer att klareras och sp\u00e5ras f\u00f6r att undvika ov\u00e4ntade situationer i tullen.<\/p>\n<h2 data-v-md-heading=\"why-do-you-like-it\" data-v-md-line=\"33\">Why do you like it<\/h2>\n<ul data-v-md-line=\"34\">\n<li>Stor r\u00f6kkapacitet: l\u00e4ngre batteritid, du beh\u00f6ver inte byta ut vape ofta.<\/li>\n<li>Val av nikotininneh\u00e5ll: V\u00e4lj 2 % eller 5 % efter dina \u00f6nskem\u00e5l.<\/li>\n<li>Uppladdningsbar: Du kan anv\u00e4nda alla k\u00f6pta e-v\u00e4tskor.<\/li>\n<li>Stabil spolprestanda: Den kan ge en stabil och rik smak varje g\u00e5ng.<\/li>\n<li>Bekv\u00e4mt typ-C-gr\u00e4nssnitt: Ladda med din befintliga datakabel.<\/li>\n<\/ul>\n<h2 data-v-md-heading=\"why-choose-to-collaborate-with-agoravape\" data-v-md-line=\"40\">Varf\u00f6r v\u00e4lja att samarbeta med AgoraVape?<\/h2>\n<p data-v-md-line=\"41\">Vi s\u00e4ljer bara 100% \u00e4kta produkter och har ingen tvekan om det. Om du k\u00f6per <a class=\"wpil_keyword_link\" href=\"https:\/\/agoravape.com\/sv\/varumarke\/iqte\/\" target=\"_blank\" rel=\"noopener\" title=\"IQTE\" data-wpil-keyword-link=\"linked\" data-wpil-monitor-id=\"7177\">IQTE<\/a> 50000 uppladdningsbara eng\u00e5ngsvapor grossist, kommer du att njuta av rabatterade priser, snabb responsst\u00f6d och snabba och p\u00e5litliga leveransservice. Kontakta oss f\u00f6r att k\u00f6pa produkter som dina kunder verkligen \u00e4lskar.<\/p>\n<p>&nbsp;<\/p>","protected":false},"excerpt":{"rendered":"<p>IQTE 50000 erbjuder upp till 50 000 puffar f\u00f6r ultimat livsl\u00e4ngd. Denna uppladdningsbara eng\u00e5ngsapparat ser till att du njuter av varje droppe e-juice med j\u00e4mn och ren smak. Har enkel Type-C-laddning och finns med 2% eller 5% nikotin. Din p\u00e5litliga, problemfria vape \u00e4r h\u00e4r.<\/p>","protected":false},"featured_media":18608,"comment_status":"open","ping_status":"closed","template":"","meta":[],"product_brand":[198],"product_cat":[124,185,189,1641,174,175,125,191,180,190],"product_tag":[],"class_list":{"0":"post-10852","1":"product","2":"type-product","3":"status-publish","4":"has-post-thumbnail","6":"product_brand-iqte","7":"product_cat-vape-by-brand","8":"product_cat-10000-puffs-high-capacity","9":"product_cat-20mg-standard-nicotine-vapes","10":"product_cat-50000-puffs","11":"product_cat-fruit-flavors","12":"product_cat-icy-mint","13":"product_cat-iqte","14":"product_cat-rechargeable-disposables","15":"product_cat-vape-by-puff-count","16":"product_cat-vape-by-feature-or-type","18":"first","19":"onbackorder","20":"shipping-taxable","21":"purchasable","22":"product-type-variable","23":"has-default-attributes"},"tiered_pricing_type":"percentage","tiered_pricing_fixed_rules":[],"tiered_pricing_product_settings":{"layout":"default","base_unit_name":{"singular":null,"plural":null},"default_variation":null},"tiered_pricing_minimum_quantity":10,"tiered_pricing_roles_data":[],"tiered_pricing_percentage_rules":{"30":"29","50":"35","100":"40","200":"44","500":"47","1000":"49"},"tiered_pricing_maximum_quantity":null,"tiered_pricing_quantity_step":"10","_links":{"self":[{"href":"https:\/\/agoravape.com\/sv\/wp-json\/wp\/v2\/product\/10852","targetHints":{"allow":["GET"]}}],"collection":[{"href":"https:\/\/agoravape.com\/sv\/wp-json\/wp\/v2\/product"}],"about":[{"href":"https:\/\/agoravape.com\/sv\/wp-json\/wp\/v2\/types\/product"}],"replies":[{"embeddable":true,"href":"https:\/\/agoravape.com\/sv\/wp-json\/wp\/v2\/comments?post=10852"}],"version-history":[{"count":5,"href":"https:\/\/agoravape.com\/sv\/wp-json\/wp\/v2\/product\/10852\/revisions"}],"predecessor-version":[{"id":29829,"href":"https:\/\/agoravape.com\/sv\/wp-json\/wp\/v2\/product\/10852\/revisions\/29829"}],"wp:featuredmedia":[{"embeddable":true,"href":"https:\/\/agoravape.com\/sv\/wp-json\/wp\/v2\/media\/18608"}],"wp:attachment":[{"href":"https:\/\/agoravape.com\/sv\/wp-json\/wp\/v2\/media?parent=10852"}],"wp:term":[{"taxonomy":"product_brand","embeddable":true,"href":"https:\/\/agoravape.com\/sv\/wp-json\/wp\/v2\/product_brand?post=10852"},{"taxonomy":"product_cat","embeddable":true,"href":"https:\/\/agoravape.com\/sv\/wp-json\/wp\/v2\/product_cat?post=10852"},{"taxonomy":"product_tag","embeddable":true,"href":"https:\/\/agoravape.com\/sv\/wp-json\/wp\/v2\/product_tag?post=10852"}],"curies":[{"name":"wp","href":"https:\/\/api.w.org\/{rel}","templated":true}]}}