{"id":10982,"date":"2025-10-04T10:26:12","date_gmt":"2025-10-04T02:26:12","guid":{"rendered":"https:\/\/green-grasshopper-921422.hostingersite.com\/?post_type=product&#038;p=10982"},"modified":"2026-01-13T01:06:44","modified_gmt":"2026-01-12T17:06:44","slug":"iqte-45000-puffar-engangsvape","status":"publish","type":"product","link":"https:\/\/agoravape.com\/sv\/product\/iqte-45000-puffs-disposable-vape\/","title":{"rendered":"IQTE 45000 long-lasting disposable vapes | Large caliber, easy to charge"},"content":{"rendered":"<h2 data-v-md-heading=\"what-are-the-advantages-of-iqte-45000-long-lasting-disposable-electronic-cigarettes\" data-v-md-line=\"3\">what are the advantages of IQTE 45000 long-lasting disposable vapes?<\/h2>\n<p data-v-md-line=\"4\">If you\u2019re tired of changing your vape every few days, this product will make your life easier. IQTE\u2019s 45000 disposable vapes are designed for those who pursue long-lasting battery life and direct taste, without the need for complicated settings.<\/p>\n<p data-v-md-line=\"6\">Equipped with a rechargeable battery, you can easily use up the e-liquid you purchased with a large caliber vape. If you pursue reliable performance day after day, this product is your best choice. You may think that large caliber disposable vapes would be complicated, but this product makes everything simple and easy to use.<\/p>\n<h2 data-v-md-heading=\"excellent-performance-easy-and-convenient\" data-v-md-line=\"8\">Utm\u00e4rkt prestanda, enkelt och bekv\u00e4mt<\/h2>\n<p data-v-md-line=\"9\"><a class=\"wpil_keyword_link\" href=\"https:\/\/agoravape.com\/sv\/varumarke\/iqte\/\" target=\"_blank\" rel=\"noopener\" title=\"IQTE\" data-wpil-keyword-link=\"linked\" data-wpil-monitor-id=\"7182\">IQTE<\/a> har noggrant utformat denna enhet f\u00f6r att ge dig en j\u00e4mn smak fr\u00e5n f\u00f6rsta till sista tuggan. Spolen ger stabil sugkraft och f\u00f6rs\u00e4mras inte ens efter n\u00e5gra dagar. N\u00e4r batteriet \u00e4r svagt kan du ladda det via Type-C-gr\u00e4nssnittet. Det kan vara samma kabel som du anv\u00e4nder till din telefon, vilket g\u00f6r laddningen bekv\u00e4m och snabb.<\/p>\n<h2 data-v-md-heading=\"specification-overview\" data-v-md-line=\"11\">Specifikations\u00f6versikt<\/h2>\n<ul data-v-md-line=\"12\">\n<li>Suction frequency: up to 45000 times<\/li>\n<li>Nicotine content: 2% or 5% (in permitted areas)<\/li>\n<li>Working principle: Activated by inhalation<\/li>\n<li>Laddning: Standard USB-gr\u00e4nssnitt av typ C<\/li>\n<li>Status: Klar att anv\u00e4nda vid uppackning<\/li>\n<\/ul>\n<p data-v-md-line=\"18\">Notice to EU and UK buyers: This device has a capacity of 28 milliliters and has a very high suction frequency. This capacity exceeds the TPD limit and therefore does not comply with the regulations of the TPD regulatory market. Before purchasing or storing, please refer to local laws and regulations.<\/p>\n<h2 data-v-md-heading=\"full-range-of-flavors\" data-v-md-line=\"20\">Fullt utbud av smaker<\/h2>\n<ul data-v-md-line=\"21\">\n<li>Smak av jordgubb och mango<\/li>\n<li>Persikasmoothie<\/li>\n<li>\u00c4lskar 66 smaker<\/li>\n<li>Double Apple Flavor<\/li>\n<li>Blueberry cherry flavor<\/li>\n<li>Blackberry, red raspberry flavor<\/li>\n<li>Vattenmelonsmoothie<\/li>\n<li>Smak av k\u00f6rsb\u00e4rscola<\/li>\n<li>Regnb\u00e5gssockersmak<\/li>\n<li>Smak av hallon och vattenmelon<\/li>\n<\/ul>\n<h2 data-v-md-heading=\"for-you-and-for-your-business-as-well\" data-v-md-line=\"32\">F\u00f6r dig, och \u00e4ven f\u00f6r ditt f\u00f6retag<\/h2>\n<p data-v-md-line=\"33\">You can purchase one for personal use or stock up for your store. There are 200 units in the wholesale box, so you can quickly restock. We provide reliable DDP delivery services through UPS, DPD, and DHL, which means it can be delivered after tax payment without any unexpected incidents at customs.<\/p>\n<p data-v-md-line=\"35\">Selling in Europe means rules are crucial. Our team can provide advice on compliance and legal supply channels for specific markets to ensure compliance with local regulations.<\/p>\n<h2 data-v-md-heading=\"why-do-you-like-it\" data-v-md-line=\"37\">Why do you like it<\/h2>\n<ul data-v-md-line=\"38\">\n<li>Large suction capacity: longer suction time, so you don\u2019t need to buy new ones frequently.<\/li>\n<li>Nicotine selection: Choose a nicotine content of 2% or 5% based on your preferences and market demand.<\/li>\n<li>Rechargeable: Type-C charging means you can use up every drop of e-liquid.<\/li>\n<li>Continuous use: maintain a stable taste from start to finish.<\/li>\n<\/ul>\n<h2 data-v-md-heading=\"why-choose-agoravape\" data-v-md-line=\"43\">Varf\u00f6r v\u00e4lja AgoraVape?<\/h2>\n<p data-v-md-line=\"44\">Vi k\u00f6per endast 100% \u00e4kta <a class=\"wpil_keyword_link\" title=\"IQTE\" href=\"https:\/\/agoravape.com\/sv\/vape-efter-varumarke\/iqte\/\" data-wpil-keyword-link=\"linked\" data-wpil-monitor-id=\"131\">IQTE<\/a> utrustning och erbjuder omfattande sp\u00e5rbarhet. IQTE 45000 l\u00e5ngvariga eng\u00e5ngsvapes, du kan njuta av rabatterade grossistpriser, snabb teknisk support och snabba DDP-leveranstj\u00e4nster inom Europa. Vi anv\u00e4nder s\u00e4kra betalningsmetoder och erbjuder en tydlig process f\u00f6r returnering av defekta produkter. Vi genomf\u00f6r ocks\u00e5 strikt \u00e5lderskontroll f\u00f6r att s\u00e4kerst\u00e4lla ansvarsfull f\u00f6rs\u00e4ljning. V\u00e4lkommen att kontakta oss f\u00f6r att f\u00e5 information om IQTE 45000:s lager och ge dina kunder den l\u00e5ngvariga och bekv\u00e4ma upplevelse de f\u00f6rv\u00e4ntar sig.<\/p>","protected":false},"excerpt":{"rendered":"<p>Njut av upp till 45 000 puffar med l\u00e5ngvarig och j\u00e4mn smak med IQTE 45000. Denna enkla, inhalationsaktiverade eng\u00e5ngsapparat \u00e4r uppladdningsbar via Type-C, vilket s\u00e4kerst\u00e4ller att du anv\u00e4nder varje droppe. V\u00e4lj mellan 2% eller 5% nikotin f\u00f6r en p\u00e5litlig vape-upplevelse som bara forts\u00e4tter.<\/p>","protected":false},"featured_media":10984,"comment_status":"open","ping_status":"closed","template":"","meta":[],"product_brand":[198],"product_cat":[124,187,185,188,189,1640,177,174,175,125,191,173,186,180,190],"product_tag":[],"class_list":{"0":"post-10982","1":"product","2":"type-product","3":"status-publish","4":"has-post-thumbnail","6":"product_brand-iqte","7":"product_cat-vape-by-brand","8":"product_cat-0mg-nicotine-free-vapes","9":"product_cat-10000-puffs-high-capacity","10":"product_cat-10mg-low-nicotine-vapes","11":"product_cat-20mg-standard-nicotine-vapes","12":"product_cat-45000-puffs","13":"product_cat-dessert-sweets","14":"product_cat-fruit-flavors","15":"product_cat-icy-mint","16":"product_cat-iqte","17":"product_cat-rechargeable-disposables","18":"product_cat-vape-by-flavor-profile","19":"product_cat-vape-by-nicotine-strength","20":"product_cat-vape-by-puff-count","21":"product_cat-vape-by-feature-or-type","23":"first","24":"instock","25":"shipping-taxable","26":"purchasable","27":"product-type-variable","28":"has-default-attributes"},"tiered_pricing_type":"percentage","tiered_pricing_fixed_rules":[],"tiered_pricing_product_settings":{"layout":"default","base_unit_name":{"singular":null,"plural":null},"default_variation":null},"tiered_pricing_minimum_quantity":10,"tiered_pricing_roles_data":[],"tiered_pricing_percentage_rules":{"30":"29","50":"35","100":"40","200":"44","500":"47","1000":"49"},"tiered_pricing_maximum_quantity":null,"tiered_pricing_quantity_step":"10","_links":{"self":[{"href":"https:\/\/agoravape.com\/sv\/wp-json\/wp\/v2\/product\/10982","targetHints":{"allow":["GET"]}}],"collection":[{"href":"https:\/\/agoravape.com\/sv\/wp-json\/wp\/v2\/product"}],"about":[{"href":"https:\/\/agoravape.com\/sv\/wp-json\/wp\/v2\/types\/product"}],"replies":[{"embeddable":true,"href":"https:\/\/agoravape.com\/sv\/wp-json\/wp\/v2\/comments?post=10982"}],"version-history":[{"count":2,"href":"https:\/\/agoravape.com\/sv\/wp-json\/wp\/v2\/product\/10982\/revisions"}],"predecessor-version":[{"id":29839,"href":"https:\/\/agoravape.com\/sv\/wp-json\/wp\/v2\/product\/10982\/revisions\/29839"}],"wp:featuredmedia":[{"embeddable":true,"href":"https:\/\/agoravape.com\/sv\/wp-json\/wp\/v2\/media\/10984"}],"wp:attachment":[{"href":"https:\/\/agoravape.com\/sv\/wp-json\/wp\/v2\/media?parent=10982"}],"wp:term":[{"taxonomy":"product_brand","embeddable":true,"href":"https:\/\/agoravape.com\/sv\/wp-json\/wp\/v2\/product_brand?post=10982"},{"taxonomy":"product_cat","embeddable":true,"href":"https:\/\/agoravape.com\/sv\/wp-json\/wp\/v2\/product_cat?post=10982"},{"taxonomy":"product_tag","embeddable":true,"href":"https:\/\/agoravape.com\/sv\/wp-json\/wp\/v2\/product_tag?post=10982"}],"curies":[{"name":"wp","href":"https:\/\/api.w.org\/{rel}","templated":true}]}}