{"id":11078,"date":"2025-10-04T18:26:57","date_gmt":"2025-10-04T10:26:57","guid":{"rendered":"https:\/\/green-grasshopper-921422.hostingersite.com\/?post_type=product&#038;p=11078"},"modified":"2026-01-19T22:09:25","modified_gmt":"2026-01-19T14:09:25","slug":"kristall-mary-3in1-65000-puffar-vape","status":"publish","type":"product","link":"https:\/\/agoravape.com\/sv\/product\/crystal-mary-3in1-65000-puffs-vape\/","title":{"rendered":"Crystal Mary 3-i-1 65000 puff vape | Trippel smak, l\u00e5ngvarig och bekv\u00e4m"},"content":{"rendered":"<h2 data-v-md-heading=\"what-s-so-special-about-crystal-mary-s-three-in-one-65000-pack-electronic-cigarette\" data-v-md-line=\"3\">What\u2019s so special about Crystal Mary\u2019s three in one 65000 pack vape?<\/h2>\n<p data-v-md-line=\"4\">If you dislike using only one flavor throughout the week, this product can change your habits. Crystal Mary three in one vape allows you to switch between three flavors on the same device, keeping you fresh without carrying three vapes.<\/p>\n<p data-v-md-line=\"6\">It is designed for users who pursue a long-lasting user experience and is easy to operate. No need for tedious operations, no complicated menus. Just choose your favorite flavor and enjoy it easily. You may think that multi flavored, high-volume vapes can be cumbersome, but the flavor switching of this vape is fast and intuitive.<\/p>\n<h2 data-v-md-heading=\"excellent-performance-easy-and-convenient\" data-v-md-line=\"8\">Utm\u00e4rkt prestanda, enkelt och bekv\u00e4mt<\/h2>\n<p data-v-md-line=\"9\">The core of Crystal Mary\u2019s three in one vape is the mesh coil, which helps maintain consistent taste with each puff. The taste is always clear and will not become bland halfway through. When the battery is low, you can charge it through the Type-C interface. Just use the cables commonly used on your phone. Simple and convenient.<\/p>\n<h2 data-v-md-heading=\"specification-introduction\" data-v-md-line=\"11\">Specification Introduction<\/h2>\n<ul data-v-md-line=\"12\">\n<li>Suction frequency: up to 65000 times<\/li>\n<li>Nicotine content: 2% or 5% optional<\/li>\n<li>Working principle: Easy to operate, no need for buttons, the device has a built-in taste switch<\/li>\n<li>Laddning: Standard USB-gr\u00e4nssnitt av typ C<\/li>\n<li>Status: Klar att anv\u00e4nda direkt ur l\u00e5dan<\/li>\n<\/ul>\n<h2 data-v-md-heading=\"full-flavor-series\" data-v-md-line=\"18\">Full smakserie<\/h2>\n<p data-v-md-line=\"19\">Each device comes with 3 selected flavor sets:<\/p>\n<ul data-v-md-line=\"20\">\n<li>Strawberry Vanilla Cola\/Blueberry Raspberry\/Lemon Lime<\/li>\n<li>Blackcurrant\/Pink Lemon Water\/Mango Passion Fruit<\/li>\n<li>Watermelon ice\/sweet and sour candy\/strawberry kiwi<\/li>\n<li>Watermelon Ice Cream\/Strawberry Ice Cream\/Triple Melon<\/li>\n<li>Strawberry Raspberry\/Cherry Berry\/Grape Ice<\/li>\n<li>Sour apple ice\/strawberry watermelon\/lemon peach<\/li>\n<li>Lemon lime\/Strawberry watermelon\/Blueberry smoothie<\/li>\n<li>Blueberry smoothie\/Raspberry watermelon\/Lemon lime<\/li>\n<li>Blueberry Raspberry\/Strawberry Sour Mango smoothie\/Lemon Cola<\/li>\n<li>Raspberry watermelon\/Sour mango pineapple\/Strawberry kiwi refreshing drink<\/li>\n<\/ul>\n<h2 data-v-md-heading=\"for-you-and-for-your-business-as-well\" data-v-md-line=\"31\">F\u00f6r dig, och \u00e4ven f\u00f6r ditt f\u00f6retag<\/h2>\n<p data-v-md-line=\"32\">If you want a long-lasting, switchable flavor, and easy to charge vape, why not buy one. If you are stocking up for your store or creating an online collection, we are always ready for wholesale. 10 pieces per box, 200 pieces per box, making it easy for you to plan inventory.<\/p>\n<p data-v-md-line=\"34\">We work with trusted partners such as UPS, DPD, and DHL to use DDP (Delivered Duty Paid) transportation, so customs duties can be processed in advance and there will be no accidents when the package arrives at customs.<\/p>\n<p data-v-md-line=\"36\">Compliance statement: Large caliber vapes and vapes with 5% nicotine concentration do not meet the TPD (European Tobacco Products Directive) standards in many EU markets. We supply to permitted regions. If you need EU retail alternatives that meet TPD standards, please consult our team.<\/p>\n<h2 data-v-md-heading=\"why-do-you-like-it\" data-v-md-line=\"38\">Why do you like it<\/h2>\n<ul data-v-md-line=\"39\">\n<li>Massive suction: fewer recharges and repeat purchases.<\/li>\n<li>Triple flavor switching: Switch flavors at any time to meet your needs.<\/li>\n<li>Rechargeable: Type-C charging helps you use e-liquid efficiently.<\/li>\n<li>Mesh coil: Consistent from beginning to end, with a rich and mellow taste.<\/li>\n<\/ul>\n<h2 data-v-md-heading=\"why-collaborate-with-agoravape\" data-v-md-line=\"44\">Why collaborate with AgoraVape?<\/h2>\n<p data-v-md-line=\"45\">Vi erbjuder endast 100 % \u00e4kta produkter och ansvarar f\u00f6r de produkter vi s\u00e4ljer. F\u00f6r f\u00f6retagskunder inneb\u00e4r detta att Crystal Marys tre-i-ett 65000 vaping-smaksbrytare erbjuder rabatterade grossistpriser, snabb kundsupport och snabb leverans via DDP. V\u00e4lkommen att diskutera med oss \u200b\u200bhur du kan erbjuda flexibla och h\u00e5llbara \u00e5terkommande kunders valm\u00f6jligheter.<\/p>\n<p data-v-md-line=\"45\"><img loading=\"lazy\" decoding=\"async\" class=\"aligncenter size-full wp-image-11080\" src=\"https:\/\/agoravape.com\/wp-content\/uploads\/2025\/10\/Crystal-Mary-3-in-1-65000-Puffs-Flavor-Switch-Vape-2.webp\" alt=\"\" width=\"1523\" height=\"2444\" srcset=\"https:\/\/agoravape.com\/wp-content\/uploads\/2025\/10\/Crystal-Mary-3-in-1-65000-Puffs-Flavor-Switch-Vape-2.webp 1523w, https:\/\/agoravape.com\/wp-content\/uploads\/2025\/10\/Crystal-Mary-3-in-1-65000-Puffs-Flavor-Switch-Vape-2-1200x1926.webp 1200w, https:\/\/agoravape.com\/wp-content\/uploads\/2025\/10\/Crystal-Mary-3-in-1-65000-Puffs-Flavor-Switch-Vape-2-187x300.webp 187w, https:\/\/agoravape.com\/wp-content\/uploads\/2025\/10\/Crystal-Mary-3-in-1-65000-Puffs-Flavor-Switch-Vape-2-638x1024.webp 638w, https:\/\/agoravape.com\/wp-content\/uploads\/2025\/10\/Crystal-Mary-3-in-1-65000-Puffs-Flavor-Switch-Vape-2-768x1232.webp 768w, https:\/\/agoravape.com\/wp-content\/uploads\/2025\/10\/Crystal-Mary-3-in-1-65000-Puffs-Flavor-Switch-Vape-2-957x1536.webp 957w, https:\/\/agoravape.com\/wp-content\/uploads\/2025\/10\/Crystal-Mary-3-in-1-65000-Puffs-Flavor-Switch-Vape-2-1276x2048.webp 1276w\" sizes=\"auto, (max-width: 1523px) 100vw, 1523px\" \/><\/p>\n<p><script src=\"chrome-extension:\/\/fpelahbljekknahkcaegamhcndkfpfnc\/iFrame.js\" type=\"text\/javascript\"><\/script><\/p>\n<p><script src=\"chrome-extension:\/\/fpelahbljekknahkcaegamhcndkfpfnc\/iFrame.js\" type=\"text\/javascript\"><\/script><\/p>\n<p><script src=\"chrome-extension:\/\/fpelahbljekknahkcaegamhcndkfpfnc\/iFrame.js\" type=\"text\/javascript\"><\/script><\/p>\n<p><script src=\"chrome-extension:\/\/fpelahbljekknahkcaegamhcndkfpfnc\/iFrame.js\" type=\"text\/javascript\"><\/script><\/p>\n<p><script src=\"chrome-extension:\/\/fpelahbljekknahkcaegamhcndkfpfnc\/iFrame.js\" type=\"text\/javascript\"><\/script><\/p>\n<p><script src=\"chrome-extension:\/\/fpelahbljekknahkcaegamhcndkfpfnc\/iFrame.js\" type=\"text\/javascript\"><\/script><\/p>\n<p><script src=\"chrome-extension:\/\/fpelahbljekknahkcaegamhcndkfpfnc\/iFrame.js\" type=\"text\/javascript\"><\/script><\/p>\n<p><script src=\"chrome-extension:\/\/fpelahbljekknahkcaegamhcndkfpfnc\/iFrame.js\" type=\"text\/javascript\"><\/script><\/p>\n<p><script src=\"chrome-extension:\/\/fpelahbljekknahkcaegamhcndkfpfnc\/iFrame.js\" type=\"text\/javascript\"><\/script><\/p>\n<p><script src=\"chrome-extension:\/\/fpelahbljekknahkcaegamhcndkfpfnc\/iFrame.js\" type=\"text\/javascript\"><\/script><\/p>\n<p><script src=\"chrome-extension:\/\/fpelahbljekknahkcaegamhcndkfpfnc\/iFrame.js\" type=\"text\/javascript\"><\/script><\/p>","protected":false},"excerpt":{"rendered":"<p>Tr\u00f6tt p\u00e5 en smak? Med Crystal Mary 3-i-1-vape kan du v\u00e4xla mellan tre olika smaker i en och samma enhet. Njut av upp till 65 000 puffar med j\u00e4mn smak fr\u00e5n en mesh-spole. Enkel, knappfri och uppladdningsbar via Type-C f\u00f6r l\u00e5ngvarig bekv\u00e4mlighet. Ditt ultimata smak\u00e4ventyr.<\/p>\n<p><script src=\"chrome-extension:\/\/fpelahbljekknahkcaegamhcndkfpfnc\/iFrame.js\" type=\"text\/javascript\"><\/script><\/p>\n<p><script src=\"chrome-extension:\/\/fpelahbljekknahkcaegamhcndkfpfnc\/iFrame.js\" type=\"text\/javascript\"><\/script><\/p>","protected":false},"featured_media":11079,"comment_status":"open","ping_status":"closed","template":"","meta":[],"product_brand":[199],"product_cat":[124,185,189,176,126,177,195,174,175,193,191,173,186,180,190],"product_tag":[],"class_list":{"0":"post-11078","1":"product","2":"type-product","3":"status-publish","4":"has-post-thumbnail","6":"product_brand-crystal-mary","7":"product_cat-vape-by-brand","8":"product_cat-10000-puffs-high-capacity","9":"product_cat-20mg-standard-nicotine-vapes","10":"product_cat-beverage","11":"product_cat-crystal-mary","12":"product_cat-dessert-sweets","13":"product_cat-dual-flavor-switch","14":"product_cat-fruit-flavors","15":"product_cat-icy-mint","16":"product_cat-mesh-coil","17":"product_cat-rechargeable-disposables","18":"product_cat-vape-by-flavor-profile","19":"product_cat-vape-by-nicotine-strength","20":"product_cat-vape-by-puff-count","21":"product_cat-vape-by-feature-or-type","23":"first","24":"onbackorder","25":"shipping-taxable","26":"purchasable","27":"product-type-variable","28":"has-default-attributes"},"tiered_pricing_type":"percentage","tiered_pricing_fixed_rules":[],"tiered_pricing_product_settings":{"layout":"default","base_unit_name":{"singular":null,"plural":null},"default_variation":null},"tiered_pricing_minimum_quantity":10,"tiered_pricing_roles_data":[],"tiered_pricing_percentage_rules":{"30":"29","50":"35","100":"40","200":"44","500":"47","1000":"49"},"tiered_pricing_maximum_quantity":null,"tiered_pricing_quantity_step":"10","_links":{"self":[{"href":"https:\/\/agoravape.com\/sv\/wp-json\/wp\/v2\/product\/11078","targetHints":{"allow":["GET"]}}],"collection":[{"href":"https:\/\/agoravape.com\/sv\/wp-json\/wp\/v2\/product"}],"about":[{"href":"https:\/\/agoravape.com\/sv\/wp-json\/wp\/v2\/types\/product"}],"replies":[{"embeddable":true,"href":"https:\/\/agoravape.com\/sv\/wp-json\/wp\/v2\/comments?post=11078"}],"version-history":[{"count":0,"href":"https:\/\/agoravape.com\/sv\/wp-json\/wp\/v2\/product\/11078\/revisions"}],"wp:featuredmedia":[{"embeddable":true,"href":"https:\/\/agoravape.com\/sv\/wp-json\/wp\/v2\/media\/11079"}],"wp:attachment":[{"href":"https:\/\/agoravape.com\/sv\/wp-json\/wp\/v2\/media?parent=11078"}],"wp:term":[{"taxonomy":"product_brand","embeddable":true,"href":"https:\/\/agoravape.com\/sv\/wp-json\/wp\/v2\/product_brand?post=11078"},{"taxonomy":"product_cat","embeddable":true,"href":"https:\/\/agoravape.com\/sv\/wp-json\/wp\/v2\/product_cat?post=11078"},{"taxonomy":"product_tag","embeddable":true,"href":"https:\/\/agoravape.com\/sv\/wp-json\/wp\/v2\/product_tag?post=11078"}],"curies":[{"name":"wp","href":"https:\/\/api.w.org\/{rel}","templated":true}]}}