{"id":11109,"date":"2025-10-04T21:27:48","date_gmt":"2025-10-04T13:27:48","guid":{"rendered":"https:\/\/green-grasshopper-921422.hostingersite.com\/?post_type=product&#038;p=11109"},"modified":"2026-01-19T22:09:19","modified_gmt":"2026-01-19T14:09:19","slug":"crystal-mary-groove-50k-touch-screen-vape","status":"publish","type":"product","link":"https:\/\/agoravape.com\/sv\/product\/crystal-mary-groove-50k-touch-screen-vape\/","title":{"rendered":"Crystal Mary Groove 50K Smart Peksk\u00e4rm Vape | Skapa enkelt en l\u00e5ngvarig smak"},"content":{"rendered":"<h2 data-v-md-heading=\"what-are-the-advantages-of-crystal-mary-groove-50k-suction-smart-touchscreen-electronic-cigarette\" data-v-md-line=\"3\">Vilka \u00e4r f\u00f6rdelarna med Crystal Mary Groove 50K smart peksk\u00e4rmsvape med sugfunktion?<\/h2>\n<p data-v-md-line=\"4\">Om du \u00e4r tr\u00f6tt p\u00e5 att byta ut eng\u00e5ngsvapor med n\u00e5gra dagars mellanrum, s\u00e5 kommer den h\u00e4r produkten att g\u00f6ra ditt liv enklare. Crystal Mary Groove har en sugkapacitet p\u00e5 upp till 50 000 och \u00e4r utrustad med en intelligent peksk\u00e4rm, s\u00e5 att du kan justera vape-upplevelsen som du vill.<\/p>\n<p data-v-md-line=\"6\">Den passar alla som vill ha h\u00e5llbarhet utan att anstr\u00e4nga sig. Den kan ge tydlig smak, stabil r\u00f6k och enkel enhetskontroll. Du kanske tror att vapes med s\u00e5 h\u00f6g sugkapacitet skulle vara besv\u00e4rliga, men de \u00e4r enkla och l\u00e4tta att anv\u00e4nda, uppfriskande.<\/p>\n<h2 data-v-md-heading=\"excellent-performance-easy-and-convenient\" data-v-md-line=\"8\">Utm\u00e4rkt prestanda, enkelt och bekv\u00e4mt<\/h2>\n<p data-v-md-line=\"9\">Dubbeln\u00e4tsspolen tar sig an huvuduppgiften. De v\u00e4rms upp j\u00e4mnt, s\u00e5 varje tugga \u00e4r lika l\u00e4cker som den f\u00f6rsta. N\u00e4r batteriet \u00e4r l\u00e5gt kan du ladda den via Typ-C. Den kan ha samma kabel som den du anv\u00e4nder p\u00e5 din telefon, s\u00e5 du beh\u00f6ver inte oroa dig f\u00f6r att hitta n\u00e5got speciellt.<\/p>\n<h2 data-v-md-heading=\"specification-overview\" data-v-md-line=\"11\">Specifikations\u00f6versikt<\/h2>\n<ul data-v-md-line=\"12\">\n<li>Sugfrekvens: upp till 50000 g\u00e5nger<\/li>\n<li>Nikotinhalt: 50 milligram per milliliter<\/li>\n<li>Funktionsprincip: Peksk\u00e4rmen justerar nikotin- och isniv\u00e5erna. Andas bara in f\u00f6r att aktivera vapen.<\/li>\n<li>Laddning: Standard USB-gr\u00e4nssnitt av typ C<\/li>\n<li>Status: Klar att anv\u00e4nda vid uppackning<\/li>\n<\/ul>\n<h2 data-v-md-heading=\"full-range-of-flavors\" data-v-md-line=\"18\">Fullt utbud av smaker<\/h2>\n<ul data-v-md-line=\"19\">\n<li>Bl\u00e5b\u00e4rssmoothie<\/li>\n<li>Miami Myntverk<\/li>\n<li>Vattenmelonsmoothie<\/li>\n<li>Jordgubbspopcorn<\/li>\n<li>Sur \u00e4ppelsmoothie<\/li>\n<li>Sur Mango Ananas<\/li>\n<li>Citronsocker<\/li>\n<li>Banan-kola-smoothie<\/li>\n<li>Surt explosivt socker<\/li>\n<li>Uppfriskande jordgubb-kiwi<\/li>\n<\/ul>\n<h2 data-v-md-heading=\"for-you-and-your-business\" data-v-md-line=\"30\">For you and your business<\/h2>\n<p data-v-md-line=\"31\">Att k\u00f6pa till sig sj\u00e4lv \u00e4r v\u00e4ldigt enkelt. V\u00e4lj bara din smak. Om du fyller p\u00e5 bunkrar till butiken kan vi ocks\u00e5 tillgodose dina behov. Crystal Mary Groove 50K-patroner finns i f\u00f6rpackningar med 5 smaker eller blandade f\u00f6rpackningar med 10 smaker.<\/p>\n<p data-v-md-line=\"33\">Vi erbjuder p\u00e5litliga DDP-leveranstj\u00e4nster via UPS, DPD och DHL, som kan skickas \u00f6ver hela Europa. Tullar kan behandlas i f\u00f6rv\u00e4g f\u00f6r att undvika tullolyckor. Leveranssituationen och nikotinkoncentrationen kan variera i olika l\u00e4nder\/regioner. V\u00e4nligen se lokala best\u00e4mmelser eller kontakta v\u00e5rt team.<\/p>\n<h2 data-v-md-heading=\"why-do-you-like-it\" data-v-md-line=\"35\">Why do you like it<\/h2>\n<ul data-v-md-line=\"36\">\n<li>Massiv sugkraft: upp till 50 000 kg kapacitet inneb\u00e4r mindre upprepade best\u00e4llningar och kr\u00e5ngel<\/li>\n<li>Nikotinval: Apparaten har en inbyggd justeringsfunktion som g\u00f6r att du kan finjustera koncentrationen efter behov.<\/li>\n<li>Uppladdningsbar: Typ-C-laddning hj\u00e4lper dig att anv\u00e4nda upp varenda droppe e-v\u00e4tska<\/li>\n<li>Mesh coil: Dubbelskiktad mesh coil ger en j\u00e4mn smak och j\u00e4mn r\u00f6k<\/li>\n<\/ul>\n<h2 data-v-md-heading=\"why-collaborate-with-agoravape\" data-v-md-line=\"41\">Why collaborate with AgoraVape?<\/h2>\n<p data-v-md-line=\"42\">Vi s\u00e4ljer endast 100 % \u00e4kta produkter och ansvarar f\u00f6r de produkter vi s\u00e4ljer. F\u00f6retagskunder som k\u00f6per Crystal Mary Groove 50K smarta peksk\u00e4rmsvapes kan dra nytta av rabatterade grossistpriser, ett lyh\u00f6rt supportteam och snabba och p\u00e5litliga leveranser. Vill du k\u00f6pa en enhet som har en h\u00f6g kund\u00e5tergivningsfrekvens? Kontakta oss s\u00e5 hj\u00e4lper vi dig g\u00e4rna.<\/p>\n<p data-v-md-line=\"42\"><img loading=\"lazy\" decoding=\"async\" class=\"aligncenter size-full wp-image-11122\" src=\"https:\/\/agoravape.com\/wp-content\/uploads\/2025\/10\/CRYSTAL-MARY-CM-Groove-50000.webp\" alt=\"\" width=\"1400\" height=\"935\" srcset=\"https:\/\/agoravape.com\/wp-content\/uploads\/2025\/10\/CRYSTAL-MARY-CM-Groove-50000.webp 1400w, https:\/\/agoravape.com\/wp-content\/uploads\/2025\/10\/CRYSTAL-MARY-CM-Groove-50000-1200x801.webp 1200w, https:\/\/agoravape.com\/wp-content\/uploads\/2025\/10\/CRYSTAL-MARY-CM-Groove-50000-300x200.webp 300w, https:\/\/agoravape.com\/wp-content\/uploads\/2025\/10\/CRYSTAL-MARY-CM-Groove-50000-1024x684.webp 1024w, https:\/\/agoravape.com\/wp-content\/uploads\/2025\/10\/CRYSTAL-MARY-CM-Groove-50000-768x513.webp 768w\" sizes=\"auto, (max-width: 1400px) 100vw, 1400px\" \/><\/p>","protected":false},"excerpt":{"rendered":"<p>M\u00f6t Crystal Mary Groove 50K. F\u00e5 upp till 50 000 puffar med denna smarta vape. Anv\u00e4nd den intuitiva peksk\u00e4rmen f\u00f6r att anpassa nikotin- och isniv\u00e5er f\u00f6r din perfekta hit. Dubbla mesh-spolar ger en rik och j\u00e4mn smak. Laddningsbar via Type-C f\u00f6r en l\u00e5ngvarig, f\u00f6renklad upplevelse.<\/p>","protected":false},"featured_media":11121,"comment_status":"open","ping_status":"closed","template":"","meta":[],"product_brand":[199],"product_cat":[124,185,1641,126,177,174,175,193,191,173,180,190,192],"product_tag":[],"class_list":{"0":"post-11109","1":"product","2":"type-product","3":"status-publish","4":"has-post-thumbnail","6":"product_brand-crystal-mary","7":"product_cat-vape-by-brand","8":"product_cat-10000-puffs-high-capacity","9":"product_cat-50000-puffs","10":"product_cat-crystal-mary","11":"product_cat-dessert-sweets","12":"product_cat-fruit-flavors","13":"product_cat-icy-mint","14":"product_cat-mesh-coil","15":"product_cat-rechargeable-disposables","16":"product_cat-vape-by-flavor-profile","17":"product_cat-vape-by-puff-count","18":"product_cat-vape-by-feature-or-type","19":"product_cat-vapes-with-screens","21":"first","22":"onbackorder","23":"shipping-taxable","24":"purchasable","25":"product-type-variable","26":"has-default-attributes"},"tiered_pricing_type":"percentage","tiered_pricing_fixed_rules":[],"tiered_pricing_product_settings":{"layout":"default","base_unit_name":{"singular":null,"plural":null},"default_variation":null},"tiered_pricing_minimum_quantity":10,"tiered_pricing_roles_data":[],"tiered_pricing_percentage_rules":{"30":"29","50":"35","100":"40","200":"44","500":"47","1000":"49"},"tiered_pricing_maximum_quantity":null,"tiered_pricing_quantity_step":"10","_links":{"self":[{"href":"https:\/\/agoravape.com\/sv\/wp-json\/wp\/v2\/product\/11109","targetHints":{"allow":["GET"]}}],"collection":[{"href":"https:\/\/agoravape.com\/sv\/wp-json\/wp\/v2\/product"}],"about":[{"href":"https:\/\/agoravape.com\/sv\/wp-json\/wp\/v2\/types\/product"}],"replies":[{"embeddable":true,"href":"https:\/\/agoravape.com\/sv\/wp-json\/wp\/v2\/comments?post=11109"}],"version-history":[{"count":0,"href":"https:\/\/agoravape.com\/sv\/wp-json\/wp\/v2\/product\/11109\/revisions"}],"wp:featuredmedia":[{"embeddable":true,"href":"https:\/\/agoravape.com\/sv\/wp-json\/wp\/v2\/media\/11121"}],"wp:attachment":[{"href":"https:\/\/agoravape.com\/sv\/wp-json\/wp\/v2\/media?parent=11109"}],"wp:term":[{"taxonomy":"product_brand","embeddable":true,"href":"https:\/\/agoravape.com\/sv\/wp-json\/wp\/v2\/product_brand?post=11109"},{"taxonomy":"product_cat","embeddable":true,"href":"https:\/\/agoravape.com\/sv\/wp-json\/wp\/v2\/product_cat?post=11109"},{"taxonomy":"product_tag","embeddable":true,"href":"https:\/\/agoravape.com\/sv\/wp-json\/wp\/v2\/product_tag?post=11109"}],"curies":[{"name":"wp","href":"https:\/\/api.w.org\/{rel}","templated":true}]}}