{"id":11146,"date":"2025-10-05T10:23:12","date_gmt":"2025-10-05T02:23:12","guid":{"rendered":"https:\/\/green-grasshopper-921422.hostingersite.com\/?post_type=product&#038;p=11146"},"modified":"2026-01-19T22:09:13","modified_gmt":"2026-01-19T14:09:13","slug":"kristall-mary-pulsex-20mg-20000-puffar-vape","status":"publish","type":"product","link":"https:\/\/agoravape.com\/sv\/product\/crystal-mary-pulsex-20mg-20000-puffs-vape\/","title":{"rendered":"Crystal Mary PulsEX 20000 puff 20 mg nikotin vape | Stor kapacitet, j\u00e4mn smak"},"content":{"rendered":"<h2 data-v-md-heading=\"what-is-the-charm-of-crystal-mary-pulsex-20000-pack-20mg-nicotine-e-cigarette\" data-v-md-line=\"3\">Vad \u00e4r charmen med Crystal Mary Pulsex 20000-pack 20 mg nikotin vape?<\/h2>\n<p data-v-md-line=\"4\">Om du \u00e4r tr\u00f6tt p\u00e5 eng\u00e5ngsvapor som tar slut i lager i b\u00f6rjan av anv\u00e4ndningen, d\u00e5 kommer den h\u00e4r produkten att f\u00f6r\u00e4ndra allt. Crystal Mary PulsEX har en kapacitet p\u00e5 upp till 20 000 bloss och ett nikotininneh\u00e5ll p\u00e5 20 milligram f\u00f6r en smidig upplevelse. Den \u00e4r enkel att anv\u00e4nda och kr\u00e4ver ingen anstr\u00e4ngning.<\/p>\n<p data-v-md-line=\"6\">Om du vill ha en l\u00e5ngvarig och mjuk vape beh\u00f6ver du inte oroa dig f\u00f6r coils eller inst\u00e4llningar, den h\u00e4r produkten \u00e4r ditt perfekta val. Med s\u00e5 m\u00e5nga tuggor f\u00f6rsvagas smaken oundvikligen, men coilen med dubbel mesh kan bibeh\u00e5lla stabilitet fr\u00e5n f\u00f6rsta till sista tuggan.<\/p>\n<h2 data-v-md-heading=\"excellent-performance-easy-and-convenient\" data-v-md-line=\"8\">Utm\u00e4rkt prestanda, enkelt och bekv\u00e4mt<\/h2>\n<p data-v-md-line=\"9\">Internt anv\u00e4nds dubbla n\u00e4tspolar f\u00f6r snabb och j\u00e4mn uppv\u00e4rmning, vilket s\u00e4kerst\u00e4ller att varje tugga \u00e4r lika ren som den f\u00f6rsta smaken. N\u00e4r batteriet \u00e4r l\u00e5gt beh\u00f6ver du inte sl\u00e4nga det. Anslut bara str\u00f6mf\u00f6rs\u00f6rjningen. Typ-C-porten anv\u00e4nder samma kabel som de flesta mobiltelefoner, vilket g\u00f6r den mer bekv\u00e4m att anv\u00e4nda.<\/p>\n<h2 data-v-md-heading=\"specification-introduction\" data-v-md-line=\"11\">Specification Introduction<\/h2>\n<ul data-v-md-line=\"12\">\n<li>Sugfrekvens: upp till 20000 g\u00e5nger<\/li>\n<li>Nikotin: 20 mg (nikotinsalt)<\/li>\n<li>E-v\u00e4tskekapacitet: 18 milliliter<\/li>\n<li>Atomizing core: double mesh<\/li>\n<li>Batteri: 820mAh uppladdningsbart batteri<\/li>\n<li>Funktionsprincip: Aktiveras med bara ett bloss<\/li>\n<li>Laddning: Standard USB-gr\u00e4nssnitt av typ C<\/li>\n<li>Status: Klar att anv\u00e4nda vid uppackning<\/li>\n<\/ul>\n<h2 data-v-md-heading=\"full-range-of-flavors\" data-v-md-line=\"21\">Fullt utbud av smaker<\/h2>\n<ul data-v-md-line=\"22\">\n<li>Bl\u00e5b\u00e4rssur hallonsmak<\/li>\n<li>Jordgubbskonstig fruktsmak<\/li>\n<li>Smak av ananassmoothie<\/li>\n<li>Bl\u00e5b\u00e4r, hallon, citronsmak<\/li>\n<li>Smak av vattenmelonsmoothie<\/li>\n<li>Smak av kiwi, passionsfrukt och guava<\/li>\n<li>Peach smoothie flavor<\/li>\n<li>Smak av bl\u00e5b\u00e4rssmoothie<\/li>\n<li>Regnb\u00e5gssockersmak<\/li>\n<li>Banansmoothie<\/li>\n<\/ul>\n<h2 data-v-md-heading=\"to-create-for-you-and-your-business\" data-v-md-line=\"33\">Att skapa f\u00f6r dig och ditt f\u00f6retag<\/h2>\n<p data-v-md-line=\"34\">Du kan k\u00f6pa en f\u00f6r dagligt bruk eller fylla dina hyllor med b\u00e4sts\u00e4ljande produkter. Vi erbjuder grossistl\u00e5dor med 5 stycken f\u00f6r varje smak, s\u00e5 att du enkelt kan skapa en balanserad kollektion utan att \u00f6verinvestera.<\/p>\n<p data-v-md-line=\"36\">Vi samarbetar med betrodda partners som UPS, DPD och DHL f\u00f6r att tillhandah\u00e5lla DDP-leveranser, vilket sparar dig besv\u00e4ret med tullprocedurer och undviker olyckor vid ankomst. P\u00e5 grund av lokala best\u00e4mmelser kan leveranssituationen variera i olika l\u00e4nder\/regioner, s\u00e5 v\u00e4nligen kontrollera lokala best\u00e4mmelser innan du g\u00f6r en best\u00e4llning.<\/p>\n<h2 data-v-md-heading=\"why-do-you-like-it\" data-v-md-line=\"38\">Why do you like it<\/h2>\n<ul data-v-md-line=\"39\">\n<li>Stor sugkapacitet: h\u00e5llbar och l\u00e5ngvarig, inget behov av frekvent byte.<\/li>\n<li>20 mg nikotin: Koncentrationen av hela sortimentet av e-v\u00e4tskor \u00e4r enhetlig.<\/li>\n<li>Uppladdningsbar: Du beh\u00f6ver bara betala en g\u00e5ng f\u00f6r att anv\u00e4nda alla e-v\u00e4tskor.<\/li>\n<li>Mesh coil: Den kan ge en stabil och rik smak varje g\u00e5ng.<\/li>\n<li>Typ-C-laddning: Anv\u00e4nd en vanlig kabel f\u00f6r att ladda snabbt.<\/li>\n<\/ul>\n<h2 data-v-md-heading=\"why-choose-to-collaborate-with-agoravape\" data-v-md-line=\"45\">Varf\u00f6r v\u00e4lja att samarbeta med AgoraVape?<\/h2>\n<p data-v-md-line=\"46\">Vi s\u00e4ljer endast 100 % \u00e4kta produkter och tvivlar inte p\u00e5 det. Som en av de betrodda vape-distribut\u00f6rerna i Europa kan du dra nytta av rabatterade grossistpriser, snabb support och snabba DDP-leveranser f\u00f6r Crystal Mary PulsEX 20000 puffar med 20 mg nikotin. V\u00e4lkommen att kontakta oss f\u00f6r att l\u00e4ra dig hur du kan skapa en enhet som \u00e4r v\u00e4rd att \u00e5terv\u00e4nda till f\u00f6r dina kunder.<\/p>\n<p><img loading=\"lazy\" decoding=\"async\" class=\"aligncenter size-full wp-image-11170\" src=\"https:\/\/agoravape.com\/wp-content\/uploads\/2025\/10\/crystal-mary-vape.webp\" alt=\"\" width=\"1400\" height=\"650\" srcset=\"https:\/\/agoravape.com\/wp-content\/uploads\/2025\/10\/crystal-mary-vape.webp 1400w, https:\/\/agoravape.com\/wp-content\/uploads\/2025\/10\/crystal-mary-vape-1200x557.webp 1200w, https:\/\/agoravape.com\/wp-content\/uploads\/2025\/10\/crystal-mary-vape-300x139.webp 300w, https:\/\/agoravape.com\/wp-content\/uploads\/2025\/10\/crystal-mary-vape-1024x475.webp 1024w, https:\/\/agoravape.com\/wp-content\/uploads\/2025\/10\/crystal-mary-vape-768x357.webp 768w\" sizes=\"auto, (max-width: 1400px) 100vw, 1400px\" \/><\/p>","protected":false},"excerpt":{"rendered":"<p>Enjoy up to 20,000 puffs with the Crystal Mary PulseX. This high-capacity vape delivers a consistent 20mg nicotine hit and rich flavour from start to finish, thanks to a dual mesh coil. It\u2019s simple, rechargeable via Type-C, and built to last. No fuss, just long-lasting flavour.<\/p>","protected":false},"featured_media":11171,"comment_status":"open","ping_status":"closed","template":"","meta":[],"product_brand":[199],"product_cat":[124,185,1636,189,126,174,175,193,191,173,180,190],"product_tag":[],"class_list":{"0":"post-11146","1":"product","2":"type-product","3":"status-publish","4":"has-post-thumbnail","6":"product_brand-crystal-mary","7":"product_cat-vape-by-brand","8":"product_cat-10000-puffs-high-capacity","9":"product_cat-20000-puffs","10":"product_cat-20mg-standard-nicotine-vapes","11":"product_cat-crystal-mary","12":"product_cat-fruit-flavors","13":"product_cat-icy-mint","14":"product_cat-mesh-coil","15":"product_cat-rechargeable-disposables","16":"product_cat-vape-by-flavor-profile","17":"product_cat-vape-by-puff-count","18":"product_cat-vape-by-feature-or-type","20":"first","21":"onbackorder","22":"shipping-taxable","23":"purchasable","24":"product-type-variable","25":"has-default-attributes"},"tiered_pricing_type":"percentage","tiered_pricing_fixed_rules":[],"tiered_pricing_product_settings":{"layout":"default","base_unit_name":{"singular":null,"plural":null},"default_variation":null},"tiered_pricing_minimum_quantity":10,"tiered_pricing_roles_data":[],"tiered_pricing_percentage_rules":{"30":"29","50":"35","100":"40","200":"44","500":"47","1000":"49"},"tiered_pricing_maximum_quantity":null,"tiered_pricing_quantity_step":"10","_links":{"self":[{"href":"https:\/\/agoravape.com\/sv\/wp-json\/wp\/v2\/product\/11146","targetHints":{"allow":["GET"]}}],"collection":[{"href":"https:\/\/agoravape.com\/sv\/wp-json\/wp\/v2\/product"}],"about":[{"href":"https:\/\/agoravape.com\/sv\/wp-json\/wp\/v2\/types\/product"}],"replies":[{"embeddable":true,"href":"https:\/\/agoravape.com\/sv\/wp-json\/wp\/v2\/comments?post=11146"}],"version-history":[{"count":0,"href":"https:\/\/agoravape.com\/sv\/wp-json\/wp\/v2\/product\/11146\/revisions"}],"wp:featuredmedia":[{"embeddable":true,"href":"https:\/\/agoravape.com\/sv\/wp-json\/wp\/v2\/media\/11171"}],"wp:attachment":[{"href":"https:\/\/agoravape.com\/sv\/wp-json\/wp\/v2\/media?parent=11146"}],"wp:term":[{"taxonomy":"product_brand","embeddable":true,"href":"https:\/\/agoravape.com\/sv\/wp-json\/wp\/v2\/product_brand?post=11146"},{"taxonomy":"product_cat","embeddable":true,"href":"https:\/\/agoravape.com\/sv\/wp-json\/wp\/v2\/product_cat?post=11146"},{"taxonomy":"product_tag","embeddable":true,"href":"https:\/\/agoravape.com\/sv\/wp-json\/wp\/v2\/product_tag?post=11146"}],"curies":[{"name":"wp","href":"https:\/\/api.w.org\/{rel}","templated":true}]}}