{"id":11193,"date":"2025-10-05T11:44:25","date_gmt":"2025-10-05T03:44:25","guid":{"rendered":"https:\/\/green-grasshopper-921422.hostingersite.com\/?post_type=product&#038;p=11193"},"modified":"2026-01-19T22:09:06","modified_gmt":"2026-01-19T14:09:06","slug":"kristall-mary-rymdraket-20000-puffar-vape","status":"publish","type":"product","link":"https:\/\/agoravape.com\/sv\/product\/crystal-mary-space-rocket-20000-puffs-vape\/","title":{"rendered":"Crystal Mary Space Rocket Dual Mode 20000 Port Vape | Stort antal munstycken, l\u00e4tt att anv\u00e4nda"},"content":{"rendered":"<h2 data-v-md-heading=\"what-are-the-advantages-of-crystal-mary-space-rocket-dual-mode-20000-puff-vapes\" data-v-md-line=\"3\">Vilka \u00e4r f\u00f6rdelarna med Crystal Mary rymdraket dual-mode 20000 puff vapes?<\/h2>\n<p data-v-md-line=\"4\">Om du \u00e4r tr\u00f6tt p\u00e5 att byta vape med n\u00e5gra dagars mellanrum, kommer den h\u00e4r produkten att g\u00f6ra ditt liv enklare. Rymdraketvapen Crystal Mary har en ultral\u00e5ng uth\u00e5llighet och kan fritt v\u00e4xla mellan vanligt l\u00e4ge och f\u00f6rb\u00e4ttrat l\u00e4ge. Det vanliga l\u00e4get har finjusterats f\u00f6r l\u00e4ngre batteritid. Det f\u00f6rb\u00e4ttrade l\u00e4get har st\u00f6rre effekt, men f\u00f6rbrukar mer r\u00f6k.<\/p>\n<p data-v-md-line=\"6\">Den passar alla som vill ha en fyllig smak utan att anstr\u00e4nga sig. Du beh\u00f6ver ingen meny eller komplicerade inst\u00e4llningar. V\u00e4lj ditt l\u00e4ge och njut till fullo. Det h\u00e4r \u00e4r allt.<\/p>\n<h2 data-v-md-heading=\"excellent-performance-easy-and-convenient\" data-v-md-line=\"8\">Utm\u00e4rkt prestanda, enkelt och bekv\u00e4mt<\/h2>\n<p data-v-md-line=\"9\">Dubbel mesh-design, hanterar allt enkelt. 0,4 \u03a9 och 0,8 \u03a9 spolarna arbetar tillsammans f\u00f6r att s\u00e4kerst\u00e4lla en ren och j\u00e4mn smak fr\u00e5n b\u00f6rjan till slut. Batteriet laddas l\u00e5ngsammare och r\u00f6ken \u00e4r j\u00e4mnare. N\u00e4r batteriet \u00e4r l\u00e5gt kan du anv\u00e4nda Type-C-gr\u00e4nssnittet f\u00f6r att ladda den. Samma som kabeln som anv\u00e4nds p\u00e5 din telefon. L\u00e4tt att anv\u00e4nda.<\/p>\n<h2 data-v-md-heading=\"specification-introduction\" data-v-md-line=\"11\">Specification Introduction<\/h2>\n<ul data-v-md-line=\"12\">\n<li>Sugfrekvens: upp till 20 000 g\u00e5nger i normalt l\u00e4ge och upp till 12 000 g\u00e5nger i f\u00f6rb\u00e4ttrat l\u00e4ge<\/li>\n<li>E-liquid capacity: 25 milliliters<\/li>\n<li>Atomiseringsk\u00e4rna: 0,4 \u03a9 + 0,8 \u03a9 dubbeln\u00e4t<\/li>\n<li>Batteri: 650 mAh uppladdningsbart batteri<\/li>\n<li>Nikotin: Tillverkaren har inte specificerat koncentrationen. V\u00e4nligen kontrollera produktalternativen eller kontakta v\u00e5rt team f\u00f6r aktuell leveranssituation.<\/li>\n<li>Funktionsprincip: enhet med dubbla l\u00e4gen. V\u00e4xla enkelt l\u00e4gen utan komplicerade inst\u00e4llningar f\u00f6r att b\u00f6rja anv\u00e4nda<\/li>\n<li>Laddning: Standard USB-gr\u00e4nssnitt av typ C<\/li>\n<li>Status: Klar att anv\u00e4nda direkt ur l\u00e5dan<\/li>\n<\/ul>\n<h2 data-v-md-heading=\"full-range-of-flavors\" data-v-md-line=\"21\">Fullt utbud av smaker<\/h2>\n<ul data-v-md-line=\"22\">\n<li>Bl\u00e5b\u00e4rssur hallonsmak<\/li>\n<li>Jordgubbskonstig fruktsmak<\/li>\n<li>Ananassmoothie<\/li>\n<li>Bl\u00e5b\u00e4r, hallon, citronsmak<\/li>\n<li>Vattenmelonsmoothie<\/li>\n<li>Smak av kiwi, passionsfrukt och guava<\/li>\n<li>Persikasmoothie<\/li>\n<li>Bl\u00e5b\u00e4rssmoothie<\/li>\n<li>Regnb\u00e5gssockersmak<\/li>\n<li>Banansmoothie<\/li>\n<\/ul>\n<h2 data-v-md-heading=\"for-you-and-for-your-business-as-well\" data-v-md-line=\"33\">F\u00f6r dig, och \u00e4ven f\u00f6r ditt f\u00f6retag<\/h2>\n<p data-v-md-line=\"34\">Du kan k\u00f6pa en sj\u00e4lv eller fylla p\u00e5 bunkran till din butik. Crystal Mary Space Rocket erbjuder grossistl\u00e5dor i f\u00f6rpackningar, med 10 enheter av varje smak. L\u00e4tt att lista och s\u00e4lja.<\/p>\n<p data-v-md-line=\"36\">Vi samarbetar med p\u00e5litliga partners som UPS, DPD och DHL f\u00f6r att tillhandah\u00e5lla DDP-leveranser, s\u00e5 att tullar kan behandlas i f\u00f6rv\u00e4g. Tullen kommer inte att st\u00f6ta p\u00e5 n\u00e5gra olyckor, och det kommer inte heller att bli n\u00e5gra f\u00f6rseningar som du inte kan f\u00f6rklara f\u00f6r kunderna.<\/p>\n<h2 data-v-md-heading=\"why-do-you-like-it\" data-v-md-line=\"38\">Why do you like it<\/h2>\n<ul data-v-md-line=\"39\">\n<li>Stor munr\u00e4kning: V\u00e4lj en h\u00e5llbar och l\u00e5ngvarig enhet f\u00f6r att g\u00f6ra din konsumtion mer bekymmersfri<\/li>\n<li>Nikotinutbud: Olika marknader erbjuder olika alternativ, och du kan v\u00e4lja det som passar dig b\u00e4st<\/li>\n<li>Uppladdningsbar: Typ-C-gr\u00e4nssnitt l\u00e5ter dig anv\u00e4nda den tills e-v\u00e4tskan tar slut<\/li>\n<li>N\u00e4tspole: Dubbla n\u00e4tspolar ger stabil smak och j\u00e4mn sugkraft<\/li>\n<\/ul>\n<h2 data-v-md-heading=\"why-choose-to-collaborate-with-agoravape\" data-v-md-line=\"44\">Varf\u00f6r v\u00e4lja att samarbeta med AgoraVape?<\/h2>\n<p data-v-md-line=\"45\">Vi erbjuder endast 100 % \u00e4kta produkter och tror starkt p\u00e5 detta. Grossister som k\u00f6per Crystal Mary Space Rocket dual-mode 20000-pack elektroniska cigaretter kan dra nytta av prisrabatter, snabb support och snabba DDP-leveranser inom Europa. V\u00e4lkommen att kontakta oss och skapa en popul\u00e4r produkt som kommer att locka dina kunder tillbaka.<\/p>\n<p data-v-md-line=\"45\"><img loading=\"lazy\" decoding=\"async\" class=\"aligncenter size-full wp-image-11226\" src=\"https:\/\/agoravape.com\/wp-content\/uploads\/2025\/10\/CM-Space-Rocket-vape.webp\" alt=\"\" width=\"1400\" height=\"813\" srcset=\"https:\/\/agoravape.com\/wp-content\/uploads\/2025\/10\/CM-Space-Rocket-vape.webp 1400w, https:\/\/agoravape.com\/wp-content\/uploads\/2025\/10\/CM-Space-Rocket-vape-1200x697.webp 1200w, https:\/\/agoravape.com\/wp-content\/uploads\/2025\/10\/CM-Space-Rocket-vape-300x174.webp 300w, https:\/\/agoravape.com\/wp-content\/uploads\/2025\/10\/CM-Space-Rocket-vape-1024x595.webp 1024w, https:\/\/agoravape.com\/wp-content\/uploads\/2025\/10\/CM-Space-Rocket-vape-768x446.webp 768w\" sizes=\"auto, (max-width: 1400px) 100vw, 1400px\" \/><\/p>","protected":false},"excerpt":{"rendered":"<p>Tr\u00f6tt p\u00e5 att byta vapes? Crystal Mary Space Rocket erbjuder upp till 20 000 puffar. V\u00e4xla mellan det l\u00e5ngvariga Regular-l\u00e4get och det h\u00e5rda Boost-l\u00e4get. Dubbla mesh-spolar ger ren, konsekvent smak. Enkel, kraftfull och typ C-uppladdningsbar f\u00f6r en upplevelse som varar.<\/p>","protected":false},"featured_media":11216,"comment_status":"open","ping_status":"closed","template":"","meta":[],"product_brand":[199],"product_cat":[124,185,1636,126,174,175,193,191,173,186,180,190],"product_tag":[],"class_list":{"0":"post-11193","1":"product","2":"type-product","3":"status-publish","4":"has-post-thumbnail","6":"product_brand-crystal-mary","7":"product_cat-vape-by-brand","8":"product_cat-10000-puffs-high-capacity","9":"product_cat-20000-puffs","10":"product_cat-crystal-mary","11":"product_cat-fruit-flavors","12":"product_cat-icy-mint","13":"product_cat-mesh-coil","14":"product_cat-rechargeable-disposables","15":"product_cat-vape-by-flavor-profile","16":"product_cat-vape-by-nicotine-strength","17":"product_cat-vape-by-puff-count","18":"product_cat-vape-by-feature-or-type","20":"first","21":"onbackorder","22":"shipping-taxable","23":"purchasable","24":"product-type-variable","25":"has-default-attributes"},"tiered_pricing_type":"percentage","tiered_pricing_fixed_rules":[],"tiered_pricing_product_settings":{"layout":"default","base_unit_name":{"singular":null,"plural":null},"default_variation":null},"tiered_pricing_minimum_quantity":10,"tiered_pricing_roles_data":[],"tiered_pricing_percentage_rules":{"30":"29","50":"35","100":"40","200":"44","500":"47","1000":"49"},"tiered_pricing_maximum_quantity":null,"tiered_pricing_quantity_step":"10","_links":{"self":[{"href":"https:\/\/agoravape.com\/sv\/wp-json\/wp\/v2\/product\/11193","targetHints":{"allow":["GET"]}}],"collection":[{"href":"https:\/\/agoravape.com\/sv\/wp-json\/wp\/v2\/product"}],"about":[{"href":"https:\/\/agoravape.com\/sv\/wp-json\/wp\/v2\/types\/product"}],"replies":[{"embeddable":true,"href":"https:\/\/agoravape.com\/sv\/wp-json\/wp\/v2\/comments?post=11193"}],"version-history":[{"count":0,"href":"https:\/\/agoravape.com\/sv\/wp-json\/wp\/v2\/product\/11193\/revisions"}],"wp:featuredmedia":[{"embeddable":true,"href":"https:\/\/agoravape.com\/sv\/wp-json\/wp\/v2\/media\/11216"}],"wp:attachment":[{"href":"https:\/\/agoravape.com\/sv\/wp-json\/wp\/v2\/media?parent=11193"}],"wp:term":[{"taxonomy":"product_brand","embeddable":true,"href":"https:\/\/agoravape.com\/sv\/wp-json\/wp\/v2\/product_brand?post=11193"},{"taxonomy":"product_cat","embeddable":true,"href":"https:\/\/agoravape.com\/sv\/wp-json\/wp\/v2\/product_cat?post=11193"},{"taxonomy":"product_tag","embeddable":true,"href":"https:\/\/agoravape.com\/sv\/wp-json\/wp\/v2\/product_tag?post=11193"}],"curies":[{"name":"wp","href":"https:\/\/api.w.org\/{rel}","templated":true}]}}