{"id":11238,"date":"2025-10-05T15:16:19","date_gmt":"2025-10-05T07:16:19","guid":{"rendered":"https:\/\/green-grasshopper-921422.hostingersite.com\/?post_type=product&#038;p=11238"},"modified":"2026-01-19T22:09:01","modified_gmt":"2026-01-19T14:09:01","slug":"bood-infinity-30000-puffar-vape","status":"publish","type":"product","link":"https:\/\/agoravape.com\/sv\/product\/bood-infinity-30000-puffs-vape\/","title":{"rendered":"Bood Infinity 30000 eng\u00e5ngsvape med dubbla n\u00e4tverk | L\u00e5ngvarig smak, ingen anledning att oroa sig"},"content":{"rendered":"<h2 data-v-md-heading=\"so-what-is-the-special-feature-of-bood-infinity-s-30000-port-dual-network-disposable-vape\" data-v-md-line=\"3\">Vad \u00e4r det speciella med Bood Infinitys 30000 port dual network disposable vape?<\/h2>\n<p data-v-md-line=\"4\">Om du \u00e4r tr\u00f6tt p\u00e5 att byta ut eng\u00e5ngsvapor med n\u00e5gra dagars mellanrum kommer den h\u00e4r produkten att g\u00f6ra ditt liv enklare. Bood Infinity \u00e4r utformad f\u00f6r l\u00e5ngvarig anv\u00e4ndning och t\u00e5l upp till 30000 puffar, vilket g\u00f6r att du kan beh\u00e5lla en stabil smak i veckor utan att beh\u00f6va byta ut din vape ofta.<\/p>\n<p data-v-md-line=\"6\">Den \u00e4r l\u00e4mplig f\u00f6r alla som vill ha en p\u00e5litlig och h\u00e5llbar vape. Inget behov av menyer, inget behov av besv\u00e4rliga knappar. V\u00e4lj smak och koncentration, andas sedan in. Enkel och l\u00e4tt att implementera.<\/p>\n<h2 data-v-md-heading=\"excellent-performance-no-need-for-complex-operations\" data-v-md-line=\"8\">Utm\u00e4rkt prestanda, inget behov av komplexa operationer<\/h2>\n<p data-v-md-line=\"9\">Den dubbla n\u00e4tspolen \u00e5tar sig huvuduppgiften. De v\u00e4rms upp j\u00e4mnt, s\u00e5 varje tugga \u00e4r lika uts\u00f6kt som den f\u00f6rsta och f\u00f6rblir alltid konsekvent. 650mAh-batteriet \u00e4r utformat f\u00f6r kontinuerlig anv\u00e4ndning, vilket garanterar smidig och obehindrad anv\u00e4ndning varje g\u00e5ng.<\/p>\n<h2 data-v-md-heading=\"specification-overview\" data-v-md-line=\"11\">Specifikations\u00f6versikt<\/h2>\n<ul data-v-md-line=\"12\">\n<li>Suction frequency: up to 30000 times<\/li>\n<li>Nikotinhalt: 0 %, 2 % och 5 %<\/li>\n<li>Working principle: Activated by inhalation<\/li>\n<li>Laddningsmetod: ej specificerad av tillverkaren<\/li>\n<li>Status: Klar att anv\u00e4nda vid uppackning<\/li>\n<\/ul>\n<h2 data-v-md-heading=\"complete-flavor-series\" data-v-md-line=\"18\">Komplett smakserie<\/h2>\n<ul data-v-md-line=\"19\">\n<li>Smak av jordgubb och vattenmelon<\/li>\n<li>Peach, Mango, Pineapple Flavor<\/li>\n<li>Smak av mint och vattenmelon<\/li>\n<li>B\u00e4ren har en stark och explosiv smak<\/li>\n<li>Jordgubbskonstig fruktsmak<\/li>\n<li>Hawaiiansk smak<\/li>\n<li>Smak av bl\u00e5b\u00e4rssmoothie<\/li>\n<li>Blueberry and Lemon Water Flavor<\/li>\n<li>Smak av svart is<\/li>\n<li>Tiffany-smak<\/li>\n<\/ul>\n<h2 data-v-md-heading=\"to-create-for-you-and-your-business\" data-v-md-line=\"30\">Att skapa f\u00f6r dig och ditt f\u00f6retag<\/h2>\n<p data-v-md-line=\"31\">Om du bara vill k\u00f6pa <a class=\"wpil_keyword_link\" title=\"MEDDELANDE\" href=\"https:\/\/agoravape.com\/sv\/varumarke\/blod\/\" data-wpil-keyword-link=\"linked\" data-wpil-monitor-id=\"104\">Bood<\/a> Infinity 30000 eng\u00e5ngsvapes med dubbla n\u00e4tverk f\u00f6r dig sj\u00e4lv, du kan k\u00f6pa dem separat. Om du driver en fysisk eller onlinebutik kan du k\u00f6pa 200 kartonger i grossistparti, vilket s\u00e4kerst\u00e4ller att hyllorna \u00e4r fullastade och att kunderna blir n\u00f6jda.<\/p>\n<p data-v-md-line=\"33\">Vi arbetar med betrodda partners som UPS, DPD och DHL f\u00f6r att tillhandah\u00e5lla DDP-leveranstj\u00e4nster \u00f6ver hela Europa, s\u00e5 att tullf\u00f6rfaranden kan behandlas i f\u00f6rv\u00e4g och det inte blir n\u00e5gon ov\u00e4ntad leverans av paket.<\/p>\n<h2 data-v-md-heading=\"why-do-you-like-it\" data-v-md-line=\"35\">Why do you like it<\/h2>\n<ul data-v-md-line=\"36\">\n<li>Flera puffar: H\u00e5llbar och l\u00e5ngvarig, inget behov av att ofta k\u00f6pa nya vapes<\/li>\n<li>Val av nikotin: V\u00e4lj den nikotinkoncentration som passar dina dagliga vanor<\/li>\n<li>Aktivering vid inandning: Inget behov av knappar, enkel att anv\u00e4nda<\/li>\n<li>Spolar med dubbla n\u00e4t: Konsekvent smak, j\u00e4mnt sug varje g\u00e5ng<\/li>\n<\/ul>\n<h2 data-v-md-heading=\"why-choose-agoravape\" data-v-md-line=\"41\">Varf\u00f6r v\u00e4lja AgoraVape?<\/h2>\n<p data-v-md-line=\"42\">Som en av de betrodda vape-distribut\u00f6rerna i Europa erbjuder vi endast 100% \u00e4kta produkter. Om du \u00e4r en f\u00f6retagsk\u00f6pare kommer du att f\u00e5 rabatterade grossistpriser, p\u00e5litlig support och snabba och p\u00e5litliga leveransservice f\u00f6r Bood Infinity 30000 dual mesh eng\u00e5ngsapparater. V\u00e4nligen kontakta oss f\u00f6r att reservera utrustning som dina kunder kommer att k\u00f6pa igen.<\/p>","protected":false},"excerpt":{"rendered":"<p>Njut av veckor av j\u00e4mn smak med Bood Infinity vape. Dess dubbla mesh-spole levererar upp till 30 000 bloss med j\u00e4mn smak. Med enkel aktivering genom inandning och nikotinalternativ p\u00e5 0%, 2% och 5% \u00e4r det den ultimata l\u00e5ngvariga, problemfria eng\u00e5ngsprodukten.<\/p>","protected":false},"featured_media":11262,"comment_status":"open","ping_status":"closed","template":"","meta":[],"product_brand":[200],"product_cat":[124,187,185,189,1637,127,174,175,193,191,173,186,180,190],"product_tag":[],"class_list":{"0":"post-11238","1":"product","2":"type-product","3":"status-publish","4":"has-post-thumbnail","6":"product_brand-bood","7":"product_cat-vape-by-brand","8":"product_cat-0mg-nicotine-free-vapes","9":"product_cat-10000-puffs-high-capacity","10":"product_cat-20mg-standard-nicotine-vapes","11":"product_cat-30000-puffs","12":"product_cat-bood","13":"product_cat-fruit-flavors","14":"product_cat-icy-mint","15":"product_cat-mesh-coil","16":"product_cat-rechargeable-disposables","17":"product_cat-vape-by-flavor-profile","18":"product_cat-vape-by-nicotine-strength","19":"product_cat-vape-by-puff-count","20":"product_cat-vape-by-feature-or-type","22":"first","23":"onbackorder","24":"shipping-taxable","25":"purchasable","26":"product-type-variable","27":"has-default-attributes"},"tiered_pricing_type":"percentage","tiered_pricing_fixed_rules":[],"tiered_pricing_product_settings":{"layout":"default","base_unit_name":{"singular":null,"plural":null},"default_variation":null},"tiered_pricing_minimum_quantity":10,"tiered_pricing_roles_data":[],"tiered_pricing_percentage_rules":{"100":"40","200":"44","500":"47","1000":"49"},"tiered_pricing_maximum_quantity":null,"tiered_pricing_quantity_step":"10","_links":{"self":[{"href":"https:\/\/agoravape.com\/sv\/wp-json\/wp\/v2\/product\/11238","targetHints":{"allow":["GET"]}}],"collection":[{"href":"https:\/\/agoravape.com\/sv\/wp-json\/wp\/v2\/product"}],"about":[{"href":"https:\/\/agoravape.com\/sv\/wp-json\/wp\/v2\/types\/product"}],"replies":[{"embeddable":true,"href":"https:\/\/agoravape.com\/sv\/wp-json\/wp\/v2\/comments?post=11238"}],"version-history":[{"count":0,"href":"https:\/\/agoravape.com\/sv\/wp-json\/wp\/v2\/product\/11238\/revisions"}],"wp:featuredmedia":[{"embeddable":true,"href":"https:\/\/agoravape.com\/sv\/wp-json\/wp\/v2\/media\/11262"}],"wp:attachment":[{"href":"https:\/\/agoravape.com\/sv\/wp-json\/wp\/v2\/media?parent=11238"}],"wp:term":[{"taxonomy":"product_brand","embeddable":true,"href":"https:\/\/agoravape.com\/sv\/wp-json\/wp\/v2\/product_brand?post=11238"},{"taxonomy":"product_cat","embeddable":true,"href":"https:\/\/agoravape.com\/sv\/wp-json\/wp\/v2\/product_cat?post=11238"},{"taxonomy":"product_tag","embeddable":true,"href":"https:\/\/agoravape.com\/sv\/wp-json\/wp\/v2\/product_tag?post=11238"}],"curies":[{"name":"wp","href":"https:\/\/api.w.org\/{rel}","templated":true}]}}