{"id":11309,"date":"2025-10-05T21:01:03","date_gmt":"2025-10-05T13:01:03","guid":{"rendered":"https:\/\/green-grasshopper-921422.hostingersite.com\/?post_type=product&#038;p=11309"},"modified":"2026-01-30T17:39:31","modified_gmt":"2026-01-30T09:39:31","slug":"randm-fumot-tornado-20000-puffar-vape","status":"publish","type":"product","link":"https:\/\/agoravape.com\/sv\/product\/randm-fumot-tornado-20000-puffs-vape\/","title":{"rendered":"RandM Fumot Tornado 20000 Port Digital Vape | Stor kapacitet, bekv\u00e4m display"},"content":{"rendered":"<h2 data-v-md-heading=\"what-is-the-randm-fumot-tornado-20000-port-digital-vape-like\" data-v-md-line=\"3\">Hur \u00e4r RandM Fumot Tornado 20000 port digital vape?<\/h2>\n<p data-v-md-line=\"4\">Om du \u00e4r tr\u00f6tt p\u00e5 eng\u00e5ngsvapor som tar slut halvv\u00e4gs i veckan kanske du vill ta en titt p\u00e5 den h\u00e4r produkten. RandM Fumot Tornado har en kapacitet p\u00e5 upp till 20 000 portar och \u00e4r utrustad med en tydlig digital sk\u00e4rm som visar batteri- och e-v\u00e4tskeniv\u00e5er. Inget behov av att gissa, enkelt och bekv\u00e4mt.<\/p>\n<p data-v-md-line=\"6\">Den passar alla som vill ha en l\u00e5ngvarig, utm\u00e4rkt smak och stabil prestanda. Du kanske tror att vapes med s\u00e5 stor kapacitet \u00e4r skrymmande, men du kommer att bli f\u00f6rv\u00e5nad \u00f6ver hur praktiska de \u00e4r att b\u00e4ra varje dag.<\/p>\n<h2 data-v-md-heading=\"excellent-performance-easy-and-convenient\" data-v-md-line=\"8\">Utm\u00e4rkt prestanda, enkelt och bekv\u00e4mt<\/h2>\n<p data-v-md-line=\"9\">Dubbelmaskiga spolar s\u00e4kerst\u00e4ller en j\u00e4mn smak fr\u00e5n f\u00f6rsta till sista tuggan. Sk\u00e4rmen l\u00e5ter dig noggrant kontrollera den \u00e5terst\u00e5ende batteriniv\u00e5n och styra allt. N\u00e4r batteriet \u00e4r l\u00e5gt kan du anv\u00e4nda samma datakabel som din telefon f\u00f6r att ladda via Type-C. 850mAh-batteriet s\u00e4kerst\u00e4ller kontinuerlig str\u00f6mf\u00f6rs\u00f6rjning, medan 20 ml oljetanken st\u00f6der l\u00e5ngvarig sugning.<\/p>\n<h2 data-v-md-heading=\"specification-introduction\" data-v-md-line=\"11\">Specification Introduction<\/h2>\n<ul data-v-md-line=\"12\">\n<li>Sugfrekvens: upp till 20000 g\u00e5nger<\/li>\n<li>Nikotinhalt: 0 %, 2 %, 3 %, 5 %<\/li>\n<li>Funktionsprincip: Aktiveras med bara ett bloss<\/li>\n<li>Laddning: Standard USB-gr\u00e4nssnitt av typ C<\/li>\n<li>Status: Klar att anv\u00e4nda direkt ur l\u00e5dan<\/li>\n<\/ul>\n<h2 data-v-md-heading=\"full-range-of-flavors\" data-v-md-line=\"18\">Fullt utbud av smaker<\/h2>\n<ul data-v-md-line=\"19\">\n<li>Bl\u00e5b\u00e4r Hallon H\u00e5rdgodis<\/li>\n<li>Bl\u00e5b\u00e4r<\/li>\n<li>Jordgubb, kiwi<\/li>\n<li>Regnb\u00e5gsgodis<\/li>\n<li>Strawberry ice cream<\/li>\n<li>P\u00e4ronis<\/li>\n<li>Spunnet socker<\/li>\n<li>Mjuk k\u00e4rna b\u00f6ngodis<\/li>\n<li>Gurka-citronvatten<\/li>\n<li>Ananas kokosmj\u00f6lk<\/li>\n<li>Bj\u00f6rnb\u00e4r<\/li>\n<li>Vattenmelonis<\/li>\n<li>Jordgubbsvattenmelon<\/li>\n<li>Blandade b\u00e4r<\/li>\n<li>Litchimelon<\/li>\n<li>K\u00f6rsb\u00e4r och lime<\/li>\n<li>Ananas, Citrongr\u00f6nt, \u00c4pple<\/li>\n<li>Banankaka<\/li>\n<li>Herr Bl\u00e5<\/li>\n<li>K\u00f6rsb\u00e4r<\/li>\n<li>Bl\u00e5b\u00e4r och hallon<\/li>\n<li>K\u00f6rsb\u00e4rscola<\/li>\n<li>Kiwi, passionsfrukt, guava<\/li>\n<li>Jordgubbsglass<\/li>\n<li>Jordgubb Hallon K\u00f6rsb\u00e4rsglass<\/li>\n<li>Cherry Berry<\/li>\n<li>Bl\u00e5b\u00e4r och sura b\u00e4r<\/li>\n<li>Bl\u00e5b\u00e4rsbj\u00f6rnsgodisar<\/li>\n<li>Kall mint<\/li>\n<li>Bl\u00e5 isbanan<\/li>\n<li>Kaktusis<\/li>\n<li>R\u00f6da druvor och lime<\/li>\n<li>Cola Citron<\/li>\n<li>Svarta vinb\u00e4rs\u00e4pplen<\/li>\n<li>Kaktus kiwifrukt<\/li>\n<li>Coca Cola-is<\/li>\n<li>Jordgubb Red Bull<\/li>\n<li>Hallonvattenmelon<\/li>\n<li>Citron och lime<\/li>\n<\/ul>\n<h2 data-v-md-heading=\"for-you-and-for-your-business-as-well\" data-v-md-line=\"59\">F\u00f6r dig, och \u00e4ven f\u00f6r ditt f\u00f6retag<\/h2>\n<p data-v-md-line=\"60\">Du kan k\u00f6pa <a class=\"wpil_keyword_link\" title=\"RandM\" href=\"https:\/\/agoravape.com\/sv\/vape-efter-varumarke\/randm\/\" data-wpil-keyword-link=\"linked\" data-wpil-monitor-id=\"102\">RandM<\/a> Fumot Tornado 20000-patroner f\u00f6r eget bruk eller f\u00f6r att s\u00e4lja i din butik. Vi erbjuder grossistf\u00f6rpackningar med 160 enheter s\u00e5 att du alltid har fullt lager.<\/p>\n<p data-v-md-line=\"62\">Vi skickar via betrodda partners som UPS, DPD och DHL med DDP efter momsbetalning, s\u00e5 det blir inga olyckor i tullen. Snabb leverans och tydlig sp\u00e5rning g\u00f6r allt enkelt.<\/p>\n<h2 data-v-md-heading=\"why-do-you-like-it\" data-v-md-line=\"64\">Why do you like it<\/h2>\n<ul data-v-md-line=\"65\">\n<li>Massiv sugkraft: Sugtiden \u00e4r l\u00e4ngre, s\u00e5 du beh\u00f6ver inte k\u00f6pa nya ofta.<\/li>\n<li>Nikotinval: V\u00e4lj den nikotinkoncentration som passar dig.<\/li>\n<li>Uppladdningsbar: Du kan anv\u00e4nda alla k\u00f6pta e-v\u00e4tskor.<\/li>\n<li>Mesh-spiral: F\u00e5 en stabil och uts\u00f6kt upplevelse varje g\u00e5ng.<\/li>\n<li>Digital sk\u00e4rm: Batteriet och e-v\u00e4tskan \u00e4r tydliga med en blick, vilket g\u00f6r att du aldrig missar n\u00e5got.<\/li>\n<\/ul>\n<h2 data-v-md-heading=\"why-collaborate-with-agoravape\" data-v-md-line=\"71\">Why collaborate with AgoraVape?<\/h2>\n<p data-v-md-line=\"72\">Vi \u00e4r en av de mest betrodda vape-distribut\u00f6rerna i Europa och vi s\u00e4ljer endast 100 % \u00e4kta produkter. F\u00f6r kommersiella kunder inneb\u00e4r detta grossistpriser, p\u00e5litlig support och snabb och p\u00e5litlig transport f\u00f6r RandM Fumot Tornado 20000 digitala vape-sk\u00e4rmar. Kontakta oss f\u00f6r att f\u00e5 en verkligt p\u00e5litlig produkt till dina kunder.<\/p>","protected":false},"excerpt":{"rendered":"<p>Enjoy up to 20,000 puffs with the RandM Fumot Tornado. Its clear digital screen shows real-time battery and e-liquid levels, so you&#8217;re always in control. This Type-C rechargeable vape uses a dual mesh coil for consistent, rich flavor. Choose from multiple nicotine strengths (0% to 5%).<\/p>","protected":false},"featured_media":11359,"comment_status":"open","ping_status":"closed","template":"","meta":[],"product_brand":[201],"product_cat":[124,187,185,1636,189,176,177,174,175,193,128,191,179,173,186,180,190,192],"product_tag":[],"class_list":{"0":"post-11309","1":"product","2":"type-product","3":"status-publish","4":"has-post-thumbnail","6":"product_brand-randm","7":"product_cat-vape-by-brand","8":"product_cat-0mg-nicotine-free-vapes","9":"product_cat-10000-puffs-high-capacity","10":"product_cat-20000-puffs","11":"product_cat-20mg-standard-nicotine-vapes","12":"product_cat-beverage","13":"product_cat-dessert-sweets","14":"product_cat-fruit-flavors","15":"product_cat-icy-mint","16":"product_cat-mesh-coil","17":"product_cat-randm","18":"product_cat-rechargeable-disposables","19":"product_cat-unique-blends","20":"product_cat-vape-by-flavor-profile","21":"product_cat-vape-by-nicotine-strength","22":"product_cat-vape-by-puff-count","23":"product_cat-vape-by-feature-or-type","24":"product_cat-vapes-with-screens","26":"first","27":"instock","28":"shipping-taxable","29":"purchasable","30":"product-type-variable","31":"has-default-attributes"},"tiered_pricing_type":"percentage","tiered_pricing_fixed_rules":[],"tiered_pricing_product_settings":{"layout":"default","base_unit_name":{"singular":null,"plural":null},"default_variation":null},"tiered_pricing_minimum_quantity":10,"tiered_pricing_roles_data":[],"tiered_pricing_percentage_rules":{"30":"29","50":"35","100":"40","200":"44","500":"47","1000":"49"},"tiered_pricing_maximum_quantity":null,"tiered_pricing_quantity_step":"10","_links":{"self":[{"href":"https:\/\/agoravape.com\/sv\/wp-json\/wp\/v2\/product\/11309","targetHints":{"allow":["GET"]}}],"collection":[{"href":"https:\/\/agoravape.com\/sv\/wp-json\/wp\/v2\/product"}],"about":[{"href":"https:\/\/agoravape.com\/sv\/wp-json\/wp\/v2\/types\/product"}],"replies":[{"embeddable":true,"href":"https:\/\/agoravape.com\/sv\/wp-json\/wp\/v2\/comments?post=11309"}],"version-history":[{"count":0,"href":"https:\/\/agoravape.com\/sv\/wp-json\/wp\/v2\/product\/11309\/revisions"}],"wp:featuredmedia":[{"embeddable":true,"href":"https:\/\/agoravape.com\/sv\/wp-json\/wp\/v2\/media\/11359"}],"wp:attachment":[{"href":"https:\/\/agoravape.com\/sv\/wp-json\/wp\/v2\/media?parent=11309"}],"wp:term":[{"taxonomy":"product_brand","embeddable":true,"href":"https:\/\/agoravape.com\/sv\/wp-json\/wp\/v2\/product_brand?post=11309"},{"taxonomy":"product_cat","embeddable":true,"href":"https:\/\/agoravape.com\/sv\/wp-json\/wp\/v2\/product_cat?post=11309"},{"taxonomy":"product_tag","embeddable":true,"href":"https:\/\/agoravape.com\/sv\/wp-json\/wp\/v2\/product_tag?post=11309"}],"curies":[{"name":"wp","href":"https:\/\/api.w.org\/{rel}","templated":true}]}}