{"id":11954,"date":"2025-10-08T20:53:04","date_gmt":"2025-10-08T12:53:04","guid":{"rendered":"https:\/\/green-grasshopper-921422.hostingersite.com\/?post_type=product&#038;p=11954"},"modified":"2026-03-21T12:43:57","modified_gmt":"2026-03-21T11:43:57","slug":"mrvi-puffing-15k-puffar-vape-med-skarm","status":"publish","type":"product","link":"https:\/\/agoravape.com\/sv\/product\/mrvi-puffing-15k-puffs-vape-with-screen\/","title":{"rendered":"MRVI Puffing 15K Dual Mesh Vape med sk\u00e4rm | L\u00e5ngvarig smak, bekv\u00e4m display"},"content":{"rendered":"<h2 data-v-md-heading=\"what-is-the-mrvi-puffing-15k-dual-eye-vape-with-screen\" data-v-md-line=\"3\">Vad \u00e4r MRVI Puffing 15K vape med dubbla \u00f6gon och sk\u00e4rm?<\/h2>\n<p data-v-md-line=\"4\">Om du vill ha en vape som kan anv\u00e4ndas dag efter dag och har en l\u00e5ngvarig smak, \u00e4r denna vape definitivt det b\u00e4sta valet. MRVI Puffing 15K \u00e4r utrustad med en 25 ml stor atomizer och en dubbel\u00f6gonatomizerk\u00e4rna, vilket g\u00f6r att du kan bibeh\u00e5lla ett rent och skarpt sug in i slutet.<\/p>\n<p data-v-md-line=\"6\">Den \u00e4r ocks\u00e5 utrustad med en enkel inbyggd sk\u00e4rm som visar m\u00e4ngden e-v\u00e4tska och batteriladdning med en snabb blick. Du kanske tror att det skulle vara kr\u00e5ngligt att anv\u00e4nda en vape med en sk\u00e4rm, men den h\u00e4r vapen \u00e4r v\u00e4ldigt enkel. Den levereras till och med med en rem f\u00f6r enkel b\u00e4rande.<\/p>\n<h2 data-v-md-heading=\"excellent-performance-easy-and-convenient\" data-v-md-line=\"8\">Utm\u00e4rkt prestanda, enkelt och bekv\u00e4mt<\/h2>\n<p data-v-md-line=\"9\">Dubbeln\u00e4tsdesignen ger snabb och j\u00e4mn uppv\u00e4rmning, vilket ger precis r\u00e4tt konsistens fr\u00e5n f\u00f6rsta till sista tuggan. 750mAh-batteriet \u00e4r laddningsbart, s\u00e5 att du enkelt kan njuta av 25 ml e-v\u00e4tska utan att sl\u00f6sa bort den. N\u00e4r batteriet \u00e4r l\u00e5gt kan du anv\u00e4nda en vanlig typ-C-datakabel f\u00f6r att ansluta. Sk\u00e4rmen visar \u00e5terst\u00e5ende e-v\u00e4tska och batteriniv\u00e5, s\u00e5 du beh\u00f6ver inte oroa dig f\u00f6r att gissa l\u00e4ngre.<\/p>\n<h2 data-v-md-heading=\"specification-overview\" data-v-md-line=\"11\">Specifikations\u00f6versikt<\/h2>\n<ul data-v-md-line=\"12\">\n<li>Sugfrekvens: upp till 15000 g\u00e5nger<\/li>\n<li>Nikotinhalt: 2 % och 5 % (specifik tillg\u00e5ng beror p\u00e5 lokala f\u00f6reskrifter)<\/li>\n<li>Working principle: Activated by inhalation<\/li>\n<li>Laddning: Standard USB-gr\u00e4nssnitt av typ C<\/li>\n<li>Status: Klar att anv\u00e4nda direkt ur l\u00e5dan<\/li>\n<\/ul>\n<h2 data-v-md-heading=\"multiple-flavor-options\" data-v-md-line=\"18\">Flera smakalternativ<\/h2>\n<ul data-v-md-line=\"19\">\n<li>Bl\u00e5b\u00e4rssmoothie<\/li>\n<li>Bananmilkshake<\/li>\n<li>Jordgubbsvattenmelon<\/li>\n<li>Honungsglass<\/li>\n<li>R\u00f6d \u00e4ppelsmoothie<\/li>\n<li>Persika och mango<\/li>\n<li>Bl\u00e5b\u00e4rsbubbelgummi<\/li>\n<li>Vattenmelonsmoothie<\/li>\n<li>Ananassmoothie<\/li>\n<li>Rosa explosionsslam<\/li>\n<\/ul>\n<h2 data-v-md-heading=\"for-you-and-for-your-business-as-well\" data-v-md-line=\"30\">F\u00f6r dig, och \u00e4ven f\u00f6r ditt f\u00f6retag<\/h2>\n<p data-v-md-line=\"31\">K\u00f6pa till dig sj\u00e4lv? Enkelt och bekv\u00e4mt. V\u00e4lj smak och koncentration f\u00f6r att b\u00f6rja anv\u00e4nda. H\u00e5ller du fortfarande p\u00e5 att fylla p\u00e5 lagret till butiken? Vi har f\u00f6rberett ut\u00f6kningsbara alternativ. MRVI Puffing 15K erbjuder grossistf\u00f6rpackningar med innerf\u00f6rpackningar i 10-f\u00f6rpackningar och ytterf\u00f6rpackningar i 160-f\u00f6rpackningar. Vi samarbetar med partners som UPS, DPD och DHL f\u00f6r att skicka via DDP inom Europa, s\u00e5 att tullar kan behandlas i f\u00f6rv\u00e4g f\u00f6r att undvika ov\u00e4ntade tullsituationer.<\/p>\n<h2 data-v-md-heading=\"why-do-you-like-it\" data-v-md-line=\"33\">Why do you like it<\/h2>\n<ul data-v-md-line=\"34\">\n<li>Stor sugkapacitet: upp till 15 000 portar, vilket inneb\u00e4r f\u00e4rre p\u00e5fyllningar och upprepade best\u00e4llningar.<\/li>\n<li>Nikotinhalten kan v\u00e4ljas mellan 2 % och 5 % f\u00f6r att m\u00f6ta olika preferenser och marknadskrav.<\/li>\n<li>Uppladdningsbar: Anv\u00e4nd all e-v\u00e4tska du betalar f\u00f6r.<\/li>\n<li>N\u00e4tspiral: Den dubbla n\u00e4tspiralen ger en j\u00e4mn smak och en tillfredsst\u00e4llande sugupplevelse.<\/li>\n<li>Sk\u00e4rminformation: Kontrollera batteri- och e-v\u00e4tskeniv\u00e5erna med en snabb blick.<\/li>\n<\/ul>\n<h2 data-v-md-heading=\"why-choose-to-collaborate-with-agoravape\" data-v-md-line=\"40\">Varf\u00f6r v\u00e4lja att samarbeta med AgoraVape?<\/h2>\n<p data-v-md-line=\"41\">Vi erbjuder endast 100 % \u00e4kta produkter fr\u00e5n p\u00e5litliga k\u00e4llor. V\u00e5r verksamhet i EU fokuserar p\u00e5 efterlevnad, inklusive TPD2 (om det kr\u00e4vs) och \u00e5ldersverifiering vid utcheckning. Du kan njuta av s\u00e4kra betalningar, tydliga fakturor och sp\u00e5rbar leverans i hela Europa. Beh\u00f6ver du hj\u00e4lp med smakmatchning eller p\u00e5fyllningsplaner? V\u00e5rt team \u00e4r alltid redo att ge dig snabb support och rimliga r\u00e5d. Kontakta oss omedelbart f\u00f6r att best\u00e4lla MRVI Puffing 15K Puffs Dual Mesh Vape (med sk\u00e4rm) och f\u00f6rse dina kunder med p\u00e5litliga och popul\u00e4ra produkter.<\/p>","protected":false},"excerpt":{"rendered":"<p>Vad \u00e4r MRVI Puffing 15K dual eye vape med sk\u00e4rm? Om du vill ha en vape som kan anv\u00e4ndas<\/p>","protected":false},"featured_media":11977,"comment_status":"open","ping_status":"closed","template":"","meta":[],"product_brand":[202],"product_cat":[124,185,1635,189,177,174,175,193,129,191,173,186,180,190,192],"product_tag":[],"class_list":{"0":"post-11954","1":"product","2":"type-product","3":"status-publish","4":"has-post-thumbnail","6":"product_brand-mrvi","7":"product_cat-vape-by-brand","8":"product_cat-10000-puffs-high-capacity","9":"product_cat-15000-puffs","10":"product_cat-20mg-standard-nicotine-vapes","11":"product_cat-dessert-sweets","12":"product_cat-fruit-flavors","13":"product_cat-icy-mint","14":"product_cat-mesh-coil","15":"product_cat-mrvi","16":"product_cat-rechargeable-disposables","17":"product_cat-vape-by-flavor-profile","18":"product_cat-vape-by-nicotine-strength","19":"product_cat-vape-by-puff-count","20":"product_cat-vape-by-feature-or-type","21":"product_cat-vapes-with-screens","23":"first","24":"instock","25":"shipping-taxable","26":"purchasable","27":"product-type-variable","28":"has-default-attributes"},"tiered_pricing_type":"percentage","tiered_pricing_fixed_rules":[],"tiered_pricing_product_settings":{"layout":"default","base_unit_name":{"singular":null,"plural":null},"default_variation":null},"tiered_pricing_minimum_quantity":10,"tiered_pricing_roles_data":[],"tiered_pricing_percentage_rules":{"30":"29","50":"35","100":"40","200":"44","500":"47","1000":"49"},"tiered_pricing_maximum_quantity":null,"tiered_pricing_quantity_step":"10","_links":{"self":[{"href":"https:\/\/agoravape.com\/sv\/wp-json\/wp\/v2\/product\/11954","targetHints":{"allow":["GET"]}}],"collection":[{"href":"https:\/\/agoravape.com\/sv\/wp-json\/wp\/v2\/product"}],"about":[{"href":"https:\/\/agoravape.com\/sv\/wp-json\/wp\/v2\/types\/product"}],"replies":[{"embeddable":true,"href":"https:\/\/agoravape.com\/sv\/wp-json\/wp\/v2\/comments?post=11954"}],"version-history":[{"count":0,"href":"https:\/\/agoravape.com\/sv\/wp-json\/wp\/v2\/product\/11954\/revisions"}],"wp:featuredmedia":[{"embeddable":true,"href":"https:\/\/agoravape.com\/sv\/wp-json\/wp\/v2\/media\/11977"}],"wp:attachment":[{"href":"https:\/\/agoravape.com\/sv\/wp-json\/wp\/v2\/media?parent=11954"}],"wp:term":[{"taxonomy":"product_brand","embeddable":true,"href":"https:\/\/agoravape.com\/sv\/wp-json\/wp\/v2\/product_brand?post=11954"},{"taxonomy":"product_cat","embeddable":true,"href":"https:\/\/agoravape.com\/sv\/wp-json\/wp\/v2\/product_cat?post=11954"},{"taxonomy":"product_tag","embeddable":true,"href":"https:\/\/agoravape.com\/sv\/wp-json\/wp\/v2\/product_tag?post=11954"}],"curies":[{"name":"wp","href":"https:\/\/api.w.org\/{rel}","templated":true}]}}