{"id":12415,"date":"2025-10-09T21:14:25","date_gmt":"2025-10-09T13:14:25","guid":{"rendered":"https:\/\/green-grasshopper-921422.hostingersite.com\/?post_type=product&#038;p=12415"},"modified":"2026-02-14T17:23:59","modified_gmt":"2026-02-14T16:23:59","slug":"vapme-kristall-30000-puffar-trippel-smak-vape","status":"publish","type":"product","link":"https:\/\/agoravape.com\/sv\/product\/vapme-crystal-30000-puffs-triple-flavor-vape\/","title":{"rendered":"Vapme Crystal 30000 Tre-i-ett Trippel Smak Vape | Tre Smaker, L\u00e5ngvarig och Enkel"},"content":{"rendered":"<h2 data-v-md-heading=\"what-are-the-advantages-of-vaping-the-vapme-crystal-30000-triple-flavored-vape\" data-v-md-line=\"3\">Vilka \u00e4r f\u00f6rdelarna med att vaping Vapme Crystal 30000 trippel smaksatt vape?<\/h2>\n<p data-v-md-line=\"4\">Om du \u00e4r tr\u00f6tt p\u00e5 att byta enhet halvv\u00e4gs genom veckan, \u00e4r den h\u00e4r produkten ditt perfekta val. Vapme Crystal 30000 integrerar tre olika smaker i en enhet, s\u00e5 att du enkelt kan byta utan att b\u00e4ra en andra vape.<\/p>\n<p data-v-md-line=\"6\">Den \u00e4r l\u00e4mplig f\u00f6r alla som vill uppleva en enkel, l\u00e4ttanv\u00e4nd, uts\u00f6kt och h\u00e5llbar vape-upplevelse. Du beh\u00f6ver inte oroa dig, du beh\u00f6ver inte fylla p\u00e5 ofta. Beh\u00f6ver bara en j\u00e4mn smak och enkel laddning vid behov.<\/p>\n<h2 data-v-md-heading=\"excellent-performance-easy-and-convenient\" data-v-md-line=\"8\">Utm\u00e4rkt prestanda, enkelt och bekv\u00e4mt<\/h2>\n<p data-v-md-line=\"9\">Mesh-spolen p\u00e5 0,6 \u03a9 s\u00e4kerst\u00e4ller ett j\u00e4mnt r\u00f6kfl\u00f6de och en j\u00e4mn smak, vilket g\u00f6r varje tugga lika uts\u00f6kt som den f\u00f6rsta. Det tredubbla oljelagringssystemet kan rymma tre olika smaker, vilket h\u00e5ller varje smak tydlig och unik och undviker f\u00f6rvirring. N\u00e4r batteriet \u00e4r svagt kan du anv\u00e4nda den befintliga Type-C-datakabeln f\u00f6r laddning. Batteriet p\u00e5 650 mAh \u00e4r uppladdningsbart, s\u00e5 du kan anv\u00e4nda den k\u00f6pta e-v\u00e4tskan.<\/p>\n<h2 data-v-md-heading=\"specification-introduction\" data-v-md-line=\"11\">Specification Introduction<\/h2>\n<ul data-v-md-line=\"12\">\n<li>Suction frequency: up to 30000 times<\/li>\n<li>Nikotinhalt: 0 %, 2 %, 3 % och 5 %<\/li>\n<li>Funktionsprincip: Aktiveras med bara ett bloss<\/li>\n<li>Laddning: Standard USB-gr\u00e4nssnitt av typ C<\/li>\n<li>Status: Klar att anv\u00e4nda direkt ur l\u00e5dan<\/li>\n<\/ul>\n<h2 data-v-md-heading=\"full-flavor-series\" data-v-md-line=\"18\">Full smakserie<\/h2>\n<ul data-v-md-line=\"19\">\n<li>Bl\u00e5b\u00e4rs- och hallonsmak+vattenmelonis+jordgubbslimonad<\/li>\n<li>Smak av jordgubbar och vattenmelon + is av passionsfrukt och melon + smak av bl\u00e5b\u00e4r och hallon<\/li>\n<li>K\u00f6rsb\u00e4rsis+bl\u00e5b\u00e4rsjuice Citronvatten+passionsfrukt Melonis<\/li>\n<li>Grape ice+jordgubbe kiwi+persika och ananas smak<\/li>\n<li>Jordgubbsbanansmak + dubbel \u00e4ppelsmak + vattenmelonis<\/li>\n<li>Smak av blandade b\u00e4r+persika ananas+hallon vattenmelon<\/li>\n<li>Jordgubbsis+vattenmelon kiwi-is+k\u00f6rsb\u00e4rsis<\/li>\n<li>Red Bull+Cherry Cola+Peach Flavor<\/li>\n<li>Jordgubb hallon socker+persika smoothie+kiwi passionsfrukt guava<\/li>\n<li>Smoothie med jordgubbsmango+kiwi passionsfrukt guava+vattenmelon<\/li>\n<li>Tropisk frukt bingzhi+jordgubbar vindruvor+bl\u00e5b\u00e4r citronvatten<\/li>\n<li>Smoothie med jordgubbar, vattenmelon, bubbelgum+b\u00e4r+Red Bull<\/li>\n<li>Mr Blue+Killer Lady+Love 66<\/li>\n<li>Vattenmelonbiff+Ananas kiwi smoothie+Strapberry smoothie<\/li>\n<li>Smoothie med jordgubbar och drakfrukt+ smoothie med vattenmelon och citron+ smoothie med tropisk frukt<\/li>\n<li>Trippel melonsmoothie+bl\u00e5b\u00e4r hallon persika+jordgubbssmoothie<\/li>\n<li>Jordgubbs- och tranb\u00e4rssmoothie+banansmoothie+smoothie med blandade b\u00e4r<\/li>\n<li>Vattenmelon Rainbow Candy+Strawberry Cub Candy+Blueberry Raspberry Candy<\/li>\n<li>K\u00f6rsb\u00e4rssoda+Lemon lime+Bl\u00e5b\u00e4rssmoothie<\/li>\n<li>Strawberry Red Bull+Black Dragon Ice Cream+Cherry Berry<\/li>\n<\/ul>\n<h2 data-v-md-heading=\"dedicated-to-you-and-your-company\" data-v-md-line=\"40\">Till\u00e4gnad dig och ditt f\u00f6retag<\/h2>\n<p data-v-md-line=\"41\">Du kan k\u00f6pa Vapme Crystal 30000 till en person eller fylla p\u00e5 lagret till din butik. Grossistkartongen inneh\u00e5ller 160 enheter, vilket g\u00f6r det bekv\u00e4mt f\u00f6r dig att planera inventering. Vi tillhandah\u00e5ller skattebetalda DDP-frakttj\u00e4nster med betrodda partners som UPS, DPD och DHL f\u00f6r att s\u00e4kerst\u00e4lla att du \u00e4r skyddad fr\u00e5n ov\u00e4ntade tullar.<\/p>\n<p data-v-md-line=\"43\">Om du k\u00f6per f\u00f6r \u00e5terf\u00f6rs\u00e4ljning ska du kontrollera lokala best\u00e4mmelser innan du publicerar. Eng\u00e5ngsprodukter med stor kapacitet kan omfattas av s\u00e4rskilda nationella\/regionala best\u00e4mmelser.<\/p>\n<h2 data-v-md-heading=\"why-do-you-like-it\" data-v-md-line=\"45\">Why do you like it<\/h2>\n<ul data-v-md-line=\"46\">\n<li>Massivt sug: h\u00e5llbar och l\u00e5ngvarig, inget behov av att st\u00e4ndigt k\u00f6pa nya patroner<\/li>\n<li>Nikotinval: v\u00e4lj den koncentration som passar din r\u00f6kmetod<\/li>\n<li>Uppladdningsbar: Du kan anv\u00e4nda alla k\u00f6pta e-v\u00e4tskor<\/li>\n<li>Mesh-spole: ger en j\u00e4mn och fyllig smak varje g\u00e5ng<\/li>\n<li>Tredubbla smaker: Du kan byta smak n\u00e4r som helst utan att b\u00e4ra en andra enhet<\/li>\n<\/ul>\n<h2 data-v-md-heading=\"why-collaborate-with-agoravape\" data-v-md-line=\"52\">Why collaborate with AgoraVape?<\/h2>\n<p data-v-md-line=\"53\">Vi s\u00e4ljer endast 100% \u00e4kta produkter och garanterar kvaliteten p\u00e5 v\u00e5ra leveranser. F\u00f6r kommersiella kunder kan du njuta av rabatterade grossistpriser, p\u00e5litlig support och snabb och p\u00e5litlig leverans av Vapme Crystal 30000 tre i en trippel smaksatta vapes. Kontakta oss s\u00e5 fyller vi p\u00e5 lager f\u00f6r dina kunder f\u00f6r att s\u00e4kerst\u00e4lla din tillfredsst\u00e4llelse.<\/p>","protected":false},"excerpt":{"rendered":"<p>What are the advantages of vaping the Vapme Crystal 30000 triple flavored vape? If you\u2019re tired of changing devices halfway<\/p>","protected":false},"featured_media":12487,"comment_status":"open","ping_status":"closed","template":"","meta":[],"product_brand":[204],"product_cat":[124,187,185,189,1637,176,177,195,1674,174,175,193,191,173,186,180,190,131],"product_tag":[],"class_list":{"0":"post-12415","1":"product","2":"type-product","3":"status-publish","4":"has-post-thumbnail","6":"product_brand-vapme","7":"product_cat-vape-by-brand","8":"product_cat-0mg-nicotine-free-vapes","9":"product_cat-10000-puffs-high-capacity","10":"product_cat-20mg-standard-nicotine-vapes","11":"product_cat-30000-puffs","12":"product_cat-beverage","13":"product_cat-dessert-sweets","14":"product_cat-dual-flavor-switch","15":"product_cat-eu-warehouse","16":"product_cat-fruit-flavors","17":"product_cat-icy-mint","18":"product_cat-mesh-coil","19":"product_cat-rechargeable-disposables","20":"product_cat-vape-by-flavor-profile","21":"product_cat-vape-by-nicotine-strength","22":"product_cat-vape-by-puff-count","23":"product_cat-vape-by-feature-or-type","24":"product_cat-vapme","26":"first","27":"instock","28":"shipping-taxable","29":"purchasable","30":"product-type-variable","31":"has-default-attributes"},"tiered_pricing_type":"percentage","tiered_pricing_fixed_rules":[],"tiered_pricing_product_settings":{"layout":"default","base_unit_name":{"singular":null,"plural":null},"default_variation":null},"tiered_pricing_minimum_quantity":10,"tiered_pricing_roles_data":[],"tiered_pricing_percentage_rules":{"50":"35","100":"40","200":"44","500":"47","1000":"49"},"tiered_pricing_maximum_quantity":null,"tiered_pricing_quantity_step":"10","_links":{"self":[{"href":"https:\/\/agoravape.com\/sv\/wp-json\/wp\/v2\/product\/12415","targetHints":{"allow":["GET"]}}],"collection":[{"href":"https:\/\/agoravape.com\/sv\/wp-json\/wp\/v2\/product"}],"about":[{"href":"https:\/\/agoravape.com\/sv\/wp-json\/wp\/v2\/types\/product"}],"replies":[{"embeddable":true,"href":"https:\/\/agoravape.com\/sv\/wp-json\/wp\/v2\/comments?post=12415"}],"version-history":[{"count":0,"href":"https:\/\/agoravape.com\/sv\/wp-json\/wp\/v2\/product\/12415\/revisions"}],"wp:featuredmedia":[{"embeddable":true,"href":"https:\/\/agoravape.com\/sv\/wp-json\/wp\/v2\/media\/12487"}],"wp:attachment":[{"href":"https:\/\/agoravape.com\/sv\/wp-json\/wp\/v2\/media?parent=12415"}],"wp:term":[{"taxonomy":"product_brand","embeddable":true,"href":"https:\/\/agoravape.com\/sv\/wp-json\/wp\/v2\/product_brand?post=12415"},{"taxonomy":"product_cat","embeddable":true,"href":"https:\/\/agoravape.com\/sv\/wp-json\/wp\/v2\/product_cat?post=12415"},{"taxonomy":"product_tag","embeddable":true,"href":"https:\/\/agoravape.com\/sv\/wp-json\/wp\/v2\/product_tag?post=12415"}],"curies":[{"name":"wp","href":"https:\/\/api.w.org\/{rel}","templated":true}]}}