{"id":12538,"date":"2025-10-10T09:29:18","date_gmt":"2025-10-10T01:29:18","guid":{"rendered":"https:\/\/green-grasshopper-921422.hostingersite.com\/?post_type=product&#038;p=12538"},"modified":"2026-03-26T13:22:25","modified_gmt":"2026-03-26T12:22:25","slug":"vapme-crystal-20000-puffar-vape-med-dubbel-smak","status":"publish","type":"product","link":"https:\/\/agoravape.com\/sv\/product\/vapme-crystal-20000-puffs-dual-flavor-vape\/","title":{"rendered":"Vapme Crystal 20000 Puffs 2-i-1 Dubbelsmaksvape | Tv\u00e5 smaker, en l\u00e5ngvarig enhet"},"content":{"rendered":"<h2 data-v-md-heading=\"what-are-the-advantages-of-vapme-crystal-20000-in-one-dual-flavor-vape\" data-v-md-line=\"3\">Vilka \u00e4r f\u00f6rdelarna med Vapme Crystal 20000 i en vape med dubbla smaker?<\/h2>\n<p data-v-md-line=\"4\">Om du \u00e4r tr\u00f6tt p\u00e5 att ofta byta apparater p\u00e5 grund av d\u00e5lig smak eller l\u00e5g batteriniv\u00e5, kommer den h\u00e4r produkten att ge dig en fr\u00e4sch andedr\u00e4kt. Vapme Crystal 20000 kan ge upp till 20 000 bloss och tv\u00e5 smaker i en och samma apparat, vilket g\u00f6r att du kan njuta av kul utan att beh\u00f6va b\u00e4ra med dig en extra vape.<\/p>\n<p data-v-md-line=\"6\">Om du vill ha en p\u00e5litlig, uts\u00f6kt, uppladdningsbar och l\u00e4ttnjutbar eng\u00e5ngsvape, d\u00e5 \u00e4r den h\u00e4r produkten ditt perfekta val. Inget behov av tr\u00e5kiga operationer eller menyer. Bara plocka upp den och njut av den j\u00e4mna smaken fr\u00e5n f\u00f6rsta till sista tuggan.<\/p>\n<h2 data-v-md-heading=\"excellent-performance-easy-and-convenient\" data-v-md-line=\"8\">Utm\u00e4rkt prestanda, enkelt och bekv\u00e4mt<\/h2>\n<p data-v-md-line=\"9\">1,0 \u03a9 mesh-spolen ger dig stark kraft. Den v\u00e4rms upp j\u00e4mnt och varje tugga \u00e4r lika uts\u00f6kt som den f\u00f6rsta. N\u00e4r batteriet \u00e4r l\u00e5gt ansluter du bara Type-C-datakabeln, som kan vara samma kabel som anv\u00e4nds f\u00f6r mobiltelefoner. Enkelt och bekv\u00e4mt. Du kanske tror att enheter med stor kaliber skulle vara besv\u00e4rliga, men den h\u00e4r enheten \u00e4r l\u00e4tt att hantera.<\/p>\n<h2 data-v-md-heading=\"specification-introduction\" data-v-md-line=\"11\">Specification Introduction<\/h2>\n<ul data-v-md-line=\"12\">\n<li>Sugfrekvens: upp till 20000 g\u00e5nger<\/li>\n<li>Nikotinhalt: 2 % (20 mg\/ml)<\/li>\n<li>Working principle: Activated by inhalation<\/li>\n<li>Laddning: USB-gr\u00e4nssnitt av typ C<\/li>\n<li>E-v\u00e4tskekapacitet: 20 milliliter<\/li>\n<li>Atomiseringsk\u00e4rna: 1,0 \u03a9 mesh<\/li>\n<li>Batteri: 700 mAh uppladdningsbart batteri<\/li>\n<li>Status: Klar att anv\u00e4nda vid uppackning<\/li>\n<\/ul>\n<h2 data-v-md-heading=\"full-range-of-flavors\" data-v-md-line=\"21\">Fullt utbud av smaker<\/h2>\n<p data-v-md-line=\"22\">F\u00f6ljande \u00e4r bekr\u00e4ftade dubbla smakkombinationer:<\/p>\n<ul data-v-md-line=\"23\">\n<li>Bl\u00e5b\u00e4r, hallon och vattenmelonglass<\/li>\n<li>Jordgubb, vattenmelon + passionsfruktsmelon-is<\/li>\n<li>K\u00f6rsb\u00e4rsis + Bl\u00e5b\u00e4r Citronvatten<\/li>\n<li>Druvglass + Jordgubbskiwi<\/li>\n<li>Jordgubb Banan + Dubbla \u00c4pplen<\/li>\n<li>Blandad b\u00e4ris + persika-ananas<\/li>\n<li>Jordgubbsglass + vattenmelon-kiwiglass<\/li>\n<li>Energidryck + k\u00f6rsb\u00e4rscola<\/li>\n<li>Jordgubbs-hallonsocker + persikoklas<\/li>\n<li>Jordgubb, mango + kiwi + passionsfrukt, guava<\/li>\n<\/ul>\n<p data-v-md-line=\"34\">H\u00e4r finns f\u00e4rgglada fruktblandningar, kylda isbitar och ett urval av nostalgiska dessertbutiker. Bl\u00e5b\u00e4rs-citronvatten ger en s\u00f6tsur smak, medan k\u00f6rsb\u00e4rscola ger en mousserande upplevelse av att blanda cola och k\u00f6rsb\u00e4r.<\/p>\n<h2 data-v-md-heading=\"for-you-and-for-your-business-as-well\" data-v-md-line=\"36\">F\u00f6r dig, och \u00e4ven f\u00f6r ditt f\u00f6retag<\/h2>\n<p data-v-md-line=\"37\">Du kan v\u00e4lja en kopp sj\u00e4lv eller k\u00f6pa varor till hyllan. Vi erbjuder Vapme Crystal 20000 tv\u00e5-i-ett-vapor med dubbla smaker f\u00f6r personligt k\u00f6p och grossistk\u00f6p. F\u00f6rs\u00e4ljare kan l\u00e4gga grossistbest\u00e4llningar, med 160 enheter per l\u00e5da.<\/p>\n<p data-v-md-line=\"39\">Vi erbjuder DDP-betalda europeiska frakttj\u00e4nster via betrodda partners som UPS, DPD och DHL, vilket g\u00f6r det enkelt och bekv\u00e4mt f\u00f6r dig att undvika olyckor under tullinspektioner.<\/p>\n<h2 data-v-md-heading=\"why-do-you-like-it\" data-v-md-line=\"41\">Why do you like it<\/h2>\n<ul data-v-md-line=\"42\">\n<li>Massiv sugkraft: upp till 20 000 bloss, vilket inneb\u00e4r f\u00e4rre upprepade best\u00e4llningar och mer tid att njuta.<\/li>\n<li>Nikotinutbud: 2 % nikotin passar dig som f\u00f6redrar starkare och mer tillfredsst\u00e4llande upplevelser.<\/li>\n<li>Uppladdningsbar: Anv\u00e4nd all e-v\u00e4tska du k\u00f6per utan att sl\u00f6sa en droppe.<\/li>\n<li>Mesh coil: Fr\u00e5n f\u00f6rsta till sista tuggan f\u00f6rblir smaken j\u00e4mn och silkeslen.<\/li>\n<\/ul>\n<h2 data-v-md-heading=\"why-choose-to-collaborate-with-agoravape\" data-v-md-line=\"47\">Varf\u00f6r v\u00e4lja att samarbeta med AgoraVape?<\/h2>\n<p data-v-md-line=\"48\">Vi s\u00e4ljer endast 100 % \u00e4kta produkter med tydliga specifikationer och stark sp\u00e5rbarhet. V\u00e5ra B2B-kunder kan dra nytta av rabatterade grossistpriser, snabb support och snabb hemleverans (DDP) inom Europeiska unionen n\u00e4r de k\u00f6per Vapme Crystal 20000 tv\u00e5-i-ett-vaporizer med dubbla smaker (DDP). Vill du ha en p\u00e5litlig enhet som f\u00e5r dina kunder att vilja komma tillbaka? V\u00e4lkommen att h\u00f6ra av dig.<\/p>","protected":false},"excerpt":{"rendered":"<p>&nbsp;<\/p>\n<p><script src=\"chrome-extension:\/\/fpelahbljekknahkcaegamhcndkfpfnc\/iFrame.js\" type=\"text\/javascript\"><\/script><\/p>","protected":false},"featured_media":12571,"comment_status":"open","ping_status":"closed","template":"","meta":[],"product_brand":[204],"product_cat":[124,185,1636,189,176,177,195,1674,174,175,193,191,173,186,180,190,131],"product_tag":[],"class_list":{"0":"post-12538","1":"product","2":"type-product","3":"status-publish","4":"has-post-thumbnail","6":"product_brand-vapme","7":"product_cat-vape-by-brand","8":"product_cat-10000-puffs-high-capacity","9":"product_cat-20000-puffs","10":"product_cat-20mg-standard-nicotine-vapes","11":"product_cat-beverage","12":"product_cat-dessert-sweets","13":"product_cat-dual-flavor-switch","14":"product_cat-eu-warehouse","15":"product_cat-fruit-flavors","16":"product_cat-icy-mint","17":"product_cat-mesh-coil","18":"product_cat-rechargeable-disposables","19":"product_cat-vape-by-flavor-profile","20":"product_cat-vape-by-nicotine-strength","21":"product_cat-vape-by-puff-count","22":"product_cat-vape-by-feature-or-type","23":"product_cat-vapme","25":"first","26":"instock","27":"shipping-taxable","28":"purchasable","29":"product-type-variable","30":"has-default-attributes"},"tiered_pricing_type":"percentage","tiered_pricing_fixed_rules":[],"tiered_pricing_product_settings":{"layout":"default","base_unit_name":{"singular":null,"plural":null},"default_variation":null},"tiered_pricing_minimum_quantity":10,"tiered_pricing_roles_data":[],"tiered_pricing_percentage_rules":{"50":"35","100":"40","200":"44","500":"47","1000":"49"},"tiered_pricing_maximum_quantity":null,"tiered_pricing_quantity_step":"10","_links":{"self":[{"href":"https:\/\/agoravape.com\/sv\/wp-json\/wp\/v2\/product\/12538","targetHints":{"allow":["GET"]}}],"collection":[{"href":"https:\/\/agoravape.com\/sv\/wp-json\/wp\/v2\/product"}],"about":[{"href":"https:\/\/agoravape.com\/sv\/wp-json\/wp\/v2\/types\/product"}],"replies":[{"embeddable":true,"href":"https:\/\/agoravape.com\/sv\/wp-json\/wp\/v2\/comments?post=12538"}],"version-history":[{"count":0,"href":"https:\/\/agoravape.com\/sv\/wp-json\/wp\/v2\/product\/12538\/revisions"}],"wp:featuredmedia":[{"embeddable":true,"href":"https:\/\/agoravape.com\/sv\/wp-json\/wp\/v2\/media\/12571"}],"wp:attachment":[{"href":"https:\/\/agoravape.com\/sv\/wp-json\/wp\/v2\/media?parent=12538"}],"wp:term":[{"taxonomy":"product_brand","embeddable":true,"href":"https:\/\/agoravape.com\/sv\/wp-json\/wp\/v2\/product_brand?post=12538"},{"taxonomy":"product_cat","embeddable":true,"href":"https:\/\/agoravape.com\/sv\/wp-json\/wp\/v2\/product_cat?post=12538"},{"taxonomy":"product_tag","embeddable":true,"href":"https:\/\/agoravape.com\/sv\/wp-json\/wp\/v2\/product_tag?post=12538"}],"curies":[{"name":"wp","href":"https:\/\/api.w.org\/{rel}","templated":true}]}}