{"id":12594,"date":"2025-10-10T10:01:20","date_gmt":"2025-10-10T02:01:20","guid":{"rendered":"https:\/\/green-grasshopper-921422.hostingersite.com\/?post_type=product&#038;p=12594"},"modified":"2026-01-15T19:41:29","modified_gmt":"2026-01-15T11:41:29","slug":"vapme-shisha-vattenpipa-15000-puffar-dtl-vape","status":"publish","type":"product","link":"https:\/\/agoravape.com\/sv\/product\/vapme-shisha-hookah-15000-puffs-dtl-vape\/","title":{"rendered":"Vapme Shisha Hookah 15000 Puffs DTL Vape | Big-Capacity DTL Vaping Made Easy"},"content":{"rendered":"<h2 data-v-md-heading=\"what-are-the-advantages-of-vapme-shisha-hookah-15000-dtl-vapes\" data-v-md-line=\"3\"><img loading=\"lazy\" decoding=\"async\" class=\"aligncenter size-full wp-image-12616\" src=\"https:\/\/agoravape.com\/wp-content\/uploads\/2025\/10\/Vapme-Shisha-Hookah-15000-Puffs-DTL-Vape_Agora_vape-1-scaled.webp\" alt=\"\" width=\"2560\" height=\"1707\" srcset=\"https:\/\/agoravape.com\/wp-content\/uploads\/2025\/10\/Vapme-Shisha-Hookah-15000-Puffs-DTL-Vape_Agora_vape-1-scaled.webp 2560w, https:\/\/agoravape.com\/wp-content\/uploads\/2025\/10\/Vapme-Shisha-Hookah-15000-Puffs-DTL-Vape_Agora_vape-1-scaled-1200x800.webp 1200w\" sizes=\"auto, (max-width: 2560px) 100vw, 2560px\" \/><\/h2>\n<h2 data-v-md-heading=\"what-are-the-advantages-of-vapme-shisha-hookah-15000-dtl-vapes\" data-v-md-line=\"3\">What are the advantages of Vapme Shisha Hookah 15000 DTL Vapes?<\/h2>\n<p data-v-md-line=\"4\">If you\u2019re tired of changing disposable e-liquid every few days, this product will make your life easier. Vapme Shisha Hookah 15000 is a high-capacity DTL disposable e-liquid designed for long-term use, with a stable taste and zero hassle.<\/p>\n<p data-v-md-line=\"6\">It is suitable for anyone who wants to experience hookah style smoke, easily inhale, and maintain a stable taste from the first bite to the last bite. You may think that this capacity of vapes will have a lighter taste after a week of use, but the mesh coil can maintain its pure and strong taste.<\/p>\n<h2 data-v-md-heading=\"excellent-performance-worry-free\" data-v-md-line=\"8\">Utm\u00e4rkt prestanda, bekymmersfritt<\/h2>\n<p data-v-md-line=\"9\">Vapme is equipped with a 0.6 \u03a9 mesh coil and 25ml pre installed e-liquid, making every puff feel smooth and full. The 850 mAh battery can be charged through Type-C, so you can truly use the power you purchased without wasting half a box of battery. When the battery is depleted, you can use the same data cable as your phone to charge it. It\u2019s simple.<\/p>\n<h2 data-v-md-heading=\"specification-introduction\" data-v-md-line=\"11\">Specification Introduction<\/h2>\n<ul data-v-md-line=\"12\">\n<li>Sugfrekvens: upp till 15000 g\u00e5nger<\/li>\n<li>Nicotine content: 0% and 2%<\/li>\n<li>Smoking method: lung aspiration (DTL)<\/li>\n<li>Atomiseringsk\u00e4rna: 0,6 \u03a9 mesh<\/li>\n<li>E-liquid capacity: 25 milliliters<\/li>\n<li>Batteri: 850 mAh uppladdningsbart batteri<\/li>\n<li>Laddning: Standard USB-gr\u00e4nssnitt av typ C<\/li>\n<li>Status: Klar att anv\u00e4nda vid uppackning<\/li>\n<\/ul>\n<h2 data-v-md-heading=\"full-range-of-flavors\" data-v-md-line=\"21\">Fullt utbud av smaker<\/h2>\n<ul data-v-md-line=\"22\">\n<li>Iced Blueberries<\/li>\n<li>Kiwi, passionsfrukt, guava<\/li>\n<li>Bl\u00e5b\u00e4rs-citronvatten<\/li>\n<li>Jordgubb, kiwi<\/li>\n<li>Blandade b\u00e4r<\/li>\n<li>Jordgubbsvattenmelon<\/li>\n<li>Druvis<\/li>\n<li>Vattenmelonis<\/li>\n<li>Persika Mang Ananas<\/li>\n<li>Jordgubbsglass<\/li>\n<li>Persikois<\/li>\n<li>Mango and Banana<\/li>\n<li>Cherry Berry<\/li>\n<li>Bl\u00e5b\u00e4r och hallon<\/li>\n<li>K\u00e4rlek 66<\/li>\n<li>Watermelon Cow<\/li>\n<li>Jordgubbsdruvor<\/li>\n<li>Jordgubbs-hallongodis<\/li>\n<li>Mamba<\/li>\n<li>Vattenmelon k\u00f6rsb\u00e4r<\/li>\n<li>Frozen apples<\/li>\n<li>Citron som<\/li>\n<li>Blackcurrant Ice<\/li>\n<li>Pineapple milkshake<\/li>\n<\/ul>\n<h2 data-v-md-heading=\"for-you-and-for-your-business-as-well\" data-v-md-line=\"47\">F\u00f6r dig, och \u00e4ven f\u00f6r ditt f\u00f6retag<\/h2>\n<p data-v-md-line=\"48\">If you want a durable disposable DTL hookah with a familiar hookah flavor, you can purchase Vapme Shisha Hookah 15000 for personal use. If you are a retailer or buyer, you can purchase wholesale boxes of 200 pieces per box.<\/p>\n<p data-v-md-line=\"50\">We use trusted partners such as UPS, DPD, and DHL to ship products to Europe via DDP, so tariffs can be processed in advance to avoid unexpected situations at customs. If you need to specify a route or ship in batches for different stores, we can also arrange it for you.<\/p>\n<p data-v-md-line=\"52\">Compliance statement: The capacity of this device is 25 milliliters, exceeding the TPD limit of 2 milliliters for pre packaged vapes. In most EU countries\/regions, it usually does not comply with TPD retail regulations. Before importing or selling, please check your local regulations.<\/p>\n<h2 data-v-md-heading=\"why-do-you-like-it\" data-v-md-line=\"54\">Why do you like it<\/h2>\n<ul data-v-md-line=\"55\">\n<li>Ultra large capacity: up to 15000 ports, meaning less repeat purchases and hassle<\/li>\n<li>Nicotine content selection: Choose 0% or 2% according to your preference<\/li>\n<li>Rechargeable: Type-C charging, helping you easily complete e-liquid<\/li>\n<li>Mesh coil: Smooth DTL suction experience, consistent taste<\/li>\n<\/ul>\n<h2 data-v-md-heading=\"why-choose-to-collaborate-with-agoravape\" data-v-md-line=\"60\">Varf\u00f6r v\u00e4lja att samarbeta med AgoraVape?<\/h2>\n<p data-v-md-line=\"61\">Vi levererar endast 100 % \u00e4kta produkter fr\u00e5n verifierade kanaler f\u00f6r att s\u00e4kerst\u00e4lla att du kan k\u00f6pa \u00e4kta produkter varje g\u00e5ng. V\u00e5ra B2B-kunder kan njuta av mycket konkurrenskraftiga grossistpriser, p\u00e5litliga DDP-leveranstj\u00e4nster inom Europa och snabb support fr\u00e5n experter som verkligen f\u00f6rst\u00e5r produkten. Om du vill l\u00e4gga till Vapme Shisha Hookah 15000 DTL vape-produkter till din produktlinje, v\u00e4nligen kontakta oss omedelbart s\u00e5 hj\u00e4lper vi dig att v\u00e4lja den b\u00e4st s\u00e4ljande smakkombinationen.<\/p>\n<p data-v-md-line=\"63\">Produkten har en \u00e5ldersgr\u00e4ns. Endast f\u00f6r personer som \u00e4r 18 \u00e5r och \u00e4ldre.<\/p>","protected":false},"excerpt":{"rendered":"<p>Vilka \u00e4r f\u00f6rdelarna med Vapme Shisha Hookah 15000 DTL Vapes? Om du \u00e4r tr\u00f6tt p\u00e5 att byta eng\u00e5ngs e-v\u00e4tska med n\u00e5gra f\u00e5<\/p>","protected":false},"featured_media":12627,"comment_status":"open","ping_status":"closed","template":"","meta":[],"product_brand":[204],"product_cat":[124,187,185,1635,189,176,177,174,175,193,191,179,173,186,180,190,131],"product_tag":[],"class_list":{"0":"post-12594","1":"product","2":"type-product","3":"status-publish","4":"has-post-thumbnail","6":"product_brand-vapme","7":"product_cat-vape-by-brand","8":"product_cat-0mg-nicotine-free-vapes","9":"product_cat-10000-puffs-high-capacity","10":"product_cat-15000-puffs","11":"product_cat-20mg-standard-nicotine-vapes","12":"product_cat-beverage","13":"product_cat-dessert-sweets","14":"product_cat-fruit-flavors","15":"product_cat-icy-mint","16":"product_cat-mesh-coil","17":"product_cat-rechargeable-disposables","18":"product_cat-unique-blends","19":"product_cat-vape-by-flavor-profile","20":"product_cat-vape-by-nicotine-strength","21":"product_cat-vape-by-puff-count","22":"product_cat-vape-by-feature-or-type","23":"product_cat-vapme","25":"first","26":"instock","27":"shipping-taxable","28":"purchasable","29":"product-type-variable","30":"has-default-attributes"},"tiered_pricing_type":"percentage","tiered_pricing_fixed_rules":[],"tiered_pricing_product_settings":{"layout":"default","base_unit_name":{"singular":null,"plural":null},"default_variation":null},"tiered_pricing_minimum_quantity":10,"tiered_pricing_roles_data":[],"tiered_pricing_percentage_rules":{"50":"35","100":"40","200":"44","500":"47","1000":"49"},"tiered_pricing_maximum_quantity":null,"tiered_pricing_quantity_step":"10","_links":{"self":[{"href":"https:\/\/agoravape.com\/sv\/wp-json\/wp\/v2\/product\/12594","targetHints":{"allow":["GET"]}}],"collection":[{"href":"https:\/\/agoravape.com\/sv\/wp-json\/wp\/v2\/product"}],"about":[{"href":"https:\/\/agoravape.com\/sv\/wp-json\/wp\/v2\/types\/product"}],"replies":[{"embeddable":true,"href":"https:\/\/agoravape.com\/sv\/wp-json\/wp\/v2\/comments?post=12594"}],"version-history":[{"count":0,"href":"https:\/\/agoravape.com\/sv\/wp-json\/wp\/v2\/product\/12594\/revisions"}],"wp:featuredmedia":[{"embeddable":true,"href":"https:\/\/agoravape.com\/sv\/wp-json\/wp\/v2\/media\/12627"}],"wp:attachment":[{"href":"https:\/\/agoravape.com\/sv\/wp-json\/wp\/v2\/media?parent=12594"}],"wp:term":[{"taxonomy":"product_brand","embeddable":true,"href":"https:\/\/agoravape.com\/sv\/wp-json\/wp\/v2\/product_brand?post=12594"},{"taxonomy":"product_cat","embeddable":true,"href":"https:\/\/agoravape.com\/sv\/wp-json\/wp\/v2\/product_cat?post=12594"},{"taxonomy":"product_tag","embeddable":true,"href":"https:\/\/agoravape.com\/sv\/wp-json\/wp\/v2\/product_tag?post=12594"}],"curies":[{"name":"wp","href":"https:\/\/api.w.org\/{rel}","templated":true}]}}