{"id":12654,"date":"2025-10-10T10:30:53","date_gmt":"2025-10-10T02:30:53","guid":{"rendered":"https:\/\/green-grasshopper-921422.hostingersite.com\/?post_type=product&#038;p=12654"},"modified":"2026-03-26T13:22:25","modified_gmt":"2026-03-26T12:22:25","slug":"vapme-digital-12000-puffs-display-vape","status":"publish","type":"product","link":"https:\/\/agoravape.com\/sv\/product\/vapme-digital-12000-puffs-display-vape\/","title":{"rendered":"Vapme Digital 12000 Puffs Digital Display Vape | L\u00e5ngvarig Smak, Enkelt"},"content":{"rendered":"<h2 data-v-md-heading=\"what-are-the-highlights-of-vapme-digital-12000-digital-vapes\" data-v-md-line=\"3\">Vilka \u00e4r h\u00f6jdpunkterna hos Vapme Digital 12000 digitala vapes?<\/h2>\n<p data-v-md-line=\"4\">Om du \u00e4r tr\u00f6tt p\u00e5 eng\u00e5ngsvapor som kasseras halvv\u00e4gs genom en vecka \u00e4r den h\u00e4r produkten definitivt v\u00e4rd att ta en titt p\u00e5. Vapme Digital 12000 har en stor kapacitet p\u00e5 20 ml e-v\u00e4tska, \u00e4r utrustad med ett laddningsbart batteri p\u00e5 850 mAh och en tydlig digital sk\u00e4rm som samtidigt kan visa \u00e5terst\u00e5ende batteri- och e-v\u00e4tskeniv\u00e5er. Inget behov av att gissa, enkelt och bekv\u00e4mt.<\/p>\n<p data-v-md-line=\"6\">Om du vill ha en p\u00e5litlig, uts\u00f6kt och effektiv vape, d\u00e5 \u00e4r den h\u00e4r produkten det perfekta valet. Baserat p\u00e5 dina oljeabsorptionsvanor och dagliga anv\u00e4ndning kan du f\u00e5 upp till 12 000 bloss. Du kanske tror att en vape med s\u00e5 stor kapacitet skulle vara skrymmande, men den h\u00e4r produkten \u00e4r f\u00f6rv\u00e5nansv\u00e4rt prisv\u00e4rd.<\/p>\n<h2 data-v-md-heading=\"excellent-performance-easy-and-convenient\" data-v-md-line=\"8\">Utm\u00e4rkt prestanda, enkelt och bekv\u00e4mt<\/h2>\n<p data-v-md-line=\"9\">K\u00e4rnan i Vapme Digital 12000 har en 1,0 \u03a9 mesh-f\u00f6rstoftningsk\u00e4rna, vilket s\u00e4kerst\u00e4ller att varje tugga \u00e4r lika uts\u00f6kt som ett f\u00f6rsta bloss. J\u00e4mn sugkraft och j\u00e4mn smak i hela f\u00f6rstoftaren. N\u00e4r batteriet \u00e4r l\u00e5gt kan du ladda den via Type-C-gr\u00e4nssnittet, och laddningskabeln kan vara densamma som telefonens laddningskabel. Enkelt och bekv\u00e4mt.<\/p>\n<h2 data-v-md-heading=\"specification-introduction\" data-v-md-line=\"11\">Specification Introduction<\/h2>\n<ul data-v-md-line=\"12\">\n<li>Sugfrekvens: upp till 12000 g\u00e5nger<\/li>\n<li>Nikotinhalt: 0 %, 2 %, 3 % eller 5 %<\/li>\n<li>Funktionsprincip: Aktiveras med bara ett bloss<\/li>\n<li>Laddning: Standard USB-gr\u00e4nssnitt av typ C<\/li>\n<li>Status: Klar att anv\u00e4nda direkt ur l\u00e5dan<\/li>\n<\/ul>\n<h2 data-v-md-heading=\"full-range-of-flavors\" data-v-md-line=\"18\">Fullt utbud av smaker<\/h2>\n<ul data-v-md-line=\"19\">\n<li>Bl\u00e5b\u00e4rs-citronvatten<\/li>\n<li>Jordgubbsvattenmelon<\/li>\n<li>Vattenmelonis<\/li>\n<li>Persikois<\/li>\n<li>Blandade b\u00e4r<\/li>\n<li>Mango, Persika, Ananas<\/li>\n<li>Jordgubbsglass<\/li>\n<li>K\u00f6rsb\u00e4rscola<\/li>\n<li>Druvis<\/li>\n<li>Bl\u00e5b\u00e4r och hallon<\/li>\n<li>K\u00f6rsb\u00e4rsglass<\/li>\n<li>Jordgubbs-kiwi-glass<\/li>\n<li>Kiwi, passionsfrukt, guava<\/li>\n<li>Tropisk frukt Binji<\/li>\n<li>Jordgubbs-bananis<\/li>\n<li>\u00c4ppel- och b\u00e4ris<\/li>\n<li>Jordgubbs-drakfruktis<\/li>\n<li>Persika- och bl\u00e5b\u00e4rsglass<\/li>\n<li>Persika- och mangois<\/li>\n<li>Mentol-is<\/li>\n<\/ul>\n<h2 data-v-md-heading=\"for-you-and-your-business\" data-v-md-line=\"40\">For you and your business<\/h2>\n<p data-v-md-line=\"41\">Du kan k\u00f6pa Vapme Digital 12000-paketet f\u00f6r personligt bruk eller fylla p\u00e5 lager till din butik. Grossistkartong med 200 stycken per l\u00e5da, s\u00e5 att du enkelt kan planera lagret och h\u00e5lla hyllorna fulla.<\/p>\n<p data-v-md-line=\"43\">Vi skickar via betrodda partners som UPS, DPD och DHL med DDP \u00f6ver hela Europa, s\u00e5 din best\u00e4llning kan levereras snabbt och tullen kommer inte att orsaka n\u00e5gra olyckor f\u00f6r dig. Reglerna f\u00f6r eng\u00e5ngsvapor med stor kapacitet varierar i olika l\u00e4nder\/regioner, s\u00e5 kontrollera dina lokala best\u00e4mmelser eller kontakta oss f\u00f6r v\u00e4gledning innan du g\u00f6r en best\u00e4llning.<\/p>\n<h2 data-v-md-heading=\"why-do-you-like-it\" data-v-md-line=\"45\">Why do you like it<\/h2>\n<ul data-v-md-line=\"46\">\n<li>Massiv sugkraft: l\u00e4ngre anv\u00e4ndningstid, s\u00e5 du beh\u00f6ver inte k\u00f6pa nya ofta.<\/li>\n<li>Nikotinval: V\u00e4lj den koncentration som \u00e4r l\u00e4mplig f\u00f6r din dagliga anv\u00e4ndning.<\/li>\n<li>Rechargeable: You use all purchased e-liquids.<\/li>\n<li>N\u00e4tspiral: Ger en j\u00e4mn smak och en j\u00e4mn sugupplevelse varje g\u00e5ng.<\/li>\n<li>Digital sk\u00e4rm: Ger en tydlig bild av batteriet och e-v\u00e4tskan, s\u00e5 att du alltid kan se aktuell status.<\/li>\n<\/ul>\n<h2 data-v-md-heading=\"why-choose-agoravape\" data-v-md-line=\"52\">Varf\u00f6r v\u00e4lja AgoraVape?<\/h2>\n<p data-v-md-line=\"53\">Vi s\u00e4ljer endast 100 % \u00e4kta produkter och garanterar kvaliteten p\u00e5 de produkter vi skickar. F\u00f6retagskunder kan dra nytta av mycket konkurrenskraftiga grossistpriser, snabb support och snabba, sp\u00e5rbara och konfidentiella leveranstj\u00e4nster. Vi erbjuder s\u00e4kra betalningsmetoder, och om det skulle uppst\u00e5 n\u00e5gra problem g\u00f6r v\u00e5r bekv\u00e4ma returpolicy det enkelt f\u00f6r dig att hantera det.<\/p>\n<p data-v-md-line=\"55\">\u00c4r du redo att k\u00f6pa Vapme Digital 12000 online i Europa eller f\u00f6rvara den i din butik? Kontakta oss s\u00e5 hj\u00e4lper vi dig att v\u00e4lja r\u00e4tt smak och nikotinkoncentration f\u00f6r dina kunder.<\/p>","protected":false},"excerpt":{"rendered":"<p>Vilka \u00e4r h\u00f6jdpunkterna i Vapme Digital 12000 digitala vapes? Om du \u00e4r tr\u00f6tt p\u00e5 eng\u00e5ngsvapor som \u00e4r skrotade<\/p>","protected":false},"featured_media":12680,"comment_status":"open","ping_status":"closed","template":"","meta":[],"product_brand":[204],"product_cat":[124,187,185,1634,189,176,174,175,193,191,173,186,180,190,192,131],"product_tag":[],"class_list":{"0":"post-12654","1":"product","2":"type-product","3":"status-publish","4":"has-post-thumbnail","6":"product_brand-vapme","7":"product_cat-vape-by-brand","8":"product_cat-0mg-nicotine-free-vapes","9":"product_cat-10000-puffs-high-capacity","10":"product_cat-12000-puffs","11":"product_cat-20mg-standard-nicotine-vapes","12":"product_cat-beverage","13":"product_cat-fruit-flavors","14":"product_cat-icy-mint","15":"product_cat-mesh-coil","16":"product_cat-rechargeable-disposables","17":"product_cat-vape-by-flavor-profile","18":"product_cat-vape-by-nicotine-strength","19":"product_cat-vape-by-puff-count","20":"product_cat-vape-by-feature-or-type","21":"product_cat-vapes-with-screens","22":"product_cat-vapme","24":"first","25":"onbackorder","26":"shipping-taxable","27":"purchasable","28":"product-type-variable","29":"has-default-attributes"},"tiered_pricing_type":"percentage","tiered_pricing_fixed_rules":[],"tiered_pricing_product_settings":{"layout":"default","base_unit_name":{"singular":null,"plural":null},"default_variation":null},"tiered_pricing_minimum_quantity":10,"tiered_pricing_roles_data":[],"tiered_pricing_percentage_rules":{"50":"35","100":"40","200":"44","500":"47","1000":"49"},"tiered_pricing_maximum_quantity":null,"tiered_pricing_quantity_step":"10","_links":{"self":[{"href":"https:\/\/agoravape.com\/sv\/wp-json\/wp\/v2\/product\/12654","targetHints":{"allow":["GET"]}}],"collection":[{"href":"https:\/\/agoravape.com\/sv\/wp-json\/wp\/v2\/product"}],"about":[{"href":"https:\/\/agoravape.com\/sv\/wp-json\/wp\/v2\/types\/product"}],"replies":[{"embeddable":true,"href":"https:\/\/agoravape.com\/sv\/wp-json\/wp\/v2\/comments?post=12654"}],"version-history":[{"count":0,"href":"https:\/\/agoravape.com\/sv\/wp-json\/wp\/v2\/product\/12654\/revisions"}],"wp:featuredmedia":[{"embeddable":true,"href":"https:\/\/agoravape.com\/sv\/wp-json\/wp\/v2\/media\/12680"}],"wp:attachment":[{"href":"https:\/\/agoravape.com\/sv\/wp-json\/wp\/v2\/media?parent=12654"}],"wp:term":[{"taxonomy":"product_brand","embeddable":true,"href":"https:\/\/agoravape.com\/sv\/wp-json\/wp\/v2\/product_brand?post=12654"},{"taxonomy":"product_cat","embeddable":true,"href":"https:\/\/agoravape.com\/sv\/wp-json\/wp\/v2\/product_cat?post=12654"},{"taxonomy":"product_tag","embeddable":true,"href":"https:\/\/agoravape.com\/sv\/wp-json\/wp\/v2\/product_tag?post=12654"}],"curies":[{"name":"wp","href":"https:\/\/api.w.org\/{rel}","templated":true}]}}