{"id":12712,"date":"2025-10-10T11:23:40","date_gmt":"2025-10-10T03:23:40","guid":{"rendered":"https:\/\/green-grasshopper-921422.hostingersite.com\/?post_type=product&#038;p=12712"},"modified":"2026-03-26T13:22:25","modified_gmt":"2026-03-26T12:22:25","slug":"vapme-monster-16000-puffar-vape","status":"publish","type":"product","link":"https:\/\/agoravape.com\/sv\/product\/vapme-monster-16000-puffs-vape\/","title":{"rendered":"Vapme Monster 16000 Puffs Mesh Coil Eng\u00e5ngsvape | Stora Puffs, Ren Smak, Inget Kraftigt"},"content":{"rendered":"<h2 data-v-md-heading=\"what-about-the-vapme-monster-16000-mesh-coil-disposable-vape\" data-v-md-line=\"3\"><img loading=\"lazy\" decoding=\"async\" class=\"aligncenter size-full wp-image-12734\" src=\"https:\/\/agoravape.com\/wp-content\/uploads\/2025\/10\/Vapme-Monster-16000-Puffs-Mesh-Coil-Disposable-Vape_Agora_vape-1-scaled.webp\" alt=\"\" width=\"2560\" height=\"1937\" srcset=\"https:\/\/agoravape.com\/wp-content\/uploads\/2025\/10\/Vapme-Monster-16000-Puffs-Mesh-Coil-Disposable-Vape_Agora_vape-1-scaled.webp 2560w, https:\/\/agoravape.com\/wp-content\/uploads\/2025\/10\/Vapme-Monster-16000-Puffs-Mesh-Coil-Disposable-Vape_Agora_vape-1-scaled-1200x908.webp 1200w, https:\/\/agoravape.com\/wp-content\/uploads\/2025\/10\/Vapme-Monster-16000-Puffs-Mesh-Coil-Disposable-Vape_Agora_vape-1-300x227.webp 300w, https:\/\/agoravape.com\/wp-content\/uploads\/2025\/10\/Vapme-Monster-16000-Puffs-Mesh-Coil-Disposable-Vape_Agora_vape-1-1024x775.webp 1024w, https:\/\/agoravape.com\/wp-content\/uploads\/2025\/10\/Vapme-Monster-16000-Puffs-Mesh-Coil-Disposable-Vape_Agora_vape-1-768x581.webp 768w, https:\/\/agoravape.com\/wp-content\/uploads\/2025\/10\/Vapme-Monster-16000-Puffs-Mesh-Coil-Disposable-Vape_Agora_vape-1-1536x1162.webp 1536w, https:\/\/agoravape.com\/wp-content\/uploads\/2025\/10\/Vapme-Monster-16000-Puffs-Mesh-Coil-Disposable-Vape_Agora_vape-1-2048x1550.webp 2048w\" sizes=\"auto, (max-width: 2560px) 100vw, 2560px\" \/><\/h2>\n<h2 data-v-md-heading=\"what-about-the-vapme-monster-16000-mesh-coil-disposable-vape\" data-v-md-line=\"3\">Vad s\u00e4gs om Vapme Monster 16000 mesh coil eng\u00e5ngsvape?<\/h2>\n<p data-v-md-line=\"4\">Om du \u00e4r tr\u00f6tt p\u00e5 att byta vape med n\u00e5gra dagars mellanrum, s\u00e5 kommer den h\u00e4r vapen definitivt att f\u00e5 dig att k\u00e4nna dig uppfriskad. Vapme Monster har l\u00e5ng batteritid och en len konsistens som inte f\u00f6rsvinner halvv\u00e4gs.<\/p>\n<p data-v-md-line=\"6\">Den passar alla som vill ha en p\u00e5litlig och uts\u00f6kt eng\u00e5ngsvape utan att beh\u00f6va oroa sig f\u00f6r att justera inst\u00e4llningarna. Du beh\u00f6ver bara v\u00e4lja smak och nikotininneh\u00e5ll, och sedan kan du b\u00f6rja njuta av en underbar dag. Du kanske tror att det skulle vara klumpigt att ha s\u00e5 m\u00e5nga vapes, men de kan enkelt b\u00e4ras i fickan.<\/p>\n<h2 data-v-md-heading=\"excellent-performance-easy-and-convenient\" data-v-md-line=\"8\">Utm\u00e4rkt prestanda, enkelt och bekv\u00e4mt<\/h2>\n<p data-v-md-line=\"9\">0,8 \u03a9 mesh-spolen b\u00e4r det tunga ansvaret. Den kan v\u00e4rma e-v\u00e4tskan j\u00e4mnt, vilket g\u00f6r varje tugga lika l\u00e4cker som den f\u00f6rsta. N\u00e4r batteriet \u00e4r l\u00e5gt beh\u00f6ver du inte sl\u00e4nga det. Du kan ladda den via Type-C-porten och forts\u00e4tta anv\u00e4nda samma datakabel som kan anv\u00e4ndas p\u00e5 din telefon. Enkel och l\u00e4tt att implementera.<\/p>\n<h2 data-v-md-heading=\"specification-introduction\" data-v-md-line=\"11\">Specification Introduction<\/h2>\n<ul data-v-md-line=\"12\">\n<li>Sugfrekvens: upp till 16000 g\u00e5nger<\/li>\n<li>Nikotinhalt: 0%\/2%\/3%\/5%<\/li>\n<li>Working principle: Activated by inhalation<\/li>\n<li>Laddning: Standard USB-gr\u00e4nssnitt av typ C<\/li>\n<li>E-v\u00e4tskekapacitet: 26 milliliter<\/li>\n<li>Atomiseringsk\u00e4rna: 0,8 \u03a9 mesh<\/li>\n<li>Batteri: 850 mAh uppladdningsbart batteri<\/li>\n<li>Status: Klar att anv\u00e4nda vid uppackning<\/li>\n<\/ul>\n<h2 data-v-md-heading=\"full-range-of-flavors\" data-v-md-line=\"21\">Fullt utbud av smaker<\/h2>\n<ul data-v-md-line=\"22\">\n<li>Bl\u00e5b\u00e4rs- och citronvatten<\/li>\n<li>Persikois<\/li>\n<li>Vattenmelonis<\/li>\n<li>Bl\u00e5b\u00e4r och hallon<\/li>\n<li>K\u00f6rsb\u00e4rsglass<\/li>\n<li>Jordgubbsglass<\/li>\n<li>Jordgubbsvattenmelon<\/li>\n<li>Blandade b\u00e4r<\/li>\n<li>Jordgubb, kiwi<\/li>\n<li>Kiwi, passionsfrukt, guava<\/li>\n<li>Bl\u00e5b\u00e4r Red Bull<\/li>\n<li>Persika, Mango, Ananas<\/li>\n<\/ul>\n<h2 data-v-md-heading=\"for-you-and-your-business\" data-v-md-line=\"35\">For you and your business<\/h2>\n<p data-v-md-line=\"36\">K\u00f6p sj\u00e4lv, enkelt och bekv\u00e4mt. V\u00e4lj din f\u00f6redragna smak och koncentration f\u00f6r att njuta av en l\u00e5ngvarig vape-upplevelse utan kr\u00e5ngel. Laddningsbara batterier l\u00e5ter dig njuta fullt ut av 26 milliliter e-v\u00e4tska utan att sl\u00f6sa bort den.<\/p>\n<p data-v-md-line=\"38\">Driver du en fysisk butik eller en webbutik? Vi erbjuder grossistl\u00e5dor med 200 enheter f\u00f6r effektiv lagerh\u00e5llning. Vi samarbetar med betrodda partners som UPS, DPD och DHL f\u00f6r att anv\u00e4nda DDP-leverans, s\u00e5 att tullar och skatter kan behandlas i f\u00f6rv\u00e4g. Ingen anledning att oroa sig f\u00f6r tullolyckor, transporten inom Europa kan sp\u00e5ras fullt ut. Se till att kontrollera lokala best\u00e4mmelser innan du s\u00e4ljer vidare.<\/p>\n<h2 data-v-md-heading=\"why-do-you-like-it\" data-v-md-line=\"40\">Why do you like it<\/h2>\n<ul data-v-md-line=\"41\">\n<li>Flera sugcykler: H\u00e5llbar och l\u00e5ngvarig, inget behov av frekvent byte.<\/li>\n<li>Val av nikotinhalt: V\u00e4lj en nikotinkoncentration p\u00e5 0 %, 2 %, 3 % eller 5 % baserat p\u00e5 dina vapevanor.<\/li>\n<li>Uppladdningsbar: Du kan anv\u00e4nda alla k\u00f6pta e-v\u00e4tskor p\u00e5 en g\u00e5ng utan att sl\u00e4nga halvanv\u00e4nda enheter.<\/li>\n<li>Mesh coil: Fr\u00e5n f\u00f6rsta till sista tuggan f\u00f6rblir smaken j\u00e4mn och len.<\/li>\n<li>Typ-C-gr\u00e4nssnittet \u00e4r praktiskt: du kan snabbt ladda med din befintliga datakabel.<\/li>\n<\/ul>\n<h2 data-v-md-heading=\"why-collaborate-with-agoravape\" data-v-md-line=\"47\">Why collaborate with AgoraVape?<\/h2>\n<p data-v-md-line=\"48\">Vi s\u00e4ljer endast 100 % \u00e4kta produkter och garanterar s\u00e4ker frakt. B2B-kunder som k\u00f6per Vapme Monster 16000 mesh coil eng\u00e5ngsvapes kan dra nytta av rabatterade grossistpriser, p\u00e5litlig kundsupport och snabb EU-v\u00e4nlig logistik. Vill du reservera en eng\u00e5ngsvape f\u00f6r dina kunder att k\u00f6pa som \u00e5terkommande kund? Kontakta oss s\u00e5 ordnar vi det \u00e5t dig.<\/p>\n<p data-v-md-line=\"50\">Obs: Antalet bloss per session kan variera beroende p\u00e5 din r\u00f6kmetod och milj\u00f6f\u00f6rh\u00e5llanden. Var noga med att f\u00f6lja lokala lagar och \u00e5ldersbegr\u00e4nsningar.<\/p>","protected":false},"excerpt":{"rendered":"<p>What about the Vapme Monster 16000 mesh coil disposable vape? If you are tired of changing your vape every few<\/p>","protected":false},"featured_media":12745,"comment_status":"open","ping_status":"closed","template":"","meta":[],"product_brand":[204],"product_cat":[124,187,185,189,176,174,175,193,191,173,186,180,190,131],"product_tag":[],"class_list":{"0":"post-12712","1":"product","2":"type-product","3":"status-publish","4":"has-post-thumbnail","6":"product_brand-vapme","7":"product_cat-vape-by-brand","8":"product_cat-0mg-nicotine-free-vapes","9":"product_cat-10000-puffs-high-capacity","10":"product_cat-20mg-standard-nicotine-vapes","11":"product_cat-beverage","12":"product_cat-fruit-flavors","13":"product_cat-icy-mint","14":"product_cat-mesh-coil","15":"product_cat-rechargeable-disposables","16":"product_cat-vape-by-flavor-profile","17":"product_cat-vape-by-nicotine-strength","18":"product_cat-vape-by-puff-count","19":"product_cat-vape-by-feature-or-type","20":"product_cat-vapme","22":"first","23":"instock","24":"shipping-taxable","25":"purchasable","26":"product-type-variable","27":"has-default-attributes"},"tiered_pricing_type":"percentage","tiered_pricing_fixed_rules":[],"tiered_pricing_product_settings":{"layout":"default","base_unit_name":{"singular":null,"plural":null},"default_variation":null},"tiered_pricing_minimum_quantity":10,"tiered_pricing_roles_data":[],"tiered_pricing_percentage_rules":{"50":"35","100":"40","200":"44","500":"47","1000":"49"},"tiered_pricing_maximum_quantity":null,"tiered_pricing_quantity_step":"10","_links":{"self":[{"href":"https:\/\/agoravape.com\/sv\/wp-json\/wp\/v2\/product\/12712","targetHints":{"allow":["GET"]}}],"collection":[{"href":"https:\/\/agoravape.com\/sv\/wp-json\/wp\/v2\/product"}],"about":[{"href":"https:\/\/agoravape.com\/sv\/wp-json\/wp\/v2\/types\/product"}],"replies":[{"embeddable":true,"href":"https:\/\/agoravape.com\/sv\/wp-json\/wp\/v2\/comments?post=12712"}],"version-history":[{"count":0,"href":"https:\/\/agoravape.com\/sv\/wp-json\/wp\/v2\/product\/12712\/revisions"}],"wp:featuredmedia":[{"embeddable":true,"href":"https:\/\/agoravape.com\/sv\/wp-json\/wp\/v2\/media\/12745"}],"wp:attachment":[{"href":"https:\/\/agoravape.com\/sv\/wp-json\/wp\/v2\/media?parent=12712"}],"wp:term":[{"taxonomy":"product_brand","embeddable":true,"href":"https:\/\/agoravape.com\/sv\/wp-json\/wp\/v2\/product_brand?post=12712"},{"taxonomy":"product_cat","embeddable":true,"href":"https:\/\/agoravape.com\/sv\/wp-json\/wp\/v2\/product_cat?post=12712"},{"taxonomy":"product_tag","embeddable":true,"href":"https:\/\/agoravape.com\/sv\/wp-json\/wp\/v2\/product_tag?post=12712"}],"curies":[{"name":"wp","href":"https:\/\/api.w.org\/{rel}","templated":true}]}}