{"id":12828,"date":"2025-10-10T15:20:00","date_gmt":"2025-10-10T07:20:00","guid":{"rendered":"https:\/\/green-grasshopper-921422.hostingersite.com\/?post_type=product&#038;p=12828"},"modified":"2025-12-15T21:31:14","modified_gmt":"2025-12-15T13:31:14","slug":"atvs-13000-puffar-uppladdningsbar-vape","status":"publish","type":"product","link":"https:\/\/agoravape.com\/sv\/product\/atvs-13000-puffs-rechargeable-vape\/","title":{"rendered":"ATVS 13000 Puffs Uppladdningsbar Mesh Coil Vape | L\u00e5ngvarig Smak med Enkel Typ-C Laddning"},"content":{"rendered":"<h2 data-v-md-heading=\"what-about-the-atvs-13000-rechargeable-mesh-coil-vape\" data-v-md-line=\"3\">Vad s\u00e4gs om den ATVS 13000 uppladdningsbara mesh coil-vapen?<\/h2>\n<p data-v-md-line=\"4\">Om du \u00e4r tr\u00f6tt p\u00e5 eng\u00e5ngsvapor som tar slut p\u00e5 batteri p\u00e5 n\u00e5gra dagar, d\u00e5 \u00e4r den h\u00e4r vapen definitivt ditt b\u00e4sta val. ATVS 13000 \u00e4r utrustad med ett 600 mAh uppladdningsbart batteri och mesh-coil, vilket g\u00f6r att du kan bibeh\u00e5lla en stabil smak fr\u00e5n f\u00f6rsta till sista tuggan. F\u00f6r anv\u00e4ndare som vill ha en p\u00e5litlig vape som inte beh\u00f6ver ers\u00e4ttas \u00e4r det ett idealiskt val.<\/p>\n<p data-v-md-line=\"6\">Du kanske tycker att den h\u00e4r vapen med s\u00e5 m\u00e5nga bloss \u00e4r klumpig, men dess portabilitet \u00f6verraskar dig. Den \u00e4r v\u00e4ldigt bekv\u00e4m att h\u00e5lla i handen och enkel att anv\u00e4nda i vardagen.<\/p>\n<h2 data-v-md-heading=\"excellent-performance-and-easy-operation\" data-v-md-line=\"8\">Utm\u00e4rkt prestanda och enkel anv\u00e4ndning<\/h2>\n<p data-v-md-line=\"9\">N\u00e4tspolen v\u00e4rms upp j\u00e4mnt, vilket g\u00f6r att du kan njuta av en len smak som den f\u00f6rsta klunken med varje tugga. Ingen kr\u00e5nglig installation beh\u00f6vs. Inga knappar, plug and play. N\u00e4r batteriet \u00e4r l\u00e5gt kan den laddas via Type-C, vilket \u00e4r samma datakabel som anv\u00e4nds i de flesta mobiltelefoner, vilket g\u00f6r laddningen bekv\u00e4m.<\/p>\n<h2 data-v-md-heading=\"specification-overview\" data-v-md-line=\"11\">Specifikations\u00f6versikt<\/h2>\n<p data-v-md-line=\"12\"><strong>Antal sugningar<\/strong>upp till 13 000 sugningar<br \/>\n<strong>e-v\u00e4tskans kapacitet<\/strong>12 milliliter<br \/>\n<strong>F\u00f6rstoftande k\u00e4rna<\/strong>N\u00e4tf\u00f6rstoftningsk\u00e4rna, 0,9 \u03a9<br \/>\n<strong>Batteri<\/strong>18250 celler, 600 mAh<br \/>\n<strong>Arbetsprincip<\/strong>Aktiveras genom inandning<br \/>\n<strong>Laddning<\/strong>Standard USB-gr\u00e4nssnitt av typ C<br \/>\n<strong>Storlek<\/strong>: 41 \u00d7 33 \u00d7 140 millimeter<br \/>\n<strong>Status<\/strong>Klar att anv\u00e4nda direkt ur l\u00e5dan<br \/>\n<strong>Nikotin<\/strong>Alternativen beror p\u00e5 din marknad. Kontakta oss f\u00f6r att bekr\u00e4fta den aktuella nikotinkoncentrationen, inklusive nikotinfria och nikotinsaltalternativ (upp till 20 milligram, beroende p\u00e5 den specifika situationen).<\/p>\n<h2 data-v-md-heading=\"full-flavor-series\" data-v-md-line=\"22\">Full smakserie<\/h2>\n<ul data-v-md-line=\"23\">\n<li>Mangois<\/li>\n<li>Bl\u00e5 isbanan<\/li>\n<li>Jordgubbsvattenmelonglass<\/li>\n<li>Mentol-is<\/li>\n<li>Vattenmelonis<\/li>\n<li>Blandad fruktis<\/li>\n<li>Jordgubbsglass<\/li>\n<li>Druvis<\/li>\n<li>Granat\u00e4ppleis<\/li>\n<li>Persikois<\/li>\n<li>Coca Cola-is<\/li>\n<\/ul>\n<h2 data-v-md-heading=\"for-you-for-your-business\" data-v-md-line=\"35\">F\u00f6r dig, f\u00f6r ditt f\u00f6retag<\/h2>\n<p data-v-md-line=\"36\">Du kan v\u00e4lja ATVS 13000 f\u00f6r personligt bruk, men den \u00e4r \u00e4ven l\u00e4mplig f\u00f6r butiker f\u00f6r eng\u00e5ngsprodukter och online-s\u00e4ljare som vill ha h\u00e5llbarhet och h\u00f6g kundlojalitet. Varje grossistl\u00e5da inneh\u00e5ller 10 stycken, och den stora l\u00e5dan rymmer 200 stycken, s\u00e5 att du enkelt kan ut\u00f6ka ditt lager.<\/p>\n<p data-v-md-line=\"38\">Vi skickar v\u00e5ra produkter till de flesta europeiska destinationer via UPS, DPD och DHL via DDP, s\u00e5 tullavgifter kan betalas i f\u00f6rskott och det kommer inte att uppst\u00e5 ov\u00e4ntade problem med tullen. Best\u00e4llningen \u00e4r sp\u00e5rbar och v\u00e5rt supportteam \u00e4r alltid redo att hj\u00e4lpa dig.<\/p>\n<p data-v-md-line=\"40\">En kort f\u00f6rklaring av \u00f6verensst\u00e4mmelse. Denna enhet har en kapacitet p\u00e5 12 milliliter och en h\u00f6g sugfrekvens, vilket \u00f6verstiger detaljhandelsgr\u00e4nsen f\u00f6r TPD-standarder i m\u00e5nga EU-l\u00e4nder\/regioner. Kontrollera lokala f\u00f6reskrifter innan du listar, s\u00e5 hj\u00e4lper vi dig att f\u00f6rst\u00e5 licensomfattningen p\u00e5 din marknad.<\/p>\n<h2 data-v-md-heading=\"why-do-you-like-it\" data-v-md-line=\"42\">Why do you like it<\/h2>\n<p data-v-md-line=\"43\"><strong>Fler sugtider:<\/strong>\u00a0L\u00e4ngre sugtider, inget behov av att ofta k\u00f6pa nya suganordningar<br \/>\n<strong>Uppladdningsbar:<\/strong>\u00a0Du kan anv\u00e4nda alla k\u00f6pta e-v\u00e4tskor<br \/>\n<strong>N\u00e4tspole<\/strong>J\u00e4mn smak och j\u00e4mn sugkraft<br \/>\n<strong>Type-C charging:<\/strong>\u00a0Samma som laddningskabeln som anv\u00e4nds i de flesta mobiltelefoner<br \/>\n<strong>Bekv\u00e4m sugaktivering:<\/strong>\u00a0Inga knappar beh\u00f6vs, bara andas in<\/p>\n<h2 data-v-md-heading=\"why-collaborate-with-agoravape\" data-v-md-line=\"49\">Why collaborate with AgoraVape?<\/h2>\n<p data-v-md-line=\"50\">Vi erbjuder endast 100 % \u00e4kta produkter och garanterar detta med tydliga villkor, s\u00e4kra betalningsmetoder och snabb support. F\u00f6retagskunder som k\u00f6per ATVS 13000 puffar med uppladdningsbara mesh coil-vapes kan dra nytta av rabatterade grossistpriser, snabb leverans och p\u00e5litliga DDP-leveranstj\u00e4nster. Vill du ha detaljhandelspris eller grossistpris? Kontakta oss, s\u00e5 ordnar vi snabbt detaljerad information.<\/p>\n<p data-v-md-line=\"52\">F\u00f6rst\u00e5 snabbt antalet sugcykler. 13 000 g\u00e5nger \u00e4r det maximala v\u00e4rdet som testats i laboratoriet, och det faktiska v\u00e4rdet varierar beroende p\u00e5 sugstyrkan eller vilken smak du v\u00e4ljer. Detta \u00e4r endast ett p\u00e5litligt riktm\u00e4rke f\u00f6r e-v\u00e4tskans h\u00e5llbarhet, inte en garanti f\u00f6r alla anv\u00e4ndare.<\/p>","protected":false},"excerpt":{"rendered":"<p>&nbsp;<\/p>\n<p><script src=\"chrome-extension:\/\/fpelahbljekknahkcaegamhcndkfpfnc\/iFrame.js\" type=\"text\/javascript\"><\/script><\/p>","protected":false},"featured_media":12827,"comment_status":"open","ping_status":"closed","template":"","meta":[],"product_brand":[205],"product_cat":[124,185,132,176,174,175,193,191,173,186,180,190],"product_tag":[],"class_list":{"0":"post-12828","1":"product","2":"type-product","3":"status-publish","4":"has-post-thumbnail","6":"product_brand-atvs","7":"product_cat-vape-by-brand","8":"product_cat-10000-puffs-high-capacity","9":"product_cat-atvs","10":"product_cat-beverage","11":"product_cat-fruit-flavors","12":"product_cat-icy-mint","13":"product_cat-mesh-coil","14":"product_cat-rechargeable-disposables","15":"product_cat-vape-by-flavor-profile","16":"product_cat-vape-by-nicotine-strength","17":"product_cat-vape-by-puff-count","18":"product_cat-vape-by-feature-or-type","20":"first","21":"instock","22":"shipping-taxable","23":"purchasable","24":"product-type-variable","25":"has-default-attributes"},"tiered_pricing_type":"percentage","tiered_pricing_fixed_rules":[],"tiered_pricing_product_settings":{"layout":"default","base_unit_name":{"singular":null,"plural":null},"default_variation":null},"tiered_pricing_minimum_quantity":10,"tiered_pricing_roles_data":[],"tiered_pricing_percentage_rules":{"30":"29","50":"35","100":"40","200":"44","500":"47","1000":"49"},"tiered_pricing_maximum_quantity":null,"tiered_pricing_quantity_step":"10","_links":{"self":[{"href":"https:\/\/agoravape.com\/sv\/wp-json\/wp\/v2\/product\/12828","targetHints":{"allow":["GET"]}}],"collection":[{"href":"https:\/\/agoravape.com\/sv\/wp-json\/wp\/v2\/product"}],"about":[{"href":"https:\/\/agoravape.com\/sv\/wp-json\/wp\/v2\/types\/product"}],"replies":[{"embeddable":true,"href":"https:\/\/agoravape.com\/sv\/wp-json\/wp\/v2\/comments?post=12828"}],"version-history":[{"count":0,"href":"https:\/\/agoravape.com\/sv\/wp-json\/wp\/v2\/product\/12828\/revisions"}],"wp:featuredmedia":[{"embeddable":true,"href":"https:\/\/agoravape.com\/sv\/wp-json\/wp\/v2\/media\/12827"}],"wp:attachment":[{"href":"https:\/\/agoravape.com\/sv\/wp-json\/wp\/v2\/media?parent=12828"}],"wp:term":[{"taxonomy":"product_brand","embeddable":true,"href":"https:\/\/agoravape.com\/sv\/wp-json\/wp\/v2\/product_brand?post=12828"},{"taxonomy":"product_cat","embeddable":true,"href":"https:\/\/agoravape.com\/sv\/wp-json\/wp\/v2\/product_cat?post=12828"},{"taxonomy":"product_tag","embeddable":true,"href":"https:\/\/agoravape.com\/sv\/wp-json\/wp\/v2\/product_tag?post=12828"}],"curies":[{"name":"wp","href":"https:\/\/api.w.org\/{rel}","templated":true}]}}