{"id":12906,"date":"2025-10-10T15:53:16","date_gmt":"2025-10-10T07:53:16","guid":{"rendered":"https:\/\/green-grasshopper-921422.hostingersite.com\/?post_type=product&#038;p=12906"},"modified":"2025-12-15T21:31:14","modified_gmt":"2025-12-15T13:31:14","slug":"atvs-25000-puffar-hog-effekt-vape","status":"publish","type":"product","link":"https:\/\/agoravape.com\/sv\/product\/atvs-25000-puffs-high-power-vape\/","title":{"rendered":"ATVS 25000 Puffs Dual Mesh H\u00f6geffekts Vape | Stor kapacitet, j\u00e4mn smak"},"content":{"rendered":"<h2 data-v-md-heading=\"what-about-atvs-25000-dual-network-high-power-vapes\" data-v-md-line=\"3\">Vad s\u00e4gs om ATVS 25000 dual network h\u00f6gpresterande vapes?<\/h2>\n<p data-v-md-line=\"4\">Om du \u00e4r tr\u00f6tt p\u00e5 eng\u00e5ngsvapor som g\u00e5r s\u00f6nder p\u00e5 n\u00e5gra dagar kanske du vill ta en titt p\u00e5 den h\u00e4r produkten. ATVS 25000 \u00e4r designad f\u00f6r l\u00e5ngvarig laddning och j\u00e4mn smak. Den passar alla som vill ha en p\u00e5litlig, h\u00f6gkapacitets och problemfri vape.<\/p>\n<p data-v-md-line=\"6\">Du kanske tror att vapes med s\u00e5 stor kapacitet \u00e4r skrymmande, men deras portabilitet \u00f6verraskar dig mycket. Den har en sl\u00e4t yta och en bekv\u00e4m design, vilket g\u00f6r den v\u00e4ldigt bekv\u00e4m att h\u00e5lla och l\u00e4tt att b\u00e4ra.<\/p>\n<h2 data-v-md-heading=\"excellent-performance-worry-free\" data-v-md-line=\"8\">Utm\u00e4rkt prestanda, bekymmersfritt<\/h2>\n<p data-v-md-line=\"9\">Inbyggda dubbla mesh-spolar kan bibeh\u00e5lla renheten vid varje sug, men smaken av varje tugga \u00e4r lika god som den f\u00f6rsta. Batteriet \u00e4r laddningsbart, s\u00e5 du sl\u00f6sar inte en droppe e-v\u00e4tska. N\u00e4r batteriet \u00e4r l\u00e5gt kan du anv\u00e4nda Type-C-datakabeln som kan ha anv\u00e4nts p\u00e5 din telefon f\u00f6r att ladda om det. Inget behov av speciella laddare, enkelt och bekv\u00e4mt.<\/p>\n<h2 data-v-md-heading=\"specification-introduction\" data-v-md-line=\"11\">Specification Introduction<\/h2>\n<ul data-v-md-line=\"12\">\n<li>Sugfrekvens: upp till 23000 g\u00e5nger<\/li>\n<li>E-v\u00e4tskekapacitet: 20 milliliter<\/li>\n<li>Batteri: 1000mAh uppladdningsbart batteri<\/li>\n<li>Spole: Dubbelmaskig struktur, resistans 0,4\/0,8 ohm<\/li>\n<li>Storlek: 52 \u00d7 26 \u00d7 99 millimeter<\/li>\n<li>Funktionsprincip: sugaktivering, bara inandas<\/li>\n<li>Charging: Type-C USB port<\/li>\n<li>Nikotinhalt: Tillg\u00e5ngen varierar beroende p\u00e5 region. I Europeiska unionen inneh\u00e5ller s\u00e5dana h\u00f6gkapacitets eng\u00e5ngsvapor vanligtvis inte nikotin (0 milligram) enligt TPD\/TRRP-f\u00f6reskrifterna. Kontakta oss f\u00f6r att f\u00e5 veta mer om aktuella alternativ och riktlinjer f\u00f6r efterlevnad.<\/li>\n<li>Status: Klar att anv\u00e4nda direkt ur l\u00e5dan<\/li>\n<\/ul>\n<h2 data-v-md-heading=\"full-flavor-series\" data-v-md-line=\"22\">Full smakserie<\/h2>\n<ul data-v-md-line=\"23\">\n<li>Mangois<\/li>\n<li>Bl\u00e5 isbanan<\/li>\n<li>Ananasis<\/li>\n<li>Mentol-is<\/li>\n<li>Vattenmelonis<\/li>\n<li>Blandad fruktis<\/li>\n<li>Jordgubbsglass<\/li>\n<li>Druvis<\/li>\n<li>Granat\u00e4ppleis<\/li>\n<li>Persikois<\/li>\n<li>Coca Cola-is<\/li>\n<li>Dubbel \u00e4ppelglass<\/li>\n<li>Litchi-is<\/li>\n<li>Banan-apelsin-is<\/li>\n<li>Orange is<\/li>\n<\/ul>\n<h2 data-v-md-heading=\"for-you-for-your-business\" data-v-md-line=\"39\">F\u00f6r dig, f\u00f6r ditt f\u00f6retag<\/h2>\n<p data-v-md-line=\"40\">Du kan k\u00f6pa ATVS 25000 dual network h\u00f6gpresterande vapes separat, eller fylla p\u00e5 lagret till din butik. Grossistf\u00f6rpackningen \u00e4r 10 stycken per l\u00e5da och 200 stycken per ytterkartong, med en bruttovikt p\u00e5 cirka 22 kilogram per l\u00e5da. Vi skickar inom Europa via DDP med betrodda partners som UPS, DPD och DHL, s\u00e5 tullarna har behandlats och det kommer inte att uppst\u00e5 n\u00e5gra ov\u00e4ntade incidenter vid tullen.<\/p>\n<p data-v-md-line=\"42\">Om du beh\u00f6ver kontinuerlig leverans hj\u00e4lper vi dig att planera kapacitet och smak som passar din kundbas. Tydliga priser och snabba leveranser g\u00f6r att dina hyllor s\u00e4ljer bra.<\/p>\n<h2 data-v-md-heading=\"why-do-you-like-it\" data-v-md-line=\"44\">Why do you like it<\/h2>\n<ul data-v-md-line=\"45\">\n<li>Stor kapacitet: H\u00e5llbar och l\u00e5ngvarig, inget behov av frekventa ink\u00f6p<\/li>\n<li>Nikotinval: Alternativen beror p\u00e5 marknadstrender, och du kan v\u00e4lja det nikotin som passar din region och dina preferenser<\/li>\n<li>Uppladdningsbar: Du kan anv\u00e4nda alla k\u00f6pta e-v\u00e4tskor<\/li>\n<li>N\u00e4tf\u00f6rstoftande k\u00e4rna: kan ge en konsekvent och rik smak varje g\u00e5ng<\/li>\n<\/ul>\n<h2 data-v-md-heading=\"why-collaborate-with-agoravape\" data-v-md-line=\"50\">Why collaborate with AgoraVape?<\/h2>\n<p data-v-md-line=\"51\">Vi s\u00e4ljer endast 100 % \u00e4kta produkter fr\u00e5n p\u00e5litliga kanaler. F\u00f6r kommersiella kunder inneb\u00e4r detta att ATVS 25000 dual mesh high-power vapes erbjuder rabatterade grossistpriser, p\u00e5litlig support och snabb och p\u00e5litlig transport inom Europa. Om du vill k\u00f6pa en eng\u00e5ngsvape med stor kapacitet kommer dina kunder definitivt att komma tillbaka. Kontakta oss.<\/p>\n<p data-v-md-line=\"53\">F\u00f6rklaring av EU-efterlevnad: EU:s TPD\/TRRP begr\u00e4nsar eng\u00e5ngs-e-v\u00e4tskor som inneh\u00e5ller nikotin till 2 milliliter, d\u00e4rf\u00f6r uppfyller inte nikotinversionen av h\u00f6gkapacitets-e-v\u00e4tskor reglerna p\u00e5 de flesta EU-marknader. M\u00e5nga \u00e5terf\u00f6rs\u00e4ljare erbjuder nikotinfria versioner. Om du \u00e4r os\u00e4ker, v\u00e4nligen kontakta v\u00e5rt team s\u00e5 rekommenderar vi alternativ som passar ditt land\/din region.<\/p>","protected":false},"excerpt":{"rendered":"<p>&nbsp;<\/p>\n<p><script src=\"chrome-extension:\/\/fpelahbljekknahkcaegamhcndkfpfnc\/iFrame.js\" type=\"text\/javascript\"><\/script><\/p>","protected":false},"featured_media":12926,"comment_status":"open","ping_status":"closed","template":"","meta":[],"product_brand":[205],"product_cat":[124,185,132,176,174,175,193,191,173,186,180,190],"product_tag":[],"class_list":{"0":"post-12906","1":"product","2":"type-product","3":"status-publish","4":"has-post-thumbnail","6":"product_brand-atvs","7":"product_cat-vape-by-brand","8":"product_cat-10000-puffs-high-capacity","9":"product_cat-atvs","10":"product_cat-beverage","11":"product_cat-fruit-flavors","12":"product_cat-icy-mint","13":"product_cat-mesh-coil","14":"product_cat-rechargeable-disposables","15":"product_cat-vape-by-flavor-profile","16":"product_cat-vape-by-nicotine-strength","17":"product_cat-vape-by-puff-count","18":"product_cat-vape-by-feature-or-type","20":"first","21":"instock","22":"shipping-taxable","23":"purchasable","24":"product-type-variable","25":"has-default-attributes"},"tiered_pricing_type":"percentage","tiered_pricing_fixed_rules":[],"tiered_pricing_product_settings":{"layout":"default","base_unit_name":{"singular":null,"plural":null},"default_variation":null},"tiered_pricing_minimum_quantity":10,"tiered_pricing_roles_data":[],"tiered_pricing_percentage_rules":{"30":"29","50":"35","100":"40","200":"44","500":"47","1000":"49"},"tiered_pricing_maximum_quantity":null,"tiered_pricing_quantity_step":"10","_links":{"self":[{"href":"https:\/\/agoravape.com\/sv\/wp-json\/wp\/v2\/product\/12906","targetHints":{"allow":["GET"]}}],"collection":[{"href":"https:\/\/agoravape.com\/sv\/wp-json\/wp\/v2\/product"}],"about":[{"href":"https:\/\/agoravape.com\/sv\/wp-json\/wp\/v2\/types\/product"}],"replies":[{"embeddable":true,"href":"https:\/\/agoravape.com\/sv\/wp-json\/wp\/v2\/comments?post=12906"}],"version-history":[{"count":0,"href":"https:\/\/agoravape.com\/sv\/wp-json\/wp\/v2\/product\/12906\/revisions"}],"wp:featuredmedia":[{"embeddable":true,"href":"https:\/\/agoravape.com\/sv\/wp-json\/wp\/v2\/media\/12926"}],"wp:attachment":[{"href":"https:\/\/agoravape.com\/sv\/wp-json\/wp\/v2\/media?parent=12906"}],"wp:term":[{"taxonomy":"product_brand","embeddable":true,"href":"https:\/\/agoravape.com\/sv\/wp-json\/wp\/v2\/product_brand?post=12906"},{"taxonomy":"product_cat","embeddable":true,"href":"https:\/\/agoravape.com\/sv\/wp-json\/wp\/v2\/product_cat?post=12906"},{"taxonomy":"product_tag","embeddable":true,"href":"https:\/\/agoravape.com\/sv\/wp-json\/wp\/v2\/product_tag?post=12906"}],"curies":[{"name":"wp","href":"https:\/\/api.w.org\/{rel}","templated":true}]}}