{"id":12989,"date":"2025-10-10T16:38:06","date_gmt":"2025-10-10T08:38:06","guid":{"rendered":"https:\/\/green-grasshopper-921422.hostingersite.com\/?post_type=product&#038;p=12989"},"modified":"2026-03-14T16:22:43","modified_gmt":"2026-03-14T15:22:43","slug":"waspe-3-i-1-60000-puffar-led-vape","status":"publish","type":"product","link":"https:\/\/agoravape.com\/sv\/product\/waspe-3-in-1-60000-puffs-led-vape\/","title":{"rendered":"Waspe 3-i-1 60 000 Puffs Trippel Smak LED Vape | Tre Smaker i Ett, Byggd f\u00f6r att H\u00e5lla"},"content":{"rendered":"<h2 data-v-md-heading=\"what-is-the-charm-of-waspe-three-in-one-60000-mouth-triple-flavored-led-vape\" data-v-md-line=\"3\"><img loading=\"lazy\" decoding=\"async\" class=\"aligncenter size-full wp-image-13004\" src=\"https:\/\/agoravape.com\/wp-content\/uploads\/2025\/10\/Waspe-3-in-1-60000-Puffs-Triple-Flavor-LED-Vape_Agora_vape-2.webp\" alt=\"\" width=\"2000\" height=\"1125\" srcset=\"https:\/\/agoravape.com\/wp-content\/uploads\/2025\/10\/Waspe-3-in-1-60000-Puffs-Triple-Flavor-LED-Vape_Agora_vape-2.webp 2000w, https:\/\/agoravape.com\/wp-content\/uploads\/2025\/10\/Waspe-3-in-1-60000-Puffs-Triple-Flavor-LED-Vape_Agora_vape-2-1200x675.webp 1200w, https:\/\/agoravape.com\/wp-content\/uploads\/2025\/10\/Waspe-3-in-1-60000-Puffs-Triple-Flavor-LED-Vape_Agora_vape-2-300x169.webp 300w, https:\/\/agoravape.com\/wp-content\/uploads\/2025\/10\/Waspe-3-in-1-60000-Puffs-Triple-Flavor-LED-Vape_Agora_vape-2-1024x576.webp 1024w, https:\/\/agoravape.com\/wp-content\/uploads\/2025\/10\/Waspe-3-in-1-60000-Puffs-Triple-Flavor-LED-Vape_Agora_vape-2-768x432.webp 768w, https:\/\/agoravape.com\/wp-content\/uploads\/2025\/10\/Waspe-3-in-1-60000-Puffs-Triple-Flavor-LED-Vape_Agora_vape-2-1536x864.webp 1536w\" sizes=\"auto, (max-width: 2000px) 100vw, 2000px\" \/><\/h2>\n<h2 data-v-md-heading=\"what-is-the-charm-of-waspe-three-in-one-60000-mouth-triple-flavored-led-vape\" data-v-md-line=\"3\">Vad \u00e4r charmen med Waspe three in one 60000 mouths trippelsmaksatt LED-vape?<\/h2>\n<p data-v-md-line=\"4\">Om du \u00e4r tr\u00f6tt p\u00e5 att b\u00e4ra med dig tv\u00e5 eller tre vapes f\u00f6r att tillgodose dina dagliga behov, s\u00e5 kan den h\u00e4r produkten hj\u00e4lpa dig att enkelt f\u00e5 det gjort. Waspe three in one vape kombinerar tre smaker och har en kapacitet p\u00e5 upp till 60 000 bloss, vilket g\u00f6r att du enkelt kan byta utan att beh\u00f6va byta enhet.<\/p>\n<p data-v-md-line=\"6\">Om du str\u00e4var efter h\u00e5llbarhet, fyllig smak och bekv\u00e4m laddning, d\u00e5 \u00e4r den h\u00e4r produkten ditt perfekta val. Du kanske tror att en vape med s\u00e5 stor kapacitet skulle vara lika klumpig som en tegelsten, men den \u00e4r f\u00f6rv\u00e5nansv\u00e4rt liten och b\u00e4rbar, med en storlek p\u00e5 bara 47 \u00d7 47 \u00d7 116 millimeter och en vikt p\u00e5 cirka 130 gram. Daglig b\u00e4rning? Inga problem alls.<\/p>\n<h2 data-v-md-heading=\"excellent-performance-easy-and-convenient\" data-v-md-line=\"8\">Utm\u00e4rkt prestanda, enkelt och bekv\u00e4mt<\/h2>\n<p data-v-md-line=\"9\">Inbyggd trippel 0,9 \u03a9 v\u00e4rmetr\u00e5d s\u00e4kerst\u00e4ller en j\u00e4mn smak. V\u00e4rmetr\u00e5den v\u00e4rms upp snabbt och j\u00e4mnt, vilket g\u00f6r varje tugga lika uts\u00f6kt som en f\u00f6rsta klunk. N\u00e4r batteriet \u00e4r l\u00e5gt laddar du det helt enkelt via Type-C-gr\u00e4nssnittet. LED-sk\u00e4rmen g\u00f6r att du enkelt kan se aktuell status med en blick, utan att beh\u00f6va gissa.<\/p>\n<h2 data-v-md-heading=\"specification-introduction\" data-v-md-line=\"11\">Specification Introduction<\/h2>\n<ul data-v-md-line=\"12\">\n<li>Sugfrekvens: upp till 60000 g\u00e5nger<\/li>\n<li>Nikotinhalt: 0 %, 2 %, 5 % (specifikt utbud kan variera beroende p\u00e5 marknad)<\/li>\n<li>Funktionsprincip: Aktiveras med bara ett bloss<\/li>\n<li>Laddning: Standard USB-gr\u00e4nssnitt av typ C<\/li>\n<li>Status: Klar att anv\u00e4nda vid uppackning<\/li>\n<\/ul>\n<h2 data-v-md-heading=\"full-range-of-flavors\" data-v-md-line=\"18\">Fullt utbud av smaker<\/h2>\n<ul data-v-md-line=\"19\">\n<li>Vattenmelonglass, jordgubb, kiwi, citron och lime<\/li>\n<li>Jordgubbsvattenmelon \u2022 Jordgubbs-hallongodis \u2022 Druvglass<\/li>\n<li>Bl\u00e5b\u00e4rsglass, Black Dragon-glass, k\u00f6rsb\u00e4rssodaglass<\/li>\n<li>Jordgubb Hallon K\u00f6rsb\u00e4r \u2022 K\u00e4rlek 666 \u2022 K\u00f6rsb\u00e4rssockeris<\/li>\n<li>Persikois \u2022 Ananas Mango Persika \u2022 Tranb\u00e4r Citron<\/li>\n<li>Red Bull Ice, Jordgubbs-Mango, Jordgubbs-Vattenmelon-Bubbelgum<\/li>\n<li>Blandade b\u00e4r \u2022 Cub-godis \u2022 Blandad frukt<\/li>\n<li>Trippel melonglas, regnb\u00e5gsgodis, bl\u00e5b\u00e4rsgodis<\/li>\n<li>Druvglass, jordgubbsgodis, jordgubb och hallon, k\u00f6rsb\u00e4r<\/li>\n<li>Jordgubb\/Banan \u2022 Ananas\/Kokosis \u2022 Mangois<\/li>\n<li>K\u00f6rsb\u00e4rs-Coca-Cola-is \u2022 Jordgubbs-Coca-Cola \u2022 Coca-Cola-is<\/li>\n<li>Bl\u00e5b\u00e4r Hallon \u2022 Bl\u00e5b\u00e4r Sockervadd \u2022 Dubbel \u00c4ppelglass<\/li>\n<\/ul>\n<h2 data-v-md-heading=\"for-you-for-your-business\" data-v-md-line=\"32\">F\u00f6r dig, f\u00f6r ditt f\u00f6retag<\/h2>\n<p data-v-md-line=\"33\">Du kan v\u00e4lja en vara f\u00f6r dagligt bruk eller fylla p\u00e5 lagret f\u00f6r din butik. Vi erbjuder grossistf\u00f6rpackningar med 10 stycken per l\u00e5da och 160 stycken per l\u00e5da f\u00f6r din bekv\u00e4mlighet vid planering och ombest\u00e4llning.<\/p>\n<p data-v-md-line=\"35\">Vi erbjuder DDP-alternativ med moms och avgiftsbelagd leverans via partners som UPS, DPD och DHL f\u00f6r att s\u00e4kerst\u00e4lla smidig leverans av din best\u00e4llning utan ov\u00e4ntade tullar. Beh\u00f6ver du v\u00e4gledning f\u00f6r att hitta den b\u00e4sta smakkombinationen f\u00f6r din marknad? V\u00e4lkommen att h\u00f6ra av dig, vi skapar helhj\u00e4rtat en diversifierad produktlinje f\u00f6r dig.<\/p>\n<p data-v-md-line=\"37\">Obs: Reglerna varierar i Europa. Innan du k\u00f6per eller s\u00e4ljer vidare, v\u00e4nligen l\u00e4s dina lokala best\u00e4mmelser g\u00e4llande nikotinkoncentration och e-v\u00e4tskekapacitet.<\/p>\n<h2 data-v-md-heading=\"why-do-you-like-it\" data-v-md-line=\"39\">Why do you like it<\/h2>\n<ul data-v-md-line=\"40\">\n<li>Ultrastor kapacitet: upp till 60 000 portar, vilket inneb\u00e4r mindre byte och kr\u00e5ngel.<\/li>\n<li>Tre smaker i ett: Du beh\u00f6ver inte b\u00e4ra med dig flera enheter f\u00f6r att byta smak.<\/li>\n<li>Nikotinkoncentrationen kan v\u00e4ljas mellan 0 %, 2 % eller 5 % f\u00f6r att m\u00f6ta olika preferenser och marknadskrav.<\/li>\n<li>Laddningsbar: Typ-C-laddning hj\u00e4lper dig att f\u00f6rbruka varje droppe.<\/li>\n<li>Mesh-spolupps\u00e4ttning: Trippel 0,9 \u03a9 mesh-spolar ger en j\u00e4mn och j\u00e4mn upplevelse.<\/li>\n<li>LED-sk\u00e4rm: Statusen \u00e4r tydlig med en blick, s\u00e5 att du kan kontrollera allt.<\/li>\n<\/ul>\n<h2 data-v-md-heading=\"why-choose-to-collaborate-with-agoravape\" data-v-md-line=\"47\">Varf\u00f6r v\u00e4lja att samarbeta med AgoraVape?<\/h2>\n<p data-v-md-line=\"48\">Vi k\u00f6per endast 100 % \u00e4kta produkter och ansvarar f\u00f6r de produkter vi s\u00e4ljer. V\u00e5ra kommersiella kunder kan dra nytta av rabatterade grossistpriser, snabb support och snabba och p\u00e5litliga DDP-leveranser genom att k\u00f6pa 60 000 enheter av Waspe trippelsmaksatta LED-vapes. V\u00e4lkommen att diskutera bulkrabatter och smakkombinationer med oss, s\u00e5 att dina kunder verkligen kan komma tillbaka.<\/p>","protected":false},"excerpt":{"rendered":"<p>&nbsp;<\/p>\n<p><script src=\"chrome-extension:\/\/fpelahbljekknahkcaegamhcndkfpfnc\/iFrame.js\" type=\"text\/javascript\"><\/script><\/p>","protected":false},"featured_media":13015,"comment_status":"open","ping_status":"closed","template":"","meta":[],"product_brand":[206],"product_cat":[124,187,185,189,1642,176,177,195,174,175,193,191,173,186,180,190,192,133],"product_tag":[],"class_list":{"0":"post-12989","1":"product","2":"type-product","3":"status-publish","4":"has-post-thumbnail","6":"product_brand-waspe","7":"product_cat-vape-by-brand","8":"product_cat-0mg-nicotine-free-vapes","9":"product_cat-10000-puffs-high-capacity","10":"product_cat-20mg-standard-nicotine-vapes","11":"product_cat-60000-puffs","12":"product_cat-beverage","13":"product_cat-dessert-sweets","14":"product_cat-dual-flavor-switch","15":"product_cat-fruit-flavors","16":"product_cat-icy-mint","17":"product_cat-mesh-coil","18":"product_cat-rechargeable-disposables","19":"product_cat-vape-by-flavor-profile","20":"product_cat-vape-by-nicotine-strength","21":"product_cat-vape-by-puff-count","22":"product_cat-vape-by-feature-or-type","23":"product_cat-vapes-with-screens","24":"product_cat-waspe","26":"first","27":"instock","28":"shipping-taxable","29":"purchasable","30":"product-type-variable","31":"has-default-attributes"},"tiered_pricing_type":"percentage","tiered_pricing_fixed_rules":[],"tiered_pricing_product_settings":{"layout":"default","base_unit_name":{"singular":null,"plural":null},"default_variation":null},"tiered_pricing_minimum_quantity":10,"tiered_pricing_roles_data":[],"tiered_pricing_percentage_rules":{"50":"35","100":"40","200":"44","500":"47","1000":"49"},"tiered_pricing_maximum_quantity":null,"tiered_pricing_quantity_step":"10","_links":{"self":[{"href":"https:\/\/agoravape.com\/sv\/wp-json\/wp\/v2\/product\/12989","targetHints":{"allow":["GET"]}}],"collection":[{"href":"https:\/\/agoravape.com\/sv\/wp-json\/wp\/v2\/product"}],"about":[{"href":"https:\/\/agoravape.com\/sv\/wp-json\/wp\/v2\/types\/product"}],"replies":[{"embeddable":true,"href":"https:\/\/agoravape.com\/sv\/wp-json\/wp\/v2\/comments?post=12989"}],"version-history":[{"count":0,"href":"https:\/\/agoravape.com\/sv\/wp-json\/wp\/v2\/product\/12989\/revisions"}],"wp:featuredmedia":[{"embeddable":true,"href":"https:\/\/agoravape.com\/sv\/wp-json\/wp\/v2\/media\/13015"}],"wp:attachment":[{"href":"https:\/\/agoravape.com\/sv\/wp-json\/wp\/v2\/media?parent=12989"}],"wp:term":[{"taxonomy":"product_brand","embeddable":true,"href":"https:\/\/agoravape.com\/sv\/wp-json\/wp\/v2\/product_brand?post=12989"},{"taxonomy":"product_cat","embeddable":true,"href":"https:\/\/agoravape.com\/sv\/wp-json\/wp\/v2\/product_cat?post=12989"},{"taxonomy":"product_tag","embeddable":true,"href":"https:\/\/agoravape.com\/sv\/wp-json\/wp\/v2\/product_tag?post=12989"}],"curies":[{"name":"wp","href":"https:\/\/api.w.org\/{rel}","templated":true}]}}