{"id":13155,"date":"2025-10-11T08:30:57","date_gmt":"2025-10-11T00:30:57","guid":{"rendered":"https:\/\/green-grasshopper-921422.hostingersite.com\/?post_type=product&#038;p=13155"},"modified":"2026-02-22T15:16:10","modified_gmt":"2026-02-22T14:16:10","slug":"uzy-crystal-twin-50k-vape-med-dubbla-smaker","status":"publish","type":"product","link":"https:\/\/agoravape.com\/sv\/product\/uzy-crystal-twin-50k-dual-flavor-vape\/","title":{"rendered":"UZY Crystal Twin 50K Puffs Dual Flavor LED Vape | Two Flavours On Tap With Serious Staying Power"},"content":{"rendered":"<h2 data-v-md-heading=\"what-exactly-is-the-uzy-crystal-twin-50k-dual-flavor-led-vape\" data-v-md-line=\"3\">What exactly is the UZY Crystal Twin 50K dual flavor LED vape?<\/h2>\n<p data-v-md-line=\"4\">If you\u2019re tired of disposable vapes used up in the middle of the week, you might want to take a look at this product. The UZY Crystal Twin has a capacity of up to 50000 puffs, and one device can provide two flavors, allowing you to easily switch flavors without changing vapes. It has a solid feel, weighs about 105 grams, and measures about 61 \u00d7 31 \u00d7 115 millimeters, which is moderate in size and easy to carry.<\/p>\n<p data-v-md-line=\"6\">If you want a long-lasting taste, there\u2019s no need to worry, this product is the ideal choice. It is equipped with an intelligent LED screen, allowing you to keep up with the latest developments at any time. The transparent crystal shell makes it look neat and clean whether placed on the desktop or in your hands. You may think that an vape with such a large suction capacity would be bulky, but you will be surprised to find that it can easily fit into a jacket pocket.<\/p>\n<h2 data-v-md-heading=\"excellent-performance-easy-and-convenient\" data-v-md-line=\"8\">Utm\u00e4rkt prestanda, enkelt och bekv\u00e4mt<\/h2>\n<p data-v-md-line=\"9\">The double mesh coils bear the heavy responsibility, so each bite is as pure as the first bite. Two 0.9 \u03a9 mesh coils are powered by a split e-liquid with a capacity of up to 40 milliliters (20 milliliters for each flavor). The power supply is powered by an 850mAh rechargeable battery, so you can let the oil storage tank run idle without worrying about the battery running out. When the battery is low, you can use a Type-C data cable (which may be the same as the one commonly used on your phone) for charging. It\u2019s simple.<\/p>\n<h2 data-v-md-heading=\"specification-introduction\" data-v-md-line=\"11\">Specification Introduction<\/h2>\n<p data-v-md-line=\"12\"><strong>Suction frequency<\/strong>: up to 50000 times<br \/>\n<strong>Nikotininneh\u00e5ll<\/strong>: 0%\/2%\/3%\/5%<br \/>\n<strong>Usage<\/strong>: Take a puff to activate<br \/>\n<strong>Laddning<\/strong>Standard USB-gr\u00e4nssnitt av typ C<br \/>\n<strong>Status<\/strong>Klar att anv\u00e4nda vid uppackning<\/p>\n<h2 data-v-md-heading=\"full-range-of-flavors\" data-v-md-line=\"18\">Fullt utbud av smaker<\/h2>\n<ul data-v-md-line=\"19\">\n<li>Blueberry smoothie&amp;Summer Peach smoothie<\/li>\n<li>Kiwi passion fruit pomegranate&amp;blueberry raspberry<\/li>\n<li>Strawberry kiwi grape smoothie<\/li>\n<li>Kiwi passion fruit guava&amp;double apple<\/li>\n<li>Strawberry Watermelon&amp;Lemon Lime<\/li>\n<li>Blueberries, raspberries, cherries, smoothies<\/li>\n<li>Strawberry Raspberry Cherry&amp;Mr. Blue<\/li>\n<li>Peach, Mango, Pineapple&amp;Red Bull<\/li>\n<li>Watermelon smoothie&amp;mixed berries<\/li>\n<li>Strawberry Banana&amp;Love 66 (passion fruit melon smoothie)<\/li>\n<\/ul>\n<h2 data-v-md-heading=\"to-create-for-you-and-your-business\" data-v-md-line=\"30\">Att skapa f\u00f6r dig och ditt f\u00f6retag<\/h2>\n<p data-v-md-line=\"31\">You can choose a device to use for yourself or stock up for your store. If you plan to purchase in bulk, the wholesale packaging is 10 units per box and 200 units per box. We provide DDP delivery services through trusted partners such as UPS, DPD, and DHL, so tariffs can be processed in advance to avoid customs accidents.<\/p>\n<p data-v-md-line=\"33\">Om du beh\u00f6ver flera nikotinkoncentrationer erbjuder vi nikotinprodukter i olika koncentrationer som 0 %, 2 %, 3 % och 5 % att v\u00e4lja mellan. Tydliga smakkombinationer och en konsekvent exteri\u00f6r design h\u00e5ller dina hyllor prydliga och tillfredsst\u00e4ller dina kunder.<\/p>\n<h2 data-v-md-heading=\"why-do-you-like-it\" data-v-md-line=\"35\">Why do you like it<\/h2>\n<p data-v-md-line=\"36\"><strong>Heavy Smoking<\/strong>: Durable and long-lasting, no need to frequently purchase new cigarettes.<br \/>\n<strong>Nikotinval<\/strong>Du kan v\u00e4lja den koncentration som passar dig b\u00e4st.<br \/>\n<strong>Uppladdningsbar<\/strong>: means you can use all purchased e-liquids.<br \/>\n<strong>N\u00e4tspolar<\/strong>: ger en konsekvent och uts\u00f6kt upplevelse varje g\u00e5ng.<\/p>\n<h2 data-v-md-heading=\"why-collaborate-with-agoravape\" data-v-md-line=\"41\">Why collaborate with AgoraVape?<\/h2>\n<p data-v-md-line=\"42\">Vi erbjuder endast 100 % \u00e4kta produkter fr\u00e5n p\u00e5litliga k\u00e4llor och ansvarar f\u00f6r de produkter vi s\u00e4ljer. F\u00f6r kommersiella kunder inneb\u00e4r detta rabatterade grossistpriser, p\u00e5litlig kundsupport och snabb och p\u00e5litlig DDP-leverans inom Europa. V\u00e4lkommen att diskutera UZY Crystal Twin 50K Puffs LED-vape med dubbla smaker med oss \u200b\u200boch f\u00e5 denna bepr\u00f6vade och popul\u00e4ra produkt p\u00e5 hyllorna.<\/p>","protected":false},"excerpt":{"rendered":"<p>&nbsp;<\/p>","protected":false},"featured_media":13176,"comment_status":"open","ping_status":"closed","template":"","meta":[],"product_brand":[207],"product_cat":[124,187,185,189,1641,195,1674,174,175,193,191,179,134,173,186,180,190,192],"product_tag":[],"class_list":{"0":"post-13155","1":"product","2":"type-product","3":"status-publish","4":"has-post-thumbnail","6":"product_brand-uzy","7":"product_cat-vape-by-brand","8":"product_cat-0mg-nicotine-free-vapes","9":"product_cat-10000-puffs-high-capacity","10":"product_cat-20mg-standard-nicotine-vapes","11":"product_cat-50000-puffs","12":"product_cat-dual-flavor-switch","13":"product_cat-eu-warehouse","14":"product_cat-fruit-flavors","15":"product_cat-icy-mint","16":"product_cat-mesh-coil","17":"product_cat-rechargeable-disposables","18":"product_cat-unique-blends","19":"product_cat-uzy","20":"product_cat-vape-by-flavor-profile","21":"product_cat-vape-by-nicotine-strength","22":"product_cat-vape-by-puff-count","23":"product_cat-vape-by-feature-or-type","24":"product_cat-vapes-with-screens","26":"first","27":"instock","28":"shipping-taxable","29":"purchasable","30":"product-type-variable","31":"has-default-attributes"},"tiered_pricing_type":"percentage","tiered_pricing_fixed_rules":[],"tiered_pricing_product_settings":{"layout":"default","base_unit_name":{"singular":null,"plural":null},"default_variation":null},"tiered_pricing_minimum_quantity":10,"tiered_pricing_roles_data":[],"tiered_pricing_percentage_rules":{"30":"29","50":"35","100":"40","200":"44","500":"47","1000":"49"},"tiered_pricing_maximum_quantity":null,"tiered_pricing_quantity_step":"10","_links":{"self":[{"href":"https:\/\/agoravape.com\/sv\/wp-json\/wp\/v2\/product\/13155","targetHints":{"allow":["GET"]}}],"collection":[{"href":"https:\/\/agoravape.com\/sv\/wp-json\/wp\/v2\/product"}],"about":[{"href":"https:\/\/agoravape.com\/sv\/wp-json\/wp\/v2\/types\/product"}],"replies":[{"embeddable":true,"href":"https:\/\/agoravape.com\/sv\/wp-json\/wp\/v2\/comments?post=13155"}],"version-history":[{"count":0,"href":"https:\/\/agoravape.com\/sv\/wp-json\/wp\/v2\/product\/13155\/revisions"}],"wp:featuredmedia":[{"embeddable":true,"href":"https:\/\/agoravape.com\/sv\/wp-json\/wp\/v2\/media\/13176"}],"wp:attachment":[{"href":"https:\/\/agoravape.com\/sv\/wp-json\/wp\/v2\/media?parent=13155"}],"wp:term":[{"taxonomy":"product_brand","embeddable":true,"href":"https:\/\/agoravape.com\/sv\/wp-json\/wp\/v2\/product_brand?post=13155"},{"taxonomy":"product_cat","embeddable":true,"href":"https:\/\/agoravape.com\/sv\/wp-json\/wp\/v2\/product_cat?post=13155"},{"taxonomy":"product_tag","embeddable":true,"href":"https:\/\/agoravape.com\/sv\/wp-json\/wp\/v2\/product_tag?post=13155"}],"curies":[{"name":"wp","href":"https:\/\/api.w.org\/{rel}","templated":true}]}}