{"id":13204,"date":"2025-10-11T09:36:55","date_gmt":"2025-10-11T01:36:55","guid":{"rendered":"https:\/\/green-grasshopper-921422.hostingersite.com\/?post_type=product&#038;p=13204"},"modified":"2026-01-30T17:32:44","modified_gmt":"2026-01-30T09:32:44","slug":"uzy-crystal-4-in-1-100k-quad-smak-vape","status":"publish","type":"product","link":"https:\/\/agoravape.com\/sv\/product\/uzy-crystal-4-in-1-100k-quad-flavor-vape\/","title":{"rendered":"UZY Crystal 4\u2011in\u20111 100K Puffs | Four Flavours, One Rechargeable Device"},"content":{"rendered":"<h2 data-v-md-heading=\"what-about-the-uzy-crystal-four-in-one-100000-mouth-four-flavored-vape\" data-v-md-line=\"3\"><img loading=\"lazy\" decoding=\"async\" class=\"aligncenter size-full wp-image-13226\" src=\"https:\/\/agoravape.com\/wp-content\/uploads\/2025\/10\/UZY-Crystal-4-in-1-100K-Puffs-Quad-Flavor-Vape_Agora_vape-11-scaled.webp\" alt=\"\" width=\"2560\" height=\"1424\" srcset=\"https:\/\/agoravape.com\/wp-content\/uploads\/2025\/10\/UZY-Crystal-4-in-1-100K-Puffs-Quad-Flavor-Vape_Agora_vape-11-scaled.webp 2560w, https:\/\/agoravape.com\/wp-content\/uploads\/2025\/10\/UZY-Crystal-4-in-1-100K-Puffs-Quad-Flavor-Vape_Agora_vape-11-scaled-1200x668.webp 1200w, https:\/\/agoravape.com\/wp-content\/uploads\/2025\/10\/UZY-Crystal-4-in-1-100K-Puffs-Quad-Flavor-Vape_Agora_vape-11-300x167.webp 300w, https:\/\/agoravape.com\/wp-content\/uploads\/2025\/10\/UZY-Crystal-4-in-1-100K-Puffs-Quad-Flavor-Vape_Agora_vape-11-1024x570.webp 1024w, https:\/\/agoravape.com\/wp-content\/uploads\/2025\/10\/UZY-Crystal-4-in-1-100K-Puffs-Quad-Flavor-Vape_Agora_vape-11-768x427.webp 768w, https:\/\/agoravape.com\/wp-content\/uploads\/2025\/10\/UZY-Crystal-4-in-1-100K-Puffs-Quad-Flavor-Vape_Agora_vape-11-1536x854.webp 1536w, https:\/\/agoravape.com\/wp-content\/uploads\/2025\/10\/UZY-Crystal-4-in-1-100K-Puffs-Quad-Flavor-Vape_Agora_vape-11-2048x1139.webp 2048w\" sizes=\"auto, (max-width: 2560px) 100vw, 2560px\" \/><\/h2>\n<h2 data-v-md-heading=\"what-about-the-uzy-crystal-four-in-one-100000-mouth-four-flavored-vape\" data-v-md-line=\"3\">Vad s\u00e4gs om UZY Crystal fyra-i-en-vapen med 100 000 munnar och fyra smaker?<\/h2>\n<p data-v-md-line=\"4\">Om du \u00e4r tr\u00f6tt p\u00e5 att byta apparater med n\u00e5gra dagars mellanrum kommer den h\u00e4r produkten att g\u00f6ra ditt liv enklare. UZY Crystal fyra-i-ett har en kapacitet p\u00e5 upp till 100 000 munfullar och fyra unika smaker, allt f\u00f6rpackat i en enkel, kristallklar apparat. Ingen anstr\u00e4ngning beh\u00f6vs, v\u00e4lj bara det smakpaket som passar ditt hum\u00f6r.<\/p>\n<p data-v-md-line=\"6\">Om du str\u00e4var efter l\u00e5ng batteritid, p\u00e5litlig smak och \u00f6nskan att fritt kunna byta smaker utan att beh\u00f6va b\u00e4ra med dig en stor p\u00e5se med eng\u00e5ngs-e-v\u00e4tska, d\u00e5 \u00e4r den h\u00e4r produkten ditt perfekta val. Du kanske tror att en vape med s\u00e5 stor kapacitet skulle vara skrymmande, men du kommer att bli f\u00f6rv\u00e5nad \u00f6ver att den bara v\u00e4ger cirka 140 gram och \u00e4r mycket bekv\u00e4m att b\u00e4ra med sig.<\/p>\n<h2 data-v-md-heading=\"excellent-performance-easy-and-convenient\" data-v-md-line=\"8\">Utm\u00e4rkt prestanda, enkelt och bekv\u00e4mt<\/h2>\n<p data-v-md-line=\"9\">Enhetens k\u00e4rna anv\u00e4nder en fyrdubbel mesh-spole (1,0 \u03a9) f\u00f6r att s\u00e4kerst\u00e4lla en j\u00e4mn smak fr\u00e5n f\u00f6rsta till sista tuggan. E-v\u00e4tskekapaciteten p\u00e5 56 ml i kombination med ett uppladdningsbart batteri p\u00e5 650 mAh g\u00f6r att du kan njuta av en smidig och njutbar upplevelse. Den intelligenta LED-sk\u00e4rmen g\u00f6r att du enkelt kan se den senaste utvecklingen med en snabb blick. N\u00e4r batteriet \u00e4r l\u00e5gt kan du anv\u00e4nda Type-C-datakabeln som kan ha anv\u00e4nts p\u00e5 din telefon f\u00f6r att ladda den. Ta bara ett bloss f\u00f6r att aktivera. L\u00e4tt att anv\u00e4nda.<\/p>\n<h2 data-v-md-heading=\"specification-overview\" data-v-md-line=\"11\">Specifikations\u00f6versikt<\/h2>\n<ul data-v-md-line=\"12\">\n<li>Sugfrekvens: upp till 100 000 g\u00e5nger<\/li>\n<li>Nikotinhalt: 0 %, 2 %, 3 %, 5 % (specifikt utbud kan variera beroende p\u00e5 region)<\/li>\n<li>Funktionsprincip: Aktiveras med bara ett bloss<\/li>\n<li>Laddningsmetod: Standard USB-gr\u00e4nssnitt av typ C<\/li>\n<li>Status: Klar att anv\u00e4nda direkt ur l\u00e5dan<\/li>\n<\/ul>\n<h2 data-v-md-heading=\"multiple-flavor-options\" data-v-md-line=\"18\">Flera smakalternativ<\/h2>\n<p data-v-md-line=\"19\">10 smaker att v\u00e4lja mellan. Varje apparat inneh\u00e5ller fyra smaker:<\/p>\n<ul data-v-md-line=\"20\">\n<li>Set 1: Jordgubbs- och vattenmelonsmoothie, bl\u00e5b\u00e4rssmoothie, bl\u00e5b\u00e4rs- och hallonk\u00f6rsb\u00e4rssmoothie, k\u00f6rsb\u00e4rssodasmoothie<\/li>\n<li>Set 2: Persikasmoothie, bl\u00e5b\u00e4r och k\u00f6rsb\u00e4r, energidryck, vattenmelon och litchi<\/li>\n<li>Set 3: Bl\u00e5b\u00e4rssmoothie, jordgubbsbanan, dubbla \u00e4pplen, regnb\u00e5gsgodis<\/li>\n<li>Set 4: K\u00f6rsb\u00e4rssmoothie, vindruvssmoothie, passionsfruktsmango, hj\u00e4rta 66<\/li>\n<li>Set 5: Bl\u00e5b\u00e4rssmoothie, mango, persika, aprikos, kiwi, passionsfrukt, guava, vit persika och hallon<\/li>\n<li>Set 6: Persika, Mango, Ananas, Bl\u00e5b\u00e4r, Hallon, Citron, Lime, Vattenmelon Bubble Gum<\/li>\n<li>Set 7: Blandade b\u00e4r, passionsfrukt, kiwi, lime, tranb\u00e4r, druva, jordgubb, kiwi<\/li>\n<li>Set 8: Jordgubbssmoothie, gummibj\u00f6rn, vattenmelon, drakfrukt, bl\u00e5b\u00e4rskiwi<\/li>\n<li>Set 9: Vattenmelonsmoothie, bl\u00e5b\u00e4r och k\u00f6rsb\u00e4r, vattenmelon och sur persika, passionsfruktssmak, exotisk fruktsmak<\/li>\n<li>Tiodelars set: Smak av jordgubb och mango, smak av Mr. Blue, smak av sommarpersika och smak av svart is<\/li>\n<\/ul>\n<h2 data-v-md-heading=\"for-you-and-for-your-business-as-well\" data-v-md-line=\"31\">F\u00f6r dig, och \u00e4ven f\u00f6r ditt f\u00f6retag<\/h2>\n<p data-v-md-line=\"32\">Vill du k\u00f6pa till dig sj\u00e4lv? Du kan k\u00f6pa separat f\u00f6r att njuta av l\u00e5ng batteritid och bekv\u00e4m laddning. Om du \u00e4r mer villig att fylla p\u00e5 lager till din butik, \u00e4r vi redo f\u00f6r grossistf\u00f6rs\u00e4ljning.<\/p>\n<p data-v-md-line=\"34\">F\u00f6rs\u00e4ljare kan best\u00e4lla 10 stycken per l\u00e5da, med 120 stycken per l\u00e5da och en bruttovikt p\u00e5 18 kilogram per l\u00e5da. Vi erbjuder DDP-leveranstj\u00e4nster via betrodda partners som UPS, DPD och DHL f\u00f6r att s\u00e4kerst\u00e4lla smidig leverans till EU eller Storbritannien och undvika tullolyckor.<\/p>\n<h2 data-v-md-heading=\"why-do-you-like-it\" data-v-md-line=\"36\">Why do you like it<\/h2>\n<ul data-v-md-line=\"37\">\n<li>Massivr\u00f6kning: H\u00e5llbar och l\u00e5ngvarig, inget behov av att k\u00f6pa nya cigaretter ofta.<\/li>\n<li>Nikotinval: V\u00e4lj den koncentration som passar dig.<\/li>\n<li>Uppladdningsbar: Anv\u00e4nd all e-v\u00e4tska du betalar f\u00f6r.<\/li>\n<li>N\u00e4tspiral: Med en fyrdubbel n\u00e4tstruktur bibeh\u00e5ller den en j\u00e4mn smak och \u00e4r njutbar.<\/li>\n<li>Fyra i ett: Du kan byta smak utan att byta enhet.<\/li>\n<li>Intelligent LED-sk\u00e4rm: bekv\u00e4m och tydlig status vid en \u00f6verblick.<\/li>\n<\/ul>\n<h2 data-v-md-heading=\"why-collaborate-with-agoravape\" data-v-md-line=\"44\">Why collaborate with AgoraVape?<\/h2>\n<p data-v-md-line=\"45\">Vi s\u00e4ljer endast 100 % \u00e4kta utrustning, vilket inneb\u00e4r p\u00e5litligt lager och n\u00f6jda kunder. Med UZY Crystal four in one, 100 000 puffar av fyra smaksatta vapes, kan du dra nytta av rabatterade grossistpriser, snabb kundservice och snabb leverans av moms. V\u00e4lkommen att kontakta oss och skapa produkter f\u00f6r dina \u00e5terkommande kunder.<\/p>\n<p data-v-md-line=\"47\">Obs: Nikotinkoncentration och produkttillg\u00e4nglighet kan variera beroende p\u00e5 land\/region. Kontrollera lokala best\u00e4mmelser innan du g\u00f6r en best\u00e4llning.<\/p>\n<p data-v-md-line=\"47\"><img loading=\"lazy\" decoding=\"async\" class=\"aligncenter size-full wp-image-13227\" src=\"https:\/\/agoravape.com\/wp-content\/uploads\/2025\/10\/UZY-Crystal-4-in-1-100K-Puffs-Quad-Flavor-Vape_Agora_vape-12-scaled.webp\" alt=\"\" width=\"2560\" height=\"2560\" srcset=\"https:\/\/agoravape.com\/wp-content\/uploads\/2025\/10\/UZY-Crystal-4-in-1-100K-Puffs-Quad-Flavor-Vape_Agora_vape-12-scaled.webp 2560w, https:\/\/agoravape.com\/wp-content\/uploads\/2025\/10\/UZY-Crystal-4-in-1-100K-Puffs-Quad-Flavor-Vape_Agora_vape-12-scaled-600x600.webp 600w, https:\/\/agoravape.com\/wp-content\/uploads\/2025\/10\/UZY-Crystal-4-in-1-100K-Puffs-Quad-Flavor-Vape_Agora_vape-12-scaled-1200x1200.webp 1200w, https:\/\/agoravape.com\/wp-content\/uploads\/2025\/10\/UZY-Crystal-4-in-1-100K-Puffs-Quad-Flavor-Vape_Agora_vape-12-300x300.webp 300w, https:\/\/agoravape.com\/wp-content\/uploads\/2025\/10\/UZY-Crystal-4-in-1-100K-Puffs-Quad-Flavor-Vape_Agora_vape-12-1024x1024.webp 1024w, https:\/\/agoravape.com\/wp-content\/uploads\/2025\/10\/UZY-Crystal-4-in-1-100K-Puffs-Quad-Flavor-Vape_Agora_vape-12-150x150.webp 150w, https:\/\/agoravape.com\/wp-content\/uploads\/2025\/10\/UZY-Crystal-4-in-1-100K-Puffs-Quad-Flavor-Vape_Agora_vape-12-768x768.webp 768w, https:\/\/agoravape.com\/wp-content\/uploads\/2025\/10\/UZY-Crystal-4-in-1-100K-Puffs-Quad-Flavor-Vape_Agora_vape-12-1536x1536.webp 1536w, https:\/\/agoravape.com\/wp-content\/uploads\/2025\/10\/UZY-Crystal-4-in-1-100K-Puffs-Quad-Flavor-Vape_Agora_vape-12-2048x2048.webp 2048w\" sizes=\"auto, (max-width: 2560px) 100vw, 2560px\" \/><\/p>","protected":false},"excerpt":{"rendered":"<p>&nbsp;<\/p>\n<p><script src=\"chrome-extension:\/\/fpelahbljekknahkcaegamhcndkfpfnc\/iFrame.js\" type=\"text\/javascript\"><\/script><\/p>\n<p><script src=\"chrome-extension:\/\/fpelahbljekknahkcaegamhcndkfpfnc\/iFrame.js\" type=\"text\/javascript\"><\/script><\/p>\n<p><script src=\"chrome-extension:\/\/fpelahbljekknahkcaegamhcndkfpfnc\/iFrame.js\" type=\"text\/javascript\"><\/script><\/p>","protected":false},"featured_media":13225,"comment_status":"open","ping_status":"closed","template":"","meta":[],"product_brand":[207],"product_cat":[124,187,185,189,176,177,195,174,175,193,191,134,173,186,180,190,192],"product_tag":[],"class_list":{"0":"post-13204","1":"product","2":"type-product","3":"status-publish","4":"has-post-thumbnail","6":"product_brand-uzy","7":"product_cat-vape-by-brand","8":"product_cat-0mg-nicotine-free-vapes","9":"product_cat-10000-puffs-high-capacity","10":"product_cat-20mg-standard-nicotine-vapes","11":"product_cat-beverage","12":"product_cat-dessert-sweets","13":"product_cat-dual-flavor-switch","14":"product_cat-fruit-flavors","15":"product_cat-icy-mint","16":"product_cat-mesh-coil","17":"product_cat-rechargeable-disposables","18":"product_cat-uzy","19":"product_cat-vape-by-flavor-profile","20":"product_cat-vape-by-nicotine-strength","21":"product_cat-vape-by-puff-count","22":"product_cat-vape-by-feature-or-type","23":"product_cat-vapes-with-screens","25":"first","26":"instock","27":"shipping-taxable","28":"purchasable","29":"product-type-variable","30":"has-default-attributes"},"tiered_pricing_type":"percentage","tiered_pricing_fixed_rules":[],"tiered_pricing_product_settings":{"layout":"default","base_unit_name":{"singular":null,"plural":null},"default_variation":null},"tiered_pricing_minimum_quantity":10,"tiered_pricing_roles_data":[],"tiered_pricing_percentage_rules":{"30":"29","50":"35","100":"40","200":"44","500":"47","1000":"49"},"tiered_pricing_maximum_quantity":null,"tiered_pricing_quantity_step":"10","_links":{"self":[{"href":"https:\/\/agoravape.com\/sv\/wp-json\/wp\/v2\/product\/13204","targetHints":{"allow":["GET"]}}],"collection":[{"href":"https:\/\/agoravape.com\/sv\/wp-json\/wp\/v2\/product"}],"about":[{"href":"https:\/\/agoravape.com\/sv\/wp-json\/wp\/v2\/types\/product"}],"replies":[{"embeddable":true,"href":"https:\/\/agoravape.com\/sv\/wp-json\/wp\/v2\/comments?post=13204"}],"version-history":[{"count":0,"href":"https:\/\/agoravape.com\/sv\/wp-json\/wp\/v2\/product\/13204\/revisions"}],"wp:featuredmedia":[{"embeddable":true,"href":"https:\/\/agoravape.com\/sv\/wp-json\/wp\/v2\/media\/13225"}],"wp:attachment":[{"href":"https:\/\/agoravape.com\/sv\/wp-json\/wp\/v2\/media?parent=13204"}],"wp:term":[{"taxonomy":"product_brand","embeddable":true,"href":"https:\/\/agoravape.com\/sv\/wp-json\/wp\/v2\/product_brand?post=13204"},{"taxonomy":"product_cat","embeddable":true,"href":"https:\/\/agoravape.com\/sv\/wp-json\/wp\/v2\/product_cat?post=13204"},{"taxonomy":"product_tag","embeddable":true,"href":"https:\/\/agoravape.com\/sv\/wp-json\/wp\/v2\/product_tag?post=13204"}],"curies":[{"name":"wp","href":"https:\/\/api.w.org\/{rel}","templated":true}]}}