{"id":13317,"date":"2025-10-11T14:46:10","date_gmt":"2025-10-11T06:46:10","guid":{"rendered":"https:\/\/green-grasshopper-921422.hostingersite.com\/?post_type=product&#038;p=13317"},"modified":"2025-12-15T21:31:08","modified_gmt":"2025-12-15T13:31:08","slug":"sfog-gazzbar-trippel-60k-puffar-vape","status":"publish","type":"product","link":"https:\/\/agoravape.com\/sv\/product\/sfog-gazzbar-triple-60k-puffs-vape\/","title":{"rendered":"SFOG Gazzbar Triple 60K Puffs 3-i-1 Eng\u00e5ngsvape | Trippel Smaker, Enkel Laddning"},"content":{"rendered":"<h2 data-v-md-heading=\"what-is-the-charm-of-sfog-gazzbar-triple-60k-disposable-vape\" data-v-md-line=\"3\">Vad \u00e4r charmen med SFOG Gazzbar Triple 60K eng\u00e5ngsvape?<\/h2>\n<p data-v-md-line=\"4\">Om du vill ha en h\u00e5llbar och fr\u00e4sch eng\u00e5ngsvape \u00e4r den h\u00e4r produkten ditt perfekta val. Gazzbar Triple kombinerar tre smaker i en, vilket g\u00f6r att du kan byta n\u00e4r som helst under dagen utan att beh\u00f6va b\u00e4ra med dig flera vapes. Denna vape \u00e4r enkel att anv\u00e4nda och kr\u00e4ver ingen anstr\u00e4ngning, utformad f\u00f6r att l\u00e5ta dig njuta av det n\u00f6je som vapes ger fr\u00e5n morgon till kv\u00e4ll.<\/p>\n<p data-v-md-line=\"6\">Du kanske tror att det skulle vara komplicerat att \u00e4ga s\u00e5 m\u00e5nga vapes, men faktum \u00e4r inte s\u00e5. Sk\u00e4rmen visar batteriniv\u00e5 och e-v\u00e4tskeniv\u00e5 och kan laddas med hj\u00e4lp av Type-C-gr\u00e4nssnittet. Lyft och rotera bara f\u00f6r att byta smak. Ingen meny kr\u00e4vs, enkel att komma ig\u00e5ng.<\/p>\n<h2 data-v-md-heading=\"excellent-performance-and-easy-operation\" data-v-md-line=\"8\">Utm\u00e4rkt prestanda och enkel anv\u00e4ndning<\/h2>\n<p data-v-md-line=\"9\">Mesh-spolen \u00e4r placerad i dess k\u00e4rna, vilket hj\u00e4lper till att bibeh\u00e5lla en j\u00e4mn smak. Du slipper den d\u00e4r l\u00e5ga punkten d\u00e4r du k\u00e4nner dig bra efter bara n\u00e5gra tuggor och sedan helt tappar intresset. N\u00e4r batteriet \u00e4r l\u00e5gt kan du direkt ansluta den vanliga typ-C-datakabeln som anv\u00e4nds i din telefon. Det \u00e4r enkelt.<\/p>\n<h2 data-v-md-heading=\"specification-overview\" data-v-md-line=\"11\">Specifikations\u00f6versikt<\/h2>\n<p data-v-md-line=\"12\"><strong>Antal sugningar<\/strong>upp till 60 000 sugningar<br \/>\n<strong>Nikotininneh\u00e5ll<\/strong>: 2 % (20 mg\/ml), specifik tillf\u00f6rsel kan variera beroende p\u00e5 marknad<br \/>\n<strong>Arbetsprincip<\/strong>Andas bara in f\u00f6r anv\u00e4ndning<br \/>\n<strong>Laddning<\/strong>Standard USB-gr\u00e4nssnitt av typ C<br \/>\n<strong>Status<\/strong>Klar att anv\u00e4nda vid uppackning<br \/>\n<strong>e-v\u00e4tskans kapacitet<\/strong>Totalt 60 milliliter<br \/>\n<strong>Batteri<\/strong>650 mAh uppladdningsbart batteri<br \/>\n<strong>F\u00f6rstoftande k\u00e4rna<\/strong>: 1,0 \u03a9\u00d7 3 mesh-h\u00e5l<br \/>\n<strong>Sk\u00e4rm<\/strong>LED-indikatorlampa f\u00f6r batteri och e-v\u00e4tska<br \/>\n<strong>3-i-1-funktion<\/strong>Lyft och rotera f\u00f6r att v\u00e4xla mellan tre smaker<\/p>\n<h2 data-v-md-heading=\"complete-flavor-lineup\" data-v-md-line=\"23\">Komplett smakutbud<\/h2>\n<ul data-v-md-line=\"24\">\n<li>Vattenmelonglass, Red Bull, Jordgubbskiwi<\/li>\n<li>Citron, lime, jordgubb, vattenmelon, bl\u00e5 glass<\/li>\n<li>Jordgubb banan, hallon, vattenmelon, citronlime<\/li>\n<li>Jordgubbskiwi med sur mango-ananas med Red Bull<\/li>\n<li>Tropiska frukter i kombination med jordgubbar, vattenmeloner och citronpersikor<\/li>\n<li>Ananaskokos med jordgubb, banan med bl\u00e5b\u00e4rsjuice<\/li>\n<li>Jordgubb och hallon i kombination med trippel s\u00f6t melon och syrlig mango och ananas<\/li>\n<li>Hallonvattenmelon med mangopersika med jordgubbskiwi<\/li>\n<li>Jordgubbs- och vaniljcola med bl\u00e5b\u00e4r, hallon och citronlime<\/li>\n<li>Vattenmelonglass med jordgubbsglass och trippel s\u00f6tmelon<\/li>\n<\/ul>\n<h2 data-v-md-heading=\"for-you-and-your-business\" data-v-md-line=\"35\">For you and your business<\/h2>\n<p data-v-md-line=\"36\">Du kan h\u00e4mta varorna separat f\u00f6r personligt bruk. Om du driver en butik kan vi hj\u00e4lpa dig att fylla p\u00e5 i stora m\u00e4ngder via UPS, DPD och DHL med DDP-frakt inklusive momsbetalning, f\u00f6r att undvika ov\u00e4ntade tullavgifter n\u00e4r du kommer innanf\u00f6r d\u00f6rren. Antalet f\u00f6rpackningar kan variera beroende p\u00e5 parti och marknad. V\u00e4nligen se v\u00e5r aktuella kartongstorlek och grossistpris.<\/p>\n<p data-v-md-line=\"38\">Meddelande f\u00f6r europeiska k\u00f6pare. Den nominella kapaciteten \u00e4r 60 milliliter, med en nikotinhalt p\u00e5 2 %, vilket inte uppfyller EU:s TPD\/TRRP-begr\u00e4nsningar f\u00f6r eng\u00e5ngsvapor som inneh\u00e5ller nikotin. Dessa eng\u00e5ngsvapor har en kapacitetsgr\u00e4ns p\u00e5 2 milliliter och en nikotinhalt p\u00e5 20 milligram per milliliter. Tillg\u00e4ngligheten av nikotinversioner kan variera beroende p\u00e5 land\/region. Om du beh\u00f6ver vape-produkter som uppfyller TPD-standarderna, v\u00e4nligen kontakta oss s\u00e5 rekommenderar vi alternativa produkter som uppfyller standarderna \u00e5t dig.<\/p>\n<h2 data-v-md-heading=\"why-do-you-like-it\" data-v-md-line=\"40\">Why do you like it<\/h2>\n<p data-v-md-line=\"41\"><strong>Flera sugcykler:<\/strong>\u00a0L\u00e4ngre batteritid, inget behov av att byta ut det med n\u00e5gra dagars mellanrum.<br \/>\n<strong>Tre smaker:<\/strong>\u00a0Byt smak n\u00e4r som helst utan att beh\u00f6va b\u00e4ra med dig ytterligare enheter.<br \/>\n<strong>Uppladdningsbart batteri:<\/strong>\u00a0Du kan anv\u00e4nda den k\u00f6pta e-v\u00e4tskan utan att beh\u00f6va sl\u00e4nga den halvanv\u00e4nda apparaten.<br \/>\n<strong>N\u00e4tspiral:<\/strong>\u00a0Bibeh\u00e5ll alltid en j\u00e4mn smak.<br \/>\n<strong>Sk\u00e4rmindikator:<\/strong>\u00a0Du kan enkelt se \u00e5terst\u00e5ende batteri- och e-v\u00e4tskeniv\u00e5er med en snabb blick.<\/p>\n<h2 data-v-md-heading=\"why-collaborate-with-agoravape\" data-v-md-line=\"47\">Why collaborate with AgoraVape?<\/h2>\n<p data-v-md-line=\"48\">Vi s\u00e4ljer endast \u00e4kta produkter med transparenta specifikationer. Om du \u00e4r ett f\u00f6retag erbjuder vi dig mycket konkurrenskraftiga grossistpriser, snabb support och snabba och p\u00e5litliga DDP-leveranser \u00f6ver hela Europa. V\u00e4lkommen att kontakta oss f\u00f6r att best\u00e4lla SFOG Gazzbar Triple 60K Puffs tre-i-ett-eng\u00e5ngsvape, eller kontakta oss f\u00f6r TPD-kompatibla alternativ som passar din marknad.<\/p>","protected":false},"excerpt":{"rendered":"<p>&nbsp;<\/p>\n<p><script src=\"chrome-extension:\/\/fpelahbljekknahkcaegamhcndkfpfnc\/iFrame.js\" type=\"text\/javascript\"><\/script><\/p>\n<p><script src=\"chrome-extension:\/\/fpelahbljekknahkcaegamhcndkfpfnc\/iFrame.js\" type=\"text\/javascript\"><\/script><\/p>\n<p><script src=\"chrome-extension:\/\/fpelahbljekknahkcaegamhcndkfpfnc\/iFrame.js\" type=\"text\/javascript\"><\/script><\/p>\n<p><script src=\"chrome-extension:\/\/fpelahbljekknahkcaegamhcndkfpfnc\/iFrame.js\" type=\"text\/javascript\"><\/script><\/p>","protected":false},"featured_media":13338,"comment_status":"open","ping_status":"closed","template":"","meta":[],"product_brand":[208],"product_cat":[124,185,189,176,195,174,175,193,191,135,173,186,180,190],"product_tag":[],"class_list":{"0":"post-13317","1":"product","2":"type-product","3":"status-publish","4":"has-post-thumbnail","6":"product_brand-sfog","7":"product_cat-vape-by-brand","8":"product_cat-10000-puffs-high-capacity","9":"product_cat-20mg-standard-nicotine-vapes","10":"product_cat-beverage","11":"product_cat-dual-flavor-switch","12":"product_cat-fruit-flavors","13":"product_cat-icy-mint","14":"product_cat-mesh-coil","15":"product_cat-rechargeable-disposables","16":"product_cat-sfog","17":"product_cat-vape-by-flavor-profile","18":"product_cat-vape-by-nicotine-strength","19":"product_cat-vape-by-puff-count","20":"product_cat-vape-by-feature-or-type","22":"first","23":"instock","24":"shipping-taxable","25":"purchasable","26":"product-type-variable","27":"has-default-attributes"},"tiered_pricing_type":"percentage","tiered_pricing_fixed_rules":[],"tiered_pricing_product_settings":{"layout":"default","base_unit_name":{"singular":null,"plural":null},"default_variation":null},"tiered_pricing_minimum_quantity":10,"tiered_pricing_roles_data":[],"tiered_pricing_percentage_rules":{"30":"29","50":"35","100":"40","200":"44","500":"47","1000":"49"},"tiered_pricing_maximum_quantity":null,"tiered_pricing_quantity_step":"10","_links":{"self":[{"href":"https:\/\/agoravape.com\/sv\/wp-json\/wp\/v2\/product\/13317","targetHints":{"allow":["GET"]}}],"collection":[{"href":"https:\/\/agoravape.com\/sv\/wp-json\/wp\/v2\/product"}],"about":[{"href":"https:\/\/agoravape.com\/sv\/wp-json\/wp\/v2\/types\/product"}],"replies":[{"embeddable":true,"href":"https:\/\/agoravape.com\/sv\/wp-json\/wp\/v2\/comments?post=13317"}],"version-history":[{"count":0,"href":"https:\/\/agoravape.com\/sv\/wp-json\/wp\/v2\/product\/13317\/revisions"}],"wp:featuredmedia":[{"embeddable":true,"href":"https:\/\/agoravape.com\/sv\/wp-json\/wp\/v2\/media\/13338"}],"wp:attachment":[{"href":"https:\/\/agoravape.com\/sv\/wp-json\/wp\/v2\/media?parent=13317"}],"wp:term":[{"taxonomy":"product_brand","embeddable":true,"href":"https:\/\/agoravape.com\/sv\/wp-json\/wp\/v2\/product_brand?post=13317"},{"taxonomy":"product_cat","embeddable":true,"href":"https:\/\/agoravape.com\/sv\/wp-json\/wp\/v2\/product_cat?post=13317"},{"taxonomy":"product_tag","embeddable":true,"href":"https:\/\/agoravape.com\/sv\/wp-json\/wp\/v2\/product_tag?post=13317"}],"curies":[{"name":"wp","href":"https:\/\/api.w.org\/{rel}","templated":true}]}}