{"id":13355,"date":"2025-10-11T15:06:44","date_gmt":"2025-10-11T07:06:44","guid":{"rendered":"https:\/\/green-grasshopper-921422.hostingersite.com\/?post_type=product&#038;p=13355"},"modified":"2026-01-13T01:10:28","modified_gmt":"2026-01-12T17:10:28","slug":"sfog-gazzbar-isgud-50k-puffar-vape","status":"publish","type":"product","link":"https:\/\/agoravape.com\/sv\/product\/sfog-gazzbar-ice-god-50k-puffs-vape\/","title":{"rendered":"SFOG Gazzbar Ice God 50K Puffs Justerbar Ice Vape | Anpassad kylning med rej\u00e4l uth\u00e5llighet"},"content":{"rendered":"<h2 data-v-md-heading=\"what-is-the-sfog-gazzbar-ice-god-50k-suction-adjustable-ice-atomizer-like\" data-v-md-line=\"3\">Hur \u00e4r SFOG Gazzbar Ice God 50K sugjusterbar isf\u00f6r\u00e5ngare?<\/h2>\n<p data-v-md-line=\"4\">Om du \u00e4r tr\u00f6tt p\u00e5 att eng\u00e5ngs-e-v\u00e4tskan f\u00f6rbrukas mitt i veckan, d\u00e5 \u00e4r den h\u00e4r produkten definitivt v\u00e4rd att k\u00f6pa. SFOG Gazzbar Ice God \u00e4r designad f\u00f6r l\u00e5ngvarig anv\u00e4ndning, med en maximal sugkapacitet p\u00e5 50 000 bloss. Den enkla \"sug och sug\"-designen g\u00f6r allt enkelt och bekv\u00e4mt.<\/p>\n<p data-v-md-line=\"6\">Den passar alla som vill ha stabil smak och exakt iskontroll. Du kan justera isgraden genom fem niv\u00e5er av \"isgrad\", fr\u00e5n mild bris till kalla v\u00e5gor av kyla, allt \u00e4r tillg\u00e4ngligt. Inga menyer beh\u00f6vs, inga tr\u00e5kiga operationer. St\u00e4ll bara in efter dina \u00f6nskem\u00e5l och njut.<\/p>\n<h2 data-v-md-heading=\"excellent-performance-easy-and-convenient\" data-v-md-line=\"8\">Utm\u00e4rkt prestanda, enkelt och bekv\u00e4mt<\/h2>\n<p data-v-md-line=\"9\">Trippeln\u00e4tsspolen s\u00e4kerst\u00e4ller en j\u00e4mn smak fr\u00e5n f\u00f6rsta till sista tuggan. N\u00e4tspolen v\u00e4rms upp j\u00e4mnt, med en ren och behaglig smak. N\u00e4r batteriet \u00e4r l\u00e5gt ansluter du bara Type-C-datakabeln och anv\u00e4nder telefonladdningskabeln f\u00f6r att ladda. Enkelt och snabbt, ingen anledning att leta efter en dedikerad laddare.<\/p>\n<h2 data-v-md-heading=\"specification-introduction\" data-v-md-line=\"11\">Specification Introduction<\/h2>\n<ul data-v-md-line=\"12\">\n<li>Sugfrekvens: upp till 50000 g\u00e5nger<\/li>\n<li>Nikotinkoncentration: 5 % (tillg\u00e5ngen kan variera i olika l\u00e4nder\/regioner f\u00f6r att f\u00f6lja lokala f\u00f6reskrifter)<\/li>\n<li>Working principle: Activated by inhalation<\/li>\n<li>Laddning: USB-port av typ C, laddningsbar<\/li>\n<li>E-v\u00e4tskekapacitet: 30 milliliter<\/li>\n<li>Batteri: 850mAh<\/li>\n<li>Atomiseringsk\u00e4rna: Trippelgaller 1,0 \u03a9<\/li>\n<li>Kylkontroll: Fem niv\u00e5er justerbar \"fryspunkt\"<\/li>\n<li>Material: Legering och PCTG<\/li>\n<li>Status: Klar att anv\u00e4nda vid uppackning<\/li>\n<\/ul>\n<h2 data-v-md-heading=\"for-you-and-your-business\" data-v-md-line=\"23\">For you and your business<\/h2>\n<p data-v-md-line=\"24\">Du kan v\u00e4lja SFOG Gazzbar Ice God 50K f\u00f6r personligt bruk eller f\u00f6rvara den i din butik. Vi erbjuder autentiska produkter och st\u00f6der grossistbest\u00e4llningar, med alternativ i transparenta f\u00f6rpackningar. V\u00e4lkommen att fr\u00e5ga om aktuell storlek och pris p\u00e5 cigarettpaket.<\/p>\n<p data-v-md-line=\"26\">Vi erbjuder DDP-leveranser inom Europa via UPS, DPD och DHL, s\u00e5 att tullar kan behandlas i f\u00f6rv\u00e4g f\u00f6r att undvika ov\u00e4ntade incidenter i tullen. Snabb leverans och exakt sp\u00e5rning s\u00e4kerst\u00e4ller ett smidigt slutf\u00f6rande av din best\u00e4llning.<\/p>\n<h2 data-v-md-heading=\"why-do-you-like-it\" data-v-md-line=\"28\">Why do you like it<\/h2>\n<ul data-v-md-line=\"29\">\n<li>Stor sugkapacitet: l\u00e4ngre sugtid, d\u00e4rf\u00f6r l\u00e4gre ink\u00f6psfrekvens.<\/li>\n<li>Justerbara isbitar: kan finjusteras fr\u00e5n l\u00e4tt kall till uppfriskande.<\/li>\n<li>Uppladdningsbar: Anv\u00e4nd all e-v\u00e4tska du har betalat f\u00f6r.<\/li>\n<li>N\u00e4tf\u00f6rstoftande k\u00e4rna: Varje sug resulterar i en j\u00e4mn och j\u00e4mn textur.<\/li>\n<li>Stor kapacitet: 30 milliliter, h\u00e5llbar och l\u00e5ngvarig.<\/li>\n<li>Typ-C-gr\u00e4nssnitt, bekv\u00e4m laddning: enkel att ladda med vardagskablar.<\/li>\n<\/ul>\n<h2 data-v-md-heading=\"why-collaborate-with-agoravape\" data-v-md-line=\"36\">Why collaborate with AgoraVape?<\/h2>\n<p data-v-md-line=\"37\">Vi s\u00e4ljer endast 100 % \u00e4kta produkter och tvivlar inte p\u00e5 det. F\u00f6r kommersiella k\u00f6pare inneb\u00e4r detta rimliga grossistpriser, uppm\u00e4rksam service och snabb leverans av SFOG Gazzbar Ice God 50K justerbara isp\u00e5sar via DDP. Kontakta oss f\u00f6r att fylla p\u00e5 med en enhet som \u00e4r v\u00e4rd att k\u00f6pa tillbaka till din kund.<\/p>\n<p data-v-md-line=\"39\">Meddelande om efterlevnad: Produktutbud och nikotinkoncentration kan variera beroende p\u00e5 land\/region f\u00f6r att f\u00f6lja EU:s och lokala best\u00e4mmelser. Om du \u00e4r os\u00e4ker p\u00e5 best\u00e4mmelserna p\u00e5 din marknad, v\u00e4nligen kontakta v\u00e5rt team s\u00e5 ger vi dig v\u00e4gledning.<\/p>","protected":false},"excerpt":{"rendered":"<p>What is the SFOG Gazzbar Ice God 50K suction adjustable ice atomizer like? If you\u2019re tired of disposable e-liquid used<\/p>","protected":false},"featured_media":13351,"comment_status":"open","ping_status":"closed","template":"","meta":[],"product_brand":[208],"product_cat":[124,185,1641,194,176,177,174,175,193,191,135,173,186,180,190],"product_tag":[],"class_list":{"0":"post-13355","1":"product","2":"type-product","3":"status-publish","4":"has-post-thumbnail","6":"product_brand-sfog","7":"product_cat-vape-by-brand","8":"product_cat-10000-puffs-high-capacity","9":"product_cat-50000-puffs","10":"product_cat-adjustable-airflow","11":"product_cat-beverage","12":"product_cat-dessert-sweets","13":"product_cat-fruit-flavors","14":"product_cat-icy-mint","15":"product_cat-mesh-coil","16":"product_cat-rechargeable-disposables","17":"product_cat-sfog","18":"product_cat-vape-by-flavor-profile","19":"product_cat-vape-by-nicotine-strength","20":"product_cat-vape-by-puff-count","21":"product_cat-vape-by-feature-or-type","23":"first","24":"instock","25":"shipping-taxable","26":"purchasable","27":"product-type-variable","28":"has-default-attributes"},"tiered_pricing_type":"percentage","tiered_pricing_fixed_rules":[],"tiered_pricing_product_settings":{"layout":"default","base_unit_name":{"singular":null,"plural":null},"default_variation":null},"tiered_pricing_minimum_quantity":10,"tiered_pricing_roles_data":[],"tiered_pricing_percentage_rules":{"30":"29","50":"35","100":"40","200":"44","500":"47","1000":"49"},"tiered_pricing_maximum_quantity":null,"tiered_pricing_quantity_step":"10","_links":{"self":[{"href":"https:\/\/agoravape.com\/sv\/wp-json\/wp\/v2\/product\/13355","targetHints":{"allow":["GET"]}}],"collection":[{"href":"https:\/\/agoravape.com\/sv\/wp-json\/wp\/v2\/product"}],"about":[{"href":"https:\/\/agoravape.com\/sv\/wp-json\/wp\/v2\/types\/product"}],"replies":[{"embeddable":true,"href":"https:\/\/agoravape.com\/sv\/wp-json\/wp\/v2\/comments?post=13355"}],"version-history":[{"count":0,"href":"https:\/\/agoravape.com\/sv\/wp-json\/wp\/v2\/product\/13355\/revisions"}],"wp:featuredmedia":[{"embeddable":true,"href":"https:\/\/agoravape.com\/sv\/wp-json\/wp\/v2\/media\/13351"}],"wp:attachment":[{"href":"https:\/\/agoravape.com\/sv\/wp-json\/wp\/v2\/media?parent=13355"}],"wp:term":[{"taxonomy":"product_brand","embeddable":true,"href":"https:\/\/agoravape.com\/sv\/wp-json\/wp\/v2\/product_brand?post=13355"},{"taxonomy":"product_cat","embeddable":true,"href":"https:\/\/agoravape.com\/sv\/wp-json\/wp\/v2\/product_cat?post=13355"},{"taxonomy":"product_tag","embeddable":true,"href":"https:\/\/agoravape.com\/sv\/wp-json\/wp\/v2\/product_tag?post=13355"}],"curies":[{"name":"wp","href":"https:\/\/api.w.org\/{rel}","templated":true}]}}