{"id":13481,"date":"2025-10-11T16:02:13","date_gmt":"2025-10-11T08:02:13","guid":{"rendered":"https:\/\/green-grasshopper-921422.hostingersite.com\/?post_type=product&#038;p=13481"},"modified":"2026-01-19T22:07:55","modified_gmt":"2026-01-19T14:07:55","slug":"sfog-s89-15000-puffar-vape","status":"publish","type":"product","link":"https:\/\/agoravape.com\/sv\/product\/sfog-s89-15000-puffs-vape\/","title":{"rendered":"SFOG S89 15000 Puffs Mesh Coil Eng\u00e5ngsvape | L\u00e5ngvarig Smak Utan Kraft"},"content":{"rendered":"<h2 data-v-md-heading=\"what-are-the-advantages-of-sfog-s89-15000-port-mesh-coil-disposable-vapes\" data-v-md-line=\"3\">Vilka \u00e4r f\u00f6rdelarna med SFOG S89 15000-portars mesh coil-eng\u00e5ngsvapor?<\/h2>\n<p data-v-md-line=\"4\">Om du \u00e4r tr\u00f6tt p\u00e5 eng\u00e5ngsvapor som anv\u00e4nds p\u00e5 vardagar kanske du vill ta en titt p\u00e5 den h\u00e4r produkten. SFOG S89 har en kapacitet p\u00e5 25 milliliter och kan leverera upp till 15 000 munfullar. Den anv\u00e4nder en 1,0 \u03a9 mesh-spiral, s\u00e5 smaken f\u00f6rblir ren och j\u00e4mn fr\u00e5n f\u00f6rsta till sista tuggan.<\/p>\n<p data-v-md-line=\"6\">Om du vill ha en p\u00e5litlig, h\u00e5llbar och problemfri vape, d\u00e5 \u00e4r den h\u00e4r produkten det perfekta valet. V\u00e4lj din f\u00f6redragna smak. \u00d6ppna f\u00f6rpackningen. Njut till fullo. Du kanske tror att den h\u00e4r typen av enhet med batteritid kan k\u00e4nnas klumpig, men det laddningsbara batteriet p\u00e5 600 mAh g\u00f6r att du enkelt kan l\u00e4gga den i fickan.<\/p>\n<h2 data-v-md-heading=\"excellent-performance-convenient-operation\" data-v-md-line=\"8\">Utm\u00e4rkt prestanda, bekv\u00e4m drift<\/h2>\n<p data-v-md-line=\"9\">N\u00e4tspolen v\u00e4rmer e-v\u00e4tskan j\u00e4mnt, vilket g\u00f6r att du kan njuta av en rik smak och en j\u00e4mn sugupplevelse varje g\u00e5ng. Ingen f\u00f6rv\u00e4rmning kr\u00e4vs och ingen olja kommer att falla av. N\u00e4r batteriet \u00e4r l\u00e5gt laddar du det helt enkelt f\u00f6r att forts\u00e4tta anv\u00e4nda det, vilket g\u00f6r att du kan maximera kapaciteten p\u00e5 25 milliliter.<\/p>\n<h2 data-v-md-heading=\"specification-introduction\" data-v-md-line=\"11\">Specification Introduction<\/h2>\n<ul data-v-md-line=\"12\">\n<li>Sugfrekvens: upp till 15000 g\u00e5nger<\/li>\n<li>E-liquid capacity: 25 milliliters<\/li>\n<li>Nikotin: 5 % nikotinsalt<\/li>\n<li>Spole: 1,0 \u03a9 mesh-spole<\/li>\n<li>Battery: 600 mAh rechargeable battery<\/li>\n<li>Arbetsprincip: Enkel eng\u00e5ngsdesign, ingen installationsbehov<\/li>\n<li>Status: Klar att anv\u00e4nda vid uppackning<\/li>\n<li>F\u00f6rpackning: 10 stycken per displayl\u00e5da. 200 stycken per l\u00e5da<\/li>\n<\/ul>\n<h2 data-v-md-heading=\"full-range-of-flavors\" data-v-md-line=\"21\">Fullt utbud av smaker<\/h2>\n<ul data-v-md-line=\"22\">\n<li>Jordgubbsglass<\/li>\n<li>Persikois<\/li>\n<li>Persika och mango<\/li>\n<li>Blandade b\u00e4r<\/li>\n<li>Rosa citronvatten<\/li>\n<li>Jordgubbsvattenmelon<\/li>\n<li>Vattenmelonis<\/li>\n<li>Druvis<\/li>\n<li>K\u00f6rsb\u00e4r<\/li>\n<li>Bl\u00e5b\u00e4r och hallon<\/li>\n<\/ul>\n<h2 data-v-md-heading=\"for-you-for-your-business\" data-v-md-line=\"33\">F\u00f6r dig, f\u00f6r ditt f\u00f6retag<\/h2>\n<p data-v-md-line=\"34\">Du kan k\u00f6pa SFOG S89 15000 mesh coil eng\u00e5ngsvapes f\u00f6r personligt bruk, eller ut\u00f6ka lagret i din butik. Vi erbjuder displayl\u00e5dor i f\u00f6rpackningar om 10 f\u00f6r att s\u00e4kerst\u00e4lla att produkterna visas prydligt. Om du beh\u00f6ver k\u00f6pa i bulk, v\u00e4nligen v\u00e4lj en stor l\u00e5da med 200 stycken f\u00f6r effektiv p\u00e5fyllning.<\/p>\n<p data-v-md-line=\"36\">Vi erbjuder DDP-leveranstj\u00e4nster efter skattebetalning via betrodda partners som UPS, DPD och DHL, vilket s\u00e4kerst\u00e4ller att din best\u00e4llning inte drabbas av n\u00e5gra olyckor under tullklareringen.<\/p>\n<h2 data-v-md-heading=\"why-do-you-like-it\" data-v-md-line=\"38\">Why do you like it<\/h2>\n<ul data-v-md-line=\"39\">\n<li>Ultrastor kapacitet: upp till 15 000 portar, vilket inneb\u00e4r f\u00e4rre utbyten och h\u00f6gre kostnadseffektivitet<\/li>\n<li>Tillfredsst\u00e4llande nikotin: 5 % nikotinsalt f\u00f6r en stark smak<\/li>\n<li>Uppladdningsbar: Du kan anv\u00e4nda alla k\u00f6pta e-v\u00e4tskor<\/li>\n<li>N\u00e4tspole: bibeh\u00e5ller en j\u00e4mn textur vid varje sug<\/li>\n<\/ul>\n<h2 data-v-md-heading=\"why-choose-to-collaborate-with-agoravape\" data-v-md-line=\"44\">Varf\u00f6r v\u00e4lja att samarbeta med AgoraVape?<\/h2>\n<p data-v-md-line=\"45\">Vi erbjuder endast 100 % \u00e4kta produkter, s\u00e5 att du kan handla med sinnesro. F\u00f6r v\u00e5ra kommersiella kunder inneb\u00e4r detta att SFOG S89 15000-portars mesh coil-eng\u00e5ngsvapes har rabatterade grossistpriser, p\u00e5litlig support och snabb och p\u00e5litlig leverans. Om du vill k\u00f6pa en enhet som kunderna kommer att \u00e5terv\u00e4nda till, v\u00e4nligen kontakta oss.<\/p>\n<p><script src=\"chrome-extension:\/\/fpelahbljekknahkcaegamhcndkfpfnc\/iFrame.js\" type=\"text\/javascript\"><\/script><\/p>","protected":false},"excerpt":{"rendered":"<p>What are the advantages of SFOG S89 15000 port mesh coil disposable vapes? If you are tired of disposable vapes<\/p>","protected":false},"featured_media":13503,"comment_status":"open","ping_status":"closed","template":"","meta":[],"product_brand":[208],"product_cat":[124,185,1635,174,175,193,191,135,173,186,180,190],"product_tag":[],"class_list":{"0":"post-13481","1":"product","2":"type-product","3":"status-publish","4":"has-post-thumbnail","6":"product_brand-sfog","7":"product_cat-vape-by-brand","8":"product_cat-10000-puffs-high-capacity","9":"product_cat-15000-puffs","10":"product_cat-fruit-flavors","11":"product_cat-icy-mint","12":"product_cat-mesh-coil","13":"product_cat-rechargeable-disposables","14":"product_cat-sfog","15":"product_cat-vape-by-flavor-profile","16":"product_cat-vape-by-nicotine-strength","17":"product_cat-vape-by-puff-count","18":"product_cat-vape-by-feature-or-type","20":"first","21":"onbackorder","22":"shipping-taxable","23":"purchasable","24":"product-type-variable","25":"has-default-attributes"},"tiered_pricing_type":"percentage","tiered_pricing_fixed_rules":[],"tiered_pricing_product_settings":{"layout":"default","base_unit_name":{"singular":null,"plural":null},"default_variation":null},"tiered_pricing_minimum_quantity":10,"tiered_pricing_roles_data":[],"tiered_pricing_percentage_rules":{"30":"29","50":"35","100":"40","200":"44","500":"47","1000":"49"},"tiered_pricing_maximum_quantity":null,"tiered_pricing_quantity_step":"10","_links":{"self":[{"href":"https:\/\/agoravape.com\/sv\/wp-json\/wp\/v2\/product\/13481","targetHints":{"allow":["GET"]}}],"collection":[{"href":"https:\/\/agoravape.com\/sv\/wp-json\/wp\/v2\/product"}],"about":[{"href":"https:\/\/agoravape.com\/sv\/wp-json\/wp\/v2\/types\/product"}],"replies":[{"embeddable":true,"href":"https:\/\/agoravape.com\/sv\/wp-json\/wp\/v2\/comments?post=13481"}],"version-history":[{"count":0,"href":"https:\/\/agoravape.com\/sv\/wp-json\/wp\/v2\/product\/13481\/revisions"}],"wp:featuredmedia":[{"embeddable":true,"href":"https:\/\/agoravape.com\/sv\/wp-json\/wp\/v2\/media\/13503"}],"wp:attachment":[{"href":"https:\/\/agoravape.com\/sv\/wp-json\/wp\/v2\/media?parent=13481"}],"wp:term":[{"taxonomy":"product_brand","embeddable":true,"href":"https:\/\/agoravape.com\/sv\/wp-json\/wp\/v2\/product_brand?post=13481"},{"taxonomy":"product_cat","embeddable":true,"href":"https:\/\/agoravape.com\/sv\/wp-json\/wp\/v2\/product_cat?post=13481"},{"taxonomy":"product_tag","embeddable":true,"href":"https:\/\/agoravape.com\/sv\/wp-json\/wp\/v2\/product_tag?post=13481"}],"curies":[{"name":"wp","href":"https:\/\/api.w.org\/{rel}","templated":true}]}}