{"id":13564,"date":"2025-10-11T17:11:01","date_gmt":"2025-10-11T09:11:01","guid":{"rendered":"https:\/\/green-grasshopper-921422.hostingersite.com\/?post_type=product&#038;p=13564"},"modified":"2026-01-13T00:53:13","modified_gmt":"2026-01-12T16:53:13","slug":"sfog-gazzbar-raket-20k-puffar-vape","status":"publish","type":"product","link":"https:\/\/agoravape.com\/sv\/product\/sfog-gazzbar-rocket-20k-puffs-vape\/","title":{"rendered":"SFOG Gazzbar Rocket 20K Puffs Dual Mode Vape | Stor Smak Som R\u00e4cker Distansen"},"content":{"rendered":"<h2 data-v-md-heading=\"what-exactly-is-the-sfog-gazzbar-rocket-20k-dual-mode-vape\" data-v-md-line=\"3\">What exactly is the SFOG Gazzbar Rocket 20K dual-mode vape?<\/h2>\n<p data-v-md-line=\"4\">If you are tired of disposable vapes that expire in a few days, you may want to take a look at this product. The SFOG Gazzbar Rocket has an extremely long battery life, with up to 20000 ports in regular mode. If you prefer a tighter and more powerful suction experience, you can switch to pulse mode and still get up to 10000 puffs of battery life.<\/p>\n<p data-v-md-line=\"6\">If you want to easily enjoy rich flavors, this vape is the ideal choice. No need to learn settings, no need for tedious refueling. Just one sturdy and durable vape that can be used immediately to meet your daily needs for a week.<\/p>\n<h2 data-v-md-heading=\"excellent-performance-worry-free\" data-v-md-line=\"8\">Utm\u00e4rkt prestanda, bekymmersfritt<\/h2>\n<p data-v-md-line=\"9\">Built in dual core dual mesh coils. It is this design that ensures a consistent taste for every bite. The coil suction is smooth, the taste is pure, and it will not be burnt or cloudy. When the battery is low, simply charge it to continue using. Easy to use.<\/p>\n<h2 data-v-md-heading=\"specification-introduction\" data-v-md-line=\"11\">Specification Introduction<\/h2>\n<p data-v-md-line=\"12\">-Suction frequency: up to 20000 times in normal mode. Maximum 10000 times in pulse mode<br \/>\n-E-liquid capacity: 18 milliliters<br \/>\n-Nicotine: 5% nicotine salt<br \/>\n-Coil: Dual core dual mesh coil. 1.0 \u03a9 resistor<br \/>\n-Battery: 650 mAh<br \/>\n-Working principle: Activate with just one puff<br \/>\n-Charging method: USB charging<br \/>\n-Status: Ready to use out of the box<br \/>\n-Size and weight: 82 \u00d7 52 \u00d7 27 millimeters. Net weight 81 grams<\/p>\n<h2 data-v-md-heading=\"full-flavor-series\" data-v-md-line=\"22\">Full smakserie<\/h2>\n<p data-v-md-line=\"23\">-White gummy ice<br \/>\n-Strawberry kiwi ice<br \/>\n-Blue Rink Ice<br \/>\n-Strawberry Banana Ice<br \/>\n-Sour apple ice<br \/>\n-Strawberry Mango Ice<br \/>\n-Blue Rink Ice<br \/>\n-Tropical Rainbow Shock Wave<br \/>\n-Peach Ice<br \/>\n-Watermelon Ice<br \/>\n-Mexican Mango Ice<br \/>\n-Transparent<br \/>\n-Miami Mint<br \/>\n-Tobacco<\/p>\n<h2 data-v-md-heading=\"for-you-and-for-your-business-as-well\" data-v-md-line=\"38\">F\u00f6r dig, och \u00e4ven f\u00f6r ditt f\u00f6retag<\/h2>\n<p data-v-md-line=\"39\">You can use SFOG Gazzbar Rocket 20K for personal use or purchase it for your store. The wholesale inner box contains 10 pieces, making it convenient for you to create a neat display rack or quickly replenish shelves. The portability of this device itself is surprisingly good, and it also has fewer suction cycles. You may think it\u2019s bulky, but with a body size of 82 \u00d7 52 \u00d7 27 millimeters, it won\u2019t feel like a brick in your pocket.<\/p>\n<p data-v-md-line=\"41\">We work with trusted partners such as UPS, DPD, and DHL to ship your goods on a Delivered Duty Paid (DDP) basis, ensuring smooth delivery and avoiding customs accidents. If you make bulk purchases, we will establish a reliable schedule and simplify the document process.<\/p>\n<h2 data-v-md-heading=\"why-do-you-like-it\" data-v-md-line=\"43\">Why do you like it<\/h2>\n<p data-v-md-line=\"44\">-Large smoking volume: longer smoking time, no need to frequently purchase new cigarettes<br \/>\n-Suction mode: Normal mode, easy suction. Pulse mode, strong and powerful<br \/>\n-Rechargeable: You can use all purchased e-liquids<br \/>\n-Mesh coil: from the first bite to the last bite, the taste remains consistent<br \/>\n-Portable and easy to carry: large capacity, but not large in size<\/p>\n<h2 data-v-md-heading=\"why-choose-to-collaborate-with-agoravape\" data-v-md-line=\"50\">Varf\u00f6r v\u00e4lja att samarbeta med AgoraVape?<\/h2>\n<p data-v-md-line=\"51\">Vi s\u00e4ljer endast 100 % \u00e4kta produkter och tvivlar inte p\u00e5 det. V\u00e5ra kommersiella kunder f\u00e5r rabatterade grossistpriser, snabb och p\u00e5litlig support samt snabba och p\u00e5litliga leveranser av SFOG Gazzbar Rocket 20K dual-mode vapes. Om du vill reservera en enhet som kunderna verkligen kommer att k\u00f6pa igen, v\u00e4nligen kontakta oss.<\/p>","protected":false},"excerpt":{"rendered":"<p>What exactly is the SFOG Gazzbar Rocket 20K dual-mode vape? If you are tired of disposable vapes that expire in<\/p>","protected":false},"featured_media":13585,"comment_status":"open","ping_status":"closed","template":"","meta":[],"product_brand":[208],"product_cat":[124,185,1636,174,175,193,191,135,178,179,173,186,180,190],"product_tag":[],"class_list":{"0":"post-13564","1":"product","2":"type-product","3":"status-publish","4":"has-post-thumbnail","6":"product_brand-sfog","7":"product_cat-vape-by-brand","8":"product_cat-10000-puffs-high-capacity","9":"product_cat-20000-puffs","10":"product_cat-fruit-flavors","11":"product_cat-icy-mint","12":"product_cat-mesh-coil","13":"product_cat-rechargeable-disposables","14":"product_cat-sfog","15":"product_cat-tobacco","16":"product_cat-unique-blends","17":"product_cat-vape-by-flavor-profile","18":"product_cat-vape-by-nicotine-strength","19":"product_cat-vape-by-puff-count","20":"product_cat-vape-by-feature-or-type","22":"first","23":"instock","24":"shipping-taxable","25":"purchasable","26":"product-type-variable","27":"has-default-attributes"},"tiered_pricing_type":"percentage","tiered_pricing_fixed_rules":[],"tiered_pricing_product_settings":{"layout":"default","base_unit_name":{"singular":null,"plural":null},"default_variation":null},"tiered_pricing_minimum_quantity":10,"tiered_pricing_roles_data":[],"tiered_pricing_percentage_rules":{"30":"29","50":"35","100":"40","200":"44","500":"47","1000":"49"},"tiered_pricing_maximum_quantity":null,"tiered_pricing_quantity_step":"10","_links":{"self":[{"href":"https:\/\/agoravape.com\/sv\/wp-json\/wp\/v2\/product\/13564","targetHints":{"allow":["GET"]}}],"collection":[{"href":"https:\/\/agoravape.com\/sv\/wp-json\/wp\/v2\/product"}],"about":[{"href":"https:\/\/agoravape.com\/sv\/wp-json\/wp\/v2\/types\/product"}],"replies":[{"embeddable":true,"href":"https:\/\/agoravape.com\/sv\/wp-json\/wp\/v2\/comments?post=13564"}],"version-history":[{"count":0,"href":"https:\/\/agoravape.com\/sv\/wp-json\/wp\/v2\/product\/13564\/revisions"}],"wp:featuredmedia":[{"embeddable":true,"href":"https:\/\/agoravape.com\/sv\/wp-json\/wp\/v2\/media\/13585"}],"wp:attachment":[{"href":"https:\/\/agoravape.com\/sv\/wp-json\/wp\/v2\/media?parent=13564"}],"wp:term":[{"taxonomy":"product_brand","embeddable":true,"href":"https:\/\/agoravape.com\/sv\/wp-json\/wp\/v2\/product_brand?post=13564"},{"taxonomy":"product_cat","embeddable":true,"href":"https:\/\/agoravape.com\/sv\/wp-json\/wp\/v2\/product_cat?post=13564"},{"taxonomy":"product_tag","embeddable":true,"href":"https:\/\/agoravape.com\/sv\/wp-json\/wp\/v2\/product_tag?post=13564"}],"curies":[{"name":"wp","href":"https:\/\/api.w.org\/{rel}","templated":true}]}}