{"id":13604,"date":"2025-10-11T18:07:45","date_gmt":"2025-10-11T10:07:45","guid":{"rendered":"https:\/\/green-grasshopper-921422.hostingersite.com\/?post_type=product&#038;p=13604"},"modified":"2026-01-19T22:07:43","modified_gmt":"2026-01-19T14:07:43","slug":"sfog-soul-bar-15000-puffar-dryck-vape","status":"publish","type":"product","link":"https:\/\/agoravape.com\/sv\/product\/sfog-soul-bar-15000-puffs-beverage-vape\/","title":{"rendered":"SFOG Soul Bar 15000 Puffs Beverage Flavor Vape | Big Puff Count. Drink-Inspired Flavour."},"content":{"rendered":"<h2 data-v-md-heading=\"what-is-the-charm-of-sfog-soul-bar-15000-mouth-beverage-flavored-vapes\" data-v-md-line=\"3\">What is the charm of SFOG Soul Bar 15000 mouth beverage flavored vapes?<\/h2>\n<p data-v-md-line=\"4\">If you love the choice of drinking and are tired of the rapid expiration of disposable vapes, then this product will be your ideal choice. SFOG Soul Bar offers classic beverage flavors for a relaxed and convenient experience. Durable, stable in taste, and easy to operate.<\/p>\n<p data-v-md-line=\"6\">If you want a reliable daily vape without having to tinker with the bottle or atomizer core, then this product is the ideal choice. Choose a flavor that you often drink and start your journey of vapes.<\/p>\n<h2 data-v-md-heading=\"excellent-performance-easy-and-convenient\" data-v-md-line=\"8\">Utm\u00e4rkt prestanda, enkelt och bekv\u00e4mt<\/h2>\n<p data-v-md-line=\"9\">Soul Bar emphasizes consistency. From start to finish, you will receive smooth and even smoke, allowing you to maintain a familiar taste from day one. When the battery is low, simply charge it to continue using. No need for buttons, no need for menus. A simple and easy-to-use vape that suits your daily habits. You may think that operating a 15000 port device is troublesome, but in reality, it is very easy to use.<\/p>\n<h2 data-v-md-heading=\"specification-introduction\" data-v-md-line=\"11\">Specification Introduction<\/h2>\n<ul data-v-md-line=\"12\">\n<li>Number of ports: up to 15000 ports<\/li>\n<li>Nicotine: Different markets offer different concentrations. Please check the options on this page<\/li>\n<li>Working principle: Activated by inhalation<\/li>\n<li>Charging: Rechargeable design. Currently, most models use USB Type-C interface. Please check your device<\/li>\n<li>Status: Klar att anv\u00e4nda vid uppackning<\/li>\n<\/ul>\n<h2 data-v-md-heading=\"full-flavor-series\" data-v-md-line=\"18\">Full smakserie<\/h2>\n<ul data-v-md-line=\"19\">\n<li>Orange flavored yogurt<\/li>\n<li>Original Yakut flavor<\/li>\n<li>Energidrycker<\/li>\n<li>Classic Coke<\/li>\n<li>Pineapple Coconut Rum<\/li>\n<li>Mango Juice<\/li>\n<li>Peach Mango Yogurt<\/li>\n<li>Taro Ice Cream<\/li>\n<li>Strawberry ice cream<\/li>\n<li>Litchi and Longan<\/li>\n<li>Grapes and apples<\/li>\n<li>Blueberry Juice<\/li>\n<li>Jordgubb, kiwi<\/li>\n<li>Vattenmelonis<\/li>\n<li>Dubbelmynta<\/li>\n<\/ul>\n<h2 data-v-md-heading=\"for-you-for-your-business\" data-v-md-line=\"35\">F\u00f6r dig, f\u00f6r ditt f\u00f6retag<\/h2>\n<p data-v-md-line=\"36\">You can purchase an SFOG Soul Bar for yourself or stock up for your store. We provide wholesale cardboard boxes for retailers. The number of cardboard boxes may vary by batch, so please contact us to learn about the current number of cardboard boxes and price discounts.<\/p>\n<p data-v-md-line=\"38\">DDP options are available across Europe through UPS, DPD, and DHL, making the shipping process very simple. The tariffs have been processed in advance, which means there will be no unpleasant surprises at customs. The order is carefully packaged and fully tracked.<\/p>\n<h2 data-v-md-heading=\"why-do-you-like-it\" data-v-md-line=\"40\">Why do you like it<\/h2>\n<ul data-v-md-line=\"41\">\n<li>Enjoy drinking freely: You can replenish your energy at any time and continue using it, which means you don\u2019t have to fill up your tank at the last minute or run to the store.<\/li>\n<li>Beverage selection: The taste inspiration comes from popular drinks such as cola, energy drinks, and mixed yogurt. Sweet but not greasy.<\/li>\n<li>Rechargeable: You can fully utilize the built-in e-liquid without having to throw away half used equipment.<\/li>\n<li>Kontinuerlig r\u00f6kning: Med bara ett f\u00f6rsiktigt bloss kan du enkelt uppleva den v\u00e4lbekanta smaken.<\/li>\n<li>Flera smakalternativ: Fr\u00e5n lena yoghurtrullar till uppfriskande frukter finns det alltid en som passar din dagliga anv\u00e4ndning.<\/li>\n<\/ul>\n<h2 data-v-md-heading=\"why-choose-to-collaborate-with-agoravape\" data-v-md-line=\"47\">Varf\u00f6r v\u00e4lja att samarbeta med AgoraVape?<\/h2>\n<p data-v-md-line=\"48\">Vi skickar endast 100 % \u00e4kta produkter fr\u00e5n p\u00e5litliga kanaler. Vi l\u00e5ter dig vara s\u00e4ker p\u00e5 kvalitet och sp\u00e5rbarhet. F\u00f6retagskunder kan dra nytta av konkurrenskraftiga grossistpriser, professionella kundteam och snabba DDP-leveranser fr\u00e5n UPS, DPD och DHL inom Europeiska unionen.<\/p>\n<p data-v-md-line=\"50\">Vi st\u00f6der \u00e5ldersvaliderad f\u00f6rs\u00e4ljning och f\u00f6ljer EU:s marknadsriktlinjer. Du f\u00e5r tydliga fakturor, s\u00e4kra betalningsmetoder och en bekv\u00e4m process f\u00f6r att returnera defekta produkter. Vill du ha SFOG Soul Bar 15000 vape-produkter med smak av dryck p\u00e5 hyllorna? V\u00e4lkommen att kontakta oss. Vi hj\u00e4lper dig att v\u00e4lja r\u00e4tt smak- och nikotinkoncentrationskombination f\u00f6r dina kunder.<\/p>","protected":false},"excerpt":{"rendered":"<p>What is the charm of SFOG Soul Bar 15000 mouth beverage flavored vapes? If you love the choice of drinking<\/p>","protected":false},"featured_media":13632,"comment_status":"open","ping_status":"closed","template":"","meta":[],"product_brand":[208],"product_cat":[124,185,1635,176,177,174,175,193,191,135,173,186,180,190],"product_tag":[],"class_list":{"0":"post-13604","1":"product","2":"type-product","3":"status-publish","4":"has-post-thumbnail","6":"product_brand-sfog","7":"product_cat-vape-by-brand","8":"product_cat-10000-puffs-high-capacity","9":"product_cat-15000-puffs","10":"product_cat-beverage","11":"product_cat-dessert-sweets","12":"product_cat-fruit-flavors","13":"product_cat-icy-mint","14":"product_cat-mesh-coil","15":"product_cat-rechargeable-disposables","16":"product_cat-sfog","17":"product_cat-vape-by-flavor-profile","18":"product_cat-vape-by-nicotine-strength","19":"product_cat-vape-by-puff-count","20":"product_cat-vape-by-feature-or-type","22":"first","23":"onbackorder","24":"shipping-taxable","25":"purchasable","26":"product-type-variable","27":"has-default-attributes"},"tiered_pricing_type":"percentage","tiered_pricing_fixed_rules":[],"tiered_pricing_product_settings":{"layout":"default","base_unit_name":{"singular":null,"plural":null},"default_variation":null},"tiered_pricing_minimum_quantity":10,"tiered_pricing_roles_data":[],"tiered_pricing_percentage_rules":{"30":"29","50":"35","100":"40","200":"44","500":"47","1000":"49"},"tiered_pricing_maximum_quantity":null,"tiered_pricing_quantity_step":"10","_links":{"self":[{"href":"https:\/\/agoravape.com\/sv\/wp-json\/wp\/v2\/product\/13604","targetHints":{"allow":["GET"]}}],"collection":[{"href":"https:\/\/agoravape.com\/sv\/wp-json\/wp\/v2\/product"}],"about":[{"href":"https:\/\/agoravape.com\/sv\/wp-json\/wp\/v2\/types\/product"}],"replies":[{"embeddable":true,"href":"https:\/\/agoravape.com\/sv\/wp-json\/wp\/v2\/comments?post=13604"}],"version-history":[{"count":0,"href":"https:\/\/agoravape.com\/sv\/wp-json\/wp\/v2\/product\/13604\/revisions"}],"wp:featuredmedia":[{"embeddable":true,"href":"https:\/\/agoravape.com\/sv\/wp-json\/wp\/v2\/media\/13632"}],"wp:attachment":[{"href":"https:\/\/agoravape.com\/sv\/wp-json\/wp\/v2\/media?parent=13604"}],"wp:term":[{"taxonomy":"product_brand","embeddable":true,"href":"https:\/\/agoravape.com\/sv\/wp-json\/wp\/v2\/product_brand?post=13604"},{"taxonomy":"product_cat","embeddable":true,"href":"https:\/\/agoravape.com\/sv\/wp-json\/wp\/v2\/product_cat?post=13604"},{"taxonomy":"product_tag","embeddable":true,"href":"https:\/\/agoravape.com\/sv\/wp-json\/wp\/v2\/product_tag?post=13604"}],"curies":[{"name":"wp","href":"https:\/\/api.w.org\/{rel}","templated":true}]}}