{"id":13650,"date":"2025-10-11T18:16:47","date_gmt":"2025-10-11T10:16:47","guid":{"rendered":"https:\/\/green-grasshopper-921422.hostingersite.com\/?post_type=product&#038;p=13650"},"modified":"2025-12-15T21:31:04","modified_gmt":"2025-12-15T13:31:04","slug":"sfog-crystal-bar-s85-600-puffar-tpd-vape","status":"publish","type":"product","link":"https:\/\/agoravape.com\/sv\/product\/sfog-crystal-bar-s85-600-puffs-tpd-vape\/","title":{"rendered":"SFOG Crystal Bar S85 600 Puffs | TPD\u2011Compliant Flavour in a Pocket\u2011Friendly Bar"},"content":{"rendered":"<h2 data-v-md-heading=\"what-about-the-sfog-crystal-bar-s85-600-mouth-vape-that-meets-tpd-standards\" data-v-md-line=\"3\">Vad s\u00e4gs om SFOG Crystal Bar S85 600 munvape som uppfyller TPD-standarder?<\/h2>\n<p data-v-md-line=\"4\">Om du vill ha en enkel och l\u00e4ttanv\u00e4nd eng\u00e5ngsvape \u00e4r SFOG Crystal Bar S85 ditt perfekta val. Den anv\u00e4nder en 2 ml lagringstank, utrustad med 2 % (20 mg\/ml) nikotinsalt, och kan ge upp till 600 bloss r\u00f6k. Inga knappar beh\u00f6vs, enkelt och bekv\u00e4mt. Njut bara av en ren och stabil r\u00f6kupplevelse som uppfyller dina behov.<\/p>\n<p data-v-md-line=\"6\">Om du str\u00e4var efter p\u00e5litlig smak n\u00e4r som helst, var som helst, \u00e4r detta ditt perfekta val. Denna vape \u00e4r kompakt i storleken, bara 17 x 17 x 104 millimeter, vilket g\u00f6r den enkel att f\u00e5 plats i vilken ficka som helst. Du kanske tror att en 600-puffs vape skulle vara tunn, men den h\u00e4r vikten p\u00e5 50 gram ger dig sinnesro och kommer inte att f\u00e5 dig att k\u00e4nna dig tung alls.<\/p>\n<h2 data-v-md-heading=\"excellent-performance-easy-and-convenient\" data-v-md-line=\"8\">Utm\u00e4rkt prestanda, enkelt och bekv\u00e4mt<\/h2>\n<p data-v-md-line=\"9\">Inbyggd 1,2 \u03a9 mesh-spole s\u00e4kerst\u00e4ller en j\u00e4mn smak fr\u00e5n f\u00f6rsta till sista tuggan. Mesh-spolen v\u00e4rmer e-v\u00e4tskan j\u00e4mnt, vilket s\u00e4kerst\u00e4ller att varje tugga \u00e4r lika uts\u00f6kt som den f\u00f6reg\u00e5ende. Andas in f\u00f6r att aktivera, andas bara f\u00f6rsiktigt in f\u00f6r att aktivera. Inget behov av att justera inst\u00e4llningarna, l\u00e4tt att komma ig\u00e5ng.<\/p>\n<h2 data-v-md-heading=\"specification-introduction\" data-v-md-line=\"11\">Specification Introduction<\/h2>\n<ul data-v-md-line=\"12\">\n<li>Sugfrekvens: upp till 600 g\u00e5nger<\/li>\n<li>Nikotin: 2 % (20 mg\/ml) nikotinsalt<\/li>\n<li>Working principle: Activated by inhalation<\/li>\n<li>Laddning: Ingen laddning beh\u00f6vs (eng\u00e5ngsladdningsbar)<\/li>\n<li>Status: Klar att anv\u00e4nda vid uppackning<\/li>\n<\/ul>\n<h2 data-v-md-heading=\"full-range-of-flavors\" data-v-md-line=\"18\">Fullt utbud av smaker<\/h2>\n<ul data-v-md-line=\"19\">\n<li>Trippelmango<\/li>\n<li>Trippel s\u00f6t melon<\/li>\n<li>Bubble Cherry<\/li>\n<li>Vattenmelonis<\/li>\n<li>Coca-Cola<\/li>\n<li>Citron och lime<\/li>\n<li>Galen bl\u00e5 is<\/li>\n<li>Ananasis<\/li>\n<li>Jordgubb, kiwi<\/li>\n<li>Mentol-is<\/li>\n<li>Jordgubb Red Bull<\/li>\n<li>Sommardr\u00f6mmar<\/li>\n<li>Vit gummiaktig is<\/li>\n<li>Persikois<\/li>\n<li>K\u00f6rsb\u00e4rscola<\/li>\n<\/ul>\n<h2 data-v-md-heading=\"for-you-for-your-business\" data-v-md-line=\"35\">F\u00f6r dig, f\u00f6r ditt f\u00f6retag<\/h2>\n<p data-v-md-line=\"36\">Du kan k\u00f6pa SFOG Crystal Bar S85 separat f\u00f6r personligt bruk, eller f\u00f6rvara den i din butik. Vi erbjuder 300 grossistkartongf\u00f6rpackningar och displayst\u00e4ll. Vi samarbetar med betrodda partners som UPS, DPD och DHL f\u00f6r frakt med DDP, s\u00e5 att tullar kan behandlas i f\u00f6rv\u00e4g f\u00f6r att undvika tullolyckor.<\/p>\n<p data-v-md-line=\"38\">S85 uppfyller helt TPD-standarderna och kan s\u00e4ljas i Europa med en kapacitet p\u00e5 2 milliliter och ett nikotinsaltinneh\u00e5ll p\u00e5 20 milligram. Om du vill ha en 600-pack eng\u00e5ngscigarettpatron som kunderna redan \u00e4r bekanta med, kan den h\u00e4r produkten enkelt l\u00e4ggas till vilken hylla som helst.<\/p>\n<h2 data-v-md-heading=\"why-do-you-like-it\" data-v-md-line=\"40\">Why do you like it<\/h2>\n<ul data-v-md-line=\"41\">\n<li>Massiv sugkraft: upp till 600 bloss inneb\u00e4r f\u00e4rre laddningar och sista minuten-k\u00f6p.<\/li>\n<li>Nikotinsalt som uppfyller TPD-standarder: 20 mg mjukt nikotinsalt, med en fyllig smak och ingen stickande k\u00e4nsla.<\/li>\n<li>Ingen laddning beh\u00f6vs: bara plocka upp den och anv\u00e4nd den. Avsluta s\u00e5 snart den \u00e4r slut.<\/li>\n<li>N\u00e4tspiral: ger en j\u00e4mn smak och en p\u00e5litlig sugupplevelse varje g\u00e5ng.<\/li>\n<\/ul>\n<h2 data-v-md-heading=\"why-collaborate-with-agoravape\" data-v-md-line=\"46\">Why collaborate with AgoraVape?<\/h2>\n<p data-v-md-line=\"47\">Vi s\u00e4ljer endast 100 % \u00e4kta produkter fr\u00e5n p\u00e5litliga kanaler som uppfyller TPD-standarder. Du f\u00e5r rabatterade grossistpriser, snabb support och snabba DDP-leveranser inom Europeiska unionen och Storbritannien. Vi utf\u00f6r strikt \u00e5lderskontroll hos \u00e5terf\u00f6rs\u00e4ljare och har tydliga retur- och \u00e5terbetalningspolicyer. Vill du k\u00f6pa SFOG Crystal Bar S85 600 vapes som uppfyller TPD-standarder? Kontakta oss s\u00e5 v\u00e4ljer vi ut ett utbud av vape-produkter som \u00e4r v\u00e4rda att k\u00f6pa tillbaka \u00e5t dig.<\/p>","protected":false},"excerpt":{"rendered":"<p>What about the SFOG Crystal Bar S85 600 mouth vape that meets TPD standards? If you want a simple and<\/p>","protected":false},"featured_media":13676,"comment_status":"open","ping_status":"closed","template":"","meta":[],"product_brand":[208],"product_cat":[124,189,176,174,175,193,135,181,173,186,180,190],"product_tag":[],"class_list":{"0":"post-13650","1":"product","2":"type-product","3":"status-publish","4":"has-post-thumbnail","6":"product_brand-sfog","7":"product_cat-vape-by-brand","8":"product_cat-20mg-standard-nicotine-vapes","9":"product_cat-beverage","10":"product_cat-fruit-flavors","11":"product_cat-icy-mint","12":"product_cat-mesh-coil","13":"product_cat-sfog","14":"product_cat-up-to-600-puffs-tpd-compliant","15":"product_cat-vape-by-flavor-profile","16":"product_cat-vape-by-nicotine-strength","17":"product_cat-vape-by-puff-count","18":"product_cat-vape-by-feature-or-type","20":"first","21":"instock","22":"shipping-taxable","23":"purchasable","24":"product-type-variable","25":"has-default-attributes"},"tiered_pricing_type":"percentage","tiered_pricing_fixed_rules":[],"tiered_pricing_product_settings":{"layout":"default","base_unit_name":{"singular":null,"plural":null},"default_variation":null},"tiered_pricing_minimum_quantity":10,"tiered_pricing_roles_data":[],"tiered_pricing_percentage_rules":{"30":"29","50":"35","100":"40","200":"44","500":"47","1000":"49"},"tiered_pricing_maximum_quantity":null,"tiered_pricing_quantity_step":"10","_links":{"self":[{"href":"https:\/\/agoravape.com\/sv\/wp-json\/wp\/v2\/product\/13650","targetHints":{"allow":["GET"]}}],"collection":[{"href":"https:\/\/agoravape.com\/sv\/wp-json\/wp\/v2\/product"}],"about":[{"href":"https:\/\/agoravape.com\/sv\/wp-json\/wp\/v2\/types\/product"}],"replies":[{"embeddable":true,"href":"https:\/\/agoravape.com\/sv\/wp-json\/wp\/v2\/comments?post=13650"}],"version-history":[{"count":0,"href":"https:\/\/agoravape.com\/sv\/wp-json\/wp\/v2\/product\/13650\/revisions"}],"wp:featuredmedia":[{"embeddable":true,"href":"https:\/\/agoravape.com\/sv\/wp-json\/wp\/v2\/media\/13676"}],"wp:attachment":[{"href":"https:\/\/agoravape.com\/sv\/wp-json\/wp\/v2\/media?parent=13650"}],"wp:term":[{"taxonomy":"product_brand","embeddable":true,"href":"https:\/\/agoravape.com\/sv\/wp-json\/wp\/v2\/product_brand?post=13650"},{"taxonomy":"product_cat","embeddable":true,"href":"https:\/\/agoravape.com\/sv\/wp-json\/wp\/v2\/product_cat?post=13650"},{"taxonomy":"product_tag","embeddable":true,"href":"https:\/\/agoravape.com\/sv\/wp-json\/wp\/v2\/product_tag?post=13650"}],"curies":[{"name":"wp","href":"https:\/\/api.w.org\/{rel}","templated":true}]}}