{"id":13694,"date":"2025-10-11T20:53:22","date_gmt":"2025-10-11T12:53:22","guid":{"rendered":"https:\/\/green-grasshopper-921422.hostingersite.com\/?post_type=product&#038;p=13694"},"modified":"2026-01-19T22:07:38","modified_gmt":"2026-01-19T14:07:38","slug":"fihp-9000-puffar-rgb-ljus-vape","status":"publish","type":"product","link":"https:\/\/agoravape.com\/sv\/product\/fihp-9000-puffs-rgb-light-vape\/","title":{"rendered":"FIHP 9000 Puffs RGB Light Eng\u00e5ngsvape | L\u00e5ngvariga puffar, enkel laddning"},"content":{"rendered":"<h2 data-v-md-heading=\"what-are-the-highlights-of-the-fihp-9000-rgb-disposable-vape\" data-v-md-line=\"3\">Vilka \u00e4r h\u00f6jdpunkterna hos FIHP 9000 RGB eng\u00e5ngsvapen?<\/h2>\n<p data-v-md-line=\"4\">Om du \u00e4r tr\u00f6tt p\u00e5 eng\u00e5ngsvapor och anv\u00e4nder dem snabbt varje g\u00e5ng, s\u00e5 kommer den h\u00e4r vapen att g\u00f6ra ditt liv enklare. FIHP 9000 vapen kan ge en maximal kapacitet p\u00e5 9000 bloss per enhet, och dess mesh-spiral absorberar olja smidigt, vilket bibeh\u00e5ller l\u00e4ckerheten fr\u00e5n b\u00f6rjan till slut. Den har en design som aktiverar oljans absorption, utan behov av besv\u00e4rliga knapp- eller menyfunktioner.<\/p>\n<p data-v-md-line=\"6\">Den passar alla som vill ha enkel daglig anv\u00e4ndning och l\u00e5ngvarig h\u00e5llbarhet. Dessutom \u00e4r den utrustad med ett intressant RGB-ljus som blinkar n\u00e4r du absorberar olja, vilket ger personlighet utan att vara i v\u00e4gen. Du kanske tycker att denna vape med en s\u00e5 stor kapacitet kan verka klumpig, men det \u00e4r en enkel och l\u00e4ttanv\u00e4nd vape i fickformat som \u00e4r bekv\u00e4m att b\u00e4ra med sig.<\/p>\n<h2 data-v-md-heading=\"excellent-performance-easy-and-convenient\" data-v-md-line=\"8\">Utm\u00e4rkt prestanda, enkelt och bekv\u00e4mt<\/h2>\n<p data-v-md-line=\"9\">Inbyggd 1,0 \u03a9 mesh-f\u00f6rstoftningsk\u00e4rna s\u00e4kerst\u00e4ller j\u00e4mn uppv\u00e4rmning och f\u00f6rhindrar smakf\u00f6rlust halvv\u00e4gs. Ett uppladdningsbart batteri p\u00e5 650 mAh inneb\u00e4r att du kan anv\u00e4nda upp till 18 milliliter e-v\u00e4tska. N\u00e4r batteriet \u00e4r l\u00e5gt kan du fylla p\u00e5 det via Type-C-gr\u00e4nssnittet. Detta kan vara samma datakabel som p\u00e5 din telefon. L\u00e4tt att anv\u00e4nda.<\/p>\n<h2 data-v-md-heading=\"specification-overview\" data-v-md-line=\"11\">Specifikations\u00f6versikt<\/h2>\n<ul data-v-md-line=\"12\">\n<li>Sugfrekvens: upp till 9000 g\u00e5nger<\/li>\n<li>Nikotinhalt: 2 % eller 5 % (valfritt f\u00f6r egna varum\u00e4rken)<\/li>\n<li>Working principle: Activated by inhalation<\/li>\n<li>Laddning: Standard USB-gr\u00e4nssnitt av typ C<\/li>\n<li>Status: Klar att anv\u00e4nda direkt ur l\u00e5dan<\/li>\n<\/ul>\n<h2 data-v-md-heading=\"to-create-for-you-and-your-business\" data-v-md-line=\"18\">Att skapa f\u00f6r dig och ditt f\u00f6retag<\/h2>\n<p data-v-md-line=\"19\">Du kan k\u00f6pa en enhet f\u00f6r dagligt bruk eller fylla p\u00e5 lagret till din butik. Vi erbjuder grossistf\u00f6rpackningar med 200 enheter per l\u00e5da f\u00f6r att f\u00f6renkla lagret och bibeh\u00e5lla vinstmarginalerna. Varje huvudl\u00e5da v\u00e4ger cirka 21 kilogram, s\u00e5 du kan enkelt planera din f\u00f6rvaring.<\/p>\n<p data-v-md-line=\"21\">Vi samarbetar med betrodda partners som UPS, DPD och DHL f\u00f6r att tillhandah\u00e5lla DDP-leveranser \u00f6ver hela Europa, vilket s\u00e4kerst\u00e4ller snabb leverans av din best\u00e4llning, korrekt hantering av tullavgifter och undviker tullolyckor. \u00c4kta lagerstatus, tydliga fakturor och smidig leverans.<\/p>\n<h2 data-v-md-heading=\"why-do-you-like-it\" data-v-md-line=\"23\">Why do you like it<\/h2>\n<ul data-v-md-line=\"24\">\n<li>Massivt sug: minska antalet laddningstider och minimera upprepade k\u00f6p.<\/li>\n<li>Nikotinval: V\u00e4lj den nikotinkoncentration som passar din kund eller dina personliga vanor.<\/li>\n<li>Uppladdningsbar: Anv\u00e4nd upp varje droppe e-v\u00e4tska du k\u00f6per.<\/li>\n<li>Mesh coil: J\u00e4mn smak, fr\u00e5n f\u00f6rsta till sista tuggan, ger en tillfredsst\u00e4llande upplevelse.<\/li>\n<\/ul>\n<h2 data-v-md-heading=\"why-choose-agoravape\" data-v-md-line=\"29\">Varf\u00f6r v\u00e4lja AgoraVape?<\/h2>\n<p data-v-md-line=\"30\">Vi k\u00f6per endast 100 % \u00e4kta produkter och ansvarar f\u00f6r de produkter vi s\u00e4ljer. Som en av de betrodda vape-distribut\u00f6rerna i Europa kan du dra nytta av rabatterade grossistpriser, v\u00e4nlig support och snabba DDP-leveranser n\u00e4r du k\u00f6per FIHP 9000 Puffs RGB Light eng\u00e5ngsvapor. Vill du k\u00f6pa en enhet som kunder ofta k\u00f6per tillbaka? L\u00e5t oss prata om det.<\/p>\n<p><script src=\"chrome-extension:\/\/fpelahbljekknahkcaegamhcndkfpfnc\/iFrame.js\" type=\"text\/javascript\"><\/script><\/p>","protected":false},"excerpt":{"rendered":"<p>&nbsp;<\/p>\n<p><script src=\"chrome-extension:\/\/fpelahbljekknahkcaegamhcndkfpfnc\/iFrame.js\" type=\"text\/javascript\"><\/script><\/p>\n<p><script src=\"chrome-extension:\/\/fpelahbljekknahkcaegamhcndkfpfnc\/iFrame.js\" type=\"text\/javascript\"><\/script><\/p>","protected":false},"featured_media":13716,"comment_status":"open","ping_status":"closed","template":"","meta":[],"product_brand":[209],"product_cat":[124,185,189,176,136,174,175,193,191,173,186,180,190],"product_tag":[],"class_list":{"0":"post-13694","1":"product","2":"type-product","3":"status-publish","4":"has-post-thumbnail","6":"product_brand-fihp","7":"product_cat-vape-by-brand","8":"product_cat-10000-puffs-high-capacity","9":"product_cat-20mg-standard-nicotine-vapes","10":"product_cat-beverage","11":"product_cat-fihp","12":"product_cat-fruit-flavors","13":"product_cat-icy-mint","14":"product_cat-mesh-coil","15":"product_cat-rechargeable-disposables","16":"product_cat-vape-by-flavor-profile","17":"product_cat-vape-by-nicotine-strength","18":"product_cat-vape-by-puff-count","19":"product_cat-vape-by-feature-or-type","21":"first","22":"onbackorder","23":"shipping-taxable","24":"purchasable","25":"product-type-variable","26":"has-default-attributes"},"tiered_pricing_type":"percentage","tiered_pricing_fixed_rules":[],"tiered_pricing_product_settings":{"layout":"default","base_unit_name":{"singular":null,"plural":null},"default_variation":null},"tiered_pricing_minimum_quantity":10,"tiered_pricing_roles_data":[],"tiered_pricing_percentage_rules":{"50":"35","100":"40","200":"44","500":"47","1000":"49"},"tiered_pricing_maximum_quantity":null,"tiered_pricing_quantity_step":"10","_links":{"self":[{"href":"https:\/\/agoravape.com\/sv\/wp-json\/wp\/v2\/product\/13694","targetHints":{"allow":["GET"]}}],"collection":[{"href":"https:\/\/agoravape.com\/sv\/wp-json\/wp\/v2\/product"}],"about":[{"href":"https:\/\/agoravape.com\/sv\/wp-json\/wp\/v2\/types\/product"}],"replies":[{"embeddable":true,"href":"https:\/\/agoravape.com\/sv\/wp-json\/wp\/v2\/comments?post=13694"}],"version-history":[{"count":0,"href":"https:\/\/agoravape.com\/sv\/wp-json\/wp\/v2\/product\/13694\/revisions"}],"wp:featuredmedia":[{"embeddable":true,"href":"https:\/\/agoravape.com\/sv\/wp-json\/wp\/v2\/media\/13716"}],"wp:attachment":[{"href":"https:\/\/agoravape.com\/sv\/wp-json\/wp\/v2\/media?parent=13694"}],"wp:term":[{"taxonomy":"product_brand","embeddable":true,"href":"https:\/\/agoravape.com\/sv\/wp-json\/wp\/v2\/product_brand?post=13694"},{"taxonomy":"product_cat","embeddable":true,"href":"https:\/\/agoravape.com\/sv\/wp-json\/wp\/v2\/product_cat?post=13694"},{"taxonomy":"product_tag","embeddable":true,"href":"https:\/\/agoravape.com\/sv\/wp-json\/wp\/v2\/product_tag?post=13694"}],"curies":[{"name":"wp","href":"https:\/\/api.w.org\/{rel}","templated":true}]}}