{"id":13762,"date":"2025-10-11T21:27:21","date_gmt":"2025-10-11T13:27:21","guid":{"rendered":"https:\/\/green-grasshopper-921422.hostingersite.com\/?post_type=product&#038;p=13762"},"modified":"2026-01-19T22:07:25","modified_gmt":"2026-01-19T14:07:25","slug":"fihp-15000-puffar-led-display-vape","status":"publish","type":"product","link":"https:\/\/agoravape.com\/sv\/product\/fihp-15000-puffs-led-display-vape\/","title":{"rendered":"FIHP 15000 Puffs LED-display Eng\u00e5ngsvape | Stora puffar. Tydlig display. Inget kr\u00e5ngel"},"content":{"rendered":"<h2 data-v-md-heading=\"what-about-disposable-vapes-with-fihp-15000-led-display-screens\" data-v-md-line=\"3\"><\/h2>\n<h2 data-v-md-heading=\"what-about-disposable-vapes-with-fihp-15000-led-display-screens\" data-v-md-line=\"3\">Vad s\u00e4gs om eng\u00e5ngsvapor med FIHP 15000 LED-sk\u00e4rmar?<\/h2>\n<p data-v-md-line=\"4\">Om du \u00e4r tr\u00f6tt p\u00e5 eng\u00e5ngsvapor som anv\u00e4nds n\u00e4r du beh\u00f6ver dem som mest, d\u00e5 vill du definitivt ta en titt p\u00e5 den h\u00e4r produkten. FIHP:s eng\u00e5ngsvapor med 15 000 portar och LED-sk\u00e4rm \u00e4r designad f\u00f6r l\u00e5ngvarig anv\u00e4ndning. Den \u00e4r enkel att anv\u00e4nda, p\u00e5litlig i prestanda, utm\u00e4rkt i smaken och kr\u00e4ver ingen \u00e5tg\u00e4rd.<\/p>\n<p data-v-md-line=\"6\">F\u00f6r alla som vill ha en eng\u00e5ngsvape med stor kapacitet och \u00e4r l\u00e4tt att anv\u00e4nda \u00e4r den h\u00e4r produkten det b\u00e4sta valet. Inga knappar beh\u00f6vs, inga menyer beh\u00f6vs, bara ett l\u00e4tt sug att anv\u00e4nda. Du kanske tror att en vape med s\u00e5 stor kapacitet \u00e4r klumpig, men \u00f6verraskande nog \u00e4r den mycket prisv\u00e4rd.<\/p>\n<h2 data-v-md-heading=\"excellent-performance-no-need-for-any-operation\" data-v-md-line=\"8\">Utm\u00e4rkt prestanda, inget behov av n\u00e5gon operation<\/h2>\n<p data-v-md-line=\"9\">N\u00e4tspolen h\u00e5ller smaken ren och j\u00e4mn fr\u00e5n f\u00f6rsta till sista tuggan. Det kommer inte att finnas n\u00e5gon br\u00e4nd lukt under en veckas anv\u00e4ndning. Ett uppladdningsbart batteri p\u00e5 650 mAh i kombination med ett typ-C-gr\u00e4nssnitt g\u00f6r det enkelt f\u00f6r dig att ladda din telefon med en laddningskabel. LED-sk\u00e4rmen \u00e4r tydlig och ger dig alltid kontroll \u00f6ver allt.<\/p>\n<h2 data-v-md-heading=\"specification-overview\" data-v-md-line=\"11\">Specifikations\u00f6versikt<\/h2>\n<ul data-v-md-line=\"12\">\n<li>Sugfrekvens: upp till 15000 g\u00e5nger<\/li>\n<li>Nikotinhalt: 2 %. Privata varum\u00e4rken kan f\u00e5 5 % rabatt, men m\u00e5ste f\u00f6lja lokala best\u00e4mmelser.<\/li>\n<li>Working principle: Activated by inhalation<\/li>\n<li>Laddning: Standard USB-gr\u00e4nssnitt av typ C<\/li>\n<li>Status: Klar att anv\u00e4nda direkt ur l\u00e5dan<\/li>\n<\/ul>\n<p data-v-md-line=\"18\">Andra detaljer:<\/p>\n<ul data-v-md-line=\"19\">\n<li>Coil: Mesh coil<\/li>\n<li>E-v\u00e4tskekapacitet: 22 milliliter<\/li>\n<li>Batteri: 650mAh<\/li>\n<li>Funktion: LED-sk\u00e4rm<\/li>\n<\/ul>\n<h2 data-v-md-heading=\"full-range-of-flavors\" data-v-md-line=\"25\">Fullt utbud av smaker<\/h2>\n<ul data-v-md-line=\"26\">\n<li>Herr Bl\u00e5<\/li>\n<li>Bl\u00e5 isbanan<\/li>\n<li>Vattenmelonis<\/li>\n<li>Energidrycker<\/li>\n<li>Druvis<\/li>\n<li>Persikois<\/li>\n<li>Kiwi, passionsfrukt, guava<\/li>\n<li>Jordgubb, kiwi<\/li>\n<li>Persika, Mango, Ananas<\/li>\n<li>Jordgubb, hallon, k\u00f6rsb\u00e4r<\/li>\n<\/ul>\n<h2 data-v-md-heading=\"for-you-for-your-business\" data-v-md-line=\"37\">F\u00f6r dig, f\u00f6r ditt f\u00f6retag<\/h2>\n<p data-v-md-line=\"38\">Du kan v\u00e4lja med f\u00f6rtroende, och du kan ocks\u00e5 tryggt k\u00f6pa till dina hyllor. Vi erbjuder grossistl\u00e5dor med 200 st per l\u00e5da, vilket g\u00f6r att du kan ha popul\u00e4ra smaker till hands n\u00e4r som helst utan att beh\u00f6va fylla p\u00e5 ofta. Vi samarbetar med betrodda partners som UPS, DPD och DHL f\u00f6r att skicka med Duty Paid Delivery (DDP), vilket inneb\u00e4r att du inte beh\u00f6ver betala tull och inte st\u00f6ter p\u00e5 n\u00e5gra ov\u00e4ntade situationer i tullen.<\/p>\n<h2 data-v-md-heading=\"why-do-you-like-it\" data-v-md-line=\"40\">Why do you like it<\/h2>\n<ul data-v-md-line=\"41\">\n<li>Large smoking capacity: durable and long-lasting, no need to frequently purchase new cigarettes<\/li>\n<li>Val av nikotinkoncentration: V\u00e4lj den koncentration som passar din marknad eller dina preferenser<\/li>\n<li>Uppladdningsbar: Du kan anv\u00e4nda alla k\u00f6pta e-v\u00e4tskor<\/li>\n<li>N\u00e4tf\u00f6rstoftande k\u00e4rna: kan ge stabil och l\u00e5ngvarig smak varje g\u00e5ng<\/li>\n<li>LED-sk\u00e4rm: tydlig status med en blick, s\u00e5 att du kan h\u00e5lla koll p\u00e5 aktuell status n\u00e4r som helst<\/li>\n<\/ul>\n<h2 data-v-md-heading=\"why-choose-agoravape\" data-v-md-line=\"47\">Varf\u00f6r v\u00e4lja AgoraVape?<\/h2>\n<p data-v-md-line=\"48\">Vi s\u00e4ljer endast 100 % \u00e4kta produkter och tvivlar inte p\u00e5 det. F\u00f6r f\u00f6retagskunder f\u00e5r du mycket konkurrenskraftiga grossistpriser, p\u00e5litlig support och snabba och p\u00e5litliga leveranstj\u00e4nster f\u00f6r FIHP 15000 LED-display eng\u00e5ngsvape. Om du vill k\u00f6pa en enhet som dina kunder verkligen kommer att uppskatta, v\u00e4nligen kontakta oss.<\/p>","protected":false},"excerpt":{"rendered":"<p>Vad s\u00e4gs om eng\u00e5ngsvapor med FIHP 15000 LED-sk\u00e4rmar? Om du \u00e4r tr\u00f6tt p\u00e5 eng\u00e5ngsvapor som anv\u00e4nds<\/p>","protected":false},"featured_media":13784,"comment_status":"open","ping_status":"closed","template":"","meta":[],"product_brand":[209],"product_cat":[124,185,1635,189,176,136,174,175,193,191,173,186,180,190,192],"product_tag":[],"class_list":{"0":"post-13762","1":"product","2":"type-product","3":"status-publish","4":"has-post-thumbnail","6":"product_brand-fihp","7":"product_cat-vape-by-brand","8":"product_cat-10000-puffs-high-capacity","9":"product_cat-15000-puffs","10":"product_cat-20mg-standard-nicotine-vapes","11":"product_cat-beverage","12":"product_cat-fihp","13":"product_cat-fruit-flavors","14":"product_cat-icy-mint","15":"product_cat-mesh-coil","16":"product_cat-rechargeable-disposables","17":"product_cat-vape-by-flavor-profile","18":"product_cat-vape-by-nicotine-strength","19":"product_cat-vape-by-puff-count","20":"product_cat-vape-by-feature-or-type","21":"product_cat-vapes-with-screens","23":"first","24":"onbackorder","25":"shipping-taxable","26":"purchasable","27":"product-type-variable","28":"has-default-attributes"},"tiered_pricing_type":"percentage","tiered_pricing_fixed_rules":[],"tiered_pricing_product_settings":{"layout":"default","base_unit_name":{"singular":null,"plural":null},"default_variation":null},"tiered_pricing_minimum_quantity":10,"tiered_pricing_roles_data":[],"tiered_pricing_percentage_rules":{"50":"35","100":"40","200":"44","500":"47","1000":"49"},"tiered_pricing_maximum_quantity":null,"tiered_pricing_quantity_step":"10","_links":{"self":[{"href":"https:\/\/agoravape.com\/sv\/wp-json\/wp\/v2\/product\/13762","targetHints":{"allow":["GET"]}}],"collection":[{"href":"https:\/\/agoravape.com\/sv\/wp-json\/wp\/v2\/product"}],"about":[{"href":"https:\/\/agoravape.com\/sv\/wp-json\/wp\/v2\/types\/product"}],"replies":[{"embeddable":true,"href":"https:\/\/agoravape.com\/sv\/wp-json\/wp\/v2\/comments?post=13762"}],"version-history":[{"count":0,"href":"https:\/\/agoravape.com\/sv\/wp-json\/wp\/v2\/product\/13762\/revisions"}],"wp:featuredmedia":[{"embeddable":true,"href":"https:\/\/agoravape.com\/sv\/wp-json\/wp\/v2\/media\/13784"}],"wp:attachment":[{"href":"https:\/\/agoravape.com\/sv\/wp-json\/wp\/v2\/media?parent=13762"}],"wp:term":[{"taxonomy":"product_brand","embeddable":true,"href":"https:\/\/agoravape.com\/sv\/wp-json\/wp\/v2\/product_brand?post=13762"},{"taxonomy":"product_cat","embeddable":true,"href":"https:\/\/agoravape.com\/sv\/wp-json\/wp\/v2\/product_cat?post=13762"},{"taxonomy":"product_tag","embeddable":true,"href":"https:\/\/agoravape.com\/sv\/wp-json\/wp\/v2\/product_tag?post=13762"}],"curies":[{"name":"wp","href":"https:\/\/api.w.org\/{rel}","templated":true}]}}