{"id":13804,"date":"2025-10-11T21:39:53","date_gmt":"2025-10-11T13:39:53","guid":{"rendered":"https:\/\/green-grasshopper-921422.hostingersite.com\/?post_type=product&#038;p=13804"},"modified":"2026-02-22T15:15:12","modified_gmt":"2026-02-22T14:15:12","slug":"fihp-shisha-vattenpipa-12000-puffar-dtl-vape","status":"publish","type":"product","link":"https:\/\/agoravape.com\/sv\/product\/fihp-shisha-hookah-12000-puffs-dtl-vape\/","title":{"rendered":"FIHP Shisha Hookah 12000 Puffs DTL LED Vape | L\u00e5ngvarig DTL-smak med enkel USB-C-laddning"},"content":{"rendered":"<h2 data-v-md-heading=\"what-are-the-highlights-of-the-fihp-shisha-hookah-12000-dtl-led-vape\" data-v-md-line=\"3\"><\/h2>\n<h2 data-v-md-heading=\"what-are-the-highlights-of-the-fihp-shisha-hookah-12000-dtl-led-vape\" data-v-md-line=\"3\">Vilka \u00e4r h\u00f6jdpunkterna hos FIHP Shisha Hookah 12000 DTL LED vape?<\/h2>\n<p data-v-md-line=\"4\">Om du \u00e4r tr\u00f6tt p\u00e5 eng\u00e5ngs\u00e5ngor som anv\u00e4nds direkt efter r\u00f6kning kanske du vill ta en titt p\u00e5 den h\u00e4r produkten. FIHP Shisha Hookah kan ge upp till 12 000 portar, och DTL-sugningen \u00e4r j\u00e4mn, vilket g\u00f6r det enkelt att spruta tillfredsst\u00e4llande \u00e5nga utan n\u00e5gon man\u00f6vrering.<\/p>\n<p data-v-md-line=\"6\">Den passar alla som vill ha en l\u00e5ngvarig, bekv\u00e4m, j\u00e4mn smak och en l\u00e4ttanv\u00e4nd vape. Inga inst\u00e4llningar kr\u00e4vs, inga knappar beh\u00f6vs. Andas bara in rent, med en tydlig LED-display och p\u00e5litlig laddning vid behov.<\/p>\n<h2 data-v-md-heading=\"excellent-performance-without-any-complex-operations\" data-v-md-line=\"8\">Utm\u00e4rkt prestanda utan komplicerade operationer<\/h2>\n<p data-v-md-line=\"9\">N\u00e4tspolen sitter i enhetens k\u00e4rna, vilket g\u00f6r varje tugga lika uts\u00f6kt som den f\u00f6rsta. Beh\u00e5ll en distinkt och balanserad smak. N\u00e4r batteriet \u00e4r urladdat beh\u00f6vs ingen speciell datakabel. Anslut den bara till en vanlig typ-C-laddare f\u00f6r att forts\u00e4tta anv\u00e4nda den. L\u00e4tt att anv\u00e4nda.<\/p>\n<h2 data-v-md-heading=\"specification-overview\" data-v-md-line=\"11\">Specifikations\u00f6versikt<\/h2>\n<ul data-v-md-line=\"12\">\n<li>Sugfrekvens: upp till 12000 g\u00e5nger<\/li>\n<li>Nikotinhalt: 6 milligram<\/li>\n<li>Funktionsprincip: Aktiveras med bara ett bloss<\/li>\n<li>Laddningsmetod: Standard USB-port av typ C<\/li>\n<li>Status: Klar att anv\u00e4nda vid uppackning<\/li>\n<\/ul>\n<h2 data-v-md-heading=\"full-range-of-flavors\" data-v-md-line=\"18\">Fullt utbud av smaker<\/h2>\n<ul data-v-md-line=\"19\">\n<li>Vattenmelonis<\/li>\n<li>Druvis<\/li>\n<li>Bl\u00e5b\u00e4r och hallon<\/li>\n<li>Jordgubb, kiwi<\/li>\n<li>Blandade b\u00e4r<\/li>\n<li>Jordgubbsvattenmelon<\/li>\n<li>Vattenmelonbubbelgummi<\/li>\n<li>Persika Mang Ananas<\/li>\n<li>Kiwi, passionsfrukt, guava<\/li>\n<li>Jordgubb, hallon, k\u00f6rsb\u00e4r<\/li>\n<\/ul>\n<h2 data-v-md-heading=\"for-you-for-your-business\" data-v-md-line=\"30\">F\u00f6r dig, f\u00f6r ditt f\u00f6retag<\/h2>\n<p data-v-md-line=\"31\">Du kan v\u00e4lja en sj\u00e4lv eller fylla p\u00e5 lager till din butik. F\u00f6rpackad i grossistf\u00f6rpackning, 200 stycken per l\u00e5da, bekv\u00e4m och effektiv f\u00f6rvaring och transport. Kartongens totala vikt \u00e4r cirka 20 kilogram, s\u00e5 din logistikplanering \u00e4r mycket enkel.<\/p>\n<p data-v-md-line=\"33\">Vi erbjuder skattebetalda DDP-tj\u00e4nster via betrodda partners som UPS, DPD och DHL, vilka kan skickas \u00f6ver hela Europa f\u00f6r att s\u00e4kerst\u00e4lla smidig leverans av din best\u00e4llning och undvika tullolyckor. Om du s\u00e4ljer nikotinprodukter, se till att lokala best\u00e4mmelser f\u00f6ljs p\u00e5 din marknad.<\/p>\n<h2 data-v-md-heading=\"why-do-you-like-it\" data-v-md-line=\"35\">Why do you like it<\/h2>\n<ul data-v-md-line=\"36\">\n<li>Stor sugkapacitet: h\u00e5llbar och l\u00e5ngvarig, inget behov av frekvent byte.<\/li>\n<li>Val av nikotinkoncentration: Om du f\u00f6redrar en mildare smak kan du v\u00e4lja en stabil koncentration p\u00e5 6 mg.<\/li>\n<li>Uppladdningsbar: Den e-v\u00e4tska du k\u00f6pt r\u00e4cker tills den \u00e4r slut.<\/li>\n<li>Mesh coil: Den kan ge en stabil och rik smak varje g\u00e5ng.<\/li>\n<li>Fin sugning: J\u00e4mn sugning ger naturlig och j\u00e4mn r\u00f6k.<\/li>\n<\/ul>\n<h2 data-v-md-heading=\"why-choose-to-collaborate-with-agoravape\" data-v-md-line=\"42\">Varf\u00f6r v\u00e4lja att samarbeta med AgoraVape?<\/h2>\n<p data-v-md-line=\"43\">Som en av de mest betrodda vape-distribut\u00f6rerna i Europa s\u00e4ljer vi endast 100 % \u00e4kta produkter. F\u00f6r kommersiella kunder inneb\u00e4r detta att FIHP Shisha Hookah 12000 Puffs DTL LED vapes erbjuder rabatterade grossistpriser, snabb kundsupport och snabba och p\u00e5litliga leveranser. V\u00e4lkommen att kontakta oss och f\u00f6rbereda en p\u00e5litlig enhet f\u00f6r dina kunder.<\/p>","protected":false},"excerpt":{"rendered":"<p>Vilka \u00e4r h\u00f6jdpunkterna i FIHP Shisha Hookah 12000 DTL LED vape? Om du \u00e4r tr\u00f6tt p\u00e5 eng\u00e5ngsvapen<\/p>","protected":false},"featured_media":13811,"comment_status":"open","ping_status":"closed","template":"","meta":[],"product_brand":[209],"product_cat":[124,185,1634,189,177,136,174,193,191,173,186,180,190,192],"product_tag":[],"class_list":{"0":"post-13804","1":"product","2":"type-product","3":"status-publish","4":"has-post-thumbnail","6":"product_brand-fihp","7":"product_cat-vape-by-brand","8":"product_cat-10000-puffs-high-capacity","9":"product_cat-12000-puffs","10":"product_cat-20mg-standard-nicotine-vapes","11":"product_cat-dessert-sweets","12":"product_cat-fihp","13":"product_cat-fruit-flavors","14":"product_cat-mesh-coil","15":"product_cat-rechargeable-disposables","16":"product_cat-vape-by-flavor-profile","17":"product_cat-vape-by-nicotine-strength","18":"product_cat-vape-by-puff-count","19":"product_cat-vape-by-feature-or-type","20":"product_cat-vapes-with-screens","22":"first","23":"onbackorder","24":"shipping-taxable","25":"purchasable","26":"product-type-variable","27":"has-default-attributes"},"tiered_pricing_type":"percentage","tiered_pricing_fixed_rules":[],"tiered_pricing_product_settings":{"layout":"default","base_unit_name":{"singular":null,"plural":null},"default_variation":null},"tiered_pricing_minimum_quantity":10,"tiered_pricing_roles_data":[],"tiered_pricing_percentage_rules":{"50":"35","100":"40","200":"44","500":"47","1000":"49"},"tiered_pricing_maximum_quantity":null,"tiered_pricing_quantity_step":"10","_links":{"self":[{"href":"https:\/\/agoravape.com\/sv\/wp-json\/wp\/v2\/product\/13804","targetHints":{"allow":["GET"]}}],"collection":[{"href":"https:\/\/agoravape.com\/sv\/wp-json\/wp\/v2\/product"}],"about":[{"href":"https:\/\/agoravape.com\/sv\/wp-json\/wp\/v2\/types\/product"}],"replies":[{"embeddable":true,"href":"https:\/\/agoravape.com\/sv\/wp-json\/wp\/v2\/comments?post=13804"}],"version-history":[{"count":0,"href":"https:\/\/agoravape.com\/sv\/wp-json\/wp\/v2\/product\/13804\/revisions"}],"wp:featuredmedia":[{"embeddable":true,"href":"https:\/\/agoravape.com\/sv\/wp-json\/wp\/v2\/media\/13811"}],"wp:attachment":[{"href":"https:\/\/agoravape.com\/sv\/wp-json\/wp\/v2\/media?parent=13804"}],"wp:term":[{"taxonomy":"product_brand","embeddable":true,"href":"https:\/\/agoravape.com\/sv\/wp-json\/wp\/v2\/product_brand?post=13804"},{"taxonomy":"product_cat","embeddable":true,"href":"https:\/\/agoravape.com\/sv\/wp-json\/wp\/v2\/product_cat?post=13804"},{"taxonomy":"product_tag","embeddable":true,"href":"https:\/\/agoravape.com\/sv\/wp-json\/wp\/v2\/product_tag?post=13804"}],"curies":[{"name":"wp","href":"https:\/\/api.w.org\/{rel}","templated":true}]}}