{"id":14145,"date":"2025-10-12T21:46:50","date_gmt":"2025-10-12T13:46:50","guid":{"rendered":"https:\/\/green-grasshopper-921422.hostingersite.com\/?post_type=product&#038;p=14145"},"modified":"2026-01-30T17:28:32","modified_gmt":"2026-01-30T09:28:32","slug":"aivono-aim-fatmax-50k-puffar-dtl-shisha-vape","status":"publish","type":"product","link":"https:\/\/agoravape.com\/sv\/product\/aivono-aim-fatmax-50k-puffs-dtl-shisha-vape\/","title":{"rendered":"Aivono Aim Fatmax 50K Puffs DTL Shisha Vape | Stor DTL-smak som r\u00e4cker hela v\u00e4gen"},"content":{"rendered":"<h2 data-v-md-heading=\"what-are-the-advantages-of-using-aivono-aim-fatmax-50k-to-smoke-dtl-hookah\" data-v-md-line=\"3\"><img loading=\"lazy\" decoding=\"async\" class=\"aligncenter size-full wp-image-14144\" src=\"https:\/\/agoravape.com\/wp-content\/uploads\/2025\/10\/Aivono-Aim-Fatmax-50K-Puffs-DTL-Shisha-Vape_Agora_vape-1-scaled.webp\" alt=\"\" width=\"2560\" height=\"1312\" srcset=\"https:\/\/agoravape.com\/wp-content\/uploads\/2025\/10\/Aivono-Aim-Fatmax-50K-Puffs-DTL-Shisha-Vape_Agora_vape-1-scaled.webp 2560w, https:\/\/agoravape.com\/wp-content\/uploads\/2025\/10\/Aivono-Aim-Fatmax-50K-Puffs-DTL-Shisha-Vape_Agora_vape-1-scaled-1200x615.webp 1200w, https:\/\/agoravape.com\/wp-content\/uploads\/2025\/10\/Aivono-Aim-Fatmax-50K-Puffs-DTL-Shisha-Vape_Agora_vape-1-300x154.webp 300w, https:\/\/agoravape.com\/wp-content\/uploads\/2025\/10\/Aivono-Aim-Fatmax-50K-Puffs-DTL-Shisha-Vape_Agora_vape-1-1024x525.webp 1024w, https:\/\/agoravape.com\/wp-content\/uploads\/2025\/10\/Aivono-Aim-Fatmax-50K-Puffs-DTL-Shisha-Vape_Agora_vape-1-768x394.webp 768w, https:\/\/agoravape.com\/wp-content\/uploads\/2025\/10\/Aivono-Aim-Fatmax-50K-Puffs-DTL-Shisha-Vape_Agora_vape-1-1536x787.webp 1536w, https:\/\/agoravape.com\/wp-content\/uploads\/2025\/10\/Aivono-Aim-Fatmax-50K-Puffs-DTL-Shisha-Vape_Agora_vape-1-2048x1050.webp 2048w\" sizes=\"auto, (max-width: 2560px) 100vw, 2560px\" \/><\/h2>\n<h2 data-v-md-heading=\"what-are-the-advantages-of-using-aivono-aim-fatmax-50k-to-smoke-dtl-hookah\" data-v-md-line=\"3\">Vilka \u00e4r f\u00f6rdelarna med att anv\u00e4nda Aivono Aim Fatmax 50K f\u00f6r att r\u00f6ka DTL-vattenpipa?<\/h2>\n<p data-v-md-line=\"4\">Om du vill ha en l\u00e5ngvarig och h\u00e5llbar vape i vattenpipastil, kommer den h\u00e4r produkten att hj\u00e4lpa dig att enkelt komma ig\u00e5ng. Aivono Aim Fatmax kan suga upp till 50 000 bloss och har en genomg\u00e5ende fyllig DTL-textur.<\/p>\n<p data-v-md-line=\"6\">Den passar alla som uppskattar en len, transparent och fyllig blandning av vattenpipsmaker. Inget behov av tr\u00e5kiga operationer, inga behov av komplexa inst\u00e4llningar, p\u00e5litlig prestanda och den smak du verkligen f\u00f6rv\u00e4ntar dig.<\/p>\n<h2 data-v-md-heading=\"excellent-performance-without-any-complexity\" data-v-md-line=\"8\">Utm\u00e4rkt prestanda utan n\u00e5gon komplexitet<\/h2>\n<p data-v-md-line=\"9\">0,6 \u03a9 mesh-spolen driver smaken, vilket g\u00f6r varje tugga ren och fyllig utan n\u00e5gon tr\u00f6ghet. Du kan ocks\u00e5 f\u00e5 praktisk batteriniv\u00e5visning och e-v\u00e4tskeniv\u00e5visning, vilket inneb\u00e4r att ov\u00e4ntade situationer under middagstid minskar. N\u00e4r batteriet \u00e4r l\u00e5gt ansluter du helt enkelt Type-C-datakabeln f\u00f6r att ladda med samma datakabel som telefonen. L\u00e4tt att anv\u00e4nda.<\/p>\n<h2 data-v-md-heading=\"specification-overview\" data-v-md-line=\"11\">Specifikations\u00f6versikt<\/h2>\n<ul data-v-md-line=\"12\">\n<li>Sugfrekvens: upp till 50000 g\u00e5nger<\/li>\n<li>Nikotinhalt: 0 %, 2 %, 3 %, 5 % (specifikt utbud kan variera beroende p\u00e5 region)<\/li>\n<li>Coil: 0.6 \u03a9 mesh coil<\/li>\n<li>E-v\u00e4tskekapacitet: 30 milliliter<\/li>\n<li>Battery: 800 mAh rechargeable battery<\/li>\n<li>Arbetsprincip: DTL-sugning, sk\u00e4rmassisterad drift, enkel att anv\u00e4nda<\/li>\n<li>Laddning: Standard USB-gr\u00e4nssnitt av typ C<\/li>\n<li>Sk\u00e4rm: batteri- och e-v\u00e4tskeniv\u00e5indikator<\/li>\n<li>Status: Klar att anv\u00e4nda vid uppackning<\/li>\n<\/ul>\n<h2 data-v-md-heading=\"multiple-flavor-options\" data-v-md-line=\"22\">Flera smakalternativ<\/h2>\n<ul data-v-md-line=\"23\">\n<li>K\u00f6rsb\u00e4r och hallon<\/li>\n<li>Dubbla \u00e4pplen<\/li>\n<li>Druvliknande<\/li>\n<li>Bl\u00e5b\u00e4rsgummi<\/li>\n<li>Love 66 (passionsfrukt, blodapelsin, mynta)<\/li>\n<li>Lucid Dream (Bl\u00e5b\u00e4r Citron Mynta)<\/li>\n<li>Lush Ice (vattenmelonis)<\/li>\n<li>Persikois<\/li>\n<li>B\u00e4ris<\/li>\n<li>Jordgubbspanqu (mogna jordgubbar och uppfriskande frukter)<\/li>\n<\/ul>\n<h2 data-v-md-heading=\"for-you-and-your-company\" data-v-md-line=\"34\">F\u00f6r dig och ditt f\u00f6retag<\/h2>\n<p data-v-md-line=\"35\">Du kan k\u00f6pa Aivono Aim Fatmax 50K sj\u00e4lv eller l\u00e4gga till den i din butik. Vi erbjuder 140 grossistkartongf\u00f6rpackningar som kan skickas n\u00e4r som helst. Om dina kunder vill ha h\u00e5llbar DTL-eng\u00e5ngs e-v\u00e4tska som sm\u00e4lter s\u00f6ml\u00f6st in i smaken av vattenpipa, d\u00e5 \u00e4r detta ett klokt val.<\/p>\n<p data-v-md-line=\"37\">Vi erbjuder DDP-leveranser \u00f6ver hela Europa via betrodda partners som UPS, DPD och DHL, vilket s\u00e4kerst\u00e4ller transparenta priser och inga ov\u00e4ntade tullproblem. Du kan dra nytta av sp\u00e5rbar leverans och p\u00e5litlig oms\u00e4ttning.<\/p>\n<h2 data-v-md-heading=\"why-do-you-like-it\" data-v-md-line=\"39\">Why do you like it<\/h2>\n<ul data-v-md-line=\"40\">\n<li>Massiv sugkraft: upp till 50 000 dollar i sugkraft inneb\u00e4r f\u00e4rre upprepade k\u00f6p och h\u00f6gre v\u00e4rde.<\/li>\n<li>Nikotinval: V\u00e4lj l\u00e4mplig nikotinkoncentration f\u00f6r din dag.<\/li>\n<li>Uppladdningsbar: Utnyttja varje droppe 30 ml e-v\u00e4tska du k\u00f6per fullt ut.<\/li>\n<li>Mesh-spiral: J\u00e4mn smak, smidig DTL-upplevelse.<\/li>\n<li>Intelligent display: Batteri- och e-v\u00e4tskeniv\u00e5erna \u00e4r tydliga med en blick, vilket s\u00e4kerst\u00e4ller att du aldrig k\u00f6r fast.<\/li>\n<\/ul>\n<h2 data-v-md-heading=\"why-collaborate-with-agoravape\" data-v-md-line=\"46\">Why collaborate with AgoraVape?<\/h2>\n<p data-v-md-line=\"47\">Vi s\u00e4ljer endast 100 % \u00e4kta produkter och garanterar kvaliteten p\u00e5 de produkter vi skickar. V\u00e5ra B2B-kunder kan dra nytta av rabatterade grossistpriser, snabb teknisk support och snabba DDP-leveranser f\u00f6r Aivono Aim Fatmax 50K Puffs DTL-vattenpipor. Om du vill ha en p\u00e5litlig eng\u00e5ngsprodukt med h\u00f6g kapacitet som lockar kunder att komma tillbaka, \u00e4r du v\u00e4lkommen att kontakta oss.<\/p>","protected":false},"excerpt":{"rendered":"<p>What are the advantages of using Aivono Aim Fatmax 50K to smoke DTL hookah? If you want a long-lasting and<\/p>","protected":false},"featured_media":14166,"comment_status":"open","ping_status":"closed","template":"","meta":[],"product_brand":[211],"product_cat":[124,187,185,189,1641,138,174,175,193,191,179,173,186,180,190,192],"product_tag":[],"class_list":{"0":"post-14145","1":"product","2":"type-product","3":"status-publish","4":"has-post-thumbnail","6":"product_brand-aivono","7":"product_cat-vape-by-brand","8":"product_cat-0mg-nicotine-free-vapes","9":"product_cat-10000-puffs-high-capacity","10":"product_cat-20mg-standard-nicotine-vapes","11":"product_cat-50000-puffs","12":"product_cat-aivono","13":"product_cat-fruit-flavors","14":"product_cat-icy-mint","15":"product_cat-mesh-coil","16":"product_cat-rechargeable-disposables","17":"product_cat-unique-blends","18":"product_cat-vape-by-flavor-profile","19":"product_cat-vape-by-nicotine-strength","20":"product_cat-vape-by-puff-count","21":"product_cat-vape-by-feature-or-type","22":"product_cat-vapes-with-screens","24":"first","25":"instock","26":"shipping-taxable","27":"purchasable","28":"product-type-variable","29":"has-default-attributes"},"tiered_pricing_type":"percentage","tiered_pricing_fixed_rules":[],"tiered_pricing_product_settings":{"layout":"default","base_unit_name":{"singular":null,"plural":null},"default_variation":null},"tiered_pricing_minimum_quantity":10,"tiered_pricing_roles_data":[],"tiered_pricing_percentage_rules":{"30":"29","50":"35","100":"40","200":"44","500":"47","1000":"49"},"tiered_pricing_maximum_quantity":null,"tiered_pricing_quantity_step":"10","_links":{"self":[{"href":"https:\/\/agoravape.com\/sv\/wp-json\/wp\/v2\/product\/14145","targetHints":{"allow":["GET"]}}],"collection":[{"href":"https:\/\/agoravape.com\/sv\/wp-json\/wp\/v2\/product"}],"about":[{"href":"https:\/\/agoravape.com\/sv\/wp-json\/wp\/v2\/types\/product"}],"replies":[{"embeddable":true,"href":"https:\/\/agoravape.com\/sv\/wp-json\/wp\/v2\/comments?post=14145"}],"version-history":[{"count":0,"href":"https:\/\/agoravape.com\/sv\/wp-json\/wp\/v2\/product\/14145\/revisions"}],"wp:featuredmedia":[{"embeddable":true,"href":"https:\/\/agoravape.com\/sv\/wp-json\/wp\/v2\/media\/14166"}],"wp:attachment":[{"href":"https:\/\/agoravape.com\/sv\/wp-json\/wp\/v2\/media?parent=14145"}],"wp:term":[{"taxonomy":"product_brand","embeddable":true,"href":"https:\/\/agoravape.com\/sv\/wp-json\/wp\/v2\/product_brand?post=14145"},{"taxonomy":"product_cat","embeddable":true,"href":"https:\/\/agoravape.com\/sv\/wp-json\/wp\/v2\/product_cat?post=14145"},{"taxonomy":"product_tag","embeddable":true,"href":"https:\/\/agoravape.com\/sv\/wp-json\/wp\/v2\/product_tag?post=14145"}],"curies":[{"name":"wp","href":"https:\/\/api.w.org\/{rel}","templated":true}]}}