{"id":14170,"date":"2025-10-12T22:04:18","date_gmt":"2025-10-12T14:04:18","guid":{"rendered":"https:\/\/green-grasshopper-921422.hostingersite.com\/?post_type=product&#038;p=14170"},"modified":"2026-01-19T22:06:46","modified_gmt":"2026-01-19T14:06:46","slug":"aivono-aim-flame-30k-puffs-vape-med-dubbelt-luftflode","status":"publish","type":"product","link":"https:\/\/agoravape.com\/sv\/product\/aivono-aim-flame-30k-puffs-dual-airflow-vape\/","title":{"rendered":"Aivono Aim Flame 30K Puffs Dubbelt Luftfl\u00f6de Vape | Stora Puffs med Enkelt Justerbart Drag"},"content":{"rendered":"<h2 data-v-md-heading=\"what-are-the-highlights-of-the-aivono-aim-flame-30k-dual-intake-vape\" data-v-md-line=\"3\">Vilka \u00e4r h\u00f6jdpunkterna med Aivono Aim Flame 30K vape med dubbelt intag?<\/h2>\n<p data-v-md-line=\"4\">Om du \u00e4r tr\u00f6tt p\u00e5 att anv\u00e4nda eng\u00e5ngsvapor inf\u00f6r helgen \u00e4r den h\u00e4r produkten definitivt v\u00e4rd att ta en titt p\u00e5. Aivono Aim Flame har en kapacitet p\u00e5 upp till 30 000 portar, med enkel anv\u00e4ndning och j\u00e4mn sugkraft. Du kan justera den efter dina \u00f6nskem\u00e5l.<\/p>\n<p data-v-md-line=\"6\">Om du vill ha en p\u00e5litlig, stabil smak och inget behov av att byta ut vapen ofta, d\u00e5 \u00e4r den h\u00e4r produkten det perfekta valet. Den har en dubbel intagsjusteringsfunktion, vilket g\u00f6r att du enkelt kan suga ut en fastare konsistens eller ett bredare synf\u00e4lt. Dessutom \u00e4r den utrustad med praktiska batteri- och e-v\u00e4tskeindikatorlampor som p\u00e5minner dig n\u00e4r du beh\u00f6ver ladda eller byta ut enheten.<\/p>\n<h2 data-v-md-heading=\"excellent-performance-easy-and-convenient\" data-v-md-line=\"8\">Utm\u00e4rkt prestanda, enkelt och bekv\u00e4mt<\/h2>\n<p data-v-md-line=\"9\">K\u00e4rnan i Aim Flame \u00e4r en dubbel mesh-spole. Det \u00e4r d\u00e4rf\u00f6r varje tugga f\u00f6rblir ren och uppfriskande, med en j\u00e4mn smak. N\u00e4r batteriet \u00e4r l\u00e5gt kan du ladda den via Type-C med hj\u00e4lp av de kablar som vanligtvis anv\u00e4nds i din telefon. Den har ocks\u00e5 ett barnl\u00e5s f\u00f6r sinnesro, och snabbladdningsfunktionen g\u00f6r att du enkelt kan njuta av vaping.<\/p>\n<h2 data-v-md-heading=\"specification-introduction\" data-v-md-line=\"11\">Specification Introduction<\/h2>\n<ul data-v-md-line=\"12\">\n<li>Suction frequency: up to 30000 times<\/li>\n<li>Nikotinhalt: 2 %, 3 % eller 5 %<\/li>\n<li>Funktionsprincip: Aktiveras med bara ett bloss<\/li>\n<li>Laddning: USB-gr\u00e4nssnitt av typ C<\/li>\n<li>Status: Klar att anv\u00e4nda direkt ur l\u00e5dan<\/li>\n<li>E-liquid capacity: 25 milliliters<\/li>\n<li>Atomiseringsk\u00e4rna: 1,2 \u03a9 dubbeln\u00e4t<\/li>\n<li>Batteri: 650 mAh uppladdningsbart 13450 ren koboltbatteri<\/li>\n<li>Luftintag: Dubbelt justerbart luftintag<\/li>\n<li>Sk\u00e4rm: indikatorlampor f\u00f6r batteriniv\u00e5 och e-v\u00e4tskeniv\u00e5<\/li>\n<li>S\u00e4kerhet: Barnl\u00e5s<\/li>\n<li>Storlek och vikt: 48 \u00d7 82 mm, 87 g<\/li>\n<\/ul>\n<h2 data-v-md-heading=\"for-you-for-your-business\" data-v-md-line=\"25\">F\u00f6r dig, f\u00f6r ditt f\u00f6retag<\/h2>\n<p data-v-md-line=\"26\">Du kan anv\u00e4nda Aivono Aim Flame 30K f\u00f6r personligt bruk eller l\u00e4gga till den i din butik. Grossistkartongerna inneh\u00e5ller 200 enheter, vilket g\u00f6r det enkelt att h\u00e5lla hyllorna fulla och tillfredsst\u00e4lla kunderna.<\/p>\n<p data-v-md-line=\"28\">Vi skickar via betrodda partners som UPS, DPD och DHL p\u00e5 DDP-basis efter betalning av moms. Din best\u00e4llning levereras i tid och har sp\u00e5rningsregister f\u00f6r att undvika olyckor i tullen.<\/p>\n<h2 data-v-md-heading=\"why-do-you-like-it\" data-v-md-line=\"30\">Why do you like it<\/h2>\n<ul data-v-md-line=\"31\">\n<li>Stor sugkapacitet: l\u00e4ngre sugtid, inget behov av att k\u00f6pa nya patroner ofta.<\/li>\n<li>Nikotinval: V\u00e4lj den koncentration som passar din dagliga dos.<\/li>\n<li>Uppladdningsbar: Du kommer att f\u00e5 slut p\u00e5 e-v\u00e4tska varje g\u00e5ng du k\u00f6per den.<\/li>\n<li>N\u00e4tspiral: bibeh\u00e5ller en j\u00e4mn textur vid varje sug.<\/li>\n<li>Justerbart insug: kan v\u00e4xla mellan h\u00e5rt sug och l\u00e4tt sug.<\/li>\n<\/ul>\n<h2 data-v-md-heading=\"why-choose-to-collaborate-with-agoravape\" data-v-md-line=\"37\">Varf\u00f6r v\u00e4lja att samarbeta med AgoraVape?<\/h2>\n<p data-v-md-line=\"38\">Vi s\u00e4ljer endast 100 % \u00e4kta produkter och tvivlar inte p\u00e5 det. Om du k\u00f6per Aivono Aim Flame 30K vape med dubbla intag i grossistledet f\u00e5r du rabatterade priser, p\u00e5litlig support och snabb och p\u00e5litlig transport. Kontakta oss s\u00e5 f\u00f6rser vi dina kunder med produkter de verkligen \u00e4lskar.<\/p>","protected":false},"excerpt":{"rendered":"<p>Vilka \u00e4r h\u00f6jdpunkterna i Aivono Aim Flame 30K vape med dubbelt intag? Om du \u00e4r tr\u00f6tt p\u00e5 att anv\u00e4nda eng\u00e5ngsvapor<\/p>","protected":false},"featured_media":14185,"comment_status":"open","ping_status":"closed","template":"","meta":[],"product_brand":[211],"product_cat":[124,185,189,1637,194,138,196,174,175,193,191,173,186,180,190,192],"product_tag":[],"class_list":{"0":"post-14170","1":"product","2":"type-product","3":"status-publish","4":"has-post-thumbnail","6":"product_brand-aivono","7":"product_cat-vape-by-brand","8":"product_cat-10000-puffs-high-capacity","9":"product_cat-20mg-standard-nicotine-vapes","10":"product_cat-30000-puffs","11":"product_cat-adjustable-airflow","12":"product_cat-aivono","13":"product_cat-child-safety-features","14":"product_cat-fruit-flavors","15":"product_cat-icy-mint","16":"product_cat-mesh-coil","17":"product_cat-rechargeable-disposables","18":"product_cat-vape-by-flavor-profile","19":"product_cat-vape-by-nicotine-strength","20":"product_cat-vape-by-puff-count","21":"product_cat-vape-by-feature-or-type","22":"product_cat-vapes-with-screens","24":"first","25":"onbackorder","26":"shipping-taxable","27":"purchasable","28":"product-type-variable","29":"has-default-attributes"},"tiered_pricing_type":"percentage","tiered_pricing_fixed_rules":[],"tiered_pricing_product_settings":{"layout":"default","base_unit_name":{"singular":null,"plural":null},"default_variation":null},"tiered_pricing_minimum_quantity":10,"tiered_pricing_roles_data":[],"tiered_pricing_percentage_rules":{"30":"29","50":"35","100":"40","200":"44","500":"47","1000":"49"},"tiered_pricing_maximum_quantity":null,"tiered_pricing_quantity_step":"10","_links":{"self":[{"href":"https:\/\/agoravape.com\/sv\/wp-json\/wp\/v2\/product\/14170","targetHints":{"allow":["GET"]}}],"collection":[{"href":"https:\/\/agoravape.com\/sv\/wp-json\/wp\/v2\/product"}],"about":[{"href":"https:\/\/agoravape.com\/sv\/wp-json\/wp\/v2\/types\/product"}],"replies":[{"embeddable":true,"href":"https:\/\/agoravape.com\/sv\/wp-json\/wp\/v2\/comments?post=14170"}],"version-history":[{"count":0,"href":"https:\/\/agoravape.com\/sv\/wp-json\/wp\/v2\/product\/14170\/revisions"}],"wp:featuredmedia":[{"embeddable":true,"href":"https:\/\/agoravape.com\/sv\/wp-json\/wp\/v2\/media\/14185"}],"wp:attachment":[{"href":"https:\/\/agoravape.com\/sv\/wp-json\/wp\/v2\/media?parent=14170"}],"wp:term":[{"taxonomy":"product_brand","embeddable":true,"href":"https:\/\/agoravape.com\/sv\/wp-json\/wp\/v2\/product_brand?post=14170"},{"taxonomy":"product_cat","embeddable":true,"href":"https:\/\/agoravape.com\/sv\/wp-json\/wp\/v2\/product_cat?post=14170"},{"taxonomy":"product_tag","embeddable":true,"href":"https:\/\/agoravape.com\/sv\/wp-json\/wp\/v2\/product_tag?post=14170"}],"curies":[{"name":"wp","href":"https:\/\/api.w.org\/{rel}","templated":true}]}}