{"id":14291,"date":"2025-10-12T22:46:44","date_gmt":"2025-10-12T14:46:44","guid":{"rendered":"https:\/\/green-grasshopper-921422.hostingersite.com\/?post_type=product&#038;p=14291"},"modified":"2026-03-27T06:21:42","modified_gmt":"2026-03-27T05:21:42","slug":"aivono-aim-puffstar-6500-puffar-vape","status":"publish","type":"product","link":"https:\/\/agoravape.com\/sv\/product\/aivono-aim-puffstar-6500-puffs-vape\/","title":{"rendered":"Aivono Aim Puffstar 6500 Puffs Kompakt Vape | L\u00e5ngvarig Smak. Fickv\u00e4nlig."},"content":{"rendered":"<h2 data-v-md-heading=\"what-are-the-advantages-of-aivono-aim-puffstar-6500-compact-vapes\" data-v-md-line=\"3\"><img loading=\"lazy\" decoding=\"async\" class=\"aligncenter size-full wp-image-14290\" src=\"https:\/\/agoravape.com\/wp-content\/uploads\/2025\/10\/Aivono-Aim-Puffstar-6500-Puffs-Compact-Vape_Agora_vape-1.webp\" alt=\"\" width=\"1876\" height=\"1500\" srcset=\"https:\/\/agoravape.com\/wp-content\/uploads\/2025\/10\/Aivono-Aim-Puffstar-6500-Puffs-Compact-Vape_Agora_vape-1.webp 1876w, https:\/\/agoravape.com\/wp-content\/uploads\/2025\/10\/Aivono-Aim-Puffstar-6500-Puffs-Compact-Vape_Agora_vape-1-1200x959.webp 1200w, https:\/\/agoravape.com\/wp-content\/uploads\/2025\/10\/Aivono-Aim-Puffstar-6500-Puffs-Compact-Vape_Agora_vape-1-300x240.webp 300w, https:\/\/agoravape.com\/wp-content\/uploads\/2025\/10\/Aivono-Aim-Puffstar-6500-Puffs-Compact-Vape_Agora_vape-1-1024x819.webp 1024w, https:\/\/agoravape.com\/wp-content\/uploads\/2025\/10\/Aivono-Aim-Puffstar-6500-Puffs-Compact-Vape_Agora_vape-1-768x614.webp 768w, https:\/\/agoravape.com\/wp-content\/uploads\/2025\/10\/Aivono-Aim-Puffstar-6500-Puffs-Compact-Vape_Agora_vape-1-1536x1228.webp 1536w\" sizes=\"auto, (max-width: 1876px) 100vw, 1876px\" \/><\/h2>\n<h2 data-v-md-heading=\"what-are-the-advantages-of-aivono-aim-puffstar-6500-compact-vapes\" data-v-md-line=\"3\">Vilka \u00e4r f\u00f6rdelarna med Aivono Aim Puffstar 6500 kompakta vapes?<\/h2>\n<p data-v-md-line=\"4\">Om du \u00e4r tr\u00f6tt p\u00e5 att byta ut eng\u00e5ngsvapor med n\u00e5gra dagars mellanrum, s\u00e5 kommer den h\u00e4r produkten att g\u00f6ra ditt liv enklare. Aivono Aim Puffstar rymmer upp till 6500 s\u00e4ten, vilket ger en smidig och j\u00e4mn upplevelse fr\u00e5n b\u00f6rjan till slut. Den \u00e4r kompakt i storlek, cirka 50 x 80 millimeter, och f\u00e5r enkelt plats i en ficka eller v\u00e4ska.<\/p>\n<p data-v-md-line=\"6\">Om du vill ha en p\u00e5litlig och smakrik vape som kan anv\u00e4ndas dagligen utan att beh\u00f6va l\u00e4ra dig, d\u00e5 \u00e4r detta ditt perfekta val. \u00d6ppna l\u00e5dan och du kan inhalera den. Inga knappar beh\u00f6vs, inga menyer beh\u00f6vs, enkelt och bekv\u00e4mt.<\/p>\n<h2 data-v-md-heading=\"excellent-performance-easy-and-convenient\" data-v-md-line=\"8\">Utm\u00e4rkt prestanda, enkelt och bekv\u00e4mt<\/h2>\n<p data-v-md-line=\"9\">K\u00e4rnan i Puffstar \u00e4r en 1,2 \u03a9 mesh-spole som kan bibeh\u00e5lla en ljus och j\u00e4mn smak. Varje tugga k\u00e4nns lika mjuk som den f\u00f6rsta upplevelsen. Den st\u00f6der ocks\u00e5 laddning och \u00e4r utrustad med ett 400 mAh-batteri och Type-C-gr\u00e4nssnitt, s\u00e5 att du kan anv\u00e4nda samma datakabel som din telefon f\u00f6r laddning. Ett s\u00e5 stort antal vapes \u00e4r vanligtvis skrymmande, men denna vape \u00e4r l\u00e4tt och b\u00e4rbar.<\/p>\n<h2 data-v-md-heading=\"specification-introduction\" data-v-md-line=\"11\">Specification Introduction<\/h2>\n<ul data-v-md-line=\"12\">\n<li>Antal munnar: upp till 6500 munnar<\/li>\n<li>Nikotinhalt: 0 %, 2 % eller 5 %<\/li>\n<li>Working principle: Activated by inhalation<\/li>\n<li>Laddningsmetod: Standard USB-gr\u00e4nssnitt av typ C<\/li>\n<li>Status: Klar att anv\u00e4nda direkt ur l\u00e5dan<\/li>\n<li>E-v\u00e4tskekapacitet: 13 milliliter<\/li>\n<li>Atomiseringsk\u00e4rna: 1,2 \u03a9 mesh<\/li>\n<li>Batteri: 400mAh uppladdningsbart batteri<\/li>\n<li>Storlek och vikt: cirka 50 x 80 millimeter, 75 gram<\/li>\n<\/ul>\n<h2 data-v-md-heading=\"full-range-of-flavors\" data-v-md-line=\"22\">Fullt utbud av smaker<\/h2>\n<ul data-v-md-line=\"23\">\n<li>Smak av blandade b\u00e4r<\/li>\n<li>Mint flavor<\/li>\n<li>Jordgubbskonstig fruktsmak<\/li>\n<li>Blandad mangosmak<\/li>\n<li>Vattenmelon smak<\/li>\n<li>Smak av jordgubbssmoothie<\/li>\n<li>Smak av energidryck<\/li>\n<li>Bl\u00e5b\u00e4rssmak<\/li>\n<li>Kokos- och honungssmak<\/li>\n<li>Smak av persikajuice<\/li>\n<\/ul>\n<h2 data-v-md-heading=\"for-you-and-for-your-business-as-well\" data-v-md-line=\"34\">F\u00f6r dig, och \u00e4ven f\u00f6r ditt f\u00f6retag<\/h2>\n<p data-v-md-line=\"35\">K\u00f6p sj\u00e4lv, enkelt och bekv\u00e4mt. V\u00e4lj din f\u00f6redragna smak och nikotinkoncentration, s\u00e5 kan du enkelt hantera det. Den laddningsbara designen g\u00f6r att du enkelt kan anv\u00e4nda varje droppe i 13 ml-patronen, vilket sparar pengar och ger dig sinnesro.<\/p>\n<p data-v-md-line=\"37\">Driver du en butik eller en butikskedja? Vi tillhandah\u00e5ller grossistkartong i f\u00f6rpackningar om 200, med enhetlig f\u00f6rpackning och tydliga etiketter. Vi samarbetar med betrodda partners som UPS, DPD och DHL f\u00f6r att tillhandah\u00e5lla DDP-leveranstj\u00e4nster, vilket s\u00e4kerst\u00e4ller snabb leverans av varor och korrekt hantering av tullavgifter f\u00f6r att undvika tullolyckor. Reglerna varierar i olika l\u00e4nder, s\u00e5 v\u00e4lj den nikotinkoncentration och produktinformation som \u00f6verensst\u00e4mmer med dina lokala best\u00e4mmelser.<\/p>\n<h2 data-v-md-heading=\"why-do-you-like-it\" data-v-md-line=\"39\">Why do you like it<\/h2>\n<ul data-v-md-line=\"40\">\n<li>Superstor kapacitet: upp till 6500 portar, vilket inneb\u00e4r f\u00e4rre utbyten.<\/li>\n<li>Alternativ f\u00f6r nikotinhalt: 0 %, 2 % eller 5 %, du kan v\u00e4lja den l\u00e4mpligaste nikotinhalten.<\/li>\n<li>Uppladdningsbar: Du kan anv\u00e4nda alla k\u00f6pta e-v\u00e4tskor.<\/li>\n<li>N\u00e4tspiral: J\u00e4mn smak och j\u00e4mn sugupplevelse.<\/li>\n<li>Typ-C-gr\u00e4nssnitt, bekv\u00e4mt att anv\u00e4nda: kan laddas n\u00e4stan var som helst utan att beh\u00f6va leta efter speciella kablar.<\/li>\n<li>B\u00e4rbar: Kompakt och b\u00e4rbar.<\/li>\n<\/ul>\n<h2 data-v-md-heading=\"why-choose-to-collaborate-with-agoravape\" data-v-md-line=\"47\">Varf\u00f6r v\u00e4lja att samarbeta med AgoraVape?<\/h2>\n<p data-v-md-line=\"48\">Vi s\u00e4ljer endast 100% \u00e4kta produkter, med transparenta specifikationer och tillf\u00f6rlitliga k\u00e4llor. V\u00e5ra B2B-kunder kan njuta av rabatterade grossistpriser, lyh\u00f6rd teknisk support och snabba DDP-leveranstj\u00e4nster f\u00f6r <a class=\"wpil_keyword_link\" href=\"https:\/\/agoravape.com\/sv\/varumarke\/aivono\/\" target=\"_blank\" rel=\"noopener\" title=\"AIVONO\" data-wpil-keyword-link=\"linked\" data-wpil-monitor-id=\"7174\">Aivono<\/a> Aim Puffstar 6500 kompakta vapes. Om du vill ha en stabil och p\u00e5litlig produkt som kan vinna \u00e5terkommande kunder, v\u00e4nligen kontakta oss.<\/p>","protected":false},"excerpt":{"rendered":"<p>What are the advantages of Aivono Aim Puffstar 6500 compact vapes? If you\u2019re tired of replacing disposable vapes every few<\/p>","protected":false},"featured_media":14306,"comment_status":"open","ping_status":"closed","template":"","meta":[],"product_brand":[211],"product_cat":[124,187,189,184,138,176,174,175,193,191,173,186,180,190],"product_tag":[],"class_list":{"0":"post-14291","1":"product","2":"type-product","3":"status-publish","4":"has-post-thumbnail","6":"product_brand-aivono","7":"product_cat-vape-by-brand","8":"product_cat-0mg-nicotine-free-vapes","9":"product_cat-20mg-standard-nicotine-vapes","10":"product_cat-5000-8000-puffs","11":"product_cat-aivono","12":"product_cat-beverage","13":"product_cat-fruit-flavors","14":"product_cat-icy-mint","15":"product_cat-mesh-coil","16":"product_cat-rechargeable-disposables","17":"product_cat-vape-by-flavor-profile","18":"product_cat-vape-by-nicotine-strength","19":"product_cat-vape-by-puff-count","20":"product_cat-vape-by-feature-or-type","22":"first","23":"onbackorder","24":"shipping-taxable","25":"purchasable","26":"product-type-variable","27":"has-default-attributes"},"tiered_pricing_type":"percentage","tiered_pricing_fixed_rules":[],"tiered_pricing_product_settings":{"layout":"default","base_unit_name":{"singular":null,"plural":null},"default_variation":null},"tiered_pricing_minimum_quantity":10,"tiered_pricing_roles_data":[],"tiered_pricing_percentage_rules":{"30":"29","50":"35","100":"40","200":"44","500":"47","1000":"49"},"tiered_pricing_maximum_quantity":null,"tiered_pricing_quantity_step":"10","_links":{"self":[{"href":"https:\/\/agoravape.com\/sv\/wp-json\/wp\/v2\/product\/14291","targetHints":{"allow":["GET"]}}],"collection":[{"href":"https:\/\/agoravape.com\/sv\/wp-json\/wp\/v2\/product"}],"about":[{"href":"https:\/\/agoravape.com\/sv\/wp-json\/wp\/v2\/types\/product"}],"replies":[{"embeddable":true,"href":"https:\/\/agoravape.com\/sv\/wp-json\/wp\/v2\/comments?post=14291"}],"version-history":[{"count":1,"href":"https:\/\/agoravape.com\/sv\/wp-json\/wp\/v2\/product\/14291\/revisions"}],"predecessor-version":[{"id":29826,"href":"https:\/\/agoravape.com\/sv\/wp-json\/wp\/v2\/product\/14291\/revisions\/29826"}],"wp:featuredmedia":[{"embeddable":true,"href":"https:\/\/agoravape.com\/sv\/wp-json\/wp\/v2\/media\/14306"}],"wp:attachment":[{"href":"https:\/\/agoravape.com\/sv\/wp-json\/wp\/v2\/media?parent=14291"}],"wp:term":[{"taxonomy":"product_brand","embeddable":true,"href":"https:\/\/agoravape.com\/sv\/wp-json\/wp\/v2\/product_brand?post=14291"},{"taxonomy":"product_cat","embeddable":true,"href":"https:\/\/agoravape.com\/sv\/wp-json\/wp\/v2\/product_cat?post=14291"},{"taxonomy":"product_tag","embeddable":true,"href":"https:\/\/agoravape.com\/sv\/wp-json\/wp\/v2\/product_tag?post=14291"}],"curies":[{"name":"wp","href":"https:\/\/api.w.org\/{rel}","templated":true}]}}