{"id":14357,"date":"2025-10-13T13:03:00","date_gmt":"2025-10-13T05:03:00","guid":{"rendered":"https:\/\/green-grasshopper-921422.hostingersite.com\/?post_type=product&#038;p=14357"},"modified":"2025-12-15T21:30:55","modified_gmt":"2025-12-15T13:30:55","slug":"elf-box-rgb14000-pro-14k-puffs-led-vape","status":"publish","type":"product","link":"https:\/\/agoravape.com\/sv\/product\/elf-box-rgb14000-pro-14k-puffs-led-vape\/","title":{"rendered":"Elf Box RGB14000 Pro 14K Puffs LED Display Vape | Long-Lasting Flavour With Easy Recharge"},"content":{"rendered":"<h2 data-v-md-heading=\"what-about-the-elf-box-rgb14000-pro-14k-suction-led-display-vape\" data-v-md-line=\"3\"><img loading=\"lazy\" decoding=\"async\" class=\"aligncenter size-full wp-image-14369\" src=\"https:\/\/agoravape.com\/wp-content\/uploads\/2025\/10\/Elf-Box-RGB14000-Pro-14K-Puffs-LED-Display-Vape_Agora_vape-1-scaled.webp\" alt=\"\" width=\"2560\" height=\"1553\" srcset=\"https:\/\/agoravape.com\/wp-content\/uploads\/2025\/10\/Elf-Box-RGB14000-Pro-14K-Puffs-LED-Display-Vape_Agora_vape-1-scaled.webp 2560w, https:\/\/agoravape.com\/wp-content\/uploads\/2025\/10\/Elf-Box-RGB14000-Pro-14K-Puffs-LED-Display-Vape_Agora_vape-1-scaled-1200x728.webp 1200w, https:\/\/agoravape.com\/wp-content\/uploads\/2025\/10\/Elf-Box-RGB14000-Pro-14K-Puffs-LED-Display-Vape_Agora_vape-1-300x182.webp 300w, https:\/\/agoravape.com\/wp-content\/uploads\/2025\/10\/Elf-Box-RGB14000-Pro-14K-Puffs-LED-Display-Vape_Agora_vape-1-1024x621.webp 1024w, https:\/\/agoravape.com\/wp-content\/uploads\/2025\/10\/Elf-Box-RGB14000-Pro-14K-Puffs-LED-Display-Vape_Agora_vape-1-768x466.webp 768w, https:\/\/agoravape.com\/wp-content\/uploads\/2025\/10\/Elf-Box-RGB14000-Pro-14K-Puffs-LED-Display-Vape_Agora_vape-1-1536x932.webp 1536w, https:\/\/agoravape.com\/wp-content\/uploads\/2025\/10\/Elf-Box-RGB14000-Pro-14K-Puffs-LED-Display-Vape_Agora_vape-1-2048x1243.webp 2048w\" sizes=\"auto, (max-width: 2560px) 100vw, 2560px\" \/><\/h2>\n<h2 data-v-md-heading=\"what-about-the-elf-box-rgb14000-pro-14k-suction-led-display-vape\" data-v-md-line=\"3\">Vad s\u00e4gs om Elf Box RGB14000 Pro 14K sugande LED-display vape?<\/h2>\n<p data-v-md-line=\"4\">Om du \u00e4r tr\u00f6tt p\u00e5 att byta ut eng\u00e5ngspatroner f\u00f6r cigaretter med n\u00e5gra dagars mellanrum, kommer den h\u00e4r produkten att g\u00f6ra ditt liv enklare. Elf Box RGB14000 Pro har en sugkapacitet p\u00e5 upp till 14000, \u00e4r \u200b\u200butrustad med en tydlig LED-display och ett praktiskt laddningsgr\u00e4nssnitt av typ C, vilket g\u00f6r att du enkelt kan extrahera varje droppe olja fr\u00e5n en 25 milliliters tank.<\/p>\n<p data-v-md-line=\"6\">Du kanske tror att det skulle vara klumpigt att ha s\u00e5 m\u00e5nga vape-puffar, men dess portabilitet \u00f6verraskar dig mycket. Den matta kroppen \u00e4r v\u00e4ldigt bekv\u00e4m att h\u00e5lla i handen, och RGB-belysningen ger den personlighet. Den medf\u00f6ljande remsan g\u00f6r den enkel att b\u00e4ra.<\/p>\n<h2 data-v-md-heading=\"excellent-performance-and-easy-operation\" data-v-md-line=\"8\">Utm\u00e4rkt prestanda och enkel anv\u00e4ndning<\/h2>\n<p data-v-md-line=\"9\">N\u00e4tspolen \u00e4r placerad i enhetens k\u00e4rna, vilket s\u00e4kerst\u00e4ller att varje tugga \u00e4r lika uts\u00f6kt som en f\u00f6rsta klunk. Det blir inget str\u00f6mavbrott eller br\u00e4nnskador. N\u00e4r batteriet \u00e4r l\u00e5gt anv\u00e4nder du helt enkelt standardtyp-C-datakabeln f\u00f6r att ladda den. LED-sk\u00e4rmen \u00e4r tydlig med en blick, utan att du beh\u00f6ver gissa n\u00e4r den beh\u00f6ver laddas.<\/p>\n<h2 data-v-md-heading=\"specification-introduction\" data-v-md-line=\"11\">Specification Introduction<\/h2>\n<ul data-v-md-line=\"12\">\n<li>Sugfrekvens: upp till 14000 g\u00e5nger<\/li>\n<li>Nikotinhalt: 0 %, 2 %, 3 %, 5 %<\/li>\n<li>Funktionsprincip: Aktiveras med bara ett bloss<\/li>\n<li>Laddning: Standard USB-gr\u00e4nssnitt av typ C<\/li>\n<li>Status: Klar att anv\u00e4nda direkt ur l\u00e5dan<\/li>\n<\/ul>\n<h2 data-v-md-heading=\"full-range-of-flavors\" data-v-md-line=\"18\">Fullt utbud av smaker<\/h2>\n<ul data-v-md-line=\"19\">\n<li>Smak av jordgubb och vattenmelon<\/li>\n<li>Smak av bl\u00e5b\u00e4rssmoothie<\/li>\n<li>Smak av jordgubbssmoothie<\/li>\n<li>Smak av druvsmoothie<\/li>\n<li>Smak av mintsmoothie<\/li>\n<li>Red Bull flavor<\/li>\n<li>Double Apple Flavor<\/li>\n<li>Lukt av berusad smoothie<\/li>\n<li>Smak av persika och mango<\/li>\n<li>Cherry soda flavor<\/li>\n<\/ul>\n<h2 data-v-md-heading=\"for-you-for-your-business\" data-v-md-line=\"30\">F\u00f6r dig, f\u00f6r ditt f\u00f6retag<\/h2>\n<p data-v-md-line=\"31\">Du kan k\u00f6pa en sj\u00e4lv eller fylla p\u00e5 lagret till din butik. Om du beh\u00f6ver g\u00f6ra en storbest\u00e4llning erbjuder vi grossistl\u00e5dor f\u00f6r 10 enheter och ytterl\u00e5dor f\u00f6r 200 enheter. Vi anv\u00e4nder DDP-fraktmetoden och samarbetar med betrodda partners som UPS, DPD och DHL, s\u00e5 skatter och avgifter behandlas i f\u00f6rv\u00e4g och det kommer inte att uppst\u00e5 n\u00e5gra ov\u00e4ntade incidenter i tullen.<\/p>\n<p data-v-md-line=\"33\">Om du skapar en serie som \u00e4r v\u00e4rd att \u00e5teranv\u00e4nda, s\u00e5 uppfyller den h\u00e4r produkten definitivt dina krav n\u00e4r det g\u00e4ller h\u00e5llbarhet, j\u00e4mn smak och bekv\u00e4m daglig anv\u00e4ndning.<\/p>\n<h2 data-v-md-heading=\"why-do-you-like-it\" data-v-md-line=\"35\">Why do you like it<\/h2>\n<ul data-v-md-line=\"36\">\n<li>Stor kapacitet: H\u00e5llbar och l\u00e5ngvarig, inget behov av att ofta k\u00f6pa ny e-v\u00e4tska.<\/li>\n<li>Val av nikotinhalt: V\u00e4lj 0 %, 2 %, 3 % eller 5 % efter din smak.<\/li>\n<li>Uppladdningsbar: Anv\u00e4nd alla e-v\u00e4tskor du k\u00f6per.<\/li>\n<li>Mesh coil: Den ger alltid en konsekvent fyllig smak.<\/li>\n<li>LED-sk\u00e4rm och RGB-lampor: ett enkelt och modernt utseende som visar status med en snabb blick.<\/li>\n<li>Levereras med ett sn\u00f6re: bekv\u00e4mt att b\u00e4ra n\u00e4r du g\u00e5r ut.<\/li>\n<\/ul>\n<h2 data-v-md-heading=\"why-choose-to-collaborate-with-agoravape\" data-v-md-line=\"43\">Varf\u00f6r v\u00e4lja att samarbeta med AgoraVape?<\/h2>\n<p data-v-md-line=\"44\">Vi s\u00e4ljer endast 100 % \u00e4kta produkter och tvivlar inte p\u00e5 det. F\u00f6retagskunder som k\u00f6per Elf Box RGB14000 Pro 14K LED-display-vapes kan dra nytta av rabatterade grossistpriser, snabb support och snabba momsbetalningar och leveranser. Om du vill ha lagercirkulation och \u00e5terkommande kunder, v\u00e4nligen kontakta oss.<\/p>","protected":false},"excerpt":{"rendered":"<p>&nbsp;<\/p>\n<p><script src=\"chrome-extension:\/\/fpelahbljekknahkcaegamhcndkfpfnc\/iFrame.js\" type=\"text\/javascript\"><\/script><\/p>\n<p><script src=\"chrome-extension:\/\/fpelahbljekknahkcaegamhcndkfpfnc\/iFrame.js\" type=\"text\/javascript\"><\/script><\/p>\n<p><script src=\"chrome-extension:\/\/fpelahbljekknahkcaegamhcndkfpfnc\/iFrame.js\" type=\"text\/javascript\"><\/script><\/p>\n<p><script src=\"chrome-extension:\/\/fpelahbljekknahkcaegamhcndkfpfnc\/iFrame.js\" type=\"text\/javascript\"><\/script><\/p>\n<p><script src=\"chrome-extension:\/\/fpelahbljekknahkcaegamhcndkfpfnc\/iFrame.js\" type=\"text\/javascript\"><\/script><\/p>","protected":false},"featured_media":14379,"comment_status":"open","ping_status":"closed","template":"","meta":[],"product_brand":[212],"product_cat":[124,187,185,189,176,139,174,175,193,191,173,186,180,190,192],"product_tag":[],"class_list":{"0":"post-14357","1":"product","2":"type-product","3":"status-publish","4":"has-post-thumbnail","6":"product_brand-elf-box","7":"product_cat-vape-by-brand","8":"product_cat-0mg-nicotine-free-vapes","9":"product_cat-10000-puffs-high-capacity","10":"product_cat-20mg-standard-nicotine-vapes","11":"product_cat-beverage","12":"product_cat-elf-box","13":"product_cat-fruit-flavors","14":"product_cat-icy-mint","15":"product_cat-mesh-coil","16":"product_cat-rechargeable-disposables","17":"product_cat-vape-by-flavor-profile","18":"product_cat-vape-by-nicotine-strength","19":"product_cat-vape-by-puff-count","20":"product_cat-vape-by-feature-or-type","21":"product_cat-vapes-with-screens","23":"first","24":"instock","25":"shipping-taxable","26":"purchasable","27":"product-type-variable","28":"has-default-attributes"},"tiered_pricing_type":"percentage","tiered_pricing_fixed_rules":[],"tiered_pricing_product_settings":{"layout":"default","base_unit_name":{"singular":null,"plural":null},"default_variation":null},"tiered_pricing_minimum_quantity":10,"tiered_pricing_roles_data":[],"tiered_pricing_percentage_rules":{"30":"29","50":"35","100":"40","200":"44","500":"47","1000":"49"},"tiered_pricing_maximum_quantity":null,"tiered_pricing_quantity_step":"10","_links":{"self":[{"href":"https:\/\/agoravape.com\/sv\/wp-json\/wp\/v2\/product\/14357","targetHints":{"allow":["GET"]}}],"collection":[{"href":"https:\/\/agoravape.com\/sv\/wp-json\/wp\/v2\/product"}],"about":[{"href":"https:\/\/agoravape.com\/sv\/wp-json\/wp\/v2\/types\/product"}],"replies":[{"embeddable":true,"href":"https:\/\/agoravape.com\/sv\/wp-json\/wp\/v2\/comments?post=14357"}],"version-history":[{"count":0,"href":"https:\/\/agoravape.com\/sv\/wp-json\/wp\/v2\/product\/14357\/revisions"}],"wp:featuredmedia":[{"embeddable":true,"href":"https:\/\/agoravape.com\/sv\/wp-json\/wp\/v2\/media\/14379"}],"wp:attachment":[{"href":"https:\/\/agoravape.com\/sv\/wp-json\/wp\/v2\/media?parent=14357"}],"wp:term":[{"taxonomy":"product_brand","embeddable":true,"href":"https:\/\/agoravape.com\/sv\/wp-json\/wp\/v2\/product_brand?post=14357"},{"taxonomy":"product_cat","embeddable":true,"href":"https:\/\/agoravape.com\/sv\/wp-json\/wp\/v2\/product_cat?post=14357"},{"taxonomy":"product_tag","embeddable":true,"href":"https:\/\/agoravape.com\/sv\/wp-json\/wp\/v2\/product_tag?post=14357"}],"curies":[{"name":"wp","href":"https:\/\/api.w.org\/{rel}","templated":true}]}}