{"id":14450,"date":"2025-10-13T15:16:48","date_gmt":"2025-10-13T07:16:48","guid":{"rendered":"https:\/\/green-grasshopper-921422.hostingersite.com\/?post_type=product&#038;p=14450"},"modified":"2026-01-13T01:12:10","modified_gmt":"2026-01-12T17:12:10","slug":"vopk-tripe-60000-puffar-trippel-smak-vape","status":"publish","type":"product","link":"https:\/\/agoravape.com\/sv\/product\/vopk-tripe-60000-puffs-triple-flavor-vape\/","title":{"rendered":"VOPK Tripe 60000 puffar trippelsmak eng\u00e5ngs | Trippelsmaksval. Enkel att anv\u00e4nda."},"content":{"rendered":"<h2 data-v-md-heading=\"what-are-the-advantages-of-vopk-tripe-60000-triple-flavored-disposable-vapes\" data-v-md-line=\"3\"><img loading=\"lazy\" decoding=\"async\" class=\"aligncenter size-full wp-image-14464\" src=\"https:\/\/agoravape.com\/wp-content\/uploads\/2025\/10\/VOPK-Tripe-60000-Puffs-Triple-Flavor-Disposable_Agora_vape-3-scaled.webp\" alt=\"\" width=\"2560\" height=\"1598\" srcset=\"https:\/\/agoravape.com\/wp-content\/uploads\/2025\/10\/VOPK-Tripe-60000-Puffs-Triple-Flavor-Disposable_Agora_vape-3-scaled.webp 2560w, https:\/\/agoravape.com\/wp-content\/uploads\/2025\/10\/VOPK-Tripe-60000-Puffs-Triple-Flavor-Disposable_Agora_vape-3-scaled-1200x749.webp 1200w, https:\/\/agoravape.com\/wp-content\/uploads\/2025\/10\/VOPK-Tripe-60000-Puffs-Triple-Flavor-Disposable_Agora_vape-3-300x187.webp 300w, https:\/\/agoravape.com\/wp-content\/uploads\/2025\/10\/VOPK-Tripe-60000-Puffs-Triple-Flavor-Disposable_Agora_vape-3-1024x639.webp 1024w, https:\/\/agoravape.com\/wp-content\/uploads\/2025\/10\/VOPK-Tripe-60000-Puffs-Triple-Flavor-Disposable_Agora_vape-3-768x479.webp 768w, https:\/\/agoravape.com\/wp-content\/uploads\/2025\/10\/VOPK-Tripe-60000-Puffs-Triple-Flavor-Disposable_Agora_vape-3-1536x959.webp 1536w, https:\/\/agoravape.com\/wp-content\/uploads\/2025\/10\/VOPK-Tripe-60000-Puffs-Triple-Flavor-Disposable_Agora_vape-3-2048x1279.webp 2048w\" sizes=\"auto, (max-width: 2560px) 100vw, 2560px\" \/><\/h2>\n<h2 data-v-md-heading=\"what-are-the-advantages-of-vopk-tripe-60000-triple-flavored-disposable-vapes\" data-v-md-line=\"3\">Vilka \u00e4r f\u00f6rdelarna med VOPK Tripe 60000 trippelsmaksatta eng\u00e5ngsvapor?<\/h2>\n<p data-v-md-line=\"4\">Om du f\u00f6redrar enkla och bekv\u00e4ma, varierade valm\u00f6jligheter \u00e4r den h\u00e4r produkten definitivt l\u00e4mplig f\u00f6r dig. VOPK Tripe kombinerar tre smaker i en, vilket g\u00f6r att du kan byta n\u00e4r som helst. Inga menyer beh\u00f6vs, inga applikationer. Lyft och rotera bara f\u00f6r att byta smak och njut till ditt hj\u00e4rtas bel\u00e5tenhet.<\/p>\n<p data-v-md-line=\"6\">Den \u00e4r designad f\u00f6r vape-entusiaster som str\u00e4var efter l\u00e5ng batteritid och enkel laddning. Den \u00e4r utrustad med e-v\u00e4tska och batteridisplay, s\u00e5 att du kan h\u00e5lla koll p\u00e5 den aktuella statusen n\u00e4r som helst. Den nominella kapaciteten p\u00e5 60 000 portar tillhandah\u00e5lls av tillverkaren, s\u00e5 den faktiska batteritiden kan variera beroende p\u00e5 din anv\u00e4ndning.<\/p>\n<h2 data-v-md-heading=\"excellent-performance-easy-and-convenient\" data-v-md-line=\"8\">Utm\u00e4rkt prestanda, enkelt och bekv\u00e4mt<\/h2>\n<p data-v-md-line=\"9\">Tre 0,9 \u03a9 mesh-spolar ansvarar f\u00f6r huvuduppgiften och s\u00e4kerst\u00e4ller att varje inhalation ger en ren och j\u00e4mn smak. Mesh-spolen v\u00e4rms upp snabbt, vilket h\u00e5ller smaken ljus och j\u00e4mn. N\u00e4r batteriet \u00e4r urladdat kan du anv\u00e4nda en typ-C-datakabel f\u00f6r att ladda den. Detta kan vara samma som du anv\u00e4nder p\u00e5 din telefon. De tre smakerna kan g\u00f6ra hanteringen besv\u00e4rlig, men designen p\u00e5 vridknappen g\u00f6r hanteringen mycket enkel.<\/p>\n<h2 data-v-md-heading=\"specification-overview\" data-v-md-line=\"11\">Specifikations\u00f6versikt<\/h2>\n<ul data-v-md-line=\"12\">\n<li>Sugfrekvens: upp till 60 000 g\u00e5nger (enligt tillverkaren)<\/li>\n<li>Nikotinhalt: ej specificerad av tillverkaren. Kontakta oss f\u00f6r att f\u00e5 veta mer om de befintliga alternativen p\u00e5 din marknad.<\/li>\n<li>Funktionsprincip: Aktiveras genom inandning<\/li>\n<li>Laddning: Standard USB-gr\u00e4nssnitt av typ C<\/li>\n<li>Status: Klar att anv\u00e4nda direkt ur l\u00e5dan<\/li>\n<li>E-v\u00e4tskekapacitet: Tre f\u00f6rvaringsfack med en total kapacitet p\u00e5 54 milliliter<\/li>\n<li>Batteri: 650 mAh uppladdningsbart batteri<\/li>\n<li>Spole: 0,9 \u03a9\u00d7 3 mesh-spolar<\/li>\n<li>Statussk\u00e4rm: e-v\u00e4tska och batteriniv\u00e5indikatorer f\u00f6r tre lagringstankar<\/li>\n<li>Smakbrytare: lyftande och roterande typ<\/li>\n<\/ul>\n<h2 data-v-md-heading=\"full-range-of-flavors\" data-v-md-line=\"23\">Fullt utbud av smaker<\/h2>\n<ul data-v-md-line=\"24\">\n<li>Vattenmelonglass\/Trippelmelonglass\/Jordgubbsglass<\/li>\n<li>Jordgubb\/Banan\/Hallon\/Vattenmelon\/Ananas\/Kokos<\/li>\n<li>Persika B\u00e4r\/Bl\u00e5b\u00e4r Is\/Vattenmelon Persika Mango<\/li>\n<li>Sur ananas\/Red Bull jordgubb\/svartvinb\u00e4rsglass<\/li>\n<li>Kiwi Passionsfrukt\/Jordgubb K\u00f6rsb\u00e4r\/K\u00e4rlek 66<\/li>\n<li>Dubbel \u00e4ppelglass\/Tropisk frukt\/Jordgubb\/Vattenmelon\/Bubblegum<\/li>\n<li>Druvglass\/Jordgubb\/Kiwi\/Vattenmelon Red Bull<\/li>\n<li>Jordgubb\/vattenmelon\/bl\u00e5b\u00e4r\/hallon\/citronlime<\/li>\n<li>Banan Ananas\/Red Bull Ice\/Jordgubb Mango<\/li>\n<li>Nallebj\u00f6rnsgodis\/jordgubbs-vaniljcola\/bl\u00e5b\u00e4rsmarshmallows<\/li>\n<\/ul>\n<h2 data-v-md-heading=\"for-you-and-for-your-business-as-well\" data-v-md-line=\"35\">F\u00f6r dig, och \u00e4ven f\u00f6r ditt f\u00f6retag<\/h2>\n<p data-v-md-line=\"36\">Du kan v\u00e4lja en f\u00f6r personligt bruk eller fylla p\u00e5 lagret till din butik. Grossistl\u00e5dan inneh\u00e5ller 10 stycken, och den stora l\u00e5dan inneh\u00e5ller 160 stycken. L\u00e4tt att s\u00e4lja. Krokarna med tre smaker \u00e4r l\u00e4ttare att s\u00e4lja.<\/p>\n<p data-v-md-line=\"38\">Vi skickar via betrodda partners som UPS, DPD och DHL med DDP \u00f6ver hela Europa, s\u00e5 tullar kan f\u00f6rbehandlas. Det kommer inte att intr\u00e4ffa n\u00e5gra olyckor i tullen. P\u00e5 grund av lokala best\u00e4mmelser kan leveranssituationen och nikotinalternativen variera i olika l\u00e4nder\/regioner. Om du \u00e4r os\u00e4ker, v\u00e4nligen kontakta oss.<\/p>\n<h2 data-v-md-heading=\"why-do-you-like-it\" data-v-md-line=\"40\">Why do you like it<\/h2>\n<ul data-v-md-line=\"41\">\n<li>Sugfrekvens: H\u00e5llbar och minskar antalet k\u00f6p<\/li>\n<li>Smakval: Tre i en enhet, h\u00e5ll dig f\u00e4rsk<\/li>\n<li>Nikotinval: V\u00e4lj l\u00e4mplig nikotinkoncentration p\u00e5 marknaden<\/li>\n<li>Uppladdningsbar: Typ-C-laddning, vilket hj\u00e4lper dig att anv\u00e4nda upp all din e-v\u00e4tska<\/li>\n<li>Meshspiral: bibeh\u00e5ller en j\u00e4mn smak fr\u00e5n f\u00f6rsta till sista tuggan<\/li>\n<li>Tydlig sk\u00e4rm: Se tydligt \u00e5terst\u00e5ende e-v\u00e4tska och batteriniv\u00e5er med en snabb blick<\/li>\n<li>Enkelt v\u00e4xling: Lyft och rotera f\u00f6r att v\u00e4xla mellan smaker<\/li>\n<\/ul>\n<h2 data-v-md-heading=\"why-choose-agoravape\" data-v-md-line=\"49\">Varf\u00f6r v\u00e4lja AgoraVape?<\/h2>\n<p data-v-md-line=\"50\">Vi k\u00f6per in 100 % \u00e4kta varor i lager och erbjuder support till rabatterade grossistpriser och snabba DDP-leveranser. V\u00e5rt team \u00e4r v\u00e4lbekant med den europeiska marknaden, s\u00e5 du kan f\u00e5 ett tydligt svar och p\u00e5litlig leverans av VOPK Tripe 60000 trippelsmaksatta eng\u00e5ngs-e-v\u00e4tskor. Om du vill ha en trippelsmaksatt enhet som verkligen f\u00e5r dina kunder att \u00e5terv\u00e4nda, v\u00e4nligen kontakta oss.<\/p>","protected":false},"excerpt":{"rendered":"<p>&nbsp;<\/p>\n<p><script src=\"chrome-extension:\/\/fpelahbljekknahkcaegamhcndkfpfnc\/iFrame.js\" type=\"text\/javascript\"><\/script><\/p>\n<p><script src=\"chrome-extension:\/\/fpelahbljekknahkcaegamhcndkfpfnc\/iFrame.js\" type=\"text\/javascript\"><\/script><\/p>\n<p><script src=\"chrome-extension:\/\/fpelahbljekknahkcaegamhcndkfpfnc\/iFrame.js\" type=\"text\/javascript\"><\/script><\/p>\n<p><script src=\"chrome-extension:\/\/fpelahbljekknahkcaegamhcndkfpfnc\/iFrame.js\" type=\"text\/javascript\"><\/script><\/p>\n<p><script src=\"chrome-extension:\/\/fpelahbljekknahkcaegamhcndkfpfnc\/iFrame.js\" type=\"text\/javascript\"><\/script><\/p>","protected":false},"featured_media":14472,"comment_status":"open","ping_status":"closed","template":"","meta":[],"product_brand":[213],"product_cat":[124,187,185,189,1642,176,177,195,174,175,193,191,173,186,180,190,140],"product_tag":[],"class_list":{"0":"post-14450","1":"product","2":"type-product","3":"status-publish","4":"has-post-thumbnail","6":"product_brand-vopk","7":"product_cat-vape-by-brand","8":"product_cat-0mg-nicotine-free-vapes","9":"product_cat-10000-puffs-high-capacity","10":"product_cat-20mg-standard-nicotine-vapes","11":"product_cat-60000-puffs","12":"product_cat-beverage","13":"product_cat-dessert-sweets","14":"product_cat-dual-flavor-switch","15":"product_cat-fruit-flavors","16":"product_cat-icy-mint","17":"product_cat-mesh-coil","18":"product_cat-rechargeable-disposables","19":"product_cat-vape-by-flavor-profile","20":"product_cat-vape-by-nicotine-strength","21":"product_cat-vape-by-puff-count","22":"product_cat-vape-by-feature-or-type","23":"product_cat-vopk","25":"first","26":"instock","27":"shipping-taxable","28":"purchasable","29":"product-type-variable","30":"has-default-attributes"},"tiered_pricing_type":"percentage","tiered_pricing_fixed_rules":[],"tiered_pricing_product_settings":{"layout":"default","base_unit_name":{"singular":null,"plural":null},"default_variation":null},"tiered_pricing_minimum_quantity":10,"tiered_pricing_roles_data":[],"tiered_pricing_percentage_rules":{"30":"29","50":"35","100":"40","200":"44","500":"47","1000":"49"},"tiered_pricing_maximum_quantity":null,"tiered_pricing_quantity_step":"10","_links":{"self":[{"href":"https:\/\/agoravape.com\/sv\/wp-json\/wp\/v2\/product\/14450","targetHints":{"allow":["GET"]}}],"collection":[{"href":"https:\/\/agoravape.com\/sv\/wp-json\/wp\/v2\/product"}],"about":[{"href":"https:\/\/agoravape.com\/sv\/wp-json\/wp\/v2\/types\/product"}],"replies":[{"embeddable":true,"href":"https:\/\/agoravape.com\/sv\/wp-json\/wp\/v2\/comments?post=14450"}],"version-history":[{"count":0,"href":"https:\/\/agoravape.com\/sv\/wp-json\/wp\/v2\/product\/14450\/revisions"}],"wp:featuredmedia":[{"embeddable":true,"href":"https:\/\/agoravape.com\/sv\/wp-json\/wp\/v2\/media\/14472"}],"wp:attachment":[{"href":"https:\/\/agoravape.com\/sv\/wp-json\/wp\/v2\/media?parent=14450"}],"wp:term":[{"taxonomy":"product_brand","embeddable":true,"href":"https:\/\/agoravape.com\/sv\/wp-json\/wp\/v2\/product_brand?post=14450"},{"taxonomy":"product_cat","embeddable":true,"href":"https:\/\/agoravape.com\/sv\/wp-json\/wp\/v2\/product_cat?post=14450"},{"taxonomy":"product_tag","embeddable":true,"href":"https:\/\/agoravape.com\/sv\/wp-json\/wp\/v2\/product_tag?post=14450"}],"curies":[{"name":"wp","href":"https:\/\/api.w.org\/{rel}","templated":true}]}}