{"id":14498,"date":"2025-10-13T15:42:26","date_gmt":"2025-10-13T07:42:26","guid":{"rendered":"https:\/\/green-grasshopper-921422.hostingersite.com\/?post_type=product&#038;p=14498"},"modified":"2026-03-26T13:22:24","modified_gmt":"2026-03-26T12:22:24","slug":"vopk-shisha-bar-20000-puffar-dtl-vape","status":"publish","type":"product","link":"https:\/\/agoravape.com\/sv\/product\/vopk-shisha-bar-20000-puffs-dtl-vape\/","title":{"rendered":"VOPK Shisha Bar 20000 Puffs DTL Hookah Vape | L\u00e5ngvarig DTL-smak med enkel typ-C-laddning"},"content":{"rendered":"<h2 data-v-md-heading=\"what-are-the-advantages-of-vopk-shisha-bar-20000-dtl-hookah-vapes\" data-v-md-line=\"3\">Vilka \u00e4r f\u00f6rdelarna med VOPK Shisha Bar 20000 DTL vattenpipor?<\/h2>\n<p data-v-md-line=\"4\">Om du vill ha en eng\u00e5ngsvape med stor mun som kan beh\u00e5lla sin smak l\u00e4nge, kan den h\u00e4r produkten g\u00f6ra ditt liv enklare. VOPK Shisha Bar ger en \u00e4kta DTL-r\u00f6kupplevelse, med len r\u00f6k och ren smak fr\u00e5n f\u00f6rsta klunken till den sista.<\/p>\n<p data-v-md-line=\"6\">Den passar alla som enkelt vill uppleva en vattenpipaliknande inhalationsupplevelse. Ingen meny kr\u00e4vs, inget behov av att byta spolar. Tydlig sk\u00e4rmvisning av batteri- och e-v\u00e4tskeniv\u00e5er g\u00f6r att du kan h\u00e5lla koll p\u00e5 statusen n\u00e4r som helst.<\/p>\n<h2 data-v-md-heading=\"excellent-performance-easy-and-convenient\" data-v-md-line=\"8\">Utm\u00e4rkt prestanda, enkelt och bekv\u00e4mt<\/h2>\n<p data-v-md-line=\"9\">K\u00e4rnan i VOPK Shisha Bar \u00e4r en 0,6 \u03a9 mesh-spiral, s\u00e5 att varje tugga kan bibeh\u00e5lla en j\u00e4mn smak, inte bara de f\u00f6rsta tuggorna. Batteriet med h\u00f6g kapacitet g\u00f6r att du kan njuta av anv\u00e4ndningen, och sidosk\u00e4rmen visar tydligt \u00e5terst\u00e5ende batteri- och e-v\u00e4tskeniv\u00e5er. N\u00e4r laddning beh\u00f6vs, anslut bara Type-C-datakabeln f\u00f6r att forts\u00e4tta anv\u00e4nda. Enkelt och bekv\u00e4mt.<\/p>\n<h2 data-v-md-heading=\"specification-overview\" data-v-md-line=\"11\">Specifikations\u00f6versikt<\/h2>\n<ul data-v-md-line=\"12\">\n<li>Sugfrekvens: upp till 20000 g\u00e5nger<\/li>\n<li>Nikotin: Alternativen kan variera beroende p\u00e5 marknad. Kontrollera den tillg\u00e4ngliga nikotinkoncentrationen i kassan<\/li>\n<li>Working principle: Activated by inhalation<\/li>\n<li>Laddning: Standard USB-port av typ C<\/li>\n<li>Status: Klar att anv\u00e4nda vid uppackning<\/li>\n<\/ul>\n<h2 data-v-md-heading=\"full-range-of-flavors\" data-v-md-line=\"18\">Fullt utbud av smaker<\/h2>\n<ul data-v-md-line=\"19\">\n<li>Bl\u00e5b\u00e4rssmoothie<\/li>\n<li>Jordgubb, kiwi<\/li>\n<li>Blandade b\u00e4r<\/li>\n<li>Jordgubbsvattenmelon<\/li>\n<li>Vattenmelonsmoothie<\/li>\n<li>Persika Mang Ananas<\/li>\n<li>Bl\u00e5b\u00e4r och hallon<\/li>\n<li>Jordgubbs-hallongodis<\/li>\n<li>Vattenmelon k\u00f6rsb\u00e4r<\/li>\n<li>Svartvinb\u00e4rssmoothie<\/li>\n<\/ul>\n<h2 data-v-md-heading=\"for-you-and-your-business\" data-v-md-line=\"30\">For you and your business<\/h2>\n<p data-v-md-line=\"31\">V\u00e4lj en sj\u00e4lv eller k\u00f6p ett komplett sortiment av produkter till din butik. Vi erbjuder VOPK Shisha Bar 20000 DTL hookah vapes, med grossistf\u00f6rpackningar om 10 enheter per l\u00e5da. Stora best\u00e4llningar skickas i form av 200 enheter per l\u00e5da.<\/p>\n<p data-v-md-line=\"33\">Vi erbjuder DDP-leveranser inom Europa via betrodda partners som UPS, DPD och DHL, s\u00e5 att du kan f\u00e5 tydliga priser utan att betala extra tullavgifter. Du beh\u00f6ver bara l\u00e4gga en best\u00e4llning, resten tar vi hand om.<\/p>\n<h2 data-v-md-heading=\"why-do-you-like-it\" data-v-md-line=\"35\">Why do you like it<\/h2>\n<ul data-v-md-line=\"36\">\n<li>Stor kapacitet: upp till 20 000 portar, vilket inneb\u00e4r f\u00e4rre utbytestider och kr\u00e5ngel<\/li>\n<li>Val av nikotinkoncentration: V\u00e4lj den nikotinkoncentration som passar dina dagliga vanor och din marknad<\/li>\n<li>Laddningsbar: Typ-C-laddning, vilket hj\u00e4lper dig att anv\u00e4nda varje droppe<\/li>\n<li>Mesh-f\u00f6r\u00e5ngark\u00e4rna: 0,6 \u03a9 mesh-f\u00f6r\u00e5ngark\u00e4rna ger stabil smak och j\u00e4mn r\u00f6k<\/li>\n<li>F\u00f6rst\u00e5 din \u00e5terst\u00e5ende batteriniv\u00e5: Den stora sidosk\u00e4rmen visar batteriniv\u00e5n och e-v\u00e4tskeniv\u00e5n med en snabb blick<\/li>\n<\/ul>\n<h2 data-v-md-heading=\"why-choose-agoravape\" data-v-md-line=\"42\">Varf\u00f6r v\u00e4lja AgoraVape?<\/h2>\n<p data-v-md-line=\"43\">Vi erbjuder endast 100 % \u00e4kta produkter och ansvarar f\u00f6r deras kvalitet. V\u00e5ra kommersiella kunder kan dra nytta av rabatterade grossistpriser, uppm\u00e4rksam kundsupport och snabba DDP-leveranser genom att k\u00f6pa VOPK Shisha Bar 20000 DTL hookah vapes. Om du vill ha en p\u00e5litlig DTL eng\u00e5ngsvattenpipa och vinna kundernas gunst, \u00e4r du v\u00e4lkommen att kontakta oss n\u00e4r som helst.<\/p>","protected":false},"excerpt":{"rendered":"<p>&nbsp;<\/p>\n<p><script src=\"chrome-extension:\/\/fpelahbljekknahkcaegamhcndkfpfnc\/iFrame.js\" type=\"text\/javascript\"><\/script><\/p>\n<p><script src=\"chrome-extension:\/\/fpelahbljekknahkcaegamhcndkfpfnc\/iFrame.js\" type=\"text\/javascript\"><\/script><\/p>\n<p><script src=\"chrome-extension:\/\/fpelahbljekknahkcaegamhcndkfpfnc\/iFrame.js\" type=\"text\/javascript\"><\/script><\/p>\n<p><script src=\"chrome-extension:\/\/fpelahbljekknahkcaegamhcndkfpfnc\/iFrame.js\" type=\"text\/javascript\"><\/script><\/p>\n<p><script src=\"chrome-extension:\/\/fpelahbljekknahkcaegamhcndkfpfnc\/iFrame.js\" type=\"text\/javascript\"><\/script><\/p>","protected":false},"featured_media":14519,"comment_status":"open","ping_status":"closed","template":"","meta":[],"product_brand":[213],"product_cat":[124,187,185,1636,189,174,175,193,191,173,186,180,190,192,140],"product_tag":[],"class_list":{"0":"post-14498","1":"product","2":"type-product","3":"status-publish","4":"has-post-thumbnail","6":"product_brand-vopk","7":"product_cat-vape-by-brand","8":"product_cat-0mg-nicotine-free-vapes","9":"product_cat-10000-puffs-high-capacity","10":"product_cat-20000-puffs","11":"product_cat-20mg-standard-nicotine-vapes","12":"product_cat-fruit-flavors","13":"product_cat-icy-mint","14":"product_cat-mesh-coil","15":"product_cat-rechargeable-disposables","16":"product_cat-vape-by-flavor-profile","17":"product_cat-vape-by-nicotine-strength","18":"product_cat-vape-by-puff-count","19":"product_cat-vape-by-feature-or-type","20":"product_cat-vapes-with-screens","21":"product_cat-vopk","23":"first","24":"onbackorder","25":"shipping-taxable","26":"purchasable","27":"product-type-variable","28":"has-default-attributes"},"tiered_pricing_type":"percentage","tiered_pricing_fixed_rules":[],"tiered_pricing_product_settings":{"layout":"default","base_unit_name":{"singular":null,"plural":null},"default_variation":null},"tiered_pricing_minimum_quantity":10,"tiered_pricing_roles_data":[],"tiered_pricing_percentage_rules":{"30":"29","50":"35","100":"40","200":"44","500":"47","1000":"49"},"tiered_pricing_maximum_quantity":null,"tiered_pricing_quantity_step":"10","_links":{"self":[{"href":"https:\/\/agoravape.com\/sv\/wp-json\/wp\/v2\/product\/14498","targetHints":{"allow":["GET"]}}],"collection":[{"href":"https:\/\/agoravape.com\/sv\/wp-json\/wp\/v2\/product"}],"about":[{"href":"https:\/\/agoravape.com\/sv\/wp-json\/wp\/v2\/types\/product"}],"replies":[{"embeddable":true,"href":"https:\/\/agoravape.com\/sv\/wp-json\/wp\/v2\/comments?post=14498"}],"version-history":[{"count":0,"href":"https:\/\/agoravape.com\/sv\/wp-json\/wp\/v2\/product\/14498\/revisions"}],"wp:featuredmedia":[{"embeddable":true,"href":"https:\/\/agoravape.com\/sv\/wp-json\/wp\/v2\/media\/14519"}],"wp:attachment":[{"href":"https:\/\/agoravape.com\/sv\/wp-json\/wp\/v2\/media?parent=14498"}],"wp:term":[{"taxonomy":"product_brand","embeddable":true,"href":"https:\/\/agoravape.com\/sv\/wp-json\/wp\/v2\/product_brand?post=14498"},{"taxonomy":"product_cat","embeddable":true,"href":"https:\/\/agoravape.com\/sv\/wp-json\/wp\/v2\/product_cat?post=14498"},{"taxonomy":"product_tag","embeddable":true,"href":"https:\/\/agoravape.com\/sv\/wp-json\/wp\/v2\/product_tag?post=14498"}],"curies":[{"name":"wp","href":"https:\/\/api.w.org\/{rel}","templated":true}]}}