{"id":14570,"date":"2025-10-13T16:23:37","date_gmt":"2025-10-13T08:23:37","guid":{"rendered":"https:\/\/green-grasshopper-921422.hostingersite.com\/?post_type=product&#038;p=14570"},"modified":"2026-01-19T22:06:15","modified_gmt":"2026-01-19T14:06:15","slug":"vopk-tornado-15000-puffar-display-vape","status":"publish","type":"product","link":"https:\/\/agoravape.com\/sv\/product\/vopk-tornado-15000-puffs-display-vape\/","title":{"rendered":"VOPK Tornado 15000 Puffs Dubbel Display Vape | L\u00e5ngvarig smak med smarta juice- och batteriavl\u00e4sningar"},"content":{"rendered":"<h2 data-v-md-heading=\"what-are-the-highlights-of-vopk-tornado-15000-dual-screen-vapes\" data-v-md-line=\"3\">Vilka \u00e4r h\u00f6jdpunkterna hos VOPK Tornado 15000 dubbelsk\u00e4rms-vapes?<\/h2>\n<p data-v-md-line=\"4\">Om du \u00e4r tr\u00f6tt p\u00e5 att anv\u00e4nda eng\u00e5ngs-e-v\u00e4tska p\u00e5 vardagar \u00e4r den h\u00e4r produkten definitivt v\u00e4rd att ta en titt p\u00e5. VOPK Tornado 15000 \u00e4r designad f\u00f6r l\u00e5ngvarig anv\u00e4ndning, utrustad med 25 ml f\u00f6rinstallerad e-v\u00e4tska och ett 850 mAh uppladdningsbart batteri, kapabel till kontinuerlig anv\u00e4ndning upp till 15 000 portar.<\/p>\n<p data-v-md-line=\"6\">Dubbelsk\u00e4rmsvisning av batteri- och e-v\u00e4tskeniv\u00e5er, vilket g\u00f6r att du tydligt kan se den \u00e5terst\u00e5ende str\u00f6mmen. Bara ett f\u00f6rsiktigt sug r\u00e4cker, utan behov av komplicerade knappar eller menyer. 1,0 \u03a9 mesh-spolen ger en sl\u00e4t textur. Du kanske tror att det skulle vara klumpigt att ha s\u00e5 m\u00e5nga bloss av vape, men de f\u00e5r l\u00e4tt plats i en ficka och \u00e4r praktiska att b\u00e4ra med sig.<\/p>\n<h2 data-v-md-heading=\"excellent-performance-easy-and-convenient\" data-v-md-line=\"8\">Utm\u00e4rkt prestanda, enkelt och bekv\u00e4mt<\/h2>\n<p data-v-md-line=\"9\">En 1,0 \u03a9 mesh-f\u00f6rstoftningsk\u00e4rna s\u00e4kerst\u00e4ller j\u00e4mn och ren sugkraft varje g\u00e5ng, vilket s\u00e4kerst\u00e4ller att smaken inte f\u00f6rsvinner halvv\u00e4gs. Basen \u00e4r utrustad med ett typ-C-gr\u00e4nssnitt f\u00f6r bekv\u00e4m laddning, med samma datakabel som telefonens laddningskabel. Tack vare en sugdesign kan den anv\u00e4ndas med bara ett f\u00f6rsiktigt sug.<\/p>\n<h2 data-v-md-heading=\"specification-overview\" data-v-md-line=\"11\">Specifikations\u00f6versikt<\/h2>\n<ul data-v-md-line=\"12\">\n<li>Sugfrekvens: upp till 15000 g\u00e5nger<\/li>\n<li>Nikotin: Tillg\u00e4ngliga koncentrationer varierar beroende p\u00e5 marknad och lokala f\u00f6reskrifter. Kontakta oss f\u00f6r att f\u00e5 veta mer om aktuella alternativ.<\/li>\n<li>Funktionsprincip: Aktiveras genom inandning<\/li>\n<li>Laddning: Standard USB-gr\u00e4nssnitt av typ C<\/li>\n<li>Sk\u00e4rm: dubbel visning av batteri- och e-v\u00e4tskem\u00e4ngd<\/li>\n<li>Spole: 1,0 \u03a9 mesh-spole<\/li>\n<li>Batteri: 17350 850mAh uppladdningsbart batteri<\/li>\n<li>E-v\u00e4tskekapacitet: 25 ml f\u00f6rinstallerad<\/li>\n<li>Status: Klar att anv\u00e4nda vid uppackning<\/li>\n<\/ul>\n<h2 data-v-md-heading=\"full-range-of-flavors\" data-v-md-line=\"22\">Fullt utbud av smaker<\/h2>\n<ul data-v-md-line=\"23\">\n<li>Jordgubb Hallon<\/li>\n<li>Jordgubbsvattenmelon<\/li>\n<li>Vattenmelonis<\/li>\n<li>Bl\u00e5b\u00e4r och hallon<\/li>\n<li>Bl\u00e5b\u00e4rs-citronvatten<\/li>\n<li>Kiwi, passionsfrukt, guava<\/li>\n<li>Blandade b\u00e4r<\/li>\n<li>Rosa citronvatten<\/li>\n<li>Persika och mango<\/li>\n<li>Sura \u00e4pplen<\/li>\n<\/ul>\n<h2 data-v-md-heading=\"for-you-and-your-business\" data-v-md-line=\"34\">For you and your business<\/h2>\n<p data-v-md-line=\"35\">Du kan k\u00f6pa VOPK Tornado 15000 vapes med dubbla displayer f\u00f6r personligt bruk eller som ett k\u00f6p till din butik. Grossistf\u00f6rpackningen \u00e4r 10 stycken per l\u00e5da och 200 stycken per l\u00e5da. Kartongens vikt \u00e4r cirka 21,5 kilogram och storleken \u00e4r cirka 450 \u00d7 374 \u00d7 330 millimeter, vilket \u00e4r bekv\u00e4mt f\u00f6r planering och f\u00f6rvaring.<\/p>\n<p data-v-md-line=\"37\">Vi erbjuder DDP-leveranser \u00f6ver hela Europa via betrodda partners som UPS, DPD och DHL, s\u00e5 att tulldokument och avgifter kan behandlas i f\u00f6rv\u00e4g. Undvik olyckor vid hemleverans. Observera att den h\u00e4r enheten levereras f\u00f6rinstallerad med 25 milliliter e-v\u00e4tska, vilket \u00f6verstiger den 2 millilitergr\u00e4ns som anges i EU:s TPD- och Storbritanniens TRPR-f\u00f6rordningar. Kontrollera d\u00e4rf\u00f6r lokala f\u00f6reskrifter innan du s\u00e4ljer.<\/p>\n<h2 data-v-md-heading=\"why-do-you-like-it\" data-v-md-line=\"39\">Why do you like it<\/h2>\n<ul data-v-md-line=\"40\">\n<li>Fler bloss: l\u00e4ngre batteritid, inget behov av att k\u00f6pa nya cigaretter ofta<\/li>\n<li>Val av nikotinkoncentration: V\u00e4lj den koncentration som passar dig (om tillg\u00e4nglig)<\/li>\n<li>Uppladdningsbar: Du kan anv\u00e4nda alla k\u00f6pta e-v\u00e4tskor<\/li>\n<li>N\u00e4tf\u00f6rstoftande k\u00e4rna: ger en stabil och uts\u00f6kt upplevelse varje g\u00e5ng<\/li>\n<li>Dubbelsk\u00e4rm: batteri- och e-v\u00e4tskeniv\u00e5erna \u00e4r tydliga med en blick<\/li>\n<li>Typ-C-laddning: snabbladdning med en vanlig datakabel<\/li>\n<\/ul>\n<h2 data-v-md-heading=\"why-choose-agoravape\" data-v-md-line=\"47\">Varf\u00f6r v\u00e4lja AgoraVape?<\/h2>\n<p data-v-md-line=\"48\">Vi s\u00e4ljer endast 100 % \u00e4kta produkter f\u00f6r att s\u00e4kerst\u00e4lla att du f\u00e5r p\u00e5litlig kvalitet och konsekvent prestanda. VOPK Tornado 15000 vapes med dubbla sk\u00e4rmar, v\u00e5ra kommersiella kunder kan dra nytta av rabatterade grossistpriser, stark support och snabb leverans av moms. V\u00e4lkommen att kontakta oss och k\u00f6pa en enhet som dina kunder verkligen kommer att uppskatta.<\/p>","protected":false},"excerpt":{"rendered":"<p>&nbsp;<\/p>\n<p><script src=\"chrome-extension:\/\/fpelahbljekknahkcaegamhcndkfpfnc\/iFrame.js\" type=\"text\/javascript\"><\/script><\/p>\n<p><script src=\"chrome-extension:\/\/fpelahbljekknahkcaegamhcndkfpfnc\/iFrame.js\" type=\"text\/javascript\"><\/script><\/p>\n<p><script src=\"chrome-extension:\/\/fpelahbljekknahkcaegamhcndkfpfnc\/iFrame.js\" type=\"text\/javascript\"><\/script><\/p>\n<p><script src=\"chrome-extension:\/\/fpelahbljekknahkcaegamhcndkfpfnc\/iFrame.js\" type=\"text\/javascript\"><\/script><\/p>\n<p><script src=\"chrome-extension:\/\/fpelahbljekknahkcaegamhcndkfpfnc\/iFrame.js\" type=\"text\/javascript\"><\/script><\/p>","protected":false},"featured_media":14589,"comment_status":"open","ping_status":"closed","template":"","meta":[],"product_brand":[213],"product_cat":[124,187,185,1635,189,174,175,193,191,173,186,180,190,192,140],"product_tag":[],"class_list":{"0":"post-14570","1":"product","2":"type-product","3":"status-publish","4":"has-post-thumbnail","6":"product_brand-vopk","7":"product_cat-vape-by-brand","8":"product_cat-0mg-nicotine-free-vapes","9":"product_cat-10000-puffs-high-capacity","10":"product_cat-15000-puffs","11":"product_cat-20mg-standard-nicotine-vapes","12":"product_cat-fruit-flavors","13":"product_cat-icy-mint","14":"product_cat-mesh-coil","15":"product_cat-rechargeable-disposables","16":"product_cat-vape-by-flavor-profile","17":"product_cat-vape-by-nicotine-strength","18":"product_cat-vape-by-puff-count","19":"product_cat-vape-by-feature-or-type","20":"product_cat-vapes-with-screens","21":"product_cat-vopk","23":"first","24":"onbackorder","25":"shipping-taxable","26":"purchasable","27":"product-type-variable","28":"has-default-attributes"},"tiered_pricing_type":"percentage","tiered_pricing_fixed_rules":[],"tiered_pricing_product_settings":{"layout":"default","base_unit_name":{"singular":null,"plural":null},"default_variation":null},"tiered_pricing_minimum_quantity":10,"tiered_pricing_roles_data":[],"tiered_pricing_percentage_rules":{"30":"29","50":"35","100":"40","200":"44","500":"47","1000":"49"},"tiered_pricing_maximum_quantity":null,"tiered_pricing_quantity_step":"10","_links":{"self":[{"href":"https:\/\/agoravape.com\/sv\/wp-json\/wp\/v2\/product\/14570","targetHints":{"allow":["GET"]}}],"collection":[{"href":"https:\/\/agoravape.com\/sv\/wp-json\/wp\/v2\/product"}],"about":[{"href":"https:\/\/agoravape.com\/sv\/wp-json\/wp\/v2\/types\/product"}],"replies":[{"embeddable":true,"href":"https:\/\/agoravape.com\/sv\/wp-json\/wp\/v2\/comments?post=14570"}],"version-history":[{"count":0,"href":"https:\/\/agoravape.com\/sv\/wp-json\/wp\/v2\/product\/14570\/revisions"}],"wp:featuredmedia":[{"embeddable":true,"href":"https:\/\/agoravape.com\/sv\/wp-json\/wp\/v2\/media\/14589"}],"wp:attachment":[{"href":"https:\/\/agoravape.com\/sv\/wp-json\/wp\/v2\/media?parent=14570"}],"wp:term":[{"taxonomy":"product_brand","embeddable":true,"href":"https:\/\/agoravape.com\/sv\/wp-json\/wp\/v2\/product_brand?post=14570"},{"taxonomy":"product_cat","embeddable":true,"href":"https:\/\/agoravape.com\/sv\/wp-json\/wp\/v2\/product_cat?post=14570"},{"taxonomy":"product_tag","embeddable":true,"href":"https:\/\/agoravape.com\/sv\/wp-json\/wp\/v2\/product_tag?post=14570"}],"curies":[{"name":"wp","href":"https:\/\/api.w.org\/{rel}","templated":true}]}}