{"id":14615,"date":"2025-10-13T22:16:15","date_gmt":"2025-10-13T14:16:15","guid":{"rendered":"https:\/\/green-grasshopper-921422.hostingersite.com\/?post_type=product&#038;p=14615"},"modified":"2026-01-19T22:06:02","modified_gmt":"2026-01-19T14:06:02","slug":"vapen-quad-box-20k-puffs-fullskarm-vape","status":"publish","type":"product","link":"https:\/\/agoravape.com\/sv\/product\/vapen-quad-box-20k-puffs-full-screen-vape\/","title":{"rendered":"Vapen Quad Box 20K Puffs 4-l\u00e4ges helsk\u00e4rmsvape | L\u00e5ngvarig kraft med smart kontroll"},"content":{"rendered":"<h2 data-v-md-heading=\"vapen-quad-box-20-what-are-the-special-features-of-a-full-screen-vape-with-a-capacity-of-000-and-4-modes\" data-v-md-line=\"3\"><img loading=\"lazy\" decoding=\"async\" class=\"aligncenter size-full wp-image-14639\" src=\"https:\/\/agoravape.com\/wp-content\/uploads\/2025\/10\/Vapen-Quad-Box-20K-Puffs-4-Mode-Full-Screen-Vape_Agora_vape-13.webp\" alt=\"\" width=\"1000\" height=\"1000\" srcset=\"https:\/\/agoravape.com\/wp-content\/uploads\/2025\/10\/Vapen-Quad-Box-20K-Puffs-4-Mode-Full-Screen-Vape_Agora_vape-13.webp 1000w, https:\/\/agoravape.com\/wp-content\/uploads\/2025\/10\/Vapen-Quad-Box-20K-Puffs-4-Mode-Full-Screen-Vape_Agora_vape-13-600x600.webp 600w, https:\/\/agoravape.com\/wp-content\/uploads\/2025\/10\/Vapen-Quad-Box-20K-Puffs-4-Mode-Full-Screen-Vape_Agora_vape-13-300x300.webp 300w, https:\/\/agoravape.com\/wp-content\/uploads\/2025\/10\/Vapen-Quad-Box-20K-Puffs-4-Mode-Full-Screen-Vape_Agora_vape-13-150x150.webp 150w, https:\/\/agoravape.com\/wp-content\/uploads\/2025\/10\/Vapen-Quad-Box-20K-Puffs-4-Mode-Full-Screen-Vape_Agora_vape-13-768x768.webp 768w\" sizes=\"auto, (max-width: 1000px) 100vw, 1000px\" \/><\/h2>\n<h2 data-v-md-heading=\"vapen-quad-box-20-what-are-the-special-features-of-a-full-screen-vape-with-a-capacity-of-000-and-4-modes\" data-v-md-line=\"3\">Vad \u00e4r grejen med Vapen Quad Box 20K Puffs 4-l\u00e4ges helsk\u00e4rmsvape?<\/h2>\n<p data-v-md-line=\"4\">Om du \u00e4r tr\u00f6tt p\u00e5 de d\u00e4r e-v\u00e4tskorna som slutar fungera mitt i vardagar kanske du vill prova den h\u00e4r produkten. Vapen Quad Box \u00e4r utrustad med ett uppladdningsbart batteri och en helsk\u00e4rmsdisplay som exakt visar aktuell status utan att du beh\u00f6ver gissa. Du kan direkt kontrollera m\u00e4ngden e-v\u00e4tska, batteriniv\u00e5 och till och med r\u00f6kningens varaktighet.<\/p>\n<p data-v-md-line=\"6\">Den passar alla anv\u00e4ndare som vill ha en p\u00e5litlig, anpassningsbar och l\u00e4ttanv\u00e4nd vape. Du kanske tror att en enhet med en s\u00e5 h\u00f6g r\u00f6kvolym skulle vara skrymmande, men den \u00e4r l\u00e4ttare \u00e4n du tror, \u200b\u200bbara cirka 80 gram, och mycket bekv\u00e4m att b\u00e4ra med sig.<\/p>\n<h2 data-v-md-heading=\"excellent-performance-easy-and-convenient\" data-v-md-line=\"8\">Utm\u00e4rkt prestanda, enkelt och bekv\u00e4mt<\/h2>\n<p data-v-md-line=\"9\">Dubbel v\u00e4rmetr\u00e5d och fyra v\u00e4rmel\u00e4gen kan bibeh\u00e5lla en stabil smak och l\u00e5ta dig justera temperaturen efter dina \u00f6nskem\u00e5l. Justerbart luftfl\u00f6de hj\u00e4lper dig att enkelt justera sugkraften fr\u00e5n t\u00e4t till transparent. N\u00e4r batteriet \u00e4r l\u00e5gt anv\u00e4nder du helt enkelt Type-C-datakabeln som kan ha anv\u00e4nts p\u00e5 telefonen f\u00f6r att ladda den. Enkelt och bekv\u00e4mt.<\/p>\n<h2 data-v-md-heading=\"specification-overview\" data-v-md-line=\"11\">Specifikations\u00f6versikt<\/h2>\n<ul data-v-md-line=\"12\">\n<li>Sugfrekvens: upp till 20000 g\u00e5nger<\/li>\n<li>Nikotin: 2 % och 5 % valfritt (tillg\u00e5ngen kan variera beroende p\u00e5 land\/region)<\/li>\n<li>Arbetsl\u00e4ge: Fyra v\u00e4rmel\u00e4gen, sk\u00e4rmvisningsstatus<\/li>\n<li>Laddning: USB-gr\u00e4nssnitt av typ C<\/li>\n<li>Sk\u00e4rm: Helsk\u00e4rmsvisning av e-v\u00e4tska och batteriindikatorlampor, samt sugtid<\/li>\n<li>Luftfl\u00f6de: Justerbart<\/li>\n<li>Batteri: 650 mAh uppladdningsbart batteri<\/li>\n<li>E-v\u00e4tskekapacitet: 28 milliliter<\/li>\n<li>Status: Klar att anv\u00e4nda vid uppackning<\/li>\n<\/ul>\n<h2 data-v-md-heading=\"multiple-flavor-options\" data-v-md-line=\"22\">Flera smakalternativ<\/h2>\n<ul data-v-md-line=\"23\">\n<li>Smak av jordgubb och vattenmelon<\/li>\n<li>Peach, Mango, Pineapple Flavor<\/li>\n<li>Doftande och uppfriskande smak<\/li>\n<li>B\u00e4rexplosionssmak<\/li>\n<li>Jordgubbskonstig fruktsmak<\/li>\n<li>Hawaiiansk smak<\/li>\n<li>Uppfriskande smak av bl\u00e5b\u00e4r<\/li>\n<li>Druvsmak<\/li>\n<li>Blueberry and Lemon Water Flavor<\/li>\n<li>Miami Mint Smak<\/li>\n<li>Smak av svart is<\/li>\n<li>Tiffany-smak (kiwi, vattenmelon)<\/li>\n<\/ul>\n<h2 data-v-md-heading=\"to-create-for-you-and-your-business\" data-v-md-line=\"36\">Att skapa f\u00f6r dig och ditt f\u00f6retag<\/h2>\n<p data-v-md-line=\"37\">Du kan v\u00e4lja en f\u00f6r personligt bruk eller som grossistf\u00f6rpackning f\u00f6r ditt lager. Innerl\u00e5dan rymmer 10 och ytterl\u00e5dan 200, vilket g\u00f6r den perfekt f\u00f6r expansion fr\u00e5n detaljhandel till storskalig verksamhet. Vikten av ett enda stycke \u00e4r cirka 80 gram, och ett paket med 10 v\u00e4ger cirka 840 gram. Ytterl\u00e5dans storlek \u00e4r 51 \u00d7 29,3 \u00d7 26 centimeter, med en bruttovikt p\u00e5 cirka 17,8 kilogram.<\/p>\n<p data-v-md-line=\"39\">Vi skickar via betrodda partners som UPS, DPD och DHL p\u00e5 Delivered Duty Paid-basis (DDP) f\u00f6r att s\u00e4kerst\u00e4lla att du inte r\u00e5kar ut f\u00f6r n\u00e5gra olyckor i tullen. TPD-marknaden kr\u00e4ver en tull p\u00e5 2 %, medan regioner som till\u00e5ter TPD kr\u00e4ver en tull p\u00e5 5 %. Vi kan v\u00e4gleda dig i att v\u00e4lja en efterlevnadsplan som passar varje land\/region.<\/p>\n<h2 data-v-md-heading=\"why-do-you-like-it\" data-v-md-line=\"41\">Why do you like it<\/h2>\n<ul data-v-md-line=\"42\">\n<li>Massiv sugkraft: l\u00e4ngre anv\u00e4ndningstid, s\u00e5 du beh\u00f6ver inte byta ut enheten ofta.<\/li>\n<li>Val av nikotinhalt: V\u00e4lj en nikotinhalt p\u00e5 2 % eller 5 % baserat p\u00e5 din smak och lokala f\u00f6reskrifter.<\/li>\n<li>Uppladdningsbar: Typ-C-laddning l\u00e5ter dig utnyttja varje droppe e-v\u00e4tska fullt ut.<\/li>\n<li>Fyra v\u00e4rmel\u00e4gen: justera temperaturen efter din smak.<\/li>\n<li>Dubbelt hett silke: bibeh\u00e5ller en j\u00e4mn smak fr\u00e5n f\u00f6rsta till sista tuggan.<\/li>\n<li>Helsk\u00e4rmsvisning: F\u00e5 en tydlig \u00f6verblick \u00f6ver din e-v\u00e4tska och batteriniv\u00e5.<\/li>\n<li>Justerbart insug: St\u00e4ll in sugmetoden efter dina \u00f6nskem\u00e5l.<\/li>\n<\/ul>\n<h2 data-v-md-heading=\"why-choose-to-collaborate-with-agoravape\" data-v-md-line=\"50\">Varf\u00f6r v\u00e4lja att samarbeta med AgoraVape?<\/h2>\n<p data-v-md-line=\"51\">Vi s\u00e4ljer endast 100 % \u00e4kta produkter och tvivlar inte p\u00e5 det. Vapen Quad Box 20K 4-l\u00e4ges fullsk\u00e4rms-vapes, d\u00e4r du kan njuta av rabatterade grossistpriser, bekv\u00e4m teknisk support och snabba och p\u00e5litliga DDP-leveranser inom Europa. V\u00e4lkommen att diskutera lager, betalning och efterlevnad med oss. Vi hj\u00e4lper dig att skapa en fantastisk produkt.<\/p>","protected":false},"excerpt":{"rendered":"<p>Vad \u00e4r grejen med Vapen Quad Box 20K Puffs 4-Mode Full Screen Vape? Om du \u00e4r tr\u00f6tt p\u00e5 dem<\/p>","protected":false},"featured_media":14638,"comment_status":"open","ping_status":"closed","template":"","meta":[],"product_brand":[214],"product_cat":[124,185,189,194,174,175,193,191,179,173,186,180,190,141,192],"product_tag":[],"class_list":{"0":"post-14615","1":"product","2":"type-product","3":"status-publish","4":"has-post-thumbnail","6":"product_brand-vapen","7":"product_cat-vape-by-brand","8":"product_cat-10000-puffs-high-capacity","9":"product_cat-20mg-standard-nicotine-vapes","10":"product_cat-adjustable-airflow","11":"product_cat-fruit-flavors","12":"product_cat-icy-mint","13":"product_cat-mesh-coil","14":"product_cat-rechargeable-disposables","15":"product_cat-unique-blends","16":"product_cat-vape-by-flavor-profile","17":"product_cat-vape-by-nicotine-strength","18":"product_cat-vape-by-puff-count","19":"product_cat-vape-by-feature-or-type","20":"product_cat-vapen","21":"product_cat-vapes-with-screens","23":"first","24":"onbackorder","25":"shipping-taxable","26":"purchasable","27":"product-type-variable","28":"has-default-attributes"},"tiered_pricing_type":"percentage","tiered_pricing_fixed_rules":[],"tiered_pricing_product_settings":{"layout":"default","base_unit_name":{"singular":null,"plural":null},"default_variation":null},"tiered_pricing_minimum_quantity":10,"tiered_pricing_roles_data":[],"tiered_pricing_percentage_rules":{"50":"35","100":"40","200":"44","500":"47","1000":"49"},"tiered_pricing_maximum_quantity":null,"tiered_pricing_quantity_step":"10","_links":{"self":[{"href":"https:\/\/agoravape.com\/sv\/wp-json\/wp\/v2\/product\/14615","targetHints":{"allow":["GET"]}}],"collection":[{"href":"https:\/\/agoravape.com\/sv\/wp-json\/wp\/v2\/product"}],"about":[{"href":"https:\/\/agoravape.com\/sv\/wp-json\/wp\/v2\/types\/product"}],"replies":[{"embeddable":true,"href":"https:\/\/agoravape.com\/sv\/wp-json\/wp\/v2\/comments?post=14615"}],"version-history":[{"count":0,"href":"https:\/\/agoravape.com\/sv\/wp-json\/wp\/v2\/product\/14615\/revisions"}],"wp:featuredmedia":[{"embeddable":true,"href":"https:\/\/agoravape.com\/sv\/wp-json\/wp\/v2\/media\/14638"}],"wp:attachment":[{"href":"https:\/\/agoravape.com\/sv\/wp-json\/wp\/v2\/media?parent=14615"}],"wp:term":[{"taxonomy":"product_brand","embeddable":true,"href":"https:\/\/agoravape.com\/sv\/wp-json\/wp\/v2\/product_brand?post=14615"},{"taxonomy":"product_cat","embeddable":true,"href":"https:\/\/agoravape.com\/sv\/wp-json\/wp\/v2\/product_cat?post=14615"},{"taxonomy":"product_tag","embeddable":true,"href":"https:\/\/agoravape.com\/sv\/wp-json\/wp\/v2\/product_tag?post=14615"}],"curies":[{"name":"wp","href":"https:\/\/api.w.org\/{rel}","templated":true}]}}